{"id":394088,"date":"2026-04-05T14:32:16","date_gmt":"2026-04-05T12:32:16","guid":{"rendered":"https:\/\/bogensportdiscount.ch\/produkt\/bearpaw-3d-target-franzbogen-female-wild-boar\/"},"modified":"2026-05-14T07:14:02","modified_gmt":"2026-05-14T05:14:02","slug":"bearpaw-3d-ziel-franzbogen-weiblicher-wildschwein","status":"publish","type":"product","link":"https:\/\/bogensportdiscount.ch\/fr\/produit\/bearpaw-3d-ziel-franzbogen-weiblicher-wildschwein\/","title":{"rendered":"BEARPAW CIBLE 3D ARCHERIE FRAN\u00c7AISE FEMME SANGLIER"},"content":{"rendered":"<p>La cible 3D BEARPAW Franzbogen Laie s'adresse aux archers souhaitant enrichir leur entra\u00eenement avec des reproductions r\u00e9alistes d'animaux. La repr\u00e9sentation d'une laie correspond aux exigences typiques des parcours 3D et permet une situation d'entra\u00eenement proche de la r\u00e9alit\u00e9.<\/p>\n<p>Les cibles 3D BEARPAW sont fabriqu\u00e9es en mousse auto-cicatrisante robuste, qui absorbe les impacts de fl\u00e8ches et garantit une longue dur\u00e9e de vie. La d\u00e9coupe Franzbogen d\u00e9finit clairement la zone de frappe et facilite l'\u00e9valuation des tirs.<\/p>\n<ul>\n<li>Repr\u00e9sentation r\u00e9aliste d'une laie<\/li>\n<li>Adapt\u00e9e aux parcours 3D et aux terrains d'entra\u00eenement<\/li>\n<li>Mat\u00e9riau r\u00e9sistant aux intemp\u00e9ries pour une utilisation en ext\u00e9rieur<\/li>\n<li>D\u00e9coupe Franzbogen avec zone de frappe clairement d\u00e9finie<\/li>\n<\/ul>","protected":false},"excerpt":{"rendered":"<table>\n<tr>\n<th>Propri\u00e9t\u00e9<\/th>\n<th>Valeur<\/th>\n<\/tr>\n<tr>\n<td>Marque<\/td>\n<td>Bearpaw<\/td>\n<\/tr>\n<tr>\n<td>Pays d'origine<\/td>\n<td>Allemagne<\/td>\n<\/tr>\n<tr>\n<td>GTIN<\/td>\n<td>4251973252101<\/td>\n<\/tr>\n<\/table>","protected":false},"featured_media":524673,"comment_status":"open","ping_status":"closed","template":"","meta":[],"product_brand":[442],"product_cat":[4143,4144,4315],"product_tag":[3546],"class_list":{"0":"post-394088","1":"product","2":"type-product","3":"status-publish","4":"has-post-thumbnail","6":"product_brand-bearpaw","7":"product_cat-ziele-auflagen","8":"product_cat-3d-ziele","9":"product_cat-schweine-eber","10":"product_tag-neuheit","11":"product_shipping_class-bsd-standard","13":"first","14":"onbackorder","15":"shipping-taxable","16":"purchasable","17":"product-type-simple"},"yoast_head":"<!-- This site is optimized with the Yoast SEO plugin v27.6 - https:\/\/yoast.com\/product\/yoast-seo-wordpress\/ -->\n<title>BEARPAW CIBLE 3D ARCH\u00c9RIE FRAN\u00c7AISE FEMME SANGLIER - Bogensportdiscount \u2013 Arcs, fl\u00e8ches, cibles et accessoires<\/title>\n<meta name=\"description\" content=\"Achetez l&#x27;arc BEARPAW 3D-ZIEL FRANZBOGEN pour femmes (sanglier) \u00e0 un prix avantageux chez Bogensportdiscount \u2013 Les meilleures marques, livraison rapide depuis la Suisse.\" \/>\n<meta name=\"robots\" content=\"index, follow, max-snippet:-1, max-image-preview:large, max-video-preview:-1\" \/>\n<link rel=\"canonical\" href=\"https:\/\/bogensportdiscount.ch\/fr\/produit\/bearpaw-3d-ziel-franzbogen-weiblicher-wildschwein\/\" \/>\n<meta property=\"og:locale\" content=\"fr_FR\" \/>\n<meta property=\"og:type\" content=\"article\" \/>\n<meta property=\"og:title\" content=\"BEARPAW CIBLE 3D ARCHERIE FRAN\u00c7AISE FEMME SANGLIER - Bogensportdiscount \u2013 Arcs, fl\u00e8ches, cibles et accessoires\" \/>\n<meta property=\"og:description\" content=\"Achetez l&#x27;arc BEARPAW 3D-ZIEL FRANZBOGEN pour femmes (sanglier) \u00e0 un prix avantageux chez Bogensportdiscount \u2013 Les meilleures marques, livraison rapide depuis la Suisse.\" \/>\n<meta property=\"og:url\" content=\"https:\/\/bogensportdiscount.ch\/fr\/produit\/bearpaw-3d-ziel-franzbogen-weiblicher-wildschwein\/\" \/>\n<meta property=\"og:site_name\" content=\"Bogensportdiscount \u2013 B\u00f6gen, Pfeile, Targets &amp; Zubeh\u00f6r\" \/>\n<meta property=\"article:modified_time\" content=\"2026-05-14T05:14:02+00:00\" \/>\n<meta property=\"og:image\" content=\"https:\/\/bogensportdiscount.ch\/wp-content\/uploads\/bsm-images\/A094036_1.png\" \/>\n\t<meta property=\"og:image:width\" content=\"990\" \/>\n\t<meta property=\"og:image:height\" content=\"990\" \/>\n\t<meta property=\"og:image:type\" content=\"image\/png\" \/>\n<meta name=\"twitter:card\" content=\"summary_large_image\" \/>\n<script type=\"application\/ld+json\" class=\"yoast-schema-graph\">{\"@context\":\"https:\\\/\\\/schema.org\",\"@graph\":[{\"@type\":\"WebPage\",\"@id\":\"https:\\\/\\\/bogensportdiscount.ch\\\/produkt\\\/bearpaw-3d-ziel-franzbogen-weiblicher-wildschwein\\\/\",\"url\":\"https:\\\/\\\/bogensportdiscount.ch\\\/produkt\\\/bearpaw-3d-ziel-franzbogen-weiblicher-wildschwein\\\/\",\"name\":\"BEARPAW 3D-ZIEL FRANZBOGEN WEIBLICHES WILDSCHWEIN - Bogensportdiscount \u2013 B\u00f6gen, Pfeile, Targets &amp; Zubeh\u00f6r\",\"isPartOf\":{\"@id\":\"https:\\\/\\\/bogensportdiscount.ch\\\/#website\"},\"primaryImageOfPage\":{\"@id\":\"https:\\\/\\\/bogensportdiscount.ch\\\/produkt\\\/bearpaw-3d-ziel-franzbogen-weiblicher-wildschwein\\\/#primaryimage\"},\"image\":{\"@id\":\"https:\\\/\\\/bogensportdiscount.ch\\\/produkt\\\/bearpaw-3d-ziel-franzbogen-weiblicher-wildschwein\\\/#primaryimage\"},\"thumbnailUrl\":\"https:\\\/\\\/bogensportdiscount.ch\\\/wp-content\\\/uploads\\\/bsm-images\\\/A094036_1.png\",\"datePublished\":\"2026-04-05T12:32:16+00:00\",\"dateModified\":\"2026-05-14T05:14:02+00:00\",\"description\":\"BEARPAW 3D-ZIEL FRANZBOGEN WEIBLICHES WILDSCHWEIN g\u00fcnstig kaufen bei Bogensportdiscount \u2013 Top-Marken, schneller Versand aus der Schweiz.\",\"breadcrumb\":{\"@id\":\"https:\\\/\\\/bogensportdiscount.ch\\\/produkt\\\/bearpaw-3d-ziel-franzbogen-weiblicher-wildschwein\\\/#breadcrumb\"},\"inLanguage\":\"fr-FR\",\"potentialAction\":[{\"@type\":\"ReadAction\",\"target\":[\"https:\\\/\\\/bogensportdiscount.ch\\\/produkt\\\/bearpaw-3d-ziel-franzbogen-weiblicher-wildschwein\\\/\"]}]},{\"@type\":\"ImageObject\",\"inLanguage\":\"fr-FR\",\"@id\":\"https:\\\/\\\/bogensportdiscount.ch\\\/produkt\\\/bearpaw-3d-ziel-franzbogen-weiblicher-wildschwein\\\/#primaryimage\",\"url\":\"https:\\\/\\\/bogensportdiscount.ch\\\/wp-content\\\/uploads\\\/bsm-images\\\/A094036_1.png\",\"contentUrl\":\"https:\\\/\\\/bogensportdiscount.ch\\\/wp-content\\\/uploads\\\/bsm-images\\\/A094036_1.png\",\"width\":990,\"height\":990},{\"@type\":\"BreadcrumbList\",\"@id\":\"https:\\\/\\\/bogensportdiscount.ch\\\/produkt\\\/bearpaw-3d-ziel-franzbogen-weiblicher-wildschwein\\\/#breadcrumb\",\"itemListElement\":[{\"@type\":\"ListItem\",\"position\":1,\"name\":\"Home\",\"item\":\"https:\\\/\\\/bogensportdiscount.ch\\\/\"},{\"@type\":\"ListItem\",\"position\":2,\"name\":\"Shop\",\"item\":\"https:\\\/\\\/bogensportdiscount.ch\\\/shop\\\/\"},{\"@type\":\"ListItem\",\"position\":3,\"name\":\"BEARPAW 3D TARGET FRANZBOGEN FEMALE WILD BOAR\"}]},{\"@type\":\"WebSite\",\"@id\":\"https:\\\/\\\/bogensportdiscount.ch\\\/#website\",\"url\":\"https:\\\/\\\/bogensportdiscount.ch\\\/\",\"name\":\"Bogensportdiscount\",\"description\":\"\",\"potentialAction\":[{\"@type\":\"SearchAction\",\"target\":{\"@type\":\"EntryPoint\",\"urlTemplate\":\"https:\\\/\\\/bogensportdiscount.ch\\\/?s={search_term_string}\"},\"query-input\":{\"@type\":\"PropertyValueSpecification\",\"valueRequired\":true,\"valueName\":\"search_term_string\"}}],\"inLanguage\":\"fr-FR\"}]}<\/script>\n<!-- \/ Yoast SEO plugin. -->","yoast_head_json":{"title":"BEARPAW CIBLE 3D ARCH\u00c9RIE FRAN\u00c7AISE FEMME SANGLIER - Bogensportdiscount \u2013 Arcs, fl\u00e8ches, cibles et accessoires","description":"Achetez l&#x27;arc BEARPAW 3D-ZIEL FRANZBOGEN pour femmes (sanglier) \u00e0 un prix avantageux chez Bogensportdiscount \u2013 Les meilleures marques, livraison rapide depuis la Suisse.","robots":{"index":"index","follow":"follow","max-snippet":"max-snippet:-1","max-image-preview":"max-image-preview:large","max-video-preview":"max-video-preview:-1"},"canonical":"https:\/\/bogensportdiscount.ch\/fr\/produit\/bearpaw-3d-ziel-franzbogen-weiblicher-wildschwein\/","og_locale":"fr_FR","og_type":"article","og_title":"BEARPAW CIBLE 3D ARCHERIE FRAN\u00c7AISE FEMME SANGLIER - Bogensportdiscount \u2013 Arcs, fl\u00e8ches, cibles et accessoires","og_description":"Achetez l&#x27;arc BEARPAW 3D-ZIEL FRANZBOGEN pour femmes (sanglier) \u00e0 un prix avantageux chez Bogensportdiscount \u2013 Les meilleures marques, livraison rapide depuis la Suisse.","og_url":"https:\/\/bogensportdiscount.ch\/fr\/produit\/bearpaw-3d-ziel-franzbogen-weiblicher-wildschwein\/","og_site_name":"Bogensportdiscount \u2013 B\u00f6gen, Pfeile, Targets &amp; Zubeh\u00f6r","article_modified_time":"2026-05-14T05:14:02+00:00","og_image":[{"width":990,"height":990,"url":"https:\/\/bogensportdiscount.ch\/wp-content\/uploads\/bsm-images\/A094036_1.png","type":"image\/png"}],"twitter_card":"summary_large_image","schema":{"@context":"https:\/\/schema.org","@graph":[{"@type":"WebPage","@id":"https:\/\/bogensportdiscount.ch\/produkt\/bearpaw-3d-ziel-franzbogen-weiblicher-wildschwein\/","url":"https:\/\/bogensportdiscount.ch\/produkt\/bearpaw-3d-ziel-franzbogen-weiblicher-wildschwein\/","name":"BEARPAW CIBLE 3D ARCHERIE FRAN\u00c7AISE FEMME SANGLIER - Bogensportdiscount \u2013 Arcs, fl\u00e8ches, cibles et accessoires","isPartOf":{"@id":"https:\/\/bogensportdiscount.ch\/#website"},"primaryImageOfPage":{"@id":"https:\/\/bogensportdiscount.ch\/produkt\/bearpaw-3d-ziel-franzbogen-weiblicher-wildschwein\/#primaryimage"},"image":{"@id":"https:\/\/bogensportdiscount.ch\/produkt\/bearpaw-3d-ziel-franzbogen-weiblicher-wildschwein\/#primaryimage"},"thumbnailUrl":"https:\/\/bogensportdiscount.ch\/wp-content\/uploads\/bsm-images\/A094036_1.png","datePublished":"2026-04-05T12:32:16+00:00","dateModified":"2026-05-14T05:14:02+00:00","description":"Achetez l&#x27;arc BEARPAW 3D-ZIEL FRANZBOGEN pour femmes (sanglier) \u00e0 un prix avantageux chez Bogensportdiscount \u2013 Les meilleures marques, livraison rapide depuis la Suisse.","breadcrumb":{"@id":"https:\/\/bogensportdiscount.ch\/produkt\/bearpaw-3d-ziel-franzbogen-weiblicher-wildschwein\/#breadcrumb"},"inLanguage":"fr-FR","potentialAction":[{"@type":"ReadAction","target":["https:\/\/bogensportdiscount.ch\/produkt\/bearpaw-3d-ziel-franzbogen-weiblicher-wildschwein\/"]}]},{"@type":"ImageObject","inLanguage":"fr-FR","@id":"https:\/\/bogensportdiscount.ch\/produkt\/bearpaw-3d-ziel-franzbogen-weiblicher-wildschwein\/#primaryimage","url":"https:\/\/bogensportdiscount.ch\/wp-content\/uploads\/bsm-images\/A094036_1.png","contentUrl":"https:\/\/bogensportdiscount.ch\/wp-content\/uploads\/bsm-images\/A094036_1.png","width":990,"height":990},{"@type":"BreadcrumbList","@id":"https:\/\/bogensportdiscount.ch\/produkt\/bearpaw-3d-ziel-franzbogen-weiblicher-wildschwein\/#breadcrumb","itemListElement":[{"@type":"ListItem","position":1,"name":"Home","item":"https:\/\/bogensportdiscount.ch\/"},{"@type":"ListItem","position":2,"name":"Shop","item":"https:\/\/bogensportdiscount.ch\/shop\/"},{"@type":"ListItem","position":3,"name":"BEARPAW 3D TARGET FRANZBOGEN FEMALE WILD BOAR"}]},{"@type":"WebSite","@id":"https:\/\/bogensportdiscount.ch\/#website","url":"https:\/\/bogensportdiscount.ch\/","name":"Bogensportdiscount","description":"","potentialAction":[{"@type":"SearchAction","target":{"@type":"EntryPoint","urlTemplate":"https:\/\/bogensportdiscount.ch\/?s={search_term_string}"},"query-input":{"@type":"PropertyValueSpecification","valueRequired":true,"valueName":"search_term_string"}}],"inLanguage":"fr-FR"}]}},"_links":{"self":[{"href":"https:\/\/bogensportdiscount.ch\/fr\/wp-json\/wp\/v2\/product\/394088","targetHints":{"allow":["GET"]}}],"collection":[{"href":"https:\/\/bogensportdiscount.ch\/fr\/wp-json\/wp\/v2\/product"}],"about":[{"href":"https:\/\/bogensportdiscount.ch\/fr\/wp-json\/wp\/v2\/types\/product"}],"replies":[{"embeddable":true,"href":"https:\/\/bogensportdiscount.ch\/fr\/wp-json\/wp\/v2\/comments?post=394088"}],"wp:featuredmedia":[{"embeddable":true,"href":"https:\/\/bogensportdiscount.ch\/fr\/wp-json\/wp\/v2\/media\/524673"}],"wp:attachment":[{"href":"https:\/\/bogensportdiscount.ch\/fr\/wp-json\/wp\/v2\/media?parent=394088"}],"wp:term":[{"taxonomy":"product_brand","embeddable":true,"href":"https:\/\/bogensportdiscount.ch\/fr\/wp-json\/wp\/v2\/product_brand?post=394088"},{"taxonomy":"product_cat","embeddable":true,"href":"https:\/\/bogensportdiscount.ch\/fr\/wp-json\/wp\/v2\/product_cat?post=394088"},{"taxonomy":"product_tag","embeddable":true,"href":"https:\/\/bogensportdiscount.ch\/fr\/wp-json\/wp\/v2\/product_tag?post=394088"}],"curies":[{"name":"wp","href":"https:\/\/api.w.org\/{rel}","templated":true}]}}