{"id":394015,"date":"2026-04-05T14:32:00","date_gmt":"2026-04-05T12:32:00","guid":{"rendered":"https:\/\/bogensportdiscount.ch\/produkt\/bearpaw-3d-target-longlife-wolverine-funny-pig\/"},"modified":"2026-04-17T09:36:25","modified_gmt":"2026-04-17T07:36:25","slug":"bearpaw-3d-ziel-longlife-wolverine-funny-pig","status":"publish","type":"product","link":"https:\/\/bogensportdiscount.ch\/fr\/produit\/bearpaw-3d-ziel-longlife-wolverine-funny-pig\/","title":{"rendered":"BEARPAW 3D TARGET LONGLIFE WOLVERINE FUNNY PIG"},"content":{"rendered":"<p>Das BEARPAW 3D Ziel Longlife Wolverine Funny Pig geh\u00f6rt zur Longlife-Serie von BEARPAW und ist als witziges Schwein-Motiv gestaltet. Solche 3D-Ziele der Kategorie \u00abFantasie &amp; Andere\u00bb bieten Abwechslung beim Training und auf 3D-Parcours.<\/p>\n<p>Die Longlife-Konstruktion sorgt f\u00fcr eine hohe Schussanzahl, bevor ein Auswechseln des Einschussbereichs notwendig wird. Das Ziel ist f\u00fcr den Einsatz mit Recurve- und Compound-B\u00f6gen geeignet.<\/p>\n<ul>\n<li>Motiv: Lustiges Schwein (Funny Pig)<\/li>\n<li>Longlife-Material f\u00fcr hohe Haltbarkeit<\/li>\n<li>Geeignet f\u00fcr 3D-Parcours und Training<\/li>\n<li>Hergestellt in Deutschland<\/li>\n<\/ul>","protected":false},"excerpt":{"rendered":"<p>Das BEARPAW 3D Ziel Longlife Wolverine Funny Pig ist eine witzige Tierfigur f\u00fcr den 3D-Bogensport. Es eignet sich f\u00fcr den Einsatz im Freien und ist auf lange Haltbarkeit ausgelegt. Hergestellt in Deutschland.<\/p>","protected":false},"featured_media":453631,"comment_status":"open","ping_status":"closed","template":"","meta":[],"product_brand":[442],"product_cat":[4146],"product_tag":[3546],"class_list":{"0":"post-394015","1":"product","2":"type-product","3":"status-publish","4":"has-post-thumbnail","6":"product_brand-bearpaw","7":"product_cat-fantasie-andere","8":"product_tag-neuheit","10":"first","11":"onbackorder","12":"shipping-taxable","13":"purchasable","14":"product-type-simple"},"_links":{"self":[{"href":"https:\/\/bogensportdiscount.ch\/fr\/wp-json\/wp\/v2\/product\/394015","targetHints":{"allow":["GET"]}}],"collection":[{"href":"https:\/\/bogensportdiscount.ch\/fr\/wp-json\/wp\/v2\/product"}],"about":[{"href":"https:\/\/bogensportdiscount.ch\/fr\/wp-json\/wp\/v2\/types\/product"}],"replies":[{"embeddable":true,"href":"https:\/\/bogensportdiscount.ch\/fr\/wp-json\/wp\/v2\/comments?post=394015"}],"wp:featuredmedia":[{"embeddable":true,"href":"https:\/\/bogensportdiscount.ch\/fr\/wp-json\/wp\/v2\/media\/453631"}],"wp:attachment":[{"href":"https:\/\/bogensportdiscount.ch\/fr\/wp-json\/wp\/v2\/media?parent=394015"}],"wp:term":[{"taxonomy":"product_brand","embeddable":true,"href":"https:\/\/bogensportdiscount.ch\/fr\/wp-json\/wp\/v2\/product_brand?post=394015"},{"taxonomy":"product_cat","embeddable":true,"href":"https:\/\/bogensportdiscount.ch\/fr\/wp-json\/wp\/v2\/product_cat?post=394015"},{"taxonomy":"product_tag","embeddable":true,"href":"https:\/\/bogensportdiscount.ch\/fr\/wp-json\/wp\/v2\/product_tag?post=394015"}],"curies":[{"name":"wp","href":"https:\/\/api.w.org\/{rel}","templated":true}]}}