{"id":394012,"date":"2026-04-05T14:31:59","date_gmt":"2026-04-05T12:31:59","guid":{"rendered":"https:\/\/bogensportdiscount.ch\/produkt\/bearpaw-dura-backstop-netting-white-h-320cm-x-l-600cm\/"},"modified":"2026-04-19T11:42:51","modified_gmt":"2026-04-19T09:42:51","slug":"bearpaw-pfeilfangnetz-dura-backstop-weiss-320x600cm","status":"publish","type":"product","link":"https:\/\/bogensportdiscount.ch\/fr\/produit\/bearpaw-pfeilfangnetz-dura-backstop-weiss-320x600cm\/","title":{"rendered":"BEARPAW DURA BACKSTOP NETTING WHITE \/ H 320cm x L 600cm"},"content":{"rendered":"<p>Le filet BEARPAW Dura Backstop est un filet attrape-fl\u00e8ches qui se suspend derri\u00e8re la cible comme filet de s\u00e9curit\u00e9 afin de r\u00e9cup\u00e9rer les fl\u00e8ches et d'arr\u00eater les tirs non contr\u00f4l\u00e9s. Les dimensions de 320 cm de hauteur et 600 cm de longueur permettent une large couverture et conviennent aux stands de tir en clubs ainsi qu'\u00e0 un usage priv\u00e9.<\/p>\n<p>Le filet est de couleur blanche et se fixe facilement. La d\u00e9signation \u00abDura\u00bb indique une qualit\u00e9 de mat\u00e9riau robuste, con\u00e7ue pour une utilisation durable dans le tir \u00e0 l'arc.<\/p>\n<ul>\n<li>Dimensions : 320 cm de hauteur \u00d7 600 cm de longueur<\/li>\n<li>Couleur : Blanc<\/li>\n<li>Convient comme protection de fond \/ backstop<\/li>\n<li>Convient \u00e0 une utilisation en int\u00e9rieur et en ext\u00e9rieur<\/li>\n<\/ul>","protected":false},"excerpt":{"rendered":"<p><strong>Marque :<\/strong> Bearpaw<br \/><strong>Couleur:<\/strong> Blanc<br \/><strong>Longueur (cm) :<\/strong> 600<br \/><strong>GTIN:<\/strong> 4251973259292<\/p>","protected":false},"featured_media":453631,"comment_status":"open","ping_status":"closed","template":"","meta":[],"product_brand":[442],"product_cat":[4277],"product_tag":[3546],"class_list":{"0":"post-394012","1":"product","2":"type-product","3":"status-publish","4":"has-post-thumbnail","6":"product_brand-bearpaw","7":"product_cat-netze-backstops-netze","8":"product_tag-neuheit","10":"first","11":"instock","12":"shipping-taxable","13":"purchasable","14":"product-type-simple"},"yoast_head":"<!-- This site is optimized with the Yoast SEO plugin v27.4 - https:\/\/yoast.com\/product\/yoast-seo-wordpress\/ -->\n<title>BEARPAW DURA BACKSTOP NETTING WHITE \/ H 320cm x L 600cm - Bogensportdiscount \u2013 B\u00f6gen, Pfeile, Targets &amp; Zubeh\u00f6r<\/title>\n<meta name=\"robots\" content=\"noindex, follow, max-snippet:-1, max-image-preview:large, max-video-preview:-1\" \/>\n<meta property=\"og:locale\" content=\"fr_FR\" \/>\n<meta property=\"og:type\" content=\"article\" \/>\n<meta property=\"og:title\" content=\"BEARPAW DURA BACKSTOP NETTING WHITE \/ H 320cm x L 600cm - Bogensportdiscount \u2013 B\u00f6gen, Pfeile, Targets &amp; Zubeh\u00f6r\" \/>\n<meta property=\"og:description\" content=\"Marke: BearpawFarbe: Wei\u00dfL\u00e4nge (cm): 600GTIN: 4251973259292\" \/>\n<meta property=\"og:url\" content=\"https:\/\/bogensportdiscount.ch\/fr\/produit\/bearpaw-pfeilfangnetz-dura-backstop-weiss-320x600cm\/\" \/>\n<meta property=\"og:site_name\" content=\"Bogensportdiscount \u2013 B\u00f6gen, Pfeile, Targets &amp; Zubeh\u00f6r\" \/>\n<meta property=\"article:modified_time\" content=\"2026-04-19T09:42:51+00:00\" \/>\n<meta property=\"og:image\" content=\"https:\/\/bogensportdiscount.ch\/wp-content\/uploads\/2026\/04\/bogensportdiscount.ch-pfeile-boegen-zubehoer-fuer-anfaenger-und-profis-zum-besten-preis-Symbolbild-kein-foto-zu-diesem-artikel_01.jpg\" \/>\n\t<meta property=\"og:image:width\" content=\"1080\" \/>\n\t<meta property=\"og:image:height\" content=\"1080\" \/>\n\t<meta property=\"og:image:type\" content=\"image\/jpeg\" \/>\n<meta name=\"twitter:card\" content=\"summary_large_image\" \/>\n<meta name=\"twitter:label1\" content=\"Est. reading time\" \/>\n\t<meta name=\"twitter:data1\" content=\"1 minute\" \/>\n<script type=\"application\/ld+json\" class=\"yoast-schema-graph\">{\"@context\":\"https:\\\/\\\/schema.org\",\"@graph\":[{\"@type\":\"WebPage\",\"@id\":\"https:\\\/\\\/bogensportdiscount.ch\\\/fr\\\/produit\\\/bearpaw-pfeilfangnetz-dura-backstop-weiss-320x600cm\\\/\",\"url\":\"https:\\\/\\\/bogensportdiscount.ch\\\/fr\\\/produit\\\/bearpaw-pfeilfangnetz-dura-backstop-weiss-320x600cm\\\/\",\"name\":\"BEARPAW DURA BACKSTOP NETTING WHITE \\\/ H 320cm x L 600cm - Bogensportdiscount \u2013 B\u00f6gen, Pfeile, Targets &amp; Zubeh\u00f6r\",\"isPartOf\":{\"@id\":\"https:\\\/\\\/bogensportdiscount.ch\\\/#website\"},\"primaryImageOfPage\":{\"@id\":\"https:\\\/\\\/bogensportdiscount.ch\\\/fr\\\/produit\\\/bearpaw-pfeilfangnetz-dura-backstop-weiss-320x600cm\\\/#primaryimage\"},\"image\":{\"@id\":\"https:\\\/\\\/bogensportdiscount.ch\\\/fr\\\/produit\\\/bearpaw-pfeilfangnetz-dura-backstop-weiss-320x600cm\\\/#primaryimage\"},\"thumbnailUrl\":\"https:\\\/\\\/bogensportdiscount.ch\\\/wp-content\\\/uploads\\\/2026\\\/04\\\/bogensportdiscount.ch-pfeile-boegen-zubehoer-fuer-anfaenger-und-profis-zum-besten-preis-Symbolbild-kein-foto-zu-diesem-artikel_01.jpg\",\"datePublished\":\"2026-04-05T12:31:59+00:00\",\"dateModified\":\"2026-04-19T09:42:51+00:00\",\"breadcrumb\":{\"@id\":\"https:\\\/\\\/bogensportdiscount.ch\\\/fr\\\/produit\\\/bearpaw-pfeilfangnetz-dura-backstop-weiss-320x600cm\\\/#breadcrumb\"},\"inLanguage\":\"fr-FR\",\"potentialAction\":[{\"@type\":\"ReadAction\",\"target\":[\"https:\\\/\\\/bogensportdiscount.ch\\\/fr\\\/produit\\\/bearpaw-pfeilfangnetz-dura-backstop-weiss-320x600cm\\\/\"]}]},{\"@type\":\"ImageObject\",\"inLanguage\":\"fr-FR\",\"@id\":\"https:\\\/\\\/bogensportdiscount.ch\\\/fr\\\/produit\\\/bearpaw-pfeilfangnetz-dura-backstop-weiss-320x600cm\\\/#primaryimage\",\"url\":\"https:\\\/\\\/bogensportdiscount.ch\\\/wp-content\\\/uploads\\\/2026\\\/04\\\/bogensportdiscount.ch-pfeile-boegen-zubehoer-fuer-anfaenger-und-profis-zum-besten-preis-Symbolbild-kein-foto-zu-diesem-artikel_01.jpg\",\"contentUrl\":\"https:\\\/\\\/bogensportdiscount.ch\\\/wp-content\\\/uploads\\\/2026\\\/04\\\/bogensportdiscount.ch-pfeile-boegen-zubehoer-fuer-anfaenger-und-profis-zum-besten-preis-Symbolbild-kein-foto-zu-diesem-artikel_01.jpg\",\"width\":1080,\"height\":1080},{\"@type\":\"BreadcrumbList\",\"@id\":\"https:\\\/\\\/bogensportdiscount.ch\\\/fr\\\/produit\\\/bearpaw-pfeilfangnetz-dura-backstop-weiss-320x600cm\\\/#breadcrumb\",\"itemListElement\":[{\"@type\":\"ListItem\",\"position\":1,\"name\":\"Home\",\"item\":\"https:\\\/\\\/bogensportdiscount.ch\\\/\"},{\"@type\":\"ListItem\",\"position\":2,\"name\":\"Shop\",\"item\":\"https:\\\/\\\/bogensportdiscount.ch\\\/shop\\\/\"},{\"@type\":\"ListItem\",\"position\":3,\"name\":\"BEARPAW DURA BACKSTOP NETTING WHITE \\\/ H 320cm x L 600cm\"}]},{\"@type\":\"WebSite\",\"@id\":\"https:\\\/\\\/bogensportdiscount.ch\\\/#website\",\"url\":\"https:\\\/\\\/bogensportdiscount.ch\\\/\",\"name\":\"Bogensportdiscount\",\"description\":\"\",\"potentialAction\":[{\"@type\":\"SearchAction\",\"target\":{\"@type\":\"EntryPoint\",\"urlTemplate\":\"https:\\\/\\\/bogensportdiscount.ch\\\/?s={search_term_string}\"},\"query-input\":{\"@type\":\"PropertyValueSpecification\",\"valueRequired\":true,\"valueName\":\"search_term_string\"}}],\"inLanguage\":\"fr-FR\"}]}<\/script>\n<!-- \/ Yoast SEO plugin. -->","yoast_head_json":{"title":"BEARPAW DURA BACKSTOP NETTING WHITE \/ H 320cm x L 600cm - Bogensportdiscount \u2013 B\u00f6gen, Pfeile, Targets &amp; Zubeh\u00f6r","robots":{"index":"noindex","follow":"follow","max-snippet":"max-snippet:-1","max-image-preview":"max-image-preview:large","max-video-preview":"max-video-preview:-1"},"og_locale":"fr_FR","og_type":"article","og_title":"BEARPAW DURA BACKSTOP NETTING WHITE \/ H 320cm x L 600cm - Bogensportdiscount \u2013 B\u00f6gen, Pfeile, Targets &amp; Zubeh\u00f6r","og_description":"Marke: BearpawFarbe: Wei\u00dfL\u00e4nge (cm): 600GTIN: 4251973259292","og_url":"https:\/\/bogensportdiscount.ch\/fr\/produit\/bearpaw-pfeilfangnetz-dura-backstop-weiss-320x600cm\/","og_site_name":"Bogensportdiscount \u2013 B\u00f6gen, Pfeile, Targets &amp; Zubeh\u00f6r","article_modified_time":"2026-04-19T09:42:51+00:00","og_image":[{"width":1080,"height":1080,"url":"https:\/\/bogensportdiscount.ch\/wp-content\/uploads\/2026\/04\/bogensportdiscount.ch-pfeile-boegen-zubehoer-fuer-anfaenger-und-profis-zum-besten-preis-Symbolbild-kein-foto-zu-diesem-artikel_01.jpg","type":"image\/jpeg"}],"twitter_card":"summary_large_image","twitter_misc":{"Est. reading time":"1 minute"},"schema":{"@context":"https:\/\/schema.org","@graph":[{"@type":"WebPage","@id":"https:\/\/bogensportdiscount.ch\/fr\/produit\/bearpaw-pfeilfangnetz-dura-backstop-weiss-320x600cm\/","url":"https:\/\/bogensportdiscount.ch\/fr\/produit\/bearpaw-pfeilfangnetz-dura-backstop-weiss-320x600cm\/","name":"BEARPAW DURA BACKSTOP NETTING WHITE \/ H 320cm x L 600cm - Bogensportdiscount \u2013 B\u00f6gen, Pfeile, Targets &amp; Zubeh\u00f6r","isPartOf":{"@id":"https:\/\/bogensportdiscount.ch\/#website"},"primaryImageOfPage":{"@id":"https:\/\/bogensportdiscount.ch\/fr\/produit\/bearpaw-pfeilfangnetz-dura-backstop-weiss-320x600cm\/#primaryimage"},"image":{"@id":"https:\/\/bogensportdiscount.ch\/fr\/produit\/bearpaw-pfeilfangnetz-dura-backstop-weiss-320x600cm\/#primaryimage"},"thumbnailUrl":"https:\/\/bogensportdiscount.ch\/wp-content\/uploads\/2026\/04\/bogensportdiscount.ch-pfeile-boegen-zubehoer-fuer-anfaenger-und-profis-zum-besten-preis-Symbolbild-kein-foto-zu-diesem-artikel_01.jpg","datePublished":"2026-04-05T12:31:59+00:00","dateModified":"2026-04-19T09:42:51+00:00","breadcrumb":{"@id":"https:\/\/bogensportdiscount.ch\/fr\/produit\/bearpaw-pfeilfangnetz-dura-backstop-weiss-320x600cm\/#breadcrumb"},"inLanguage":"fr-FR","potentialAction":[{"@type":"ReadAction","target":["https:\/\/bogensportdiscount.ch\/fr\/produit\/bearpaw-pfeilfangnetz-dura-backstop-weiss-320x600cm\/"]}]},{"@type":"ImageObject","inLanguage":"fr-FR","@id":"https:\/\/bogensportdiscount.ch\/fr\/produit\/bearpaw-pfeilfangnetz-dura-backstop-weiss-320x600cm\/#primaryimage","url":"https:\/\/bogensportdiscount.ch\/wp-content\/uploads\/2026\/04\/bogensportdiscount.ch-pfeile-boegen-zubehoer-fuer-anfaenger-und-profis-zum-besten-preis-Symbolbild-kein-foto-zu-diesem-artikel_01.jpg","contentUrl":"https:\/\/bogensportdiscount.ch\/wp-content\/uploads\/2026\/04\/bogensportdiscount.ch-pfeile-boegen-zubehoer-fuer-anfaenger-und-profis-zum-besten-preis-Symbolbild-kein-foto-zu-diesem-artikel_01.jpg","width":1080,"height":1080},{"@type":"BreadcrumbList","@id":"https:\/\/bogensportdiscount.ch\/fr\/produit\/bearpaw-pfeilfangnetz-dura-backstop-weiss-320x600cm\/#breadcrumb","itemListElement":[{"@type":"ListItem","position":1,"name":"Home","item":"https:\/\/bogensportdiscount.ch\/"},{"@type":"ListItem","position":2,"name":"Shop","item":"https:\/\/bogensportdiscount.ch\/shop\/"},{"@type":"ListItem","position":3,"name":"BEARPAW DURA BACKSTOP NETTING WHITE \/ H 320cm x L 600cm"}]},{"@type":"WebSite","@id":"https:\/\/bogensportdiscount.ch\/#website","url":"https:\/\/bogensportdiscount.ch\/","name":"Bogensportdiscount","description":"","potentialAction":[{"@type":"SearchAction","target":{"@type":"EntryPoint","urlTemplate":"https:\/\/bogensportdiscount.ch\/?s={search_term_string}"},"query-input":{"@type":"PropertyValueSpecification","valueRequired":true,"valueName":"search_term_string"}}],"inLanguage":"fr-FR"}]}},"_links":{"self":[{"href":"https:\/\/bogensportdiscount.ch\/fr\/wp-json\/wp\/v2\/product\/394012","targetHints":{"allow":["GET"]}}],"collection":[{"href":"https:\/\/bogensportdiscount.ch\/fr\/wp-json\/wp\/v2\/product"}],"about":[{"href":"https:\/\/bogensportdiscount.ch\/fr\/wp-json\/wp\/v2\/types\/product"}],"replies":[{"embeddable":true,"href":"https:\/\/bogensportdiscount.ch\/fr\/wp-json\/wp\/v2\/comments?post=394012"}],"wp:featuredmedia":[{"embeddable":true,"href":"https:\/\/bogensportdiscount.ch\/fr\/wp-json\/wp\/v2\/media\/453631"}],"wp:attachment":[{"href":"https:\/\/bogensportdiscount.ch\/fr\/wp-json\/wp\/v2\/media?parent=394012"}],"wp:term":[{"taxonomy":"product_brand","embeddable":true,"href":"https:\/\/bogensportdiscount.ch\/fr\/wp-json\/wp\/v2\/product_brand?post=394012"},{"taxonomy":"product_cat","embeddable":true,"href":"https:\/\/bogensportdiscount.ch\/fr\/wp-json\/wp\/v2\/product_cat?post=394012"},{"taxonomy":"product_tag","embeddable":true,"href":"https:\/\/bogensportdiscount.ch\/fr\/wp-json\/wp\/v2\/product_tag?post=394012"}],"curies":[{"name":"wp","href":"https:\/\/api.w.org\/{rel}","templated":true}]}}