{"id":393982,"date":"2026-04-05T14:31:53","date_gmt":"2026-04-05T12:31:53","guid":{"rendered":"https:\/\/bogensportdiscount.ch\/produkt\/barnett-crossbow-bags-ballistic-nylon-case-raptor\/"},"modified":"2026-05-14T07:14:00","modified_gmt":"2026-05-14T05:14:00","slug":"barnett-armbrust-tasche-ballistic-nylon-case-raptor","status":"publish","type":"product","link":"https:\/\/bogensportdiscount.ch\/fr\/produit\/barnett-armbrust-tasche-ballistic-nylon-case-raptor\/","title":{"rendered":"BARNETT HOUSSES D'ARBAL\u00c8TE MALLETTE NYLON BALISTIQUE RAPTOR"},"content":{"rendered":"<p>La housse BARNETT Ballistic Nylon Case Raptor est un sac de transport sp\u00e9cialement d\u00e9velopp\u00e9 pour les arbal\u00e8tes de la gamme Raptor de BARNETT. Le Ballistic Nylon utilis\u00e9 se distingue par sa haute r\u00e9sistance \u00e0 la d\u00e9chirure et sa long\u00e9vit\u00e9, faisant de ce sac un compagnon fiable pour la chasse et le sport.<\/p>\n<p>Le sac offre \u00e0 l'arbal\u00e8te un espace de rangement s\u00e9curis\u00e9 et la prot\u00e8ge efficacement contre les dommages li\u00e9s au transport. Il convient aussi bien pour le trajet vers le stand de tir que lors de sorties de chasse.<\/p>\n<ul>\n<li>Mat\u00e9riau robuste en Ballistic Nylon<\/li>\n<li>Con\u00e7u sp\u00e9cialement pour les arbal\u00e8tes BARNETT Raptor<\/li>\n<li>Protection contre les rayures, les chocs et les intemp\u00e9ries<\/li>\n<li>Pratique pour le transport et le rangement<\/li>\n<\/ul>","protected":false},"excerpt":{"rendered":"<table>\n<tr>\n<th>Propri\u00e9t\u00e9<\/th>\n<th>Valeur<\/th>\n<\/tr>\n<tr>\n<td>Marque<\/td>\n<td>Barnett<\/td>\n<\/tr>\n<tr>\n<td>Couleur<\/td>\n<td>Noir<\/td>\n<\/tr>\n<tr>\n<td>Pays d'origine<\/td>\n<td>Chine<\/td>\n<\/tr>\n<tr>\n<td>GTIN<\/td>\n<td>042609200665<\/td>\n<\/tr>\n<\/table>","protected":false},"featured_media":453428,"comment_status":"open","ping_status":"closed","template":"","meta":[],"product_brand":[421],"product_cat":[4135,4373,27449],"product_tag":[3546],"class_list":{"0":"post-393982","1":"product","2":"type-product","3":"status-publish","4":"has-post-thumbnail","6":"product_brand-barnett","7":"product_cat-armbrust-zubehoer","8":"product_cat-armbrueste-taschen","9":"product_cat-taschen-koffer-armbrust-zubehoer-2","10":"product_tag-neuheit","11":"product_shipping_class-bsd-standard","13":"first","14":"instock","15":"shipping-taxable","16":"purchasable","17":"product-type-simple"},"yoast_head":"<!-- This site is optimized with the Yoast SEO plugin v27.6 - https:\/\/yoast.com\/product\/yoast-seo-wordpress\/ -->\n<title>BARNETT ARMBRUST SAC DE TRANSPORT EN NYLON BALISTIQUE RAPTOR - Bogensportdiscount \u2013 Arcs, fl\u00e8ches, cibles et accessoires<\/title>\n<meta name=\"description\" content=\"Achetez la valise en nylon balistique BARNETT ARMBRUST TASCHEN RAPTOR \u00e0 un prix avantageux chez Bogensportdiscount \u2013 Grandes marques, livraison rapide depuis la Suisse.\" \/>\n<meta name=\"robots\" content=\"index, follow, max-snippet:-1, max-image-preview:large, max-video-preview:-1\" \/>\n<link rel=\"canonical\" href=\"https:\/\/bogensportdiscount.ch\/fr\/produit\/barnett-armbrust-tasche-ballistic-nylon-case-raptor\/\" \/>\n<meta property=\"og:locale\" content=\"fr_FR\" \/>\n<meta property=\"og:type\" content=\"article\" \/>\n<meta property=\"og:title\" content=\"BARNETT ARMBRUST SAC DE TRANSPORT EN NYLON BALISTIQUE RAPTOR - Bogensportdiscount \u2013 Arcs, fl\u00e8ches, cibles et accessoires\" \/>\n<meta property=\"og:description\" content=\"Achetez la valise en nylon balistique BARNETT ARMBRUST TASCHEN RAPTOR \u00e0 un prix avantageux chez Bogensportdiscount \u2013 Grandes marques, livraison rapide depuis la Suisse.\" \/>\n<meta property=\"og:url\" content=\"https:\/\/bogensportdiscount.ch\/fr\/produit\/barnett-armbrust-tasche-ballistic-nylon-case-raptor\/\" \/>\n<meta property=\"og:site_name\" content=\"Bogensportdiscount \u2013 B\u00f6gen, Pfeile, Targets &amp; Zubeh\u00f6r\" \/>\n<meta property=\"article:modified_time\" content=\"2026-05-14T05:14:00+00:00\" \/>\n<meta property=\"og:image\" content=\"https:\/\/bogensportdiscount.ch\/wp-content\/uploads\/bsm-images\/a093309_1.png\" \/>\n\t<meta property=\"og:image:width\" content=\"192\" \/>\n\t<meta property=\"og:image:height\" content=\"399\" \/>\n\t<meta property=\"og:image:type\" content=\"image\/png\" \/>\n<meta name=\"twitter:card\" content=\"summary_large_image\" \/>\n<meta name=\"twitter:label1\" content=\"Dur\u00e9e de lecture estim\u00e9e\" \/>\n\t<meta name=\"twitter:data1\" content=\"1 minute\" \/>\n<script type=\"application\/ld+json\" class=\"yoast-schema-graph\">{\"@context\":\"https:\\\/\\\/schema.org\",\"@graph\":[{\"@type\":\"WebPage\",\"@id\":\"https:\\\/\\\/bogensportdiscount.ch\\\/produkt\\\/barnett-armbrust-tasche-ballistic-nylon-case-raptor\\\/\",\"url\":\"https:\\\/\\\/bogensportdiscount.ch\\\/produkt\\\/barnett-armbrust-tasche-ballistic-nylon-case-raptor\\\/\",\"name\":\"BARNETT ARMBRUST TASCHEN BALLISTIC NYLON KOFFER RAPTOR - Bogensportdiscount \u2013 B\u00f6gen, Pfeile, Targets &amp; Zubeh\u00f6r\",\"isPartOf\":{\"@id\":\"https:\\\/\\\/bogensportdiscount.ch\\\/#website\"},\"primaryImageOfPage\":{\"@id\":\"https:\\\/\\\/bogensportdiscount.ch\\\/produkt\\\/barnett-armbrust-tasche-ballistic-nylon-case-raptor\\\/#primaryimage\"},\"image\":{\"@id\":\"https:\\\/\\\/bogensportdiscount.ch\\\/produkt\\\/barnett-armbrust-tasche-ballistic-nylon-case-raptor\\\/#primaryimage\"},\"thumbnailUrl\":\"https:\\\/\\\/bogensportdiscount.ch\\\/wp-content\\\/uploads\\\/bsm-images\\\/a093309_1.png\",\"datePublished\":\"2026-04-05T12:31:53+00:00\",\"dateModified\":\"2026-05-14T05:14:00+00:00\",\"description\":\"BARNETT ARMBRUST TASCHEN BALLISTIC NYLON KOFFER RAPTOR g\u00fcnstig kaufen bei Bogensportdiscount \u2013 Top-Marken, schneller Versand aus der Schweiz.\",\"breadcrumb\":{\"@id\":\"https:\\\/\\\/bogensportdiscount.ch\\\/produkt\\\/barnett-armbrust-tasche-ballistic-nylon-case-raptor\\\/#breadcrumb\"},\"inLanguage\":\"fr-FR\",\"potentialAction\":[{\"@type\":\"ReadAction\",\"target\":[\"https:\\\/\\\/bogensportdiscount.ch\\\/produkt\\\/barnett-armbrust-tasche-ballistic-nylon-case-raptor\\\/\"]}]},{\"@type\":\"ImageObject\",\"inLanguage\":\"fr-FR\",\"@id\":\"https:\\\/\\\/bogensportdiscount.ch\\\/produkt\\\/barnett-armbrust-tasche-ballistic-nylon-case-raptor\\\/#primaryimage\",\"url\":\"https:\\\/\\\/bogensportdiscount.ch\\\/wp-content\\\/uploads\\\/bsm-images\\\/a093309_1.png\",\"contentUrl\":\"https:\\\/\\\/bogensportdiscount.ch\\\/wp-content\\\/uploads\\\/bsm-images\\\/a093309_1.png\",\"width\":192,\"height\":399},{\"@type\":\"BreadcrumbList\",\"@id\":\"https:\\\/\\\/bogensportdiscount.ch\\\/produkt\\\/barnett-armbrust-tasche-ballistic-nylon-case-raptor\\\/#breadcrumb\",\"itemListElement\":[{\"@type\":\"ListItem\",\"position\":1,\"name\":\"Home\",\"item\":\"https:\\\/\\\/bogensportdiscount.ch\\\/\"},{\"@type\":\"ListItem\",\"position\":2,\"name\":\"Shop\",\"item\":\"https:\\\/\\\/bogensportdiscount.ch\\\/shop\\\/\"},{\"@type\":\"ListItem\",\"position\":3,\"name\":\"BARNETT CROSSBOW BAGS BALLISTIC NYLON CASE RAPTOR\"}]},{\"@type\":\"WebSite\",\"@id\":\"https:\\\/\\\/bogensportdiscount.ch\\\/#website\",\"url\":\"https:\\\/\\\/bogensportdiscount.ch\\\/\",\"name\":\"Bogensportdiscount\",\"description\":\"\",\"potentialAction\":[{\"@type\":\"SearchAction\",\"target\":{\"@type\":\"EntryPoint\",\"urlTemplate\":\"https:\\\/\\\/bogensportdiscount.ch\\\/?s={search_term_string}\"},\"query-input\":{\"@type\":\"PropertyValueSpecification\",\"valueRequired\":true,\"valueName\":\"search_term_string\"}}],\"inLanguage\":\"fr-FR\"}]}<\/script>\n<!-- \/ Yoast SEO plugin. -->","yoast_head_json":{"title":"BARNETT ARMBRUST SAC DE TRANSPORT EN NYLON BALISTIQUE RAPTOR - Bogensportdiscount \u2013 Arcs, fl\u00e8ches, cibles et accessoires","description":"Achetez la valise en nylon balistique BARNETT ARMBRUST TASCHEN RAPTOR \u00e0 un prix avantageux chez Bogensportdiscount \u2013 Grandes marques, livraison rapide depuis la Suisse.","robots":{"index":"index","follow":"follow","max-snippet":"max-snippet:-1","max-image-preview":"max-image-preview:large","max-video-preview":"max-video-preview:-1"},"canonical":"https:\/\/bogensportdiscount.ch\/fr\/produit\/barnett-armbrust-tasche-ballistic-nylon-case-raptor\/","og_locale":"fr_FR","og_type":"article","og_title":"BARNETT ARMBRUST SAC DE TRANSPORT EN NYLON BALISTIQUE RAPTOR - Bogensportdiscount \u2013 Arcs, fl\u00e8ches, cibles et accessoires","og_description":"Achetez la valise en nylon balistique BARNETT ARMBRUST TASCHEN RAPTOR \u00e0 un prix avantageux chez Bogensportdiscount \u2013 Grandes marques, livraison rapide depuis la Suisse.","og_url":"https:\/\/bogensportdiscount.ch\/fr\/produit\/barnett-armbrust-tasche-ballistic-nylon-case-raptor\/","og_site_name":"Bogensportdiscount \u2013 B\u00f6gen, Pfeile, Targets &amp; Zubeh\u00f6r","article_modified_time":"2026-05-14T05:14:00+00:00","og_image":[{"width":192,"height":399,"url":"https:\/\/bogensportdiscount.ch\/wp-content\/uploads\/bsm-images\/a093309_1.png","type":"image\/png"}],"twitter_card":"summary_large_image","twitter_misc":{"Dur\u00e9e de lecture estim\u00e9e":"1 minute"},"schema":{"@context":"https:\/\/schema.org","@graph":[{"@type":"WebPage","@id":"https:\/\/bogensportdiscount.ch\/produkt\/barnett-armbrust-tasche-ballistic-nylon-case-raptor\/","url":"https:\/\/bogensportdiscount.ch\/produkt\/barnett-armbrust-tasche-ballistic-nylon-case-raptor\/","name":"BARNETT ARMBRUST SAC DE TRANSPORT EN NYLON BALISTIQUE RAPTOR - Bogensportdiscount \u2013 Arcs, fl\u00e8ches, cibles et accessoires","isPartOf":{"@id":"https:\/\/bogensportdiscount.ch\/#website"},"primaryImageOfPage":{"@id":"https:\/\/bogensportdiscount.ch\/produkt\/barnett-armbrust-tasche-ballistic-nylon-case-raptor\/#primaryimage"},"image":{"@id":"https:\/\/bogensportdiscount.ch\/produkt\/barnett-armbrust-tasche-ballistic-nylon-case-raptor\/#primaryimage"},"thumbnailUrl":"https:\/\/bogensportdiscount.ch\/wp-content\/uploads\/bsm-images\/a093309_1.png","datePublished":"2026-04-05T12:31:53+00:00","dateModified":"2026-05-14T05:14:00+00:00","description":"Achetez la valise en nylon balistique BARNETT ARMBRUST TASCHEN RAPTOR \u00e0 un prix avantageux chez Bogensportdiscount \u2013 Grandes marques, livraison rapide depuis la Suisse.","breadcrumb":{"@id":"https:\/\/bogensportdiscount.ch\/produkt\/barnett-armbrust-tasche-ballistic-nylon-case-raptor\/#breadcrumb"},"inLanguage":"fr-FR","potentialAction":[{"@type":"ReadAction","target":["https:\/\/bogensportdiscount.ch\/produkt\/barnett-armbrust-tasche-ballistic-nylon-case-raptor\/"]}]},{"@type":"ImageObject","inLanguage":"fr-FR","@id":"https:\/\/bogensportdiscount.ch\/produkt\/barnett-armbrust-tasche-ballistic-nylon-case-raptor\/#primaryimage","url":"https:\/\/bogensportdiscount.ch\/wp-content\/uploads\/bsm-images\/a093309_1.png","contentUrl":"https:\/\/bogensportdiscount.ch\/wp-content\/uploads\/bsm-images\/a093309_1.png","width":192,"height":399},{"@type":"BreadcrumbList","@id":"https:\/\/bogensportdiscount.ch\/produkt\/barnett-armbrust-tasche-ballistic-nylon-case-raptor\/#breadcrumb","itemListElement":[{"@type":"ListItem","position":1,"name":"Home","item":"https:\/\/bogensportdiscount.ch\/"},{"@type":"ListItem","position":2,"name":"Shop","item":"https:\/\/bogensportdiscount.ch\/shop\/"},{"@type":"ListItem","position":3,"name":"BARNETT CROSSBOW BAGS BALLISTIC NYLON CASE RAPTOR"}]},{"@type":"WebSite","@id":"https:\/\/bogensportdiscount.ch\/#website","url":"https:\/\/bogensportdiscount.ch\/","name":"Bogensportdiscount","description":"","potentialAction":[{"@type":"SearchAction","target":{"@type":"EntryPoint","urlTemplate":"https:\/\/bogensportdiscount.ch\/?s={search_term_string}"},"query-input":{"@type":"PropertyValueSpecification","valueRequired":true,"valueName":"search_term_string"}}],"inLanguage":"fr-FR"}]}},"_links":{"self":[{"href":"https:\/\/bogensportdiscount.ch\/fr\/wp-json\/wp\/v2\/product\/393982","targetHints":{"allow":["GET"]}}],"collection":[{"href":"https:\/\/bogensportdiscount.ch\/fr\/wp-json\/wp\/v2\/product"}],"about":[{"href":"https:\/\/bogensportdiscount.ch\/fr\/wp-json\/wp\/v2\/types\/product"}],"replies":[{"embeddable":true,"href":"https:\/\/bogensportdiscount.ch\/fr\/wp-json\/wp\/v2\/comments?post=393982"}],"wp:featuredmedia":[{"embeddable":true,"href":"https:\/\/bogensportdiscount.ch\/fr\/wp-json\/wp\/v2\/media\/453428"}],"wp:attachment":[{"href":"https:\/\/bogensportdiscount.ch\/fr\/wp-json\/wp\/v2\/media?parent=393982"}],"wp:term":[{"taxonomy":"product_brand","embeddable":true,"href":"https:\/\/bogensportdiscount.ch\/fr\/wp-json\/wp\/v2\/product_brand?post=393982"},{"taxonomy":"product_cat","embeddable":true,"href":"https:\/\/bogensportdiscount.ch\/fr\/wp-json\/wp\/v2\/product_cat?post=393982"},{"taxonomy":"product_tag","embeddable":true,"href":"https:\/\/bogensportdiscount.ch\/fr\/wp-json\/wp\/v2\/product_tag?post=393982"}],"curies":[{"name":"wp","href":"https:\/\/api.w.org\/{rel}","templated":true}]}}