{"id":393979,"date":"2026-04-05T14:31:52","date_gmt":"2026-04-05T12:31:52","guid":{"rendered":"https:\/\/bogensportdiscount.ch\/produkt\/killerinstict-killer-instinct-fanatix-415-compound-crossbow-package\/"},"modified":"2026-05-14T07:14:00","modified_gmt":"2026-05-14T05:14:00","slug":"killerinstict-fanatix-415-compound-armbrust-paket","status":"publish","type":"product","link":"https:\/\/bogensportdiscount.ch\/fr\/produit\/killerinstict-fanatix-415-compound-armbrust-paket\/","title":{"rendered":"KILLERINSTICT KILLER INSTINCT FANATIX 415 KIT ARBAL\u00c8TE \u00c0 POULIES"},"content":{"rendered":"<p>La KILLERINSTICT Fanatix 415 est une arbal\u00e8te \u00e0 poulies compl\u00e8te aux caract\u00e9ristiques de performance impressionnantes. Avec une puissance de 195 Lbs et une vitesse de 415 FPS, cette arbal\u00e8te offre un excellent \u00e9quilibre entre puissance et maniabilit\u00e9.<\/p>\n<p>Le kit est con\u00e7u comme une solution d'entr\u00e9e de gamme compl\u00e8te et contient tout le n\u00e9cessaire pour une utilisation imm\u00e9diate. La construction robuste et la m\u00e9canique fiable font de cette arbal\u00e8te un choix pris\u00e9 des chasseurs et des tireurs sportifs.<\/p>\n<p>Avec sa fabrication ta\u00efwanaise et la r\u00e9putation \u00e9tablie de la marque Killer Instinct, vous b\u00e9n\u00e9ficiez d'un produit alliant performance et qualit\u00e9.<\/p>","protected":false},"excerpt":{"rendered":"<table>\n<tr>\n<th>Propri\u00e9t\u00e9<\/th>\n<th>Valeur<\/th>\n<\/tr>\n<tr>\n<td>Marque<\/td>\n<td>Killer Instinct<\/td>\n<\/tr>\n<tr>\n<td>Poids de traction<\/td>\n<td>195 Lbs<\/td>\n<\/tr>\n<tr>\n<td>FPS<\/td>\n<td>415<\/td>\n<\/tr>\n<tr>\n<td>Pays d'origine<\/td>\n<td>Taiwan<\/td>\n<\/tr>\n<\/table>","protected":false},"featured_media":524070,"comment_status":"open","ping_status":"closed","template":"","meta":[],"product_brand":[627],"product_cat":[4135,4161,4162],"product_tag":[3546],"class_list":{"0":"post-393979","1":"product","2":"type-product","3":"status-publish","4":"has-post-thumbnail","6":"product_brand-killerinstict","7":"product_cat-armbrust-zubehoer","8":"product_cat-armbueste","9":"product_cat-compound-armbrueste","10":"product_tag-neuheit","11":"product_shipping_class-bsd-standard","13":"first","14":"instock","15":"shipping-taxable","16":"purchasable","17":"product-type-simple"},"yoast_head":"<!-- This site is optimized with the Yoast SEO plugin v27.6 - https:\/\/yoast.com\/product\/yoast-seo-wordpress\/ -->\n<title>KILLERINSTICT KILLER INSTINCT FANATIX 415 COMPOUND-ARMBRUST PAKET - Bogensportdiscount \u2013 B\u00f6gen, Pfeile, Targets &amp; Zubeh\u00f6r<\/title>\n<meta name=\"description\" content=\"KILLERINSTICT KILLER INSTINCT FANATIX 415 COMPOUND-ARMBRUST PAKET g\u00fcnstig kaufen bei Bogensportdiscount \u2013 Top-Marken, schneller Versand aus der Schweiz.\" \/>\n<meta name=\"robots\" content=\"index, follow, max-snippet:-1, max-image-preview:large, max-video-preview:-1\" \/>\n<link rel=\"canonical\" href=\"https:\/\/bogensportdiscount.ch\/fr\/produit\/killerinstict-fanatix-415-compound-armbrust-paket\/\" \/>\n<meta property=\"og:locale\" content=\"fr_FR\" \/>\n<meta property=\"og:type\" content=\"article\" \/>\n<meta property=\"og:title\" content=\"KILLERINSTICT KILLER INSTINCT FANATIX 415 COMPOUND-ARMBRUST PAKET - Bogensportdiscount \u2013 B\u00f6gen, Pfeile, Targets &amp; Zubeh\u00f6r\" \/>\n<meta property=\"og:description\" content=\"KILLERINSTICT KILLER INSTINCT FANATIX 415 COMPOUND-ARMBRUST PAKET g\u00fcnstig kaufen bei Bogensportdiscount \u2013 Top-Marken, schneller Versand aus der Schweiz.\" \/>\n<meta property=\"og:url\" content=\"https:\/\/bogensportdiscount.ch\/fr\/produit\/killerinstict-fanatix-415-compound-armbrust-paket\/\" \/>\n<meta property=\"og:site_name\" content=\"Bogensportdiscount \u2013 B\u00f6gen, Pfeile, Targets &amp; Zubeh\u00f6r\" \/>\n<meta property=\"article:modified_time\" content=\"2026-05-14T05:14:00+00:00\" \/>\n<meta property=\"og:image\" content=\"https:\/\/bogensportdiscount.ch\/wp-content\/uploads\/bsm-images\/A093304_1.png\" \/>\n\t<meta property=\"og:image:width\" content=\"6250\" \/>\n\t<meta property=\"og:image:height\" content=\"6250\" \/>\n\t<meta property=\"og:image:type\" content=\"image\/png\" \/>\n<meta name=\"twitter:card\" content=\"summary_large_image\" \/>\n<script type=\"application\/ld+json\" class=\"yoast-schema-graph\">{\"@context\":\"https:\\\/\\\/schema.org\",\"@graph\":[{\"@type\":\"WebPage\",\"@id\":\"https:\\\/\\\/bogensportdiscount.ch\\\/produkt\\\/killerinstict-fanatix-415-compound-armbrust-paket\\\/\",\"url\":\"https:\\\/\\\/bogensportdiscount.ch\\\/produkt\\\/killerinstict-fanatix-415-compound-armbrust-paket\\\/\",\"name\":\"KILLERINSTICT KILLER INSTINCT FANATIX 415 COMPOUND-ARMBRUST PAKET - Bogensportdiscount \u2013 B\u00f6gen, Pfeile, Targets &amp; Zubeh\u00f6r\",\"isPartOf\":{\"@id\":\"https:\\\/\\\/bogensportdiscount.ch\\\/#website\"},\"primaryImageOfPage\":{\"@id\":\"https:\\\/\\\/bogensportdiscount.ch\\\/produkt\\\/killerinstict-fanatix-415-compound-armbrust-paket\\\/#primaryimage\"},\"image\":{\"@id\":\"https:\\\/\\\/bogensportdiscount.ch\\\/produkt\\\/killerinstict-fanatix-415-compound-armbrust-paket\\\/#primaryimage\"},\"thumbnailUrl\":\"https:\\\/\\\/bogensportdiscount.ch\\\/wp-content\\\/uploads\\\/bsm-images\\\/A093304_1.png\",\"datePublished\":\"2026-04-05T12:31:52+00:00\",\"dateModified\":\"2026-05-14T05:14:00+00:00\",\"description\":\"KILLERINSTICT KILLER INSTINCT FANATIX 415 COMPOUND-ARMBRUST PAKET g\u00fcnstig kaufen bei Bogensportdiscount \u2013 Top-Marken, schneller Versand aus der Schweiz.\",\"breadcrumb\":{\"@id\":\"https:\\\/\\\/bogensportdiscount.ch\\\/produkt\\\/killerinstict-fanatix-415-compound-armbrust-paket\\\/#breadcrumb\"},\"inLanguage\":\"fr-FR\",\"potentialAction\":[{\"@type\":\"ReadAction\",\"target\":[\"https:\\\/\\\/bogensportdiscount.ch\\\/produkt\\\/killerinstict-fanatix-415-compound-armbrust-paket\\\/\"]}]},{\"@type\":\"ImageObject\",\"inLanguage\":\"fr-FR\",\"@id\":\"https:\\\/\\\/bogensportdiscount.ch\\\/produkt\\\/killerinstict-fanatix-415-compound-armbrust-paket\\\/#primaryimage\",\"url\":\"https:\\\/\\\/bogensportdiscount.ch\\\/wp-content\\\/uploads\\\/bsm-images\\\/A093304_1.png\",\"contentUrl\":\"https:\\\/\\\/bogensportdiscount.ch\\\/wp-content\\\/uploads\\\/bsm-images\\\/A093304_1.png\",\"width\":6250,\"height\":6250},{\"@type\":\"BreadcrumbList\",\"@id\":\"https:\\\/\\\/bogensportdiscount.ch\\\/produkt\\\/killerinstict-fanatix-415-compound-armbrust-paket\\\/#breadcrumb\",\"itemListElement\":[{\"@type\":\"ListItem\",\"position\":1,\"name\":\"Home\",\"item\":\"https:\\\/\\\/bogensportdiscount.ch\\\/\"},{\"@type\":\"ListItem\",\"position\":2,\"name\":\"Shop\",\"item\":\"https:\\\/\\\/bogensportdiscount.ch\\\/shop\\\/\"},{\"@type\":\"ListItem\",\"position\":3,\"name\":\"KILLERINSTICT KILLER INSTINCT FANATIX 415 COMPOUND CROSSBOW PACKAGE\"}]},{\"@type\":\"WebSite\",\"@id\":\"https:\\\/\\\/bogensportdiscount.ch\\\/#website\",\"url\":\"https:\\\/\\\/bogensportdiscount.ch\\\/\",\"name\":\"Bogensportdiscount\",\"description\":\"\",\"potentialAction\":[{\"@type\":\"SearchAction\",\"target\":{\"@type\":\"EntryPoint\",\"urlTemplate\":\"https:\\\/\\\/bogensportdiscount.ch\\\/?s={search_term_string}\"},\"query-input\":{\"@type\":\"PropertyValueSpecification\",\"valueRequired\":true,\"valueName\":\"search_term_string\"}}],\"inLanguage\":\"fr-FR\"}]}<\/script>\n<!-- \/ Yoast SEO plugin. -->","yoast_head_json":{"title":"KILLERINSTICT KILLER INSTINCT FANATIX 415 COMPOUND-ARMBRUST PAKET - Bogensportdiscount \u2013 B\u00f6gen, Pfeile, Targets &amp; Zubeh\u00f6r","description":"KILLERINSTICT KILLER INSTINCT FANATIX 415 COMPOUND-ARMBRUST PAKET g\u00fcnstig kaufen bei Bogensportdiscount \u2013 Top-Marken, schneller Versand aus der Schweiz.","robots":{"index":"index","follow":"follow","max-snippet":"max-snippet:-1","max-image-preview":"max-image-preview:large","max-video-preview":"max-video-preview:-1"},"canonical":"https:\/\/bogensportdiscount.ch\/fr\/produit\/killerinstict-fanatix-415-compound-armbrust-paket\/","og_locale":"fr_FR","og_type":"article","og_title":"KILLERINSTICT KILLER INSTINCT FANATIX 415 COMPOUND-ARMBRUST PAKET - Bogensportdiscount \u2013 B\u00f6gen, Pfeile, Targets &amp; Zubeh\u00f6r","og_description":"KILLERINSTICT KILLER INSTINCT FANATIX 415 COMPOUND-ARMBRUST PAKET g\u00fcnstig kaufen bei Bogensportdiscount \u2013 Top-Marken, schneller Versand aus der Schweiz.","og_url":"https:\/\/bogensportdiscount.ch\/fr\/produit\/killerinstict-fanatix-415-compound-armbrust-paket\/","og_site_name":"Bogensportdiscount \u2013 B\u00f6gen, Pfeile, Targets &amp; Zubeh\u00f6r","article_modified_time":"2026-05-14T05:14:00+00:00","og_image":[{"url":"https:\/\/bogensportdiscount.ch\/wp-content\/uploads\/bsm-images\/A093304_1.png","width":6250,"height":6250,"type":"image\/png"}],"twitter_card":"summary_large_image","schema":{"@context":"https:\/\/schema.org","@graph":[{"@type":"WebPage","@id":"https:\/\/bogensportdiscount.ch\/produkt\/killerinstict-fanatix-415-compound-armbrust-paket\/","url":"https:\/\/bogensportdiscount.ch\/produkt\/killerinstict-fanatix-415-compound-armbrust-paket\/","name":"KILLERINSTICT KILLER INSTINCT FANATIX 415 COMPOUND-ARMBRUST PAKET - Bogensportdiscount \u2013 B\u00f6gen, Pfeile, Targets &amp; Zubeh\u00f6r","isPartOf":{"@id":"https:\/\/bogensportdiscount.ch\/#website"},"primaryImageOfPage":{"@id":"https:\/\/bogensportdiscount.ch\/produkt\/killerinstict-fanatix-415-compound-armbrust-paket\/#primaryimage"},"image":{"@id":"https:\/\/bogensportdiscount.ch\/produkt\/killerinstict-fanatix-415-compound-armbrust-paket\/#primaryimage"},"thumbnailUrl":"https:\/\/bogensportdiscount.ch\/wp-content\/uploads\/bsm-images\/A093304_1.png","datePublished":"2026-04-05T12:31:52+00:00","dateModified":"2026-05-14T05:14:00+00:00","description":"KILLERINSTICT KILLER INSTINCT FANATIX 415 COMPOUND-ARMBRUST PAKET g\u00fcnstig kaufen bei Bogensportdiscount \u2013 Top-Marken, schneller Versand aus der Schweiz.","breadcrumb":{"@id":"https:\/\/bogensportdiscount.ch\/produkt\/killerinstict-fanatix-415-compound-armbrust-paket\/#breadcrumb"},"inLanguage":"fr-FR","potentialAction":[{"@type":"ReadAction","target":["https:\/\/bogensportdiscount.ch\/produkt\/killerinstict-fanatix-415-compound-armbrust-paket\/"]}]},{"@type":"ImageObject","inLanguage":"fr-FR","@id":"https:\/\/bogensportdiscount.ch\/produkt\/killerinstict-fanatix-415-compound-armbrust-paket\/#primaryimage","url":"https:\/\/bogensportdiscount.ch\/wp-content\/uploads\/bsm-images\/A093304_1.png","contentUrl":"https:\/\/bogensportdiscount.ch\/wp-content\/uploads\/bsm-images\/A093304_1.png","width":6250,"height":6250},{"@type":"BreadcrumbList","@id":"https:\/\/bogensportdiscount.ch\/produkt\/killerinstict-fanatix-415-compound-armbrust-paket\/#breadcrumb","itemListElement":[{"@type":"ListItem","position":1,"name":"Home","item":"https:\/\/bogensportdiscount.ch\/"},{"@type":"ListItem","position":2,"name":"Shop","item":"https:\/\/bogensportdiscount.ch\/shop\/"},{"@type":"ListItem","position":3,"name":"KILLERINSTICT KILLER INSTINCT FANATIX 415 COMPOUND CROSSBOW PACKAGE"}]},{"@type":"WebSite","@id":"https:\/\/bogensportdiscount.ch\/#website","url":"https:\/\/bogensportdiscount.ch\/","name":"Bogensportdiscount","description":"","potentialAction":[{"@type":"SearchAction","target":{"@type":"EntryPoint","urlTemplate":"https:\/\/bogensportdiscount.ch\/?s={search_term_string}"},"query-input":{"@type":"PropertyValueSpecification","valueRequired":true,"valueName":"search_term_string"}}],"inLanguage":"fr-FR"}]}},"_links":{"self":[{"href":"https:\/\/bogensportdiscount.ch\/fr\/wp-json\/wp\/v2\/product\/393979","targetHints":{"allow":["GET"]}}],"collection":[{"href":"https:\/\/bogensportdiscount.ch\/fr\/wp-json\/wp\/v2\/product"}],"about":[{"href":"https:\/\/bogensportdiscount.ch\/fr\/wp-json\/wp\/v2\/types\/product"}],"replies":[{"embeddable":true,"href":"https:\/\/bogensportdiscount.ch\/fr\/wp-json\/wp\/v2\/comments?post=393979"}],"wp:featuredmedia":[{"embeddable":true,"href":"https:\/\/bogensportdiscount.ch\/fr\/wp-json\/wp\/v2\/media\/524070"}],"wp:attachment":[{"href":"https:\/\/bogensportdiscount.ch\/fr\/wp-json\/wp\/v2\/media?parent=393979"}],"wp:term":[{"taxonomy":"product_brand","embeddable":true,"href":"https:\/\/bogensportdiscount.ch\/fr\/wp-json\/wp\/v2\/product_brand?post=393979"},{"taxonomy":"product_cat","embeddable":true,"href":"https:\/\/bogensportdiscount.ch\/fr\/wp-json\/wp\/v2\/product_cat?post=393979"},{"taxonomy":"product_tag","embeddable":true,"href":"https:\/\/bogensportdiscount.ch\/fr\/wp-json\/wp\/v2\/product_tag?post=393979"}],"curies":[{"name":"wp","href":"https:\/\/api.w.org\/{rel}","templated":true}]}}