{"id":393970,"date":"2026-04-05T14:31:50","date_gmt":"2026-04-05T12:31:50","guid":{"rendered":"https:\/\/bogensportdiscount.ch\/produkt\/killerinstict-killer-instinct-logix-dc-435-rdc-compound-crossbow-package\/"},"modified":"2026-04-20T12:49:37","modified_gmt":"2026-04-20T10:49:37","slug":"killer-instinct-compound-armbrust-logix-dc-435-rdc-package","status":"publish","type":"product","link":"https:\/\/bogensportdiscount.ch\/fr\/produit\/killer-instinct-compound-armbrust-logix-dc-435-rdc-package\/","title":{"rendered":"KILLERINSTICT KILLER INSTINCT LOGIX DC 435 RDC COMPOUND ARMBRUST PAKET"},"content":{"rendered":"<p>Die Killer Instinct Logix DC 435 RDC Compound-Armbrust geh\u00f6rt zur Logix-Serie des amerikanischen Herstellers Killer Instinct und ist als komplettes Package erh\u00e4ltlich. Das bedeutet, dass neben der Armbrust selbst auch passendes Zubeh\u00f6r im Lieferumfang enthalten ist, sodass ein sofortiger Einsatz m\u00f6glich ist.<\/p>\n<p>Mit einer Pfeilgeschwindigkeit von bis zu 435 FPS z\u00e4hlt die Logix DC 435 RDC zu den schnelleren Compound-Armbr\u00fcsten in ihrer Klasse. Die RDC-Technologie (Reverse Draw Cam) verlagert den Schwerpunkt der Armbrust nach hinten, was zu einer besseren Balance und einem ruhigeren Haltemuster beim Schuss beitr\u00e4gt.<\/p>\n<ul>\n<li>Compound-Armbrust mit Reverse Draw Cam (RDC) Technologie<\/li>\n<li>Bis zu 435 FPS Pfeilgeschwindigkeit<\/li>\n<li>Lieferung als vollst\u00e4ndiges Package mit Zubeh\u00f6r<\/li>\n<li>Adapt\u00e9 \u00e0 la chasse et au tir \u00e0 l'arc<\/li>\n<\/ul>","protected":false},"excerpt":{"rendered":"<p><strong>Speed:<\/strong> Up to 435 FPS<br \/><strong>Kinetic Energy:<\/strong> 155.5 ft-lbs<br \/><strong>Width:<\/strong> 6.75&quot; (cocked), 10.75&quot; (uncocked)<br \/><strong>Length:<\/strong> 32.25&quot;\u201333.75&quot;<br \/><strong>Poids:<\/strong> 8.4 lbs<br \/><strong>Poids de tir :<\/strong> 210 lbs<br \/><strong>Power Stroke:<\/strong> 15&quot;<br \/><strong>Trigger Pull:<\/strong> 3.5 lbs<\/p>","protected":false},"featured_media":453631,"comment_status":"open","ping_status":"closed","template":"","meta":[],"product_brand":[627],"product_cat":[4162],"product_tag":[3546],"class_list":{"0":"post-393970","1":"product","2":"type-product","3":"status-publish","4":"has-post-thumbnail","6":"product_brand-killerinstict","7":"product_cat-compound-armbrueste-armbueste","8":"product_tag-neuheit","10":"first","11":"instock","12":"shipping-taxable","13":"purchasable","14":"product-type-simple"},"yoast_head":"<!-- This site is optimized with the Yoast SEO plugin v27.4 - https:\/\/yoast.com\/product\/yoast-seo-wordpress\/ -->\n<title>KILLERINSTICT KILLER INSTINCT LOGIX DC 435 RDC PACK ARBAL\u00c8TE \u00c0 POULIES - Bogensportdiscount \u2013 Arcs, fl\u00e8ches, cibles et accessoires<\/title>\n<meta name=\"description\" content=\"KILLERINSTICT KILLER INSTINCT LOGIX DC 435 RDC COMPOUND ARMBRUST PAKET : achetez-le \u00e0 prix avantageux chez Bogensportdiscount \u2013 Les meilleures marques, livraison rapide depuis la Suisse.\" \/>\n<meta name=\"robots\" content=\"noindex, follow, max-snippet:-1, max-image-preview:large, max-video-preview:-1\" \/>\n<meta property=\"og:locale\" content=\"fr_FR\" \/>\n<meta property=\"og:type\" content=\"article\" \/>\n<meta property=\"og:title\" content=\"KILLERINSTICT KILLER INSTINCT LOGIX DC 435 RDC PACK ARBAL\u00c8TE \u00c0 POULIES - Bogensportdiscount \u2013 Arcs, fl\u00e8ches, cibles et accessoires\" \/>\n<meta property=\"og:description\" content=\"KILLERINSTICT KILLER INSTINCT LOGIX DC 435 RDC COMPOUND ARMBRUST PAKET : achetez-le \u00e0 prix avantageux chez Bogensportdiscount \u2013 Les meilleures marques, livraison rapide depuis la Suisse.\" \/>\n<meta property=\"og:url\" content=\"https:\/\/bogensportdiscount.ch\/fr\/prodotto\/killer-instinct-compound-armbrust-logix-dc-435-rdc-package\/\" \/>\n<meta property=\"og:site_name\" content=\"Bogensportdiscount \u2013 B\u00f6gen, Pfeile, Targets &amp; Zubeh\u00f6r\" \/>\n<meta property=\"article:modified_time\" content=\"2026-04-20T10:49:37+00:00\" \/>\n<meta property=\"og:image\" content=\"https:\/\/bogensportdiscount.ch\/wp-content\/uploads\/bsm-images\/A093289_1.png\" \/>\n\t<meta property=\"og:image:width\" content=\"6250\" \/>\n\t<meta property=\"og:image:height\" content=\"6250\" \/>\n\t<meta property=\"og:image:type\" content=\"image\/png\" \/>\n<meta name=\"twitter:card\" content=\"summary_large_image\" \/>\n<meta name=\"twitter:label1\" content=\"Dur\u00e9e de lecture estim\u00e9e\" \/>\n\t<meta name=\"twitter:data1\" content=\"1 minute\" \/>\n<script type=\"application\/ld+json\" class=\"yoast-schema-graph\">{\"@context\":\"https:\\\/\\\/schema.org\",\"@graph\":[{\"@type\":\"WebPage\",\"@id\":\"https:\\\/\\\/bogensportdiscount.ch\\\/it\\\/prodotto\\\/killer-instinct-compound-armbrust-logix-dc-435-rdc-package\\\/\",\"url\":\"https:\\\/\\\/bogensportdiscount.ch\\\/it\\\/prodotto\\\/killer-instinct-compound-armbrust-logix-dc-435-rdc-package\\\/\",\"name\":\"KILLERINSTICT KILLER INSTINCT LOGIX DC 435 RDC COMPOUND ARMBRUST PAKET - Bogensportdiscount \u2013 B\u00f6gen, Pfeile, Targets &amp; Zubeh\u00f6r\",\"isPartOf\":{\"@id\":\"https:\\\/\\\/bogensportdiscount.ch\\\/#website\"},\"primaryImageOfPage\":{\"@id\":\"https:\\\/\\\/bogensportdiscount.ch\\\/it\\\/prodotto\\\/killer-instinct-compound-armbrust-logix-dc-435-rdc-package\\\/#primaryimage\"},\"image\":{\"@id\":\"https:\\\/\\\/bogensportdiscount.ch\\\/it\\\/prodotto\\\/killer-instinct-compound-armbrust-logix-dc-435-rdc-package\\\/#primaryimage\"},\"thumbnailUrl\":\"https:\\\/\\\/bogensportdiscount.ch\\\/wp-content\\\/uploads\\\/2026\\\/04\\\/bogensportdiscount.ch-pfeile-boegen-zubehoer-fuer-anfaenger-und-profis-zum-besten-preis-Symbolbild-kein-foto-zu-diesem-artikel_01.jpg\",\"datePublished\":\"2026-04-05T12:31:50+00:00\",\"dateModified\":\"2026-04-20T10:49:37+00:00\",\"description\":\"KILLERINSTICT KILLER INSTINCT LOGIX DC 435 RDC COMPOUND ARMBRUST PAKET g\u00fcnstig kaufen bei Bogensportdiscount \u2013 Top-Marken, schneller Versand aus der Schweiz.\",\"breadcrumb\":{\"@id\":\"https:\\\/\\\/bogensportdiscount.ch\\\/it\\\/prodotto\\\/killer-instinct-compound-armbrust-logix-dc-435-rdc-package\\\/#breadcrumb\"},\"inLanguage\":\"fr-FR\",\"potentialAction\":[{\"@type\":\"ReadAction\",\"target\":[\"https:\\\/\\\/bogensportdiscount.ch\\\/it\\\/prodotto\\\/killer-instinct-compound-armbrust-logix-dc-435-rdc-package\\\/\"]}]},{\"@type\":\"ImageObject\",\"inLanguage\":\"fr-FR\",\"@id\":\"https:\\\/\\\/bogensportdiscount.ch\\\/it\\\/prodotto\\\/killer-instinct-compound-armbrust-logix-dc-435-rdc-package\\\/#primaryimage\",\"url\":\"https:\\\/\\\/bogensportdiscount.ch\\\/wp-content\\\/uploads\\\/2026\\\/04\\\/bogensportdiscount.ch-pfeile-boegen-zubehoer-fuer-anfaenger-und-profis-zum-besten-preis-Symbolbild-kein-foto-zu-diesem-artikel_01.jpg\",\"contentUrl\":\"https:\\\/\\\/bogensportdiscount.ch\\\/wp-content\\\/uploads\\\/2026\\\/04\\\/bogensportdiscount.ch-pfeile-boegen-zubehoer-fuer-anfaenger-und-profis-zum-besten-preis-Symbolbild-kein-foto-zu-diesem-artikel_01.jpg\",\"width\":1080,\"height\":1080},{\"@type\":\"BreadcrumbList\",\"@id\":\"https:\\\/\\\/bogensportdiscount.ch\\\/it\\\/prodotto\\\/killer-instinct-compound-armbrust-logix-dc-435-rdc-package\\\/#breadcrumb\",\"itemListElement\":[{\"@type\":\"ListItem\",\"position\":1,\"name\":\"Home\",\"item\":\"https:\\\/\\\/bogensportdiscount.ch\\\/\"},{\"@type\":\"ListItem\",\"position\":2,\"name\":\"Shop\",\"item\":\"https:\\\/\\\/bogensportdiscount.ch\\\/shop\\\/\"},{\"@type\":\"ListItem\",\"position\":3,\"name\":\"KILLERINSTICT KILLER INSTINCT LOGIX DC 435 RDC COMPOUND ARMBRUST PAKET\"}]},{\"@type\":\"WebSite\",\"@id\":\"https:\\\/\\\/bogensportdiscount.ch\\\/#website\",\"url\":\"https:\\\/\\\/bogensportdiscount.ch\\\/\",\"name\":\"Bogensportdiscount\",\"description\":\"\",\"potentialAction\":[{\"@type\":\"SearchAction\",\"target\":{\"@type\":\"EntryPoint\",\"urlTemplate\":\"https:\\\/\\\/bogensportdiscount.ch\\\/?s={search_term_string}\"},\"query-input\":{\"@type\":\"PropertyValueSpecification\",\"valueRequired\":true,\"valueName\":\"search_term_string\"}}],\"inLanguage\":\"fr-FR\"}]}<\/script>\n<!-- \/ Yoast SEO plugin. -->","yoast_head_json":{"title":"KILLERINSTICT KILLER INSTINCT LOGIX DC 435 RDC PACK ARBAL\u00c8TE \u00c0 POULIES - Bogensportdiscount \u2013 Arcs, fl\u00e8ches, cibles et accessoires","description":"KILLERINSTICT KILLER INSTINCT LOGIX DC 435 RDC COMPOUND ARMBRUST PAKET : achetez-le \u00e0 prix avantageux chez Bogensportdiscount \u2013 Les meilleures marques, livraison rapide depuis la Suisse.","robots":{"index":"noindex","follow":"follow","max-snippet":"max-snippet:-1","max-image-preview":"max-image-preview:large","max-video-preview":"max-video-preview:-1"},"og_locale":"fr_FR","og_type":"article","og_title":"KILLERINSTICT KILLER INSTINCT LOGIX DC 435 RDC PACK ARBAL\u00c8TE \u00c0 POULIES - Bogensportdiscount \u2013 Arcs, fl\u00e8ches, cibles et accessoires","og_description":"KILLERINSTICT KILLER INSTINCT LOGIX DC 435 RDC COMPOUND ARMBRUST PAKET : achetez-le \u00e0 prix avantageux chez Bogensportdiscount \u2013 Les meilleures marques, livraison rapide depuis la Suisse.","og_url":"https:\/\/bogensportdiscount.ch\/fr\/prodotto\/killer-instinct-compound-armbrust-logix-dc-435-rdc-package\/","og_site_name":"Bogensportdiscount \u2013 B\u00f6gen, Pfeile, Targets &amp; Zubeh\u00f6r","article_modified_time":"2026-04-20T10:49:37+00:00","og_image":[{"url":"https:\/\/bogensportdiscount.ch\/wp-content\/uploads\/bsm-images\/A093289_1.png","width":6250,"height":6250,"type":"image\/png"}],"twitter_card":"summary_large_image","twitter_misc":{"Dur\u00e9e de lecture estim\u00e9e":"1 minute"},"schema":{"@context":"https:\/\/schema.org","@graph":[{"@type":"WebPage","@id":"https:\/\/bogensportdiscount.ch\/it\/prodotto\/killer-instinct-compound-armbrust-logix-dc-435-rdc-package\/","url":"https:\/\/bogensportdiscount.ch\/it\/prodotto\/killer-instinct-compound-armbrust-logix-dc-435-rdc-package\/","name":"KILLERINSTICT KILLER INSTINCT LOGIX DC 435 RDC PACK ARBAL\u00c8TE \u00c0 POULIES - Bogensportdiscount \u2013 Arcs, fl\u00e8ches, cibles et accessoires","isPartOf":{"@id":"https:\/\/bogensportdiscount.ch\/#website"},"primaryImageOfPage":{"@id":"https:\/\/bogensportdiscount.ch\/it\/prodotto\/killer-instinct-compound-armbrust-logix-dc-435-rdc-package\/#primaryimage"},"image":{"@id":"https:\/\/bogensportdiscount.ch\/it\/prodotto\/killer-instinct-compound-armbrust-logix-dc-435-rdc-package\/#primaryimage"},"thumbnailUrl":"https:\/\/bogensportdiscount.ch\/wp-content\/uploads\/2026\/04\/bogensportdiscount.ch-pfeile-boegen-zubehoer-fuer-anfaenger-und-profis-zum-besten-preis-Symbolbild-kein-foto-zu-diesem-artikel_01.jpg","datePublished":"2026-04-05T12:31:50+00:00","dateModified":"2026-04-20T10:49:37+00:00","description":"KILLERINSTICT KILLER INSTINCT LOGIX DC 435 RDC COMPOUND ARMBRUST PAKET : achetez-le \u00e0 prix avantageux chez Bogensportdiscount \u2013 Les meilleures marques, livraison rapide depuis la Suisse.","breadcrumb":{"@id":"https:\/\/bogensportdiscount.ch\/it\/prodotto\/killer-instinct-compound-armbrust-logix-dc-435-rdc-package\/#breadcrumb"},"inLanguage":"fr-FR","potentialAction":[{"@type":"ReadAction","target":["https:\/\/bogensportdiscount.ch\/it\/prodotto\/killer-instinct-compound-armbrust-logix-dc-435-rdc-package\/"]}]},{"@type":"ImageObject","inLanguage":"fr-FR","@id":"https:\/\/bogensportdiscount.ch\/it\/prodotto\/killer-instinct-compound-armbrust-logix-dc-435-rdc-package\/#primaryimage","url":"https:\/\/bogensportdiscount.ch\/wp-content\/uploads\/2026\/04\/bogensportdiscount.ch-pfeile-boegen-zubehoer-fuer-anfaenger-und-profis-zum-besten-preis-Symbolbild-kein-foto-zu-diesem-artikel_01.jpg","contentUrl":"https:\/\/bogensportdiscount.ch\/wp-content\/uploads\/2026\/04\/bogensportdiscount.ch-pfeile-boegen-zubehoer-fuer-anfaenger-und-profis-zum-besten-preis-Symbolbild-kein-foto-zu-diesem-artikel_01.jpg","width":1080,"height":1080},{"@type":"BreadcrumbList","@id":"https:\/\/bogensportdiscount.ch\/it\/prodotto\/killer-instinct-compound-armbrust-logix-dc-435-rdc-package\/#breadcrumb","itemListElement":[{"@type":"ListItem","position":1,"name":"Home","item":"https:\/\/bogensportdiscount.ch\/"},{"@type":"ListItem","position":2,"name":"Shop","item":"https:\/\/bogensportdiscount.ch\/shop\/"},{"@type":"ListItem","position":3,"name":"KILLERINSTICT KILLER INSTINCT LOGIX DC 435 RDC COMPOUND ARMBRUST PAKET"}]},{"@type":"WebSite","@id":"https:\/\/bogensportdiscount.ch\/#website","url":"https:\/\/bogensportdiscount.ch\/","name":"Bogensportdiscount","description":"","potentialAction":[{"@type":"SearchAction","target":{"@type":"EntryPoint","urlTemplate":"https:\/\/bogensportdiscount.ch\/?s={search_term_string}"},"query-input":{"@type":"PropertyValueSpecification","valueRequired":true,"valueName":"search_term_string"}}],"inLanguage":"fr-FR"}]}},"_links":{"self":[{"href":"https:\/\/bogensportdiscount.ch\/fr\/wp-json\/wp\/v2\/product\/393970","targetHints":{"allow":["GET"]}}],"collection":[{"href":"https:\/\/bogensportdiscount.ch\/fr\/wp-json\/wp\/v2\/product"}],"about":[{"href":"https:\/\/bogensportdiscount.ch\/fr\/wp-json\/wp\/v2\/types\/product"}],"replies":[{"embeddable":true,"href":"https:\/\/bogensportdiscount.ch\/fr\/wp-json\/wp\/v2\/comments?post=393970"}],"wp:featuredmedia":[{"embeddable":true,"href":"https:\/\/bogensportdiscount.ch\/fr\/wp-json\/wp\/v2\/media\/453631"}],"wp:attachment":[{"href":"https:\/\/bogensportdiscount.ch\/fr\/wp-json\/wp\/v2\/media?parent=393970"}],"wp:term":[{"taxonomy":"product_brand","embeddable":true,"href":"https:\/\/bogensportdiscount.ch\/fr\/wp-json\/wp\/v2\/product_brand?post=393970"},{"taxonomy":"product_cat","embeddable":true,"href":"https:\/\/bogensportdiscount.ch\/fr\/wp-json\/wp\/v2\/product_cat?post=393970"},{"taxonomy":"product_tag","embeddable":true,"href":"https:\/\/bogensportdiscount.ch\/fr\/wp-json\/wp\/v2\/product_tag?post=393970"}],"curies":[{"name":"wp","href":"https:\/\/api.w.org\/{rel}","templated":true}]}}