{"id":393892,"date":"2026-04-05T14:31:32","date_gmt":"2026-04-05T12:31:32","guid":{"rendered":"https:\/\/bogensportdiscount.ch\/produkt\/truglo-hunting-3d-sights-catalyst-rh-lh-5pin-black\/"},"modified":"2026-04-23T19:17:14","modified_gmt":"2026-04-23T17:17:14","slug":"truglo-compound-jagd-3d-visier-catalyst-rh-lh-5-pin-schwarz","status":"publish","type":"product","link":"https:\/\/bogensportdiscount.ch\/fr\/produit\/truglo-compound-jagd-3d-visier-catalyst-rh-lh-5-pin-schwarz\/","title":{"rendered":"TRUGLO JAGD &#038; 3D VISIERE CATALYST \/ RH\/LH \/ 5PIN \/ SCHWARZ"},"content":{"rendered":"<p>Das TRUGLO Catalyst ist ein vielseitiges Compound-Visier, das sowohl f\u00fcr die Jagd als auch f\u00fcr das 3D-Bogenschiessen ausgelegt ist. Dank der Kompatibilit\u00e4t f\u00fcr rechts- und linksh\u00e4ndige Sch\u00fctzen (RH\/LH) l\u00e4sst es sich flexibel einsetzen.<\/p>\n<p>Mit 5 einstellbaren Pins bietet das Catalyst eine gute Entfernungsabdeckung f\u00fcr verschiedene Schussdistanzen. Die schwarze Ausf\u00fchrung sorgt f\u00fcr ein unauff\u00e4lliges Erscheinungsbild im Jagdeinsatz.<\/p>\n<ul>\n<li>5-Pin-Konfiguration f\u00fcr mehrere Entfernungseinstellungen<\/li>\n<li>Adapt\u00e9 aux tireurs droitiers et gauchers<\/li>\n<li>Adapt\u00e9 \u00e0 la chasse et au tir 3D \u00e0 l'arc<\/li>\n<li>Version en noir<\/li>\n<\/ul>","protected":false},"excerpt":{"rendered":"<p><strong>Marque :<\/strong> Truglo<br \/><strong>LH\/RH:<\/strong> Ambidextre<br \/><strong>Couleur:<\/strong> Noir<br \/><strong>Nombre de pins :<\/strong> 5<br \/><strong>GTIN:<\/strong> 888151084373<\/p>","protected":false},"featured_media":453631,"comment_status":"open","ping_status":"closed","template":"","meta":[],"product_brand":[560],"product_cat":[4263],"product_tag":[3546],"class_list":{"0":"post-393892","1":"product","2":"type-product","3":"status-publish","4":"has-post-thumbnail","6":"product_brand-truglo","7":"product_cat-jagd-und-3d-visiere","8":"product_tag-neuheit","9":"product_shipping_class-bsd-standard","11":"first","12":"instock","13":"shipping-taxable","14":"purchasable","15":"product-type-simple"},"yoast_head":"<!-- This site is optimized with the Yoast SEO plugin v27.4 - https:\/\/yoast.com\/product\/yoast-seo-wordpress\/ -->\n<title>TRUGLO VIS\u00c9ES DE CHASSE ET 3D CATALYST \/ DROITE\/GAUCHE \/ 5 BROCHES \/ NOIR - Bogensportdiscount \u2013 Arcs, fl\u00e8ches, cibles et accessoires<\/title>\n<meta name=\"description\" content=\"TRUGLO VIS\u00c9ES DE CHASSE ET 3D CATALYST \/ DROITE\/GAUCHE \/ 5 BROCHES \/ NOIR : achetez-les \u00e0 prix avantageux chez Bogensportdiscount \u2013 Grandes marques, livraison rapide depuis la Suisse.\" \/>\n<meta name=\"robots\" content=\"index, follow, max-snippet:-1, max-image-preview:large, max-video-preview:-1\" \/>\n<link rel=\"canonical\" href=\"https:\/\/bogensportdiscount.ch\/fr\/produit\/truglo-compound-jagd-3d-visier-catalyst-rh-lh-5-pin-schwarz\/\" \/>\n<meta property=\"og:locale\" content=\"fr_FR\" \/>\n<meta property=\"og:type\" content=\"article\" \/>\n<meta property=\"og:title\" content=\"TRUGLO VIS\u00c9ES DE CHASSE ET 3D CATALYST \/ DROITE\/GAUCHE \/ 5 BROCHES \/ NOIR - Bogensportdiscount \u2013 Arcs, fl\u00e8ches, cibles et accessoires\" \/>\n<meta property=\"og:description\" content=\"TRUGLO VIS\u00c9ES DE CHASSE ET 3D CATALYST \/ DROITE\/GAUCHE \/ 5 BROCHES \/ NOIR : achetez-les \u00e0 prix avantageux chez Bogensportdiscount \u2013 Grandes marques, livraison rapide depuis la Suisse.\" \/>\n<meta property=\"og:url\" content=\"https:\/\/bogensportdiscount.ch\/fr\/produit\/truglo-compound-jagd-3d-visier-catalyst-rh-lh-5-pin-schwarz\/\" \/>\n<meta property=\"og:site_name\" content=\"Bogensportdiscount \u2013 B\u00f6gen, Pfeile, Targets &amp; Zubeh\u00f6r\" \/>\n<meta property=\"article:modified_time\" content=\"2026-04-23T17:17:14+00:00\" \/>\n<meta property=\"og:image\" content=\"https:\/\/bogensportdiscount.ch\/wp-content\/uploads\/2026\/04\/bogensportdiscount.ch-pfeile-boegen-zubehoer-fuer-anfaenger-und-profis-zum-besten-preis-Symbolbild-kein-foto-zu-diesem-artikel_01.jpg\" \/>\n\t<meta property=\"og:image:width\" content=\"1080\" \/>\n\t<meta property=\"og:image:height\" content=\"1080\" \/>\n\t<meta property=\"og:image:type\" content=\"image\/jpeg\" \/>\n<meta name=\"twitter:card\" content=\"summary_large_image\" \/>\n<script type=\"application\/ld+json\" class=\"yoast-schema-graph\">{\"@context\":\"https:\\\/\\\/schema.org\",\"@graph\":[{\"@type\":\"WebPage\",\"@id\":\"https:\\\/\\\/bogensportdiscount.ch\\\/produkt\\\/truglo-compound-jagd-3d-visier-catalyst-rh-lh-5-pin-schwarz\\\/\",\"url\":\"https:\\\/\\\/bogensportdiscount.ch\\\/produkt\\\/truglo-compound-jagd-3d-visier-catalyst-rh-lh-5-pin-schwarz\\\/\",\"name\":\"TRUGLO JAGD & 3D VISIERE CATALYST \\\/ RH\\\/LH \\\/ 5PIN \\\/ SCHWARZ - Bogensportdiscount \u2013 B\u00f6gen, Pfeile, Targets &amp; Zubeh\u00f6r\",\"isPartOf\":{\"@id\":\"https:\\\/\\\/bogensportdiscount.ch\\\/#website\"},\"primaryImageOfPage\":{\"@id\":\"https:\\\/\\\/bogensportdiscount.ch\\\/produkt\\\/truglo-compound-jagd-3d-visier-catalyst-rh-lh-5-pin-schwarz\\\/#primaryimage\"},\"image\":{\"@id\":\"https:\\\/\\\/bogensportdiscount.ch\\\/produkt\\\/truglo-compound-jagd-3d-visier-catalyst-rh-lh-5-pin-schwarz\\\/#primaryimage\"},\"thumbnailUrl\":\"https:\\\/\\\/bogensportdiscount.ch\\\/wp-content\\\/uploads\\\/2026\\\/04\\\/bogensportdiscount.ch-pfeile-boegen-zubehoer-fuer-anfaenger-und-profis-zum-besten-preis-Symbolbild-kein-foto-zu-diesem-artikel_01.jpg\",\"datePublished\":\"2026-04-05T12:31:32+00:00\",\"dateModified\":\"2026-04-23T17:17:14+00:00\",\"description\":\"TRUGLO JAGD & 3D VISIERE CATALYST \\\/ RH\\\/LH \\\/ 5PIN \\\/ SCHWARZ g\u00fcnstig kaufen bei Bogensportdiscount \u2013 Top-Marken, schneller Versand aus der Schweiz.\",\"breadcrumb\":{\"@id\":\"https:\\\/\\\/bogensportdiscount.ch\\\/produkt\\\/truglo-compound-jagd-3d-visier-catalyst-rh-lh-5-pin-schwarz\\\/#breadcrumb\"},\"inLanguage\":\"fr-FR\",\"potentialAction\":[{\"@type\":\"ReadAction\",\"target\":[\"https:\\\/\\\/bogensportdiscount.ch\\\/produkt\\\/truglo-compound-jagd-3d-visier-catalyst-rh-lh-5-pin-schwarz\\\/\"]}]},{\"@type\":\"ImageObject\",\"inLanguage\":\"fr-FR\",\"@id\":\"https:\\\/\\\/bogensportdiscount.ch\\\/produkt\\\/truglo-compound-jagd-3d-visier-catalyst-rh-lh-5-pin-schwarz\\\/#primaryimage\",\"url\":\"https:\\\/\\\/bogensportdiscount.ch\\\/wp-content\\\/uploads\\\/2026\\\/04\\\/bogensportdiscount.ch-pfeile-boegen-zubehoer-fuer-anfaenger-und-profis-zum-besten-preis-Symbolbild-kein-foto-zu-diesem-artikel_01.jpg\",\"contentUrl\":\"https:\\\/\\\/bogensportdiscount.ch\\\/wp-content\\\/uploads\\\/2026\\\/04\\\/bogensportdiscount.ch-pfeile-boegen-zubehoer-fuer-anfaenger-und-profis-zum-besten-preis-Symbolbild-kein-foto-zu-diesem-artikel_01.jpg\",\"width\":1080,\"height\":1080},{\"@type\":\"BreadcrumbList\",\"@id\":\"https:\\\/\\\/bogensportdiscount.ch\\\/produkt\\\/truglo-compound-jagd-3d-visier-catalyst-rh-lh-5-pin-schwarz\\\/#breadcrumb\",\"itemListElement\":[{\"@type\":\"ListItem\",\"position\":1,\"name\":\"Home\",\"item\":\"https:\\\/\\\/bogensportdiscount.ch\\\/\"},{\"@type\":\"ListItem\",\"position\":2,\"name\":\"Shop\",\"item\":\"https:\\\/\\\/bogensportdiscount.ch\\\/shop\\\/\"},{\"@type\":\"ListItem\",\"position\":3,\"name\":\"TRUGLO JAGD &#038; 3D VISIERE CATALYST \\\/ RH\\\/LH \\\/ 5PIN \\\/ SCHWARZ\"}]},{\"@type\":\"WebSite\",\"@id\":\"https:\\\/\\\/bogensportdiscount.ch\\\/#website\",\"url\":\"https:\\\/\\\/bogensportdiscount.ch\\\/\",\"name\":\"Bogensportdiscount\",\"description\":\"\",\"potentialAction\":[{\"@type\":\"SearchAction\",\"target\":{\"@type\":\"EntryPoint\",\"urlTemplate\":\"https:\\\/\\\/bogensportdiscount.ch\\\/?s={search_term_string}\"},\"query-input\":{\"@type\":\"PropertyValueSpecification\",\"valueRequired\":true,\"valueName\":\"search_term_string\"}}],\"inLanguage\":\"fr-FR\"}]}<\/script>\n<!-- \/ Yoast SEO plugin. -->","yoast_head_json":{"title":"TRUGLO VIS\u00c9ES DE CHASSE ET 3D CATALYST \/ DROITE\/GAUCHE \/ 5 BROCHES \/ NOIR - Bogensportdiscount \u2013 Arcs, fl\u00e8ches, cibles et accessoires","description":"TRUGLO VIS\u00c9ES DE CHASSE ET 3D CATALYST \/ DROITE\/GAUCHE \/ 5 BROCHES \/ NOIR : achetez-les \u00e0 prix avantageux chez Bogensportdiscount \u2013 Grandes marques, livraison rapide depuis la Suisse.","robots":{"index":"index","follow":"follow","max-snippet":"max-snippet:-1","max-image-preview":"max-image-preview:large","max-video-preview":"max-video-preview:-1"},"canonical":"https:\/\/bogensportdiscount.ch\/fr\/produit\/truglo-compound-jagd-3d-visier-catalyst-rh-lh-5-pin-schwarz\/","og_locale":"fr_FR","og_type":"article","og_title":"TRUGLO VIS\u00c9ES DE CHASSE ET 3D CATALYST \/ DROITE\/GAUCHE \/ 5 BROCHES \/ NOIR - Bogensportdiscount \u2013 Arcs, fl\u00e8ches, cibles et accessoires","og_description":"TRUGLO VIS\u00c9ES DE CHASSE ET 3D CATALYST \/ DROITE\/GAUCHE \/ 5 BROCHES \/ NOIR : achetez-les \u00e0 prix avantageux chez Bogensportdiscount \u2013 Grandes marques, livraison rapide depuis la Suisse.","og_url":"https:\/\/bogensportdiscount.ch\/fr\/produit\/truglo-compound-jagd-3d-visier-catalyst-rh-lh-5-pin-schwarz\/","og_site_name":"Bogensportdiscount \u2013 B\u00f6gen, Pfeile, Targets &amp; Zubeh\u00f6r","article_modified_time":"2026-04-23T17:17:14+00:00","og_image":[{"width":1080,"height":1080,"url":"https:\/\/bogensportdiscount.ch\/wp-content\/uploads\/2026\/04\/bogensportdiscount.ch-pfeile-boegen-zubehoer-fuer-anfaenger-und-profis-zum-besten-preis-Symbolbild-kein-foto-zu-diesem-artikel_01.jpg","type":"image\/jpeg"}],"twitter_card":"summary_large_image","schema":{"@context":"https:\/\/schema.org","@graph":[{"@type":"WebPage","@id":"https:\/\/bogensportdiscount.ch\/produkt\/truglo-compound-jagd-3d-visier-catalyst-rh-lh-5-pin-schwarz\/","url":"https:\/\/bogensportdiscount.ch\/produkt\/truglo-compound-jagd-3d-visier-catalyst-rh-lh-5-pin-schwarz\/","name":"TRUGLO VIS\u00c9ES DE CHASSE ET 3D CATALYST \/ DROITE\/GAUCHE \/ 5 BROCHES \/ NOIR - Bogensportdiscount \u2013 Arcs, fl\u00e8ches, cibles et accessoires","isPartOf":{"@id":"https:\/\/bogensportdiscount.ch\/#website"},"primaryImageOfPage":{"@id":"https:\/\/bogensportdiscount.ch\/produkt\/truglo-compound-jagd-3d-visier-catalyst-rh-lh-5-pin-schwarz\/#primaryimage"},"image":{"@id":"https:\/\/bogensportdiscount.ch\/produkt\/truglo-compound-jagd-3d-visier-catalyst-rh-lh-5-pin-schwarz\/#primaryimage"},"thumbnailUrl":"https:\/\/bogensportdiscount.ch\/wp-content\/uploads\/2026\/04\/bogensportdiscount.ch-pfeile-boegen-zubehoer-fuer-anfaenger-und-profis-zum-besten-preis-Symbolbild-kein-foto-zu-diesem-artikel_01.jpg","datePublished":"2026-04-05T12:31:32+00:00","dateModified":"2026-04-23T17:17:14+00:00","description":"TRUGLO VIS\u00c9ES DE CHASSE ET 3D CATALYST \/ DROITE\/GAUCHE \/ 5 BROCHES \/ NOIR : achetez-les \u00e0 prix avantageux chez Bogensportdiscount \u2013 Grandes marques, livraison rapide depuis la Suisse.","breadcrumb":{"@id":"https:\/\/bogensportdiscount.ch\/produkt\/truglo-compound-jagd-3d-visier-catalyst-rh-lh-5-pin-schwarz\/#breadcrumb"},"inLanguage":"fr-FR","potentialAction":[{"@type":"ReadAction","target":["https:\/\/bogensportdiscount.ch\/produkt\/truglo-compound-jagd-3d-visier-catalyst-rh-lh-5-pin-schwarz\/"]}]},{"@type":"ImageObject","inLanguage":"fr-FR","@id":"https:\/\/bogensportdiscount.ch\/produkt\/truglo-compound-jagd-3d-visier-catalyst-rh-lh-5-pin-schwarz\/#primaryimage","url":"https:\/\/bogensportdiscount.ch\/wp-content\/uploads\/2026\/04\/bogensportdiscount.ch-pfeile-boegen-zubehoer-fuer-anfaenger-und-profis-zum-besten-preis-Symbolbild-kein-foto-zu-diesem-artikel_01.jpg","contentUrl":"https:\/\/bogensportdiscount.ch\/wp-content\/uploads\/2026\/04\/bogensportdiscount.ch-pfeile-boegen-zubehoer-fuer-anfaenger-und-profis-zum-besten-preis-Symbolbild-kein-foto-zu-diesem-artikel_01.jpg","width":1080,"height":1080},{"@type":"BreadcrumbList","@id":"https:\/\/bogensportdiscount.ch\/produkt\/truglo-compound-jagd-3d-visier-catalyst-rh-lh-5-pin-schwarz\/#breadcrumb","itemListElement":[{"@type":"ListItem","position":1,"name":"Home","item":"https:\/\/bogensportdiscount.ch\/"},{"@type":"ListItem","position":2,"name":"Shop","item":"https:\/\/bogensportdiscount.ch\/shop\/"},{"@type":"ListItem","position":3,"name":"TRUGLO JAGD &#038; 3D VISIERE CATALYST \/ RH\/LH \/ 5PIN \/ SCHWARZ"}]},{"@type":"WebSite","@id":"https:\/\/bogensportdiscount.ch\/#website","url":"https:\/\/bogensportdiscount.ch\/","name":"Bogensportdiscount","description":"","potentialAction":[{"@type":"SearchAction","target":{"@type":"EntryPoint","urlTemplate":"https:\/\/bogensportdiscount.ch\/?s={search_term_string}"},"query-input":{"@type":"PropertyValueSpecification","valueRequired":true,"valueName":"search_term_string"}}],"inLanguage":"fr-FR"}]}},"_links":{"self":[{"href":"https:\/\/bogensportdiscount.ch\/fr\/wp-json\/wp\/v2\/product\/393892","targetHints":{"allow":["GET"]}}],"collection":[{"href":"https:\/\/bogensportdiscount.ch\/fr\/wp-json\/wp\/v2\/product"}],"about":[{"href":"https:\/\/bogensportdiscount.ch\/fr\/wp-json\/wp\/v2\/types\/product"}],"replies":[{"embeddable":true,"href":"https:\/\/bogensportdiscount.ch\/fr\/wp-json\/wp\/v2\/comments?post=393892"}],"wp:featuredmedia":[{"embeddable":true,"href":"https:\/\/bogensportdiscount.ch\/fr\/wp-json\/wp\/v2\/media\/453631"}],"wp:attachment":[{"href":"https:\/\/bogensportdiscount.ch\/fr\/wp-json\/wp\/v2\/media?parent=393892"}],"wp:term":[{"taxonomy":"product_brand","embeddable":true,"href":"https:\/\/bogensportdiscount.ch\/fr\/wp-json\/wp\/v2\/product_brand?post=393892"},{"taxonomy":"product_cat","embeddable":true,"href":"https:\/\/bogensportdiscount.ch\/fr\/wp-json\/wp\/v2\/product_cat?post=393892"},{"taxonomy":"product_tag","embeddable":true,"href":"https:\/\/bogensportdiscount.ch\/fr\/wp-json\/wp\/v2\/product_tag?post=393892"}],"curies":[{"name":"wp","href":"https:\/\/api.w.org\/{rel}","templated":true}]}}