{"id":393887,"date":"2026-04-05T14:31:30","date_gmt":"2026-04-05T12:31:30","guid":{"rendered":"https:\/\/bogensportdiscount.ch\/produkt\/stan-index-finger-releases-solex-clicker\/"},"modified":"2026-05-14T07:13:59","modified_gmt":"2026-05-14T05:13:59","slug":"stan-zeigefinger-release-solex-clicker","status":"publish","type":"product","link":"https:\/\/bogensportdiscount.ch\/fr\/produit\/stan-zeigefinger-release-solex-clicker\/","title":{"rendered":"STAN D\u00c9COCHEUR \u00c0 INDEX SOLEX CLICKER"},"content":{"rendered":"<p>Le STAN Solex Clicker est un d\u00e9cocheur de poignet \u00e0 d\u00e9clenchement par index. Cette conception permet un d\u00e9clenchement direct et reproductible par l'index, ce qui contribue \u00e0 un cycle de tir constant pour de nombreux archers.<\/p>\n<p>En tant que d\u00e9cocheur de poignet, le Solex Clicker se fixe au poignet \u00e0 l'aide d'une sangle et se d\u00e9clenche par un m\u00e9canisme \u00e0 clic. Cette construction r\u00e9partit la r\u00e9sistance de la puissance sur le poignet, favorisant une prise d\u00e9tendue lors de l'allonge.<\/p>\n<ul>\n<li>D\u00e9clenchement par index pour une sensation de tir directe<\/li>\n<li>Fixation au poignet pour une r\u00e9partition uniforme de la charge<\/li>\n<li>M\u00e9canisme \u00e0 clic pour une phase de d\u00e9clenchement d\u00e9finie<\/li>\n<li>De la marque STAN, fabricant reconnu dans le domaine des d\u00e9cocheurs<\/li>\n<\/ul>","protected":false},"excerpt":{"rendered":"<table>\n<tr>\n<th>Propri\u00e9t\u00e9<\/th>\n<th>Valeur<\/th>\n<\/tr>\n<tr>\n<td>Mod\u00e8le<\/td>\n<td>Adjustable solid metal connection<\/td>\n<\/tr>\n<tr>\n<td>Couleur<\/td>\n<td>Green\/Black<\/td>\n<\/tr>\n<tr>\n<td>Construction<\/td>\n<td>DLC-coated 440C stainless steel hook and trigger<\/td>\n<\/tr>\n<tr>\n<td>Activation Style<\/td>\n<td>Index finger<\/td>\n<\/tr>\n<tr>\n<td>Strap Type<\/td>\n<td>Buckle<\/td>\n<\/tr>\n<tr>\n<td>Adjustable Tension<\/td>\n<td>Yes<\/td>\n<\/tr>\n<tr>\n<td>Adjustable Travel<\/td>\n<td>Yes<\/td>\n<\/tr>\n<tr>\n<td>Micro-Adjustable<\/td>\n<td>Yes<\/td>\n<\/tr>\n<tr>\n<td>Taille<\/td>\n<td>One size fits all<\/td>\n<\/tr>\n<\/table>","protected":false},"featured_media":524097,"comment_status":"open","ping_status":"closed","template":"","meta":[],"product_brand":[844],"product_cat":[4124,4208,4210],"product_tag":[3546],"class_list":{"0":"post-393887","1":"product","2":"type-product","3":"status-publish","4":"has-post-thumbnail","6":"product_brand-stan","7":"product_cat-bogenschuetzer-ausruestung","8":"product_cat-releases-bogenschuetzer-ausruestung","9":"product_cat-index-finger-releases","10":"product_tag-neuheit","11":"product_shipping_class-bsd-standard","13":"first","14":"instock","15":"shipping-taxable","16":"purchasable","17":"product-type-simple"},"yoast_head":"<!-- This site is optimized with the Yoast SEO plugin v27.6 - https:\/\/yoast.com\/product\/yoast-seo-wordpress\/ -->\n<title>STAN ZEIGEFINGER-RELEASES SOLEX CLICKER - Bogensportdiscount \u2013 B\u00f6gen, Pfeile, Targets &amp; Zubeh\u00f6r<\/title>\n<meta name=\"description\" content=\"STAN ZEIGEFINGER-RELEASES SOLEX CLICKER g\u00fcnstig kaufen bei Bogensportdiscount \u2013 Top-Marken, schneller Versand aus der Schweiz.\" \/>\n<meta name=\"robots\" content=\"index, follow, max-snippet:-1, max-image-preview:large, max-video-preview:-1\" \/>\n<link rel=\"canonical\" href=\"https:\/\/bogensportdiscount.ch\/fr\/produit\/stan-zeigefinger-release-solex-clicker\/\" \/>\n<meta property=\"og:locale\" content=\"fr_FR\" \/>\n<meta property=\"og:type\" content=\"article\" \/>\n<meta property=\"og:title\" content=\"STAN ZEIGEFINGER-RELEASES SOLEX CLICKER - Bogensportdiscount \u2013 B\u00f6gen, Pfeile, Targets &amp; Zubeh\u00f6r\" \/>\n<meta property=\"og:description\" content=\"STAN ZEIGEFINGER-RELEASES SOLEX CLICKER g\u00fcnstig kaufen bei Bogensportdiscount \u2013 Top-Marken, schneller Versand aus der Schweiz.\" \/>\n<meta property=\"og:url\" content=\"https:\/\/bogensportdiscount.ch\/fr\/produit\/stan-zeigefinger-release-solex-clicker\/\" \/>\n<meta property=\"og:site_name\" content=\"Bogensportdiscount \u2013 B\u00f6gen, Pfeile, Targets &amp; Zubeh\u00f6r\" \/>\n<meta property=\"article:modified_time\" content=\"2026-05-14T05:13:59+00:00\" \/>\n<meta property=\"og:image\" content=\"https:\/\/bogensportdiscount.ch\/wp-content\/uploads\/bsm-images\/A092698_1.png\" \/>\n\t<meta property=\"og:image:width\" content=\"600\" \/>\n\t<meta property=\"og:image:height\" content=\"856\" \/>\n\t<meta property=\"og:image:type\" content=\"image\/png\" \/>\n<meta name=\"twitter:card\" content=\"summary_large_image\" \/>\n<script type=\"application\/ld+json\" class=\"yoast-schema-graph\">{\"@context\":\"https:\\\/\\\/schema.org\",\"@graph\":[{\"@type\":\"WebPage\",\"@id\":\"https:\\\/\\\/bogensportdiscount.ch\\\/produkt\\\/stan-zeigefinger-release-solex-clicker\\\/\",\"url\":\"https:\\\/\\\/bogensportdiscount.ch\\\/produkt\\\/stan-zeigefinger-release-solex-clicker\\\/\",\"name\":\"STAN ZEIGEFINGER-RELEASES SOLEX CLICKER - Bogensportdiscount \u2013 B\u00f6gen, Pfeile, Targets &amp; Zubeh\u00f6r\",\"isPartOf\":{\"@id\":\"https:\\\/\\\/bogensportdiscount.ch\\\/#website\"},\"primaryImageOfPage\":{\"@id\":\"https:\\\/\\\/bogensportdiscount.ch\\\/produkt\\\/stan-zeigefinger-release-solex-clicker\\\/#primaryimage\"},\"image\":{\"@id\":\"https:\\\/\\\/bogensportdiscount.ch\\\/produkt\\\/stan-zeigefinger-release-solex-clicker\\\/#primaryimage\"},\"thumbnailUrl\":\"https:\\\/\\\/bogensportdiscount.ch\\\/wp-content\\\/uploads\\\/bsm-images\\\/A092698_1.png\",\"datePublished\":\"2026-04-05T12:31:30+00:00\",\"dateModified\":\"2026-05-14T05:13:59+00:00\",\"description\":\"STAN ZEIGEFINGER-RELEASES SOLEX CLICKER g\u00fcnstig kaufen bei Bogensportdiscount \u2013 Top-Marken, schneller Versand aus der Schweiz.\",\"breadcrumb\":{\"@id\":\"https:\\\/\\\/bogensportdiscount.ch\\\/produkt\\\/stan-zeigefinger-release-solex-clicker\\\/#breadcrumb\"},\"inLanguage\":\"fr-FR\",\"potentialAction\":[{\"@type\":\"ReadAction\",\"target\":[\"https:\\\/\\\/bogensportdiscount.ch\\\/produkt\\\/stan-zeigefinger-release-solex-clicker\\\/\"]}]},{\"@type\":\"ImageObject\",\"inLanguage\":\"fr-FR\",\"@id\":\"https:\\\/\\\/bogensportdiscount.ch\\\/produkt\\\/stan-zeigefinger-release-solex-clicker\\\/#primaryimage\",\"url\":\"https:\\\/\\\/bogensportdiscount.ch\\\/wp-content\\\/uploads\\\/bsm-images\\\/A092698_1.png\",\"contentUrl\":\"https:\\\/\\\/bogensportdiscount.ch\\\/wp-content\\\/uploads\\\/bsm-images\\\/A092698_1.png\",\"width\":600,\"height\":856},{\"@type\":\"BreadcrumbList\",\"@id\":\"https:\\\/\\\/bogensportdiscount.ch\\\/produkt\\\/stan-zeigefinger-release-solex-clicker\\\/#breadcrumb\",\"itemListElement\":[{\"@type\":\"ListItem\",\"position\":1,\"name\":\"Home\",\"item\":\"https:\\\/\\\/bogensportdiscount.ch\\\/\"},{\"@type\":\"ListItem\",\"position\":2,\"name\":\"Shop\",\"item\":\"https:\\\/\\\/bogensportdiscount.ch\\\/shop\\\/\"},{\"@type\":\"ListItem\",\"position\":3,\"name\":\"STAN INDEX FINGER RELEASES SOLEX CLICKER\"}]},{\"@type\":\"WebSite\",\"@id\":\"https:\\\/\\\/bogensportdiscount.ch\\\/#website\",\"url\":\"https:\\\/\\\/bogensportdiscount.ch\\\/\",\"name\":\"Bogensportdiscount\",\"description\":\"\",\"potentialAction\":[{\"@type\":\"SearchAction\",\"target\":{\"@type\":\"EntryPoint\",\"urlTemplate\":\"https:\\\/\\\/bogensportdiscount.ch\\\/?s={search_term_string}\"},\"query-input\":{\"@type\":\"PropertyValueSpecification\",\"valueRequired\":true,\"valueName\":\"search_term_string\"}}],\"inLanguage\":\"fr-FR\"}]}<\/script>\n<!-- \/ Yoast SEO plugin. -->","yoast_head_json":{"title":"STAN ZEIGEFINGER-RELEASES SOLEX CLICKER - Bogensportdiscount \u2013 B\u00f6gen, Pfeile, Targets &amp; Zubeh\u00f6r","description":"STAN ZEIGEFINGER-RELEASES SOLEX CLICKER g\u00fcnstig kaufen bei Bogensportdiscount \u2013 Top-Marken, schneller Versand aus der Schweiz.","robots":{"index":"index","follow":"follow","max-snippet":"max-snippet:-1","max-image-preview":"max-image-preview:large","max-video-preview":"max-video-preview:-1"},"canonical":"https:\/\/bogensportdiscount.ch\/fr\/produit\/stan-zeigefinger-release-solex-clicker\/","og_locale":"fr_FR","og_type":"article","og_title":"STAN ZEIGEFINGER-RELEASES SOLEX CLICKER - Bogensportdiscount \u2013 B\u00f6gen, Pfeile, Targets &amp; Zubeh\u00f6r","og_description":"STAN ZEIGEFINGER-RELEASES SOLEX CLICKER g\u00fcnstig kaufen bei Bogensportdiscount \u2013 Top-Marken, schneller Versand aus der Schweiz.","og_url":"https:\/\/bogensportdiscount.ch\/fr\/produit\/stan-zeigefinger-release-solex-clicker\/","og_site_name":"Bogensportdiscount \u2013 B\u00f6gen, Pfeile, Targets &amp; Zubeh\u00f6r","article_modified_time":"2026-05-14T05:13:59+00:00","og_image":[{"width":600,"height":856,"url":"https:\/\/bogensportdiscount.ch\/wp-content\/uploads\/bsm-images\/A092698_1.png","type":"image\/png"}],"twitter_card":"summary_large_image","schema":{"@context":"https:\/\/schema.org","@graph":[{"@type":"WebPage","@id":"https:\/\/bogensportdiscount.ch\/produkt\/stan-zeigefinger-release-solex-clicker\/","url":"https:\/\/bogensportdiscount.ch\/produkt\/stan-zeigefinger-release-solex-clicker\/","name":"STAN ZEIGEFINGER-RELEASES SOLEX CLICKER - Bogensportdiscount \u2013 B\u00f6gen, Pfeile, Targets &amp; Zubeh\u00f6r","isPartOf":{"@id":"https:\/\/bogensportdiscount.ch\/#website"},"primaryImageOfPage":{"@id":"https:\/\/bogensportdiscount.ch\/produkt\/stan-zeigefinger-release-solex-clicker\/#primaryimage"},"image":{"@id":"https:\/\/bogensportdiscount.ch\/produkt\/stan-zeigefinger-release-solex-clicker\/#primaryimage"},"thumbnailUrl":"https:\/\/bogensportdiscount.ch\/wp-content\/uploads\/bsm-images\/A092698_1.png","datePublished":"2026-04-05T12:31:30+00:00","dateModified":"2026-05-14T05:13:59+00:00","description":"STAN ZEIGEFINGER-RELEASES SOLEX CLICKER g\u00fcnstig kaufen bei Bogensportdiscount \u2013 Top-Marken, schneller Versand aus der Schweiz.","breadcrumb":{"@id":"https:\/\/bogensportdiscount.ch\/produkt\/stan-zeigefinger-release-solex-clicker\/#breadcrumb"},"inLanguage":"fr-FR","potentialAction":[{"@type":"ReadAction","target":["https:\/\/bogensportdiscount.ch\/produkt\/stan-zeigefinger-release-solex-clicker\/"]}]},{"@type":"ImageObject","inLanguage":"fr-FR","@id":"https:\/\/bogensportdiscount.ch\/produkt\/stan-zeigefinger-release-solex-clicker\/#primaryimage","url":"https:\/\/bogensportdiscount.ch\/wp-content\/uploads\/bsm-images\/A092698_1.png","contentUrl":"https:\/\/bogensportdiscount.ch\/wp-content\/uploads\/bsm-images\/A092698_1.png","width":600,"height":856},{"@type":"BreadcrumbList","@id":"https:\/\/bogensportdiscount.ch\/produkt\/stan-zeigefinger-release-solex-clicker\/#breadcrumb","itemListElement":[{"@type":"ListItem","position":1,"name":"Home","item":"https:\/\/bogensportdiscount.ch\/"},{"@type":"ListItem","position":2,"name":"Shop","item":"https:\/\/bogensportdiscount.ch\/shop\/"},{"@type":"ListItem","position":3,"name":"STAN INDEX FINGER RELEASES SOLEX CLICKER"}]},{"@type":"WebSite","@id":"https:\/\/bogensportdiscount.ch\/#website","url":"https:\/\/bogensportdiscount.ch\/","name":"Bogensportdiscount","description":"","potentialAction":[{"@type":"SearchAction","target":{"@type":"EntryPoint","urlTemplate":"https:\/\/bogensportdiscount.ch\/?s={search_term_string}"},"query-input":{"@type":"PropertyValueSpecification","valueRequired":true,"valueName":"search_term_string"}}],"inLanguage":"fr-FR"}]}},"_links":{"self":[{"href":"https:\/\/bogensportdiscount.ch\/fr\/wp-json\/wp\/v2\/product\/393887","targetHints":{"allow":["GET"]}}],"collection":[{"href":"https:\/\/bogensportdiscount.ch\/fr\/wp-json\/wp\/v2\/product"}],"about":[{"href":"https:\/\/bogensportdiscount.ch\/fr\/wp-json\/wp\/v2\/types\/product"}],"replies":[{"embeddable":true,"href":"https:\/\/bogensportdiscount.ch\/fr\/wp-json\/wp\/v2\/comments?post=393887"}],"wp:featuredmedia":[{"embeddable":true,"href":"https:\/\/bogensportdiscount.ch\/fr\/wp-json\/wp\/v2\/media\/524097"}],"wp:attachment":[{"href":"https:\/\/bogensportdiscount.ch\/fr\/wp-json\/wp\/v2\/media?parent=393887"}],"wp:term":[{"taxonomy":"product_brand","embeddable":true,"href":"https:\/\/bogensportdiscount.ch\/fr\/wp-json\/wp\/v2\/product_brand?post=393887"},{"taxonomy":"product_cat","embeddable":true,"href":"https:\/\/bogensportdiscount.ch\/fr\/wp-json\/wp\/v2\/product_cat?post=393887"},{"taxonomy":"product_tag","embeddable":true,"href":"https:\/\/bogensportdiscount.ch\/fr\/wp-json\/wp\/v2\/product_tag?post=393887"}],"curies":[{"name":"wp","href":"https:\/\/api.w.org\/{rel}","templated":true}]}}