{"id":393883,"date":"2026-04-05T14:31:30","date_gmt":"2026-04-05T12:31:30","guid":{"rendered":"https:\/\/bogensportdiscount.ch\/produkt\/fivics-center-bolt-for-skadi-titan-argon\/"},"modified":"2026-04-17T19:13:03","modified_gmt":"2026-04-17T17:13:03","slug":"fivics-centerschraube-skadi-titan-argon","status":"publish","type":"product","link":"https:\/\/bogensportdiscount.ch\/fr\/produit\/fivics-centerschraube-skadi-titan-argon\/","title":{"rendered":"FIVICS CENTER BOLT FOR SKADI &amp; TITAN &amp; ARGON"},"content":{"rendered":"<p>Die FIVICS Centerschraube ist ein Originalteil f\u00fcr die Recurve-B\u00f6gen der Modelle Skadi, Titan und Argon. Sie dient zur Befestigung bzw. als Ersatz bei Verschleiss oder Verlust der originalen Schraube am Griff des Bogens.<\/p>\n<p>Als Originalersatzteil von FIVICS ist die Kompatibilit\u00e4t mit den genannten Bogenmodellen gew\u00e4hrleistet. Das Ersatzteil eignet sich f\u00fcr Bogensch\u00fctzen, die ihr bestehendes Equipment instand halten m\u00f6chten.<\/p>\n<ul>\n<li>Originalteil von FIVICS<\/li>\n<li>Passend f\u00fcr Skadi, Titan und Argon<\/li>\n<li>Einfacher Austausch bei Verschleiss oder Verlust<\/li>\n<\/ul>","protected":false},"excerpt":{"rendered":"<p>Originale FIVICS Centerschraube als Ersatzteil f\u00fcr die Recurve-Bogen-Modelle Skadi, Titan und Argon. Das Ersatzteil wird direkt vom Hersteller angeboten und stellt die Kompatibilit\u00e4t mit den genannten Modellen sicher.<\/p>","protected":false},"featured_media":453631,"comment_status":"open","ping_status":"closed","template":"","meta":[],"product_brand":[429],"product_cat":[4522],"product_tag":[3546],"class_list":{"0":"post-393883","1":"product","2":"type-product","3":"status-publish","4":"has-post-thumbnail","6":"product_brand-fivics","7":"product_cat-einzelteile-fuer-recurve-boegen-recurve-boegen","8":"product_tag-neuheit","10":"first","11":"onbackorder","12":"shipping-taxable","13":"purchasable","14":"product-type-simple"},"_links":{"self":[{"href":"https:\/\/bogensportdiscount.ch\/fr\/wp-json\/wp\/v2\/product\/393883","targetHints":{"allow":["GET"]}}],"collection":[{"href":"https:\/\/bogensportdiscount.ch\/fr\/wp-json\/wp\/v2\/product"}],"about":[{"href":"https:\/\/bogensportdiscount.ch\/fr\/wp-json\/wp\/v2\/types\/product"}],"replies":[{"embeddable":true,"href":"https:\/\/bogensportdiscount.ch\/fr\/wp-json\/wp\/v2\/comments?post=393883"}],"wp:featuredmedia":[{"embeddable":true,"href":"https:\/\/bogensportdiscount.ch\/fr\/wp-json\/wp\/v2\/media\/453631"}],"wp:attachment":[{"href":"https:\/\/bogensportdiscount.ch\/fr\/wp-json\/wp\/v2\/media?parent=393883"}],"wp:term":[{"taxonomy":"product_brand","embeddable":true,"href":"https:\/\/bogensportdiscount.ch\/fr\/wp-json\/wp\/v2\/product_brand?post=393883"},{"taxonomy":"product_cat","embeddable":true,"href":"https:\/\/bogensportdiscount.ch\/fr\/wp-json\/wp\/v2\/product_cat?post=393883"},{"taxonomy":"product_tag","embeddable":true,"href":"https:\/\/bogensportdiscount.ch\/fr\/wp-json\/wp\/v2\/product_tag?post=393883"}],"curies":[{"name":"wp","href":"https:\/\/api.w.org\/{rel}","templated":true}]}}