{"id":393881,"date":"2026-04-05T14:31:29","date_gmt":"2026-04-05T12:31:29","guid":{"rendered":"https:\/\/bogensportdiscount.ch\/produkt\/fivics-limb-tiller-bolt-for-skadi\/"},"modified":"2026-04-17T19:12:30","modified_gmt":"2026-04-17T17:12:30","slug":"fivics-limb-tiller-bolt-skadi","status":"publish","type":"product","link":"https:\/\/bogensportdiscount.ch\/fr\/produit\/fivics-limb-tiller-bolt-skadi\/","title":{"rendered":"FIVICS LIMB TILLER BOLT FOR SKADI"},"content":{"rendered":"<p>Der FIVICS Limb Tiller Bolt ist ein passgenaues Ersatz- und Zubeh\u00f6rteil f\u00fcr den Recurvebogen FIVICS Skadi. Die Tillerschraube erm\u00f6glicht die Feineinstellung des Abstands zwischen Sehne und Wurfarmen (oben\/unten), was eine wichtige Grundeinstellung f\u00fcr eine gleichm\u00e4ssige Bogenleistung darstellt.<\/p>\n<p>Als Originalteil von FIVICS ist der Bolt auf die Aufnahme des Skadi-Bogens abgestimmt und gew\u00e4hrleistet eine zuverl\u00e4ssige Passform. Geeignet f\u00fcr Bogensch\u00fctzen, die ihr Skadi-System instand halten oder pr\u00e4zise nachjustieren m\u00f6chten.<\/p>\n<ul>\n<li>Speziell f\u00fcr den FIVICS Skadi Recurvebogen<\/li>\n<li>Dient zur Tiller-Einstellung der Wurfarme<\/li>\n<li>Originalteil f\u00fcr sichere Passgenauigkeit<\/li>\n<li>Kompaktes Ersatzteil f\u00fcr Wartung und Justierung<\/li>\n<\/ul>","protected":false},"excerpt":{"rendered":"<p><strong>Marque :<\/strong> Fivics<\/p>","protected":false},"featured_media":453631,"comment_status":"open","ping_status":"closed","template":"","meta":[],"product_brand":[429],"product_cat":[4522],"product_tag":[3546],"class_list":{"0":"post-393881","1":"product","2":"type-product","3":"status-publish","4":"has-post-thumbnail","6":"product_brand-fivics","7":"product_cat-einzelteile-fuer-recurve-boegen-recurve-boegen","8":"product_tag-neuheit","10":"first","11":"onbackorder","12":"shipping-taxable","13":"purchasable","14":"product-type-simple"},"_links":{"self":[{"href":"https:\/\/bogensportdiscount.ch\/fr\/wp-json\/wp\/v2\/product\/393881","targetHints":{"allow":["GET"]}}],"collection":[{"href":"https:\/\/bogensportdiscount.ch\/fr\/wp-json\/wp\/v2\/product"}],"about":[{"href":"https:\/\/bogensportdiscount.ch\/fr\/wp-json\/wp\/v2\/types\/product"}],"replies":[{"embeddable":true,"href":"https:\/\/bogensportdiscount.ch\/fr\/wp-json\/wp\/v2\/comments?post=393881"}],"wp:featuredmedia":[{"embeddable":true,"href":"https:\/\/bogensportdiscount.ch\/fr\/wp-json\/wp\/v2\/media\/453631"}],"wp:attachment":[{"href":"https:\/\/bogensportdiscount.ch\/fr\/wp-json\/wp\/v2\/media?parent=393881"}],"wp:term":[{"taxonomy":"product_brand","embeddable":true,"href":"https:\/\/bogensportdiscount.ch\/fr\/wp-json\/wp\/v2\/product_brand?post=393881"},{"taxonomy":"product_cat","embeddable":true,"href":"https:\/\/bogensportdiscount.ch\/fr\/wp-json\/wp\/v2\/product_cat?post=393881"},{"taxonomy":"product_tag","embeddable":true,"href":"https:\/\/bogensportdiscount.ch\/fr\/wp-json\/wp\/v2\/product_tag?post=393881"}],"curies":[{"name":"wp","href":"https:\/\/api.w.org\/{rel}","templated":true}]}}