{"id":393878,"date":"2026-04-05T14:31:28","date_gmt":"2026-04-05T12:31:28","guid":{"rendered":"https:\/\/bogensportdiscount.ch\/produkt\/reign-fusion-6-serving-material-0-006-white\/"},"modified":"2026-04-15T12:16:49","modified_gmt":"2026-04-15T10:16:49","slug":"reign-fusion-6-mittenwicklungsmaterial-006-weiss","status":"publish","type":"product","link":"https:\/\/bogensportdiscount.ch\/fr\/produit\/reign-fusion-6-mittenwicklungsmaterial-006-weiss\/","title":{"rendered":"REIGN FUSION 6 SERVING MATERIAL 0.006\u2033 WHITE"},"content":{"rendered":"<p>Das REIGN Fusion 6 Mittenwicklungsmaterial in Weiss ist ein Servingmaterial mit einem Durchmesser von 0.006 Zoll, das speziell f\u00fcr die Mittenwicklung von Bogensehnen geeignet ist. Es wird auf einer Jig-Spule geliefert, die eine komfortable Verarbeitung beim Bewickeln der Sehne erm\u00f6glicht.<\/p>\n<p>Das Material eignet sich f\u00fcr Bogensch\u00fctzen, die ihre Sehnen selbst bauen oder warten, und bietet eine pr\u00e4zise Wicklung im mittleren Bereich der Sehne zum Schutz und zur Stabilisierung des Nockpunktes.<\/p>\n<ul>\n<li>Durchmesser: 0.006 Zoll<\/li>\n<li>Farbe: Weiss<\/li>\n<li>Spulengr\u00f6sse: Jig<\/li>\n<li>Hergestellt in Grossbritannien<\/li>\n<\/ul>","protected":false},"excerpt":{"rendered":"<table>\n<tr>\n<th>Propri\u00e9t\u00e9<\/th>\n<th>Valeur<\/th>\n<\/tr>\n<tr>\n<td>Couleur<\/td>\n<td>Weiss<\/td>\n<\/tr>\n<tr>\n<td>Durchmesser (Zoll)<\/td>\n<td>0.006&#8243;<\/td>\n<\/tr>\n<tr>\n<td>Spulengr\u00f6sse<\/td>\n<td>Jig<\/td>\n<\/tr>\n<tr>\n<td>Herkunftsland<\/td>\n<td>Grossbritannien<\/td>\n<\/tr>\n<\/table>","protected":false},"featured_media":453385,"comment_status":"open","ping_status":"closed","template":"","meta":[],"product_brand":[571],"product_cat":[4167],"product_tag":[3546],"class_list":{"0":"post-393878","1":"product","2":"type-product","3":"status-publish","4":"has-post-thumbnail","6":"product_brand-reign","7":"product_cat-serving-material-sehnen-herstellung","8":"product_tag-neuheit","10":"first","11":"instock","12":"shipping-taxable","13":"purchasable","14":"product-type-simple"},"_links":{"self":[{"href":"https:\/\/bogensportdiscount.ch\/fr\/wp-json\/wp\/v2\/product\/393878","targetHints":{"allow":["GET"]}}],"collection":[{"href":"https:\/\/bogensportdiscount.ch\/fr\/wp-json\/wp\/v2\/product"}],"about":[{"href":"https:\/\/bogensportdiscount.ch\/fr\/wp-json\/wp\/v2\/types\/product"}],"replies":[{"embeddable":true,"href":"https:\/\/bogensportdiscount.ch\/fr\/wp-json\/wp\/v2\/comments?post=393878"}],"wp:featuredmedia":[{"embeddable":true,"href":"https:\/\/bogensportdiscount.ch\/fr\/wp-json\/wp\/v2\/media\/453385"}],"wp:attachment":[{"href":"https:\/\/bogensportdiscount.ch\/fr\/wp-json\/wp\/v2\/media?parent=393878"}],"wp:term":[{"taxonomy":"product_brand","embeddable":true,"href":"https:\/\/bogensportdiscount.ch\/fr\/wp-json\/wp\/v2\/product_brand?post=393878"},{"taxonomy":"product_cat","embeddable":true,"href":"https:\/\/bogensportdiscount.ch\/fr\/wp-json\/wp\/v2\/product_cat?post=393878"},{"taxonomy":"product_tag","embeddable":true,"href":"https:\/\/bogensportdiscount.ch\/fr\/wp-json\/wp\/v2\/product_tag?post=393878"}],"curies":[{"name":"wp","href":"https:\/\/api.w.org\/{rel}","templated":true}]}}