{"id":393872,"date":"2026-04-05T14:31:27","date_gmt":"2026-04-05T12:31:27","guid":{"rendered":"https:\/\/bogensportdiscount.ch\/produkt\/gold-tip-accu-bushing-93-max-15gr-246-nock-12-pk\/"},"modified":"2026-04-15T12:16:48","modified_gmt":"2026-04-15T10:16:48","slug":"gold-tip-accu-bushing-93-max-15gr-246-nock-12er-pack","status":"publish","type":"product","link":"https:\/\/bogensportdiscount.ch\/fr\/produit\/gold-tip-accu-bushing-93-max-15gr-246-nock-12er-pack\/","title":{"rendered":"GOLD TIP ACCU BUSHING 93 MAX 15GR (.246 NOCK) 12\/pk"},"content":{"rendered":"<p>Das Gold Tip Accu Bushing 93 Max erm\u00f6glicht die pr\u00e4zise Aufnahme von Nocks mit einem Durchmesser von .246 in kompatiblen Pfeilsch\u00e4ften. Das Bushing wiegt 15 Grain und tr\u00e4gt damit zum Gesamtgewicht des Pfeils bei \u2013 ein relevanter Faktor f\u00fcr die Abstimmung von Pfeilgewicht und Flugverhalten.<\/p>\n<p>Uni-Bushings wie dieses werden in den vorderen Bereich des Pfeilschafts eingesetzt, um standardisierte Nock-Gr\u00f6ssen zu verwenden oder die Nockaufnahme zu stabilisieren. Das Accu Bushing 93 Max ist speziell f\u00fcr den Einsatz mit Gold Tip Sch\u00e4ften der entsprechenden Serie konzipiert.<\/p>\n<ul>\n<li>Gewicht: 15 Grain<\/li>\n<li>Nockpassung: .246<\/li>\n<li>Lieferumfang: 12 St\u00fcck pro Pack<\/li>\n<li>Kompatibel mit Gold Tip Accu-Bushing-Sch\u00e4ften<\/li>\n<\/ul>","protected":false},"excerpt":{"rendered":"<p><strong>Marque :<\/strong> Gold Tip<br \/><strong>GTIN:<\/strong> 791331004286<\/p>","protected":false},"featured_media":445109,"comment_status":"open","ping_status":"closed","template":"","meta":[],"product_brand":[855],"product_cat":[4550],"product_tag":[3546],"class_list":{"0":"post-393872","1":"product","2":"type-product","3":"status-publish","4":"has-post-thumbnail","6":"product_brand-goldtip","7":"product_cat-uni-bushings-pfeil-komponenten","8":"product_tag-neuheit","10":"first","11":"instock","12":"shipping-taxable","13":"purchasable","14":"product-type-simple"},"_links":{"self":[{"href":"https:\/\/bogensportdiscount.ch\/fr\/wp-json\/wp\/v2\/product\/393872","targetHints":{"allow":["GET"]}}],"collection":[{"href":"https:\/\/bogensportdiscount.ch\/fr\/wp-json\/wp\/v2\/product"}],"about":[{"href":"https:\/\/bogensportdiscount.ch\/fr\/wp-json\/wp\/v2\/types\/product"}],"replies":[{"embeddable":true,"href":"https:\/\/bogensportdiscount.ch\/fr\/wp-json\/wp\/v2\/comments?post=393872"}],"wp:featuredmedia":[{"embeddable":true,"href":"https:\/\/bogensportdiscount.ch\/fr\/wp-json\/wp\/v2\/media\/445109"}],"wp:attachment":[{"href":"https:\/\/bogensportdiscount.ch\/fr\/wp-json\/wp\/v2\/media?parent=393872"}],"wp:term":[{"taxonomy":"product_brand","embeddable":true,"href":"https:\/\/bogensportdiscount.ch\/fr\/wp-json\/wp\/v2\/product_brand?post=393872"},{"taxonomy":"product_cat","embeddable":true,"href":"https:\/\/bogensportdiscount.ch\/fr\/wp-json\/wp\/v2\/product_cat?post=393872"},{"taxonomy":"product_tag","embeddable":true,"href":"https:\/\/bogensportdiscount.ch\/fr\/wp-json\/wp\/v2\/product_tag?post=393872"}],"curies":[{"name":"wp","href":"https:\/\/api.w.org\/{rel}","templated":true}]}}