{"id":393863,"date":"2026-04-05T14:31:25","date_gmt":"2026-04-05T12:31:25","guid":{"rendered":"https:\/\/bogensportdiscount.ch\/produkt\/gold-tip-pin-bushings-166-series-300250-12-pk\/"},"modified":"2026-04-22T13:47:05","modified_gmt":"2026-04-22T11:47:05","slug":"gold-tip-pin-bushings-166-serie-300-250-12er-pack","status":"publish","type":"product","link":"https:\/\/bogensportdiscount.ch\/fr\/produit\/gold-tip-pin-bushings-166-serie-300-250-12er-pack\/","title":{"rendered":"GOLD TIP PIN BUCHSEN .166 SERIES (300&#038;250) 12\/pk"},"content":{"rendered":"<p>Die Gold Tip Pin Bushings im .166-Format sind speziell f\u00fcr Pfeile der 300- und 250-Serie ausgelegt. Sie werden in den Pfeilschaft eingeklebt und dienen als Aufnahme f\u00fcr Pin-Nocks, die eine pr\u00e4zise und stabile Nockenpositionierung gew\u00e4hrleisten.<\/p>\n<p>Dank der hochwertigen Verarbeitung sitzen die Bushings fest im Schaft und sorgen f\u00fcr eine gleichm\u00e4ssige Ausrichtung der Nocken. Das Paket enth\u00e4lt 12 St\u00fcck \u2013 ausreichend f\u00fcr mehrere Pfeils\u00e4tze oder als Vorrat f\u00fcr laufende Pfeilprojekte.<\/p>\n<ul>\n<li>Kompatibel mit Gold Tip Sch\u00e4ften der 300- und 250-Serie<\/li>\n<li>Format: .166<\/li>\n<li>Geeignet f\u00fcr Pin-Nock-Systeme<\/li>\n<li>Contenu de la livraison : 12 pi\u00e8ces par paquet<\/li>\n<\/ul>","protected":false},"excerpt":{"rendered":"<p><strong>Marque :<\/strong> Gold Tip<br \/><strong>GTIN:<\/strong> 791331004026<\/p>","protected":false},"featured_media":524607,"comment_status":"open","ping_status":"closed","template":"","meta":[],"product_brand":[855],"product_cat":[4546],"product_tag":[3546],"class_list":{"0":"post-393863","1":"product","2":"type-product","3":"status-publish","4":"has-post-thumbnail","6":"product_brand-goldtip","7":"product_cat-pin-adapters-pfeil-komponenten","8":"product_tag-neuheit","9":"product_shipping_class-bsd-standard","11":"first","12":"instock","13":"shipping-taxable","14":"purchasable","15":"product-type-simple"},"yoast_head":"<!-- This site is optimized with the Yoast SEO plugin v27.4 - https:\/\/yoast.com\/product\/yoast-seo-wordpress\/ -->\n<title>POINTES EN OR POUR FL\u00c8CHES .166 SERIES (300 &amp; 250) 12\/paquet - Bogensportdiscount \u2013 Arcs, fl\u00e8ches, cibles et accessoires<\/title>\n<meta name=\"description\" content=\"ACHETEZ \u00c0 PETIT PRIX LES DOUILLES GOLD TIP PIN S\u00c9RIE .166 (300 &amp; 250) \u2013 12 pi\u00e8ces par paquet chez Bogensportdiscount \u2013 Grandes marques, livraison rapide depuis la Suisse.\" \/>\n<meta name=\"robots\" content=\"index, follow, max-snippet:-1, max-image-preview:large, max-video-preview:-1\" \/>\n<link rel=\"canonical\" href=\"https:\/\/bogensportdiscount.ch\/fr\/produit\/gold-tip-pin-bushings-166-serie-300-250-12er-pack\/\" \/>\n<meta property=\"og:locale\" content=\"fr_FR\" \/>\n<meta property=\"og:type\" content=\"article\" \/>\n<meta property=\"og:title\" content=\"EMBOUTS EN OR POUR FL\u00c8CHES .166 SERIES (300 &amp; 250) 12\/paquet - Bogensportdiscount \u2013 Arcs, fl\u00e8ches, cibles et accessoires\" \/>\n<meta property=\"og:description\" content=\"ACHETEZ \u00c0 PETIT PRIX LES DOUILLES GOLD TIP PIN S\u00c9RIE .166 (300 &amp; 250) \u2013 12 pi\u00e8ces par paquet chez Bogensportdiscount \u2013 Grandes marques, livraison rapide depuis la Suisse.\" \/>\n<meta property=\"og:url\" content=\"https:\/\/bogensportdiscount.ch\/fr\/produit\/gold-tip-pin-bushings-166-serie-300-250-12er-pack\/\" \/>\n<meta property=\"og:site_name\" content=\"Bogensportdiscount \u2013 B\u00f6gen, Pfeile, Targets &amp; Zubeh\u00f6r\" \/>\n<meta property=\"article:modified_time\" content=\"2026-04-22T11:47:05+00:00\" \/>\n<meta property=\"og:image\" content=\"https:\/\/bogensportdiscount.ch\/wp-content\/uploads\/bsm-images\/A091997_1.png\" \/>\n\t<meta property=\"og:image:width\" content=\"1165\" \/>\n\t<meta property=\"og:image:height\" content=\"835\" \/>\n\t<meta property=\"og:image:type\" content=\"image\/png\" \/>\n<meta name=\"twitter:card\" content=\"summary_large_image\" \/>\n<script type=\"application\/ld+json\" class=\"yoast-schema-graph\">{\"@context\":\"https:\\\/\\\/schema.org\",\"@graph\":[{\"@type\":\"WebPage\",\"@id\":\"https:\\\/\\\/bogensportdiscount.ch\\\/produkt\\\/gold-tip-pin-bushings-166-serie-300-250-12er-pack\\\/\",\"url\":\"https:\\\/\\\/bogensportdiscount.ch\\\/produkt\\\/gold-tip-pin-bushings-166-serie-300-250-12er-pack\\\/\",\"name\":\"GOLD TIP PIN BUCHSEN .166 SERIES (300&250) 12\\\/pk - Bogensportdiscount \u2013 B\u00f6gen, Pfeile, Targets &amp; Zubeh\u00f6r\",\"isPartOf\":{\"@id\":\"https:\\\/\\\/bogensportdiscount.ch\\\/#website\"},\"primaryImageOfPage\":{\"@id\":\"https:\\\/\\\/bogensportdiscount.ch\\\/produkt\\\/gold-tip-pin-bushings-166-serie-300-250-12er-pack\\\/#primaryimage\"},\"image\":{\"@id\":\"https:\\\/\\\/bogensportdiscount.ch\\\/produkt\\\/gold-tip-pin-bushings-166-serie-300-250-12er-pack\\\/#primaryimage\"},\"thumbnailUrl\":\"https:\\\/\\\/bogensportdiscount.ch\\\/wp-content\\\/uploads\\\/bsm-images\\\/A091997_1.png\",\"datePublished\":\"2026-04-05T12:31:25+00:00\",\"dateModified\":\"2026-04-22T11:47:05+00:00\",\"description\":\"GOLD TIP PIN BUCHSEN .166 SERIES (300&250) 12\\\/pk g\u00fcnstig kaufen bei Bogensportdiscount \u2013 Top-Marken, schneller Versand aus der Schweiz.\",\"breadcrumb\":{\"@id\":\"https:\\\/\\\/bogensportdiscount.ch\\\/produkt\\\/gold-tip-pin-bushings-166-serie-300-250-12er-pack\\\/#breadcrumb\"},\"inLanguage\":\"fr-FR\",\"potentialAction\":[{\"@type\":\"ReadAction\",\"target\":[\"https:\\\/\\\/bogensportdiscount.ch\\\/produkt\\\/gold-tip-pin-bushings-166-serie-300-250-12er-pack\\\/\"]}]},{\"@type\":\"ImageObject\",\"inLanguage\":\"fr-FR\",\"@id\":\"https:\\\/\\\/bogensportdiscount.ch\\\/produkt\\\/gold-tip-pin-bushings-166-serie-300-250-12er-pack\\\/#primaryimage\",\"url\":\"https:\\\/\\\/bogensportdiscount.ch\\\/wp-content\\\/uploads\\\/bsm-images\\\/A091997_1.png\",\"contentUrl\":\"https:\\\/\\\/bogensportdiscount.ch\\\/wp-content\\\/uploads\\\/bsm-images\\\/A091997_1.png\",\"width\":1165,\"height\":835},{\"@type\":\"BreadcrumbList\",\"@id\":\"https:\\\/\\\/bogensportdiscount.ch\\\/produkt\\\/gold-tip-pin-bushings-166-serie-300-250-12er-pack\\\/#breadcrumb\",\"itemListElement\":[{\"@type\":\"ListItem\",\"position\":1,\"name\":\"Home\",\"item\":\"https:\\\/\\\/bogensportdiscount.ch\\\/\"},{\"@type\":\"ListItem\",\"position\":2,\"name\":\"Shop\",\"item\":\"https:\\\/\\\/bogensportdiscount.ch\\\/shop\\\/\"},{\"@type\":\"ListItem\",\"position\":3,\"name\":\"GOLD TIP PIN BUCHSEN .166 SERIES (300&#038;250) 12\\\/pk\"}]},{\"@type\":\"WebSite\",\"@id\":\"https:\\\/\\\/bogensportdiscount.ch\\\/#website\",\"url\":\"https:\\\/\\\/bogensportdiscount.ch\\\/\",\"name\":\"Bogensportdiscount\",\"description\":\"\",\"potentialAction\":[{\"@type\":\"SearchAction\",\"target\":{\"@type\":\"EntryPoint\",\"urlTemplate\":\"https:\\\/\\\/bogensportdiscount.ch\\\/?s={search_term_string}\"},\"query-input\":{\"@type\":\"PropertyValueSpecification\",\"valueRequired\":true,\"valueName\":\"search_term_string\"}}],\"inLanguage\":\"fr-FR\"}]}<\/script>\n<!-- \/ Yoast SEO plugin. -->","yoast_head_json":{"title":"POINTES EN OR POUR FL\u00c8CHES .166 SERIES (300 &amp; 250) 12\/paquet - Bogensportdiscount \u2013 Arcs, fl\u00e8ches, cibles et accessoires","description":"ACHETEZ \u00c0 PETIT PRIX LES DOUILLES GOLD TIP PIN S\u00c9RIE .166 (300 &amp; 250) \u2013 12 pi\u00e8ces par paquet chez Bogensportdiscount \u2013 Grandes marques, livraison rapide depuis la Suisse.","robots":{"index":"index","follow":"follow","max-snippet":"max-snippet:-1","max-image-preview":"max-image-preview:large","max-video-preview":"max-video-preview:-1"},"canonical":"https:\/\/bogensportdiscount.ch\/fr\/produit\/gold-tip-pin-bushings-166-serie-300-250-12er-pack\/","og_locale":"fr_FR","og_type":"article","og_title":"EMBOUTS EN OR POUR FL\u00c8CHES .166 SERIES (300 &amp; 250) 12\/paquet - Bogensportdiscount \u2013 Arcs, fl\u00e8ches, cibles et accessoires","og_description":"ACHETEZ \u00c0 PETIT PRIX LES DOUILLES GOLD TIP PIN S\u00c9RIE .166 (300 &amp; 250) \u2013 12 pi\u00e8ces par paquet chez Bogensportdiscount \u2013 Grandes marques, livraison rapide depuis la Suisse.","og_url":"https:\/\/bogensportdiscount.ch\/fr\/produit\/gold-tip-pin-bushings-166-serie-300-250-12er-pack\/","og_site_name":"Bogensportdiscount \u2013 B\u00f6gen, Pfeile, Targets &amp; Zubeh\u00f6r","article_modified_time":"2026-04-22T11:47:05+00:00","og_image":[{"width":1165,"height":835,"url":"https:\/\/bogensportdiscount.ch\/wp-content\/uploads\/bsm-images\/A091997_1.png","type":"image\/png"}],"twitter_card":"summary_large_image","schema":{"@context":"https:\/\/schema.org","@graph":[{"@type":"WebPage","@id":"https:\/\/bogensportdiscount.ch\/produkt\/gold-tip-pin-bushings-166-serie-300-250-12er-pack\/","url":"https:\/\/bogensportdiscount.ch\/produkt\/gold-tip-pin-bushings-166-serie-300-250-12er-pack\/","name":"EMBOUTS EN OR POUR FL\u00c8CHES .166 SERIES (300 &amp; 250) 12\/paquet - Bogensportdiscount \u2013 Arcs, fl\u00e8ches, cibles et accessoires","isPartOf":{"@id":"https:\/\/bogensportdiscount.ch\/#website"},"primaryImageOfPage":{"@id":"https:\/\/bogensportdiscount.ch\/produkt\/gold-tip-pin-bushings-166-serie-300-250-12er-pack\/#primaryimage"},"image":{"@id":"https:\/\/bogensportdiscount.ch\/produkt\/gold-tip-pin-bushings-166-serie-300-250-12er-pack\/#primaryimage"},"thumbnailUrl":"https:\/\/bogensportdiscount.ch\/wp-content\/uploads\/bsm-images\/A091997_1.png","datePublished":"2026-04-05T12:31:25+00:00","dateModified":"2026-04-22T11:47:05+00:00","description":"ACHETEZ \u00c0 PETIT PRIX LES DOUILLES GOLD TIP PIN S\u00c9RIE .166 (300 &amp; 250) \u2013 12 pi\u00e8ces par paquet chez Bogensportdiscount \u2013 Grandes marques, livraison rapide depuis la Suisse.","breadcrumb":{"@id":"https:\/\/bogensportdiscount.ch\/produkt\/gold-tip-pin-bushings-166-serie-300-250-12er-pack\/#breadcrumb"},"inLanguage":"fr-FR","potentialAction":[{"@type":"ReadAction","target":["https:\/\/bogensportdiscount.ch\/produkt\/gold-tip-pin-bushings-166-serie-300-250-12er-pack\/"]}]},{"@type":"ImageObject","inLanguage":"fr-FR","@id":"https:\/\/bogensportdiscount.ch\/produkt\/gold-tip-pin-bushings-166-serie-300-250-12er-pack\/#primaryimage","url":"https:\/\/bogensportdiscount.ch\/wp-content\/uploads\/bsm-images\/A091997_1.png","contentUrl":"https:\/\/bogensportdiscount.ch\/wp-content\/uploads\/bsm-images\/A091997_1.png","width":1165,"height":835},{"@type":"BreadcrumbList","@id":"https:\/\/bogensportdiscount.ch\/produkt\/gold-tip-pin-bushings-166-serie-300-250-12er-pack\/#breadcrumb","itemListElement":[{"@type":"ListItem","position":1,"name":"Home","item":"https:\/\/bogensportdiscount.ch\/"},{"@type":"ListItem","position":2,"name":"Shop","item":"https:\/\/bogensportdiscount.ch\/shop\/"},{"@type":"ListItem","position":3,"name":"GOLD TIP PIN BUCHSEN .166 SERIES (300&#038;250) 12\/pk"}]},{"@type":"WebSite","@id":"https:\/\/bogensportdiscount.ch\/#website","url":"https:\/\/bogensportdiscount.ch\/","name":"Bogensportdiscount","description":"","potentialAction":[{"@type":"SearchAction","target":{"@type":"EntryPoint","urlTemplate":"https:\/\/bogensportdiscount.ch\/?s={search_term_string}"},"query-input":{"@type":"PropertyValueSpecification","valueRequired":true,"valueName":"search_term_string"}}],"inLanguage":"fr-FR"}]}},"_links":{"self":[{"href":"https:\/\/bogensportdiscount.ch\/fr\/wp-json\/wp\/v2\/product\/393863","targetHints":{"allow":["GET"]}}],"collection":[{"href":"https:\/\/bogensportdiscount.ch\/fr\/wp-json\/wp\/v2\/product"}],"about":[{"href":"https:\/\/bogensportdiscount.ch\/fr\/wp-json\/wp\/v2\/types\/product"}],"replies":[{"embeddable":true,"href":"https:\/\/bogensportdiscount.ch\/fr\/wp-json\/wp\/v2\/comments?post=393863"}],"wp:featuredmedia":[{"embeddable":true,"href":"https:\/\/bogensportdiscount.ch\/fr\/wp-json\/wp\/v2\/media\/524607"}],"wp:attachment":[{"href":"https:\/\/bogensportdiscount.ch\/fr\/wp-json\/wp\/v2\/media?parent=393863"}],"wp:term":[{"taxonomy":"product_brand","embeddable":true,"href":"https:\/\/bogensportdiscount.ch\/fr\/wp-json\/wp\/v2\/product_brand?post=393863"},{"taxonomy":"product_cat","embeddable":true,"href":"https:\/\/bogensportdiscount.ch\/fr\/wp-json\/wp\/v2\/product_cat?post=393863"},{"taxonomy":"product_tag","embeddable":true,"href":"https:\/\/bogensportdiscount.ch\/fr\/wp-json\/wp\/v2\/product_tag?post=393863"}],"curies":[{"name":"wp","href":"https:\/\/api.w.org\/{rel}","templated":true}]}}