{"id":393858,"date":"2026-04-05T14:31:24","date_gmt":"2026-04-05T12:31:24","guid":{"rendered":"https:\/\/bogensportdiscount.ch\/produkt\/gold-tip-shafts-carbon-22-series-pro-od8-58-300-32-12-pk\/"},"modified":"2026-04-19T11:42:47","modified_gmt":"2026-04-19T09:42:47","slug":"gold-tip-carbon-schaefte-22-series-pro-od-858-spine-300-32-12er-pack","status":"publish","type":"product","link":"https:\/\/bogensportdiscount.ch\/fr\/produit\/gold-tip-carbon-schaefte-22-series-pro-od-858-spine-300-32-12er-pack\/","title":{"rendered":"MANCHES GOLD TIP CARBON S\u00c9RIE 22 PRO OD8.58 300-32\u2033 12\/paquet"},"content":{"rendered":"<p>Die Gold Tip 22 Series Pro Carbon-Sch\u00e4fte sind auf pr\u00e4zises Schiessen ausgelegt und bieten mit einer Geradheitstoleranz von \u00b1.001&#8243; eine hohe Konsistenz im Pfeil f\u00fcr Pfeil-Vergleich. Der Aussendurchmesser von 22\/64&#8243; (OD 8.58 mm) und der Spine-Wert 300 machen diese Sch\u00e4fte geeignet f\u00fcr st\u00e4rkere B\u00f6gen im mittleren bis hohen Zuggewichtsbereich.<\/p>\n<p>Das 12er-Pack erm\u00f6glicht es, ein vollst\u00e4ndiges Dutzend aufeinander abgestimmter Sch\u00e4fte zu erhalten, was die Gleichm\u00e4ssigkeit im Training und Wettkampf unterst\u00fctzt. Die Carbon-Bauweise sorgt f\u00fcr ein gutes Verh\u00e4ltnis von Gewicht und Steifigkeit.<\/p>\n<ul>\n<li>Geradheitstoleranz \u00b1.001&#8243; f\u00fcr hohe Konsistenz<\/li>\n<li>Spine 300 f\u00fcr mittlere bis hohe Zuggewichte<\/li>\n<li>Aussendurchmesser 22\/64&#8243; (ca. 8.58 mm)<\/li>\n<li>Lieferumfang: 12 Sch\u00e4fte \u00e0 32&#8243;<\/li>\n<\/ul>","protected":false},"excerpt":{"rendered":"<table>\n<tr>\n<th>Propri\u00e9t\u00e9<\/th>\n<th>Valeur<\/th>\n<\/tr>\n<tr>\n<td>Marque<\/td>\n<td>Gold Tip<\/td>\n<\/tr>\n<tr>\n<td>Colonne vert\u00e9brale<\/td>\n<td>300<\/td>\n<\/tr>\n<tr>\n<td>Aussendurchmesser (OD)<\/td>\n<td>22\/64&#8243;<\/td>\n<\/tr>\n<tr>\n<td>Tol\u00e9rance de rectitude<\/td>\n<td>\u00b1.001&#8243;<\/td>\n<\/tr>\n<tr>\n<td>Contenu de la livraison<\/td>\n<td>12 Sch\u00e4fte<\/td>\n<\/tr>\n<tr>\n<td>Pays d'origine<\/td>\n<td>Mexique<\/td>\n<\/tr>\n<\/table>","protected":false},"featured_media":493745,"comment_status":"open","ping_status":"closed","template":"","meta":[],"product_brand":[855],"product_cat":[4236],"product_tag":[3546],"class_list":{"0":"post-393858","1":"product","2":"type-product","3":"status-publish","4":"has-post-thumbnail","6":"product_brand-goldtip","7":"product_cat-carbon-schaefte","8":"product_tag-neuheit","10":"first","11":"instock","12":"shipping-taxable","13":"purchasable","14":"product-type-simple"},"_links":{"self":[{"href":"https:\/\/bogensportdiscount.ch\/fr\/wp-json\/wp\/v2\/product\/393858","targetHints":{"allow":["GET"]}}],"collection":[{"href":"https:\/\/bogensportdiscount.ch\/fr\/wp-json\/wp\/v2\/product"}],"about":[{"href":"https:\/\/bogensportdiscount.ch\/fr\/wp-json\/wp\/v2\/types\/product"}],"replies":[{"embeddable":true,"href":"https:\/\/bogensportdiscount.ch\/fr\/wp-json\/wp\/v2\/comments?post=393858"}],"wp:featuredmedia":[{"embeddable":true,"href":"https:\/\/bogensportdiscount.ch\/fr\/wp-json\/wp\/v2\/media\/493745"}],"wp:attachment":[{"href":"https:\/\/bogensportdiscount.ch\/fr\/wp-json\/wp\/v2\/media?parent=393858"}],"wp:term":[{"taxonomy":"product_brand","embeddable":true,"href":"https:\/\/bogensportdiscount.ch\/fr\/wp-json\/wp\/v2\/product_brand?post=393858"},{"taxonomy":"product_cat","embeddable":true,"href":"https:\/\/bogensportdiscount.ch\/fr\/wp-json\/wp\/v2\/product_cat?post=393858"},{"taxonomy":"product_tag","embeddable":true,"href":"https:\/\/bogensportdiscount.ch\/fr\/wp-json\/wp\/v2\/product_tag?post=393858"}],"curies":[{"name":"wp","href":"https:\/\/api.w.org\/{rel}","templated":true}]}}