{"id":393853,"date":"2026-04-05T14:31:23","date_gmt":"2026-04-05T12:31:23","guid":{"rendered":"https:\/\/bogensportdiscount.ch\/produkt\/excalibur-mag-max-crossbow-set-mossy-oak-bottomlands-w-fixed-power-scope\/"},"modified":"2026-05-14T07:13:58","modified_gmt":"2026-05-14T05:13:58","slug":"excalibur-recurve-armbrust-mag-max-set-mossy-oak-bottomlands-festleistungszielfernrohr","status":"publish","type":"product","link":"https:\/\/bogensportdiscount.ch\/fr\/produit\/excalibur-recurve-armbrust-mag-max-set-mossy-oak-bottomlands-festleistungszielfernrohr\/","title":{"rendered":"EXCALIBUR MAG MAX KIT ARBAL\u00c8TE MOSSY OAK BOTTOMLANDS avec LUNETTE DE VIS\u00c9E FIXE"},"content":{"rendered":"<p>L'EXCALIBUR Mag Max est une arbal\u00e8te \u00e0 arc classique de fabrication canadienne et est livr\u00e9e en kit complet. Le camouflage Mossy OAK Bottomlands est sp\u00e9cialement con\u00e7u pour les environnements forestiers et rend l'arbal\u00e8te particuli\u00e8rement int\u00e9ressante pour les chasseurs.<\/p>\n<p>La livraison comprend une lunette \u00e0 puissance fixe offrant une optique fiable sans grossissement variable. EXCALIBUR est reconnu pour son principe d'arc classique \u00e9prouv\u00e9, qui se passe d'une m\u00e9canique complexe et est ainsi peu exigeant en entretien et robuste.<\/p>\n<ul>\n<li>Construction arc classique \u2014 peu d'entretien et fiable<\/li>\n<li>Camouflage Mossy OAK Bottomlands<\/li>\n<li>Lunette \u00e0 puissance fixe incluse<\/li>\n<li>Fabriqu\u00e9 au Canada<\/li>\n<\/ul>","protected":false},"excerpt":{"rendered":"<table>\n<tr>\n<th>Propri\u00e9t\u00e9<\/th>\n<th>Valeur<\/th>\n<\/tr>\n<tr>\n<td>Marque<\/td>\n<td>Excalibur<\/td>\n<\/tr>\n<tr>\n<td>Pays d'origine<\/td>\n<td>Canada<\/td>\n<\/tr>\n<tr>\n<td>GTIN<\/td>\n<td>626192162434<\/td>\n<\/tr>\n<\/table>","protected":false},"featured_media":524614,"comment_status":"open","ping_status":"closed","template":"","meta":[],"product_brand":[804],"product_cat":[4135,4161,4203],"product_tag":[3546],"class_list":{"0":"post-393853","1":"product","2":"type-product","3":"status-publish","4":"has-post-thumbnail","6":"product_brand-excalibur","7":"product_cat-armbrust-zubehoer","8":"product_cat-armbueste","9":"product_cat-recurve-armbrueste","10":"product_tag-neuheit","11":"product_shipping_class-bsd-standard","13":"first","14":"instock","15":"shipping-taxable","16":"purchasable","17":"product-type-simple"},"yoast_head":"<!-- This site is optimized with the Yoast SEO plugin v27.6 - https:\/\/yoast.com\/product\/yoast-seo-wordpress\/ -->\n<title>EXCALIBUR MAG MAX ARMBRUST SET MOSSY OAK BOTTOMLANDS mit FESTEM ZIELFERNROHR - Bogensportdiscount \u2013 B\u00f6gen, Pfeile, Targets &amp; Zubeh\u00f6r<\/title>\n<meta name=\"description\" content=\"EXCALIBUR MAG MAX ARMBRUST SET MOSSY OAK BOTTOMLANDS mit FESTEM ZIELFERNROHR g\u00fcnstig kaufen bei Bogensportdiscount \u2013 Top-Marken, schneller Versand aus der Schweiz.\" \/>\n<meta name=\"robots\" content=\"index, follow, max-snippet:-1, max-image-preview:large, max-video-preview:-1\" \/>\n<link rel=\"canonical\" href=\"https:\/\/bogensportdiscount.ch\/fr\/produit\/excalibur-recurve-armbrust-mag-max-set-mossy-oak-bottomlands-festleistungszielfernrohr\/\" \/>\n<meta property=\"og:locale\" content=\"fr_FR\" \/>\n<meta property=\"og:type\" content=\"article\" \/>\n<meta property=\"og:title\" content=\"EXCALIBUR MAG MAX ARMBRUST SET MOSSY OAK BOTTOMLANDS mit FESTEM ZIELFERNROHR - Bogensportdiscount \u2013 B\u00f6gen, Pfeile, Targets &amp; Zubeh\u00f6r\" \/>\n<meta property=\"og:description\" content=\"EXCALIBUR MAG MAX ARMBRUST SET MOSSY OAK BOTTOMLANDS mit FESTEM ZIELFERNROHR g\u00fcnstig kaufen bei Bogensportdiscount \u2013 Top-Marken, schneller Versand aus der Schweiz.\" \/>\n<meta property=\"og:url\" content=\"https:\/\/bogensportdiscount.ch\/fr\/produit\/excalibur-recurve-armbrust-mag-max-set-mossy-oak-bottomlands-festleistungszielfernrohr\/\" \/>\n<meta property=\"og:site_name\" content=\"Bogensportdiscount \u2013 B\u00f6gen, Pfeile, Targets &amp; Zubeh\u00f6r\" \/>\n<meta property=\"article:modified_time\" content=\"2026-05-14T05:13:58+00:00\" \/>\n<meta property=\"og:image\" content=\"https:\/\/bogensportdiscount.ch\/wp-content\/uploads\/bsm-images\/A091810_1.png\" \/>\n\t<meta property=\"og:image:width\" content=\"4899\" \/>\n\t<meta property=\"og:image:height\" content=\"2335\" \/>\n\t<meta property=\"og:image:type\" content=\"image\/png\" \/>\n<meta name=\"twitter:card\" content=\"summary_large_image\" \/>\n<script type=\"application\/ld+json\" class=\"yoast-schema-graph\">{\"@context\":\"https:\\\/\\\/schema.org\",\"@graph\":[{\"@type\":\"WebPage\",\"@id\":\"https:\\\/\\\/bogensportdiscount.ch\\\/produkt\\\/excalibur-recurve-armbrust-mag-max-set-mossy-oak-bottomlands-festleistungszielfernrohr\\\/\",\"url\":\"https:\\\/\\\/bogensportdiscount.ch\\\/produkt\\\/excalibur-recurve-armbrust-mag-max-set-mossy-oak-bottomlands-festleistungszielfernrohr\\\/\",\"name\":\"EXCALIBUR MAG MAX ARMBRUST SET MOSSY OAK BOTTOMLANDS mit FESTEM ZIELFERNROHR - Bogensportdiscount \u2013 B\u00f6gen, Pfeile, Targets &amp; Zubeh\u00f6r\",\"isPartOf\":{\"@id\":\"https:\\\/\\\/bogensportdiscount.ch\\\/#website\"},\"primaryImageOfPage\":{\"@id\":\"https:\\\/\\\/bogensportdiscount.ch\\\/produkt\\\/excalibur-recurve-armbrust-mag-max-set-mossy-oak-bottomlands-festleistungszielfernrohr\\\/#primaryimage\"},\"image\":{\"@id\":\"https:\\\/\\\/bogensportdiscount.ch\\\/produkt\\\/excalibur-recurve-armbrust-mag-max-set-mossy-oak-bottomlands-festleistungszielfernrohr\\\/#primaryimage\"},\"thumbnailUrl\":\"https:\\\/\\\/bogensportdiscount.ch\\\/wp-content\\\/uploads\\\/bsm-images\\\/A091810_1.png\",\"datePublished\":\"2026-04-05T12:31:23+00:00\",\"dateModified\":\"2026-05-14T05:13:58+00:00\",\"description\":\"EXCALIBUR MAG MAX ARMBRUST SET MOSSY OAK BOTTOMLANDS mit FESTEM ZIELFERNROHR g\u00fcnstig kaufen bei Bogensportdiscount \u2013 Top-Marken, schneller Versand aus der Schweiz.\",\"breadcrumb\":{\"@id\":\"https:\\\/\\\/bogensportdiscount.ch\\\/produkt\\\/excalibur-recurve-armbrust-mag-max-set-mossy-oak-bottomlands-festleistungszielfernrohr\\\/#breadcrumb\"},\"inLanguage\":\"fr-FR\",\"potentialAction\":[{\"@type\":\"ReadAction\",\"target\":[\"https:\\\/\\\/bogensportdiscount.ch\\\/produkt\\\/excalibur-recurve-armbrust-mag-max-set-mossy-oak-bottomlands-festleistungszielfernrohr\\\/\"]}]},{\"@type\":\"ImageObject\",\"inLanguage\":\"fr-FR\",\"@id\":\"https:\\\/\\\/bogensportdiscount.ch\\\/produkt\\\/excalibur-recurve-armbrust-mag-max-set-mossy-oak-bottomlands-festleistungszielfernrohr\\\/#primaryimage\",\"url\":\"https:\\\/\\\/bogensportdiscount.ch\\\/wp-content\\\/uploads\\\/bsm-images\\\/A091810_1.png\",\"contentUrl\":\"https:\\\/\\\/bogensportdiscount.ch\\\/wp-content\\\/uploads\\\/bsm-images\\\/A091810_1.png\",\"width\":4899,\"height\":2335},{\"@type\":\"BreadcrumbList\",\"@id\":\"https:\\\/\\\/bogensportdiscount.ch\\\/produkt\\\/excalibur-recurve-armbrust-mag-max-set-mossy-oak-bottomlands-festleistungszielfernrohr\\\/#breadcrumb\",\"itemListElement\":[{\"@type\":\"ListItem\",\"position\":1,\"name\":\"Home\",\"item\":\"https:\\\/\\\/bogensportdiscount.ch\\\/\"},{\"@type\":\"ListItem\",\"position\":2,\"name\":\"Shop\",\"item\":\"https:\\\/\\\/bogensportdiscount.ch\\\/shop\\\/\"},{\"@type\":\"ListItem\",\"position\":3,\"name\":\"EXCALIBUR MAG MAX CROSSBOW SET MOSSY OAK BOTTOMLANDS w\\\/FIXED POWER SCOPE\"}]},{\"@type\":\"WebSite\",\"@id\":\"https:\\\/\\\/bogensportdiscount.ch\\\/#website\",\"url\":\"https:\\\/\\\/bogensportdiscount.ch\\\/\",\"name\":\"Bogensportdiscount\",\"description\":\"\",\"potentialAction\":[{\"@type\":\"SearchAction\",\"target\":{\"@type\":\"EntryPoint\",\"urlTemplate\":\"https:\\\/\\\/bogensportdiscount.ch\\\/?s={search_term_string}\"},\"query-input\":{\"@type\":\"PropertyValueSpecification\",\"valueRequired\":true,\"valueName\":\"search_term_string\"}}],\"inLanguage\":\"fr-FR\"}]}<\/script>\n<!-- \/ Yoast SEO plugin. -->","yoast_head_json":{"title":"EXCALIBUR MAG MAX ARMBRUST SET MOSSY OAK BOTTOMLANDS mit FESTEM ZIELFERNROHR - Bogensportdiscount \u2013 B\u00f6gen, Pfeile, Targets &amp; Zubeh\u00f6r","description":"EXCALIBUR MAG MAX ARMBRUST SET MOSSY OAK BOTTOMLANDS mit FESTEM ZIELFERNROHR g\u00fcnstig kaufen bei Bogensportdiscount \u2013 Top-Marken, schneller Versand aus der Schweiz.","robots":{"index":"index","follow":"follow","max-snippet":"max-snippet:-1","max-image-preview":"max-image-preview:large","max-video-preview":"max-video-preview:-1"},"canonical":"https:\/\/bogensportdiscount.ch\/fr\/produit\/excalibur-recurve-armbrust-mag-max-set-mossy-oak-bottomlands-festleistungszielfernrohr\/","og_locale":"fr_FR","og_type":"article","og_title":"EXCALIBUR MAG MAX ARMBRUST SET MOSSY OAK BOTTOMLANDS mit FESTEM ZIELFERNROHR - Bogensportdiscount \u2013 B\u00f6gen, Pfeile, Targets &amp; Zubeh\u00f6r","og_description":"EXCALIBUR MAG MAX ARMBRUST SET MOSSY OAK BOTTOMLANDS mit FESTEM ZIELFERNROHR g\u00fcnstig kaufen bei Bogensportdiscount \u2013 Top-Marken, schneller Versand aus der Schweiz.","og_url":"https:\/\/bogensportdiscount.ch\/fr\/produit\/excalibur-recurve-armbrust-mag-max-set-mossy-oak-bottomlands-festleistungszielfernrohr\/","og_site_name":"Bogensportdiscount \u2013 B\u00f6gen, Pfeile, Targets &amp; Zubeh\u00f6r","article_modified_time":"2026-05-14T05:13:58+00:00","og_image":[{"url":"https:\/\/bogensportdiscount.ch\/wp-content\/uploads\/bsm-images\/A091810_1.png","width":4899,"height":2335,"type":"image\/png"}],"twitter_card":"summary_large_image","schema":{"@context":"https:\/\/schema.org","@graph":[{"@type":"WebPage","@id":"https:\/\/bogensportdiscount.ch\/produkt\/excalibur-recurve-armbrust-mag-max-set-mossy-oak-bottomlands-festleistungszielfernrohr\/","url":"https:\/\/bogensportdiscount.ch\/produkt\/excalibur-recurve-armbrust-mag-max-set-mossy-oak-bottomlands-festleistungszielfernrohr\/","name":"EXCALIBUR MAG MAX ARMBRUST SET MOSSY OAK BOTTOMLANDS mit FESTEM ZIELFERNROHR - Bogensportdiscount \u2013 B\u00f6gen, Pfeile, Targets &amp; Zubeh\u00f6r","isPartOf":{"@id":"https:\/\/bogensportdiscount.ch\/#website"},"primaryImageOfPage":{"@id":"https:\/\/bogensportdiscount.ch\/produkt\/excalibur-recurve-armbrust-mag-max-set-mossy-oak-bottomlands-festleistungszielfernrohr\/#primaryimage"},"image":{"@id":"https:\/\/bogensportdiscount.ch\/produkt\/excalibur-recurve-armbrust-mag-max-set-mossy-oak-bottomlands-festleistungszielfernrohr\/#primaryimage"},"thumbnailUrl":"https:\/\/bogensportdiscount.ch\/wp-content\/uploads\/bsm-images\/A091810_1.png","datePublished":"2026-04-05T12:31:23+00:00","dateModified":"2026-05-14T05:13:58+00:00","description":"EXCALIBUR MAG MAX ARMBRUST SET MOSSY OAK BOTTOMLANDS mit FESTEM ZIELFERNROHR g\u00fcnstig kaufen bei Bogensportdiscount \u2013 Top-Marken, schneller Versand aus der Schweiz.","breadcrumb":{"@id":"https:\/\/bogensportdiscount.ch\/produkt\/excalibur-recurve-armbrust-mag-max-set-mossy-oak-bottomlands-festleistungszielfernrohr\/#breadcrumb"},"inLanguage":"fr-FR","potentialAction":[{"@type":"ReadAction","target":["https:\/\/bogensportdiscount.ch\/produkt\/excalibur-recurve-armbrust-mag-max-set-mossy-oak-bottomlands-festleistungszielfernrohr\/"]}]},{"@type":"ImageObject","inLanguage":"fr-FR","@id":"https:\/\/bogensportdiscount.ch\/produkt\/excalibur-recurve-armbrust-mag-max-set-mossy-oak-bottomlands-festleistungszielfernrohr\/#primaryimage","url":"https:\/\/bogensportdiscount.ch\/wp-content\/uploads\/bsm-images\/A091810_1.png","contentUrl":"https:\/\/bogensportdiscount.ch\/wp-content\/uploads\/bsm-images\/A091810_1.png","width":4899,"height":2335},{"@type":"BreadcrumbList","@id":"https:\/\/bogensportdiscount.ch\/produkt\/excalibur-recurve-armbrust-mag-max-set-mossy-oak-bottomlands-festleistungszielfernrohr\/#breadcrumb","itemListElement":[{"@type":"ListItem","position":1,"name":"Home","item":"https:\/\/bogensportdiscount.ch\/"},{"@type":"ListItem","position":2,"name":"Shop","item":"https:\/\/bogensportdiscount.ch\/shop\/"},{"@type":"ListItem","position":3,"name":"EXCALIBUR MAG MAX CROSSBOW SET MOSSY OAK BOTTOMLANDS w\/FIXED POWER SCOPE"}]},{"@type":"WebSite","@id":"https:\/\/bogensportdiscount.ch\/#website","url":"https:\/\/bogensportdiscount.ch\/","name":"Bogensportdiscount","description":"","potentialAction":[{"@type":"SearchAction","target":{"@type":"EntryPoint","urlTemplate":"https:\/\/bogensportdiscount.ch\/?s={search_term_string}"},"query-input":{"@type":"PropertyValueSpecification","valueRequired":true,"valueName":"search_term_string"}}],"inLanguage":"fr-FR"}]}},"_links":{"self":[{"href":"https:\/\/bogensportdiscount.ch\/fr\/wp-json\/wp\/v2\/product\/393853","targetHints":{"allow":["GET"]}}],"collection":[{"href":"https:\/\/bogensportdiscount.ch\/fr\/wp-json\/wp\/v2\/product"}],"about":[{"href":"https:\/\/bogensportdiscount.ch\/fr\/wp-json\/wp\/v2\/types\/product"}],"replies":[{"embeddable":true,"href":"https:\/\/bogensportdiscount.ch\/fr\/wp-json\/wp\/v2\/comments?post=393853"}],"wp:featuredmedia":[{"embeddable":true,"href":"https:\/\/bogensportdiscount.ch\/fr\/wp-json\/wp\/v2\/media\/524614"}],"wp:attachment":[{"href":"https:\/\/bogensportdiscount.ch\/fr\/wp-json\/wp\/v2\/media?parent=393853"}],"wp:term":[{"taxonomy":"product_brand","embeddable":true,"href":"https:\/\/bogensportdiscount.ch\/fr\/wp-json\/wp\/v2\/product_brand?post=393853"},{"taxonomy":"product_cat","embeddable":true,"href":"https:\/\/bogensportdiscount.ch\/fr\/wp-json\/wp\/v2\/product_cat?post=393853"},{"taxonomy":"product_tag","embeddable":true,"href":"https:\/\/bogensportdiscount.ch\/fr\/wp-json\/wp\/v2\/product_tag?post=393853"}],"curies":[{"name":"wp","href":"https:\/\/api.w.org\/{rel}","templated":true}]}}