{"id":393837,"date":"2026-04-05T14:31:19","date_gmt":"2026-04-05T12:31:19","guid":{"rendered":"https:\/\/bogensportdiscount.ch\/produkt\/gillo-g4-bare-bow-cover-2x-stainless-stell-sides-aluminum-center\/"},"modified":"2026-05-14T07:13:58","modified_gmt":"2026-05-14T05:13:58","slug":"gillo-g4-bare-bow-griffstueck-abdeckung-edelstahl-aluminium","status":"publish","type":"product","link":"https:\/\/bogensportdiscount.ch\/fr\/produit\/gillo-g4-bare-bow-griffstueck-abdeckung-edelstahl-aluminium\/","title":{"rendered":"GILLO G4 BLANKBOGEN COVER 2X STAINLESS STEEL SEITEN. ALUMINUM MITTELTEIL"},"content":{"rendered":"<p>Le cache Bare Bow GILLO G4 est compos\u00e9 de deux parties lat\u00e9rales en acier inoxydable ainsi que d'une pi\u00e8ce centrale en aluminium. Cette combinaison de mat\u00e9riaux assure une construction solide avec un rapport \u00e9quilibr\u00e9 entre stabilit\u00e9 et poids.<\/p>\n<p>Le produit fait partie du syst\u00e8me G4 de GILLO et s'adresse aux archers Bare Bow souhaitant \u00e9quiper leur arc avec des accessoires d'origine adapt\u00e9s. Le cache compl\u00e8te la configuration de poign\u00e9e G4 et correspond au reste de la gamme de produits G4.<\/p>\n<ul>\n<li>Parties lat\u00e9rales en acier inoxydable<\/li>\n<li>Pi\u00e8ce centrale en aluminium<\/li>\n<li>Compatible avec le syst\u00e8me GILLO G4 Bare Bow<\/li>\n<li>Combinaison de mat\u00e9riaux robuste<\/li>\n<\/ul>","protected":false},"excerpt":{"rendered":"<table>\n<tr>\n<th>Propri\u00e9t\u00e9<\/th>\n<th>Valeur<\/th>\n<\/tr>\n<tr>\n<td>Marque<\/td>\n<td>Gillo<\/td>\n<\/tr>\n<tr>\n<td>Type<\/td>\n<td>Poids de riser<\/td>\n<\/tr>\n<tr>\n<td>Mat\u00e9riau<\/td>\n<td>Stainless steel<\/td>\n<\/tr>\n<tr>\n<td>Gewicht (g)<\/td>\n<td>800<\/td>\n<\/tr>\n<tr>\n<td>Pays d'origine<\/td>\n<td>Italie<\/td>\n<\/tr>\n<tr>\n<td>GTIN<\/td>\n<td>8052740944801<\/td>\n<\/tr>\n<\/table>","protected":false},"featured_media":524112,"comment_status":"open","ping_status":"closed","template":"","meta":[],"product_brand":[854],"product_cat":[4128,4131,4199],"product_tag":[3546],"class_list":{"0":"post-393837","1":"product","2":"type-product","3":"status-publish","4":"has-post-thumbnail","6":"product_brand-gillo","7":"product_cat-bogen-zubehoer","8":"product_cat-stabilisation","9":"product_cat-gewichte","10":"product_tag-neuheit","11":"product_shipping_class-bsd-standard","13":"first","14":"instock","15":"shipping-taxable","16":"purchasable","17":"product-type-simple"},"yoast_head":"<!-- This site is optimized with the Yoast SEO plugin v27.6 - https:\/\/yoast.com\/product\/yoast-seo-wordpress\/ -->\n<title>GILLO G4 BLANKBOGEN COVER 2X STAINLESS STEEL SEITEN. ALUMINUM MITTELTEIL - Bogensportdiscount \u2013 B\u00f6gen, Pfeile, Targets &amp; Zubeh\u00f6r<\/title>\n<meta name=\"description\" content=\"GILLO G4 BLANKBOGEN COVER 2X STAINLESS STEEL SEITEN. ALUMINUM MITTELTEIL g\u00fcnstig kaufen bei Bogensportdiscount \u2013 Top-Marken, schneller Versand aus der Schweiz.\" \/>\n<meta name=\"robots\" content=\"index, follow, max-snippet:-1, max-image-preview:large, max-video-preview:-1\" \/>\n<link rel=\"canonical\" href=\"https:\/\/bogensportdiscount.ch\/fr\/produit\/gillo-g4-bare-bow-griffstueck-abdeckung-edelstahl-aluminium\/\" \/>\n<meta property=\"og:locale\" content=\"fr_FR\" \/>\n<meta property=\"og:type\" content=\"article\" \/>\n<meta property=\"og:title\" content=\"GILLO G4 BLANKBOGEN COVER 2X STAINLESS STEEL SEITEN. ALUMINUM MITTELTEIL - Bogensportdiscount \u2013 B\u00f6gen, Pfeile, Targets &amp; Zubeh\u00f6r\" \/>\n<meta property=\"og:description\" content=\"GILLO G4 BLANKBOGEN COVER 2X STAINLESS STEEL SEITEN. ALUMINUM MITTELTEIL g\u00fcnstig kaufen bei Bogensportdiscount \u2013 Top-Marken, schneller Versand aus der Schweiz.\" \/>\n<meta property=\"og:url\" content=\"https:\/\/bogensportdiscount.ch\/fr\/produit\/gillo-g4-bare-bow-griffstueck-abdeckung-edelstahl-aluminium\/\" \/>\n<meta property=\"og:site_name\" content=\"Bogensportdiscount \u2013 B\u00f6gen, Pfeile, Targets &amp; Zubeh\u00f6r\" \/>\n<meta property=\"article:modified_time\" content=\"2026-05-14T05:13:58+00:00\" \/>\n<meta property=\"og:image\" content=\"https:\/\/bogensportdiscount.ch\/wp-content\/uploads\/bsm-images\/A088744_1.jpg\" \/>\n\t<meta property=\"og:image:width\" content=\"1094\" \/>\n\t<meta property=\"og:image:height\" content=\"1294\" \/>\n\t<meta property=\"og:image:type\" content=\"image\/jpeg\" \/>\n<meta name=\"twitter:card\" content=\"summary_large_image\" \/>\n<script type=\"application\/ld+json\" class=\"yoast-schema-graph\">{\"@context\":\"https:\\\/\\\/schema.org\",\"@graph\":[{\"@type\":\"WebPage\",\"@id\":\"https:\\\/\\\/bogensportdiscount.ch\\\/produkt\\\/gillo-g4-bare-bow-griffstueck-abdeckung-edelstahl-aluminium\\\/\",\"url\":\"https:\\\/\\\/bogensportdiscount.ch\\\/produkt\\\/gillo-g4-bare-bow-griffstueck-abdeckung-edelstahl-aluminium\\\/\",\"name\":\"GILLO G4 BLANKBOGEN COVER 2X STAINLESS STEEL SEITEN. ALUMINUM MITTELTEIL - Bogensportdiscount \u2013 B\u00f6gen, Pfeile, Targets &amp; Zubeh\u00f6r\",\"isPartOf\":{\"@id\":\"https:\\\/\\\/bogensportdiscount.ch\\\/#website\"},\"primaryImageOfPage\":{\"@id\":\"https:\\\/\\\/bogensportdiscount.ch\\\/produkt\\\/gillo-g4-bare-bow-griffstueck-abdeckung-edelstahl-aluminium\\\/#primaryimage\"},\"image\":{\"@id\":\"https:\\\/\\\/bogensportdiscount.ch\\\/produkt\\\/gillo-g4-bare-bow-griffstueck-abdeckung-edelstahl-aluminium\\\/#primaryimage\"},\"thumbnailUrl\":\"https:\\\/\\\/bogensportdiscount.ch\\\/wp-content\\\/uploads\\\/bsm-images\\\/A088744_1.jpg\",\"datePublished\":\"2026-04-05T12:31:19+00:00\",\"dateModified\":\"2026-05-14T05:13:58+00:00\",\"description\":\"GILLO G4 BLANKBOGEN COVER 2X STAINLESS STEEL SEITEN. ALUMINUM MITTELTEIL g\u00fcnstig kaufen bei Bogensportdiscount \u2013 Top-Marken, schneller Versand aus der Schweiz.\",\"breadcrumb\":{\"@id\":\"https:\\\/\\\/bogensportdiscount.ch\\\/produkt\\\/gillo-g4-bare-bow-griffstueck-abdeckung-edelstahl-aluminium\\\/#breadcrumb\"},\"inLanguage\":\"fr-FR\",\"potentialAction\":[{\"@type\":\"ReadAction\",\"target\":[\"https:\\\/\\\/bogensportdiscount.ch\\\/produkt\\\/gillo-g4-bare-bow-griffstueck-abdeckung-edelstahl-aluminium\\\/\"]}]},{\"@type\":\"ImageObject\",\"inLanguage\":\"fr-FR\",\"@id\":\"https:\\\/\\\/bogensportdiscount.ch\\\/produkt\\\/gillo-g4-bare-bow-griffstueck-abdeckung-edelstahl-aluminium\\\/#primaryimage\",\"url\":\"https:\\\/\\\/bogensportdiscount.ch\\\/wp-content\\\/uploads\\\/bsm-images\\\/A088744_1.jpg\",\"contentUrl\":\"https:\\\/\\\/bogensportdiscount.ch\\\/wp-content\\\/uploads\\\/bsm-images\\\/A088744_1.jpg\",\"width\":1094,\"height\":1294},{\"@type\":\"BreadcrumbList\",\"@id\":\"https:\\\/\\\/bogensportdiscount.ch\\\/produkt\\\/gillo-g4-bare-bow-griffstueck-abdeckung-edelstahl-aluminium\\\/#breadcrumb\",\"itemListElement\":[{\"@type\":\"ListItem\",\"position\":1,\"name\":\"Home\",\"item\":\"https:\\\/\\\/bogensportdiscount.ch\\\/\"},{\"@type\":\"ListItem\",\"position\":2,\"name\":\"Shop\",\"item\":\"https:\\\/\\\/bogensportdiscount.ch\\\/shop\\\/\"},{\"@type\":\"ListItem\",\"position\":3,\"name\":\"GILLO G4 BARE BOW COVER 2X STAINLESS STELL SIDES. ALUMINUM CENTER\"}]},{\"@type\":\"WebSite\",\"@id\":\"https:\\\/\\\/bogensportdiscount.ch\\\/#website\",\"url\":\"https:\\\/\\\/bogensportdiscount.ch\\\/\",\"name\":\"Bogensportdiscount\",\"description\":\"\",\"potentialAction\":[{\"@type\":\"SearchAction\",\"target\":{\"@type\":\"EntryPoint\",\"urlTemplate\":\"https:\\\/\\\/bogensportdiscount.ch\\\/?s={search_term_string}\"},\"query-input\":{\"@type\":\"PropertyValueSpecification\",\"valueRequired\":true,\"valueName\":\"search_term_string\"}}],\"inLanguage\":\"fr-FR\"}]}<\/script>\n<!-- \/ Yoast SEO plugin. -->","yoast_head_json":{"title":"GILLO G4 BLANKBOGEN COVER 2X STAINLESS STEEL SEITEN. ALUMINUM MITTELTEIL - Bogensportdiscount \u2013 B\u00f6gen, Pfeile, Targets &amp; Zubeh\u00f6r","description":"GILLO G4 BLANKBOGEN COVER 2X STAINLESS STEEL SEITEN. ALUMINUM MITTELTEIL g\u00fcnstig kaufen bei Bogensportdiscount \u2013 Top-Marken, schneller Versand aus der Schweiz.","robots":{"index":"index","follow":"follow","max-snippet":"max-snippet:-1","max-image-preview":"max-image-preview:large","max-video-preview":"max-video-preview:-1"},"canonical":"https:\/\/bogensportdiscount.ch\/fr\/produit\/gillo-g4-bare-bow-griffstueck-abdeckung-edelstahl-aluminium\/","og_locale":"fr_FR","og_type":"article","og_title":"GILLO G4 BLANKBOGEN COVER 2X STAINLESS STEEL SEITEN. ALUMINUM MITTELTEIL - Bogensportdiscount \u2013 B\u00f6gen, Pfeile, Targets &amp; Zubeh\u00f6r","og_description":"GILLO G4 BLANKBOGEN COVER 2X STAINLESS STEEL SEITEN. ALUMINUM MITTELTEIL g\u00fcnstig kaufen bei Bogensportdiscount \u2013 Top-Marken, schneller Versand aus der Schweiz.","og_url":"https:\/\/bogensportdiscount.ch\/fr\/produit\/gillo-g4-bare-bow-griffstueck-abdeckung-edelstahl-aluminium\/","og_site_name":"Bogensportdiscount \u2013 B\u00f6gen, Pfeile, Targets &amp; Zubeh\u00f6r","article_modified_time":"2026-05-14T05:13:58+00:00","og_image":[{"width":1094,"height":1294,"url":"https:\/\/bogensportdiscount.ch\/wp-content\/uploads\/bsm-images\/A088744_1.jpg","type":"image\/jpeg"}],"twitter_card":"summary_large_image","schema":{"@context":"https:\/\/schema.org","@graph":[{"@type":"WebPage","@id":"https:\/\/bogensportdiscount.ch\/produkt\/gillo-g4-bare-bow-griffstueck-abdeckung-edelstahl-aluminium\/","url":"https:\/\/bogensportdiscount.ch\/produkt\/gillo-g4-bare-bow-griffstueck-abdeckung-edelstahl-aluminium\/","name":"GILLO G4 BLANKBOGEN COVER 2X STAINLESS STEEL SEITEN. ALUMINUM MITTELTEIL - Bogensportdiscount \u2013 B\u00f6gen, Pfeile, Targets &amp; Zubeh\u00f6r","isPartOf":{"@id":"https:\/\/bogensportdiscount.ch\/#website"},"primaryImageOfPage":{"@id":"https:\/\/bogensportdiscount.ch\/produkt\/gillo-g4-bare-bow-griffstueck-abdeckung-edelstahl-aluminium\/#primaryimage"},"image":{"@id":"https:\/\/bogensportdiscount.ch\/produkt\/gillo-g4-bare-bow-griffstueck-abdeckung-edelstahl-aluminium\/#primaryimage"},"thumbnailUrl":"https:\/\/bogensportdiscount.ch\/wp-content\/uploads\/bsm-images\/A088744_1.jpg","datePublished":"2026-04-05T12:31:19+00:00","dateModified":"2026-05-14T05:13:58+00:00","description":"GILLO G4 BLANKBOGEN COVER 2X STAINLESS STEEL SEITEN. ALUMINUM MITTELTEIL g\u00fcnstig kaufen bei Bogensportdiscount \u2013 Top-Marken, schneller Versand aus der Schweiz.","breadcrumb":{"@id":"https:\/\/bogensportdiscount.ch\/produkt\/gillo-g4-bare-bow-griffstueck-abdeckung-edelstahl-aluminium\/#breadcrumb"},"inLanguage":"fr-FR","potentialAction":[{"@type":"ReadAction","target":["https:\/\/bogensportdiscount.ch\/produkt\/gillo-g4-bare-bow-griffstueck-abdeckung-edelstahl-aluminium\/"]}]},{"@type":"ImageObject","inLanguage":"fr-FR","@id":"https:\/\/bogensportdiscount.ch\/produkt\/gillo-g4-bare-bow-griffstueck-abdeckung-edelstahl-aluminium\/#primaryimage","url":"https:\/\/bogensportdiscount.ch\/wp-content\/uploads\/bsm-images\/A088744_1.jpg","contentUrl":"https:\/\/bogensportdiscount.ch\/wp-content\/uploads\/bsm-images\/A088744_1.jpg","width":1094,"height":1294},{"@type":"BreadcrumbList","@id":"https:\/\/bogensportdiscount.ch\/produkt\/gillo-g4-bare-bow-griffstueck-abdeckung-edelstahl-aluminium\/#breadcrumb","itemListElement":[{"@type":"ListItem","position":1,"name":"Home","item":"https:\/\/bogensportdiscount.ch\/"},{"@type":"ListItem","position":2,"name":"Shop","item":"https:\/\/bogensportdiscount.ch\/shop\/"},{"@type":"ListItem","position":3,"name":"GILLO G4 BARE BOW COVER 2X STAINLESS STELL SIDES. ALUMINUM CENTER"}]},{"@type":"WebSite","@id":"https:\/\/bogensportdiscount.ch\/#website","url":"https:\/\/bogensportdiscount.ch\/","name":"Bogensportdiscount","description":"","potentialAction":[{"@type":"SearchAction","target":{"@type":"EntryPoint","urlTemplate":"https:\/\/bogensportdiscount.ch\/?s={search_term_string}"},"query-input":{"@type":"PropertyValueSpecification","valueRequired":true,"valueName":"search_term_string"}}],"inLanguage":"fr-FR"}]}},"_links":{"self":[{"href":"https:\/\/bogensportdiscount.ch\/fr\/wp-json\/wp\/v2\/product\/393837","targetHints":{"allow":["GET"]}}],"collection":[{"href":"https:\/\/bogensportdiscount.ch\/fr\/wp-json\/wp\/v2\/product"}],"about":[{"href":"https:\/\/bogensportdiscount.ch\/fr\/wp-json\/wp\/v2\/types\/product"}],"replies":[{"embeddable":true,"href":"https:\/\/bogensportdiscount.ch\/fr\/wp-json\/wp\/v2\/comments?post=393837"}],"wp:featuredmedia":[{"embeddable":true,"href":"https:\/\/bogensportdiscount.ch\/fr\/wp-json\/wp\/v2\/media\/524112"}],"wp:attachment":[{"href":"https:\/\/bogensportdiscount.ch\/fr\/wp-json\/wp\/v2\/media?parent=393837"}],"wp:term":[{"taxonomy":"product_brand","embeddable":true,"href":"https:\/\/bogensportdiscount.ch\/fr\/wp-json\/wp\/v2\/product_brand?post=393837"},{"taxonomy":"product_cat","embeddable":true,"href":"https:\/\/bogensportdiscount.ch\/fr\/wp-json\/wp\/v2\/product_cat?post=393837"},{"taxonomy":"product_tag","embeddable":true,"href":"https:\/\/bogensportdiscount.ch\/fr\/wp-json\/wp\/v2\/product_tag?post=393837"}],"curies":[{"name":"wp","href":"https:\/\/api.w.org\/{rel}","templated":true}]}}