{"id":393831,"date":"2026-04-05T14:31:18","date_gmt":"2026-04-05T12:31:18","guid":{"rendered":"https:\/\/bogensportdiscount.ch\/produkt\/gillo-g4-hammers-bare-bow-kit-aluminum\/"},"modified":"2026-05-14T07:13:58","modified_gmt":"2026-05-14T05:13:58","slug":"gillo-g4-hammers-bare-bow-kit-aluminium","status":"publish","type":"product","link":"https:\/\/bogensportdiscount.ch\/fr\/produit\/gillo-g4-hammers-bare-bow-kit-aluminium\/","title":{"rendered":"GILLO G4 HAMMERS BLANKBOGEN KIT-ALUMINUM"},"content":{"rendered":"<p>Le kit de poids GILLO G4 Hammers Bare Bow en aluminium est sp\u00e9cialement con\u00e7u pour une utilisation sur un arc Barebow. Des poids de ce type servent \u00e0 ajuster pr\u00e9cis\u00e9ment le comportement d'\u00e9quilibre de l'arc et \u00e0 favoriser un tir plus stable.<\/p>\n<p>L'aluminium offre un bon rapport entre le poids et la stabilit\u00e9. Le kit convient aux arch\u00e8res et archers souhaitant optimiser leur \u00e9quipement Barebow.<\/p>\n<ul>\n<li>Mat\u00e9riau : Aluminium<\/li>\n<li>Adapt\u00e9 \u00e0 une configuration Barebow<\/li>\n<li>Pour le r\u00e9glage fin de l'\u00e9quilibre de l'arc<\/li>\n<li>De GILLO, un fabricant reconnu dans le segment des arcs classiques et Barebow<\/li>\n<\/ul>","protected":false},"excerpt":{"rendered":"<table>\n<tr>\n<th>Propri\u00e9t\u00e9<\/th>\n<th>Valeur<\/th>\n<\/tr>\n<tr>\n<td>Marque<\/td>\n<td>Gillo<\/td>\n<\/tr>\n<tr>\n<td>Type<\/td>\n<td>Poids de riser<\/td>\n<\/tr>\n<tr>\n<td>Mat\u00e9riau<\/td>\n<td>Aluminium<\/td>\n<\/tr>\n<tr>\n<td>Pays d'origine<\/td>\n<td>Italie<\/td>\n<\/tr>\n<tr>\n<td>GTIN<\/td>\n<td>8052740944757<\/td>\n<\/tr>\n<\/table>","protected":false},"featured_media":524115,"comment_status":"open","ping_status":"closed","template":"","meta":[],"product_brand":[854],"product_cat":[4128,4131,4199],"product_tag":[3546],"class_list":{"0":"post-393831","1":"product","2":"type-product","3":"status-publish","4":"has-post-thumbnail","6":"product_brand-gillo","7":"product_cat-bogen-zubehoer","8":"product_cat-stabilisation","9":"product_cat-gewichte","10":"product_tag-neuheit","11":"product_shipping_class-bsd-standard","13":"first","14":"instock","15":"shipping-taxable","16":"purchasable","17":"product-type-simple"},"yoast_head":"<!-- This site is optimized with the Yoast SEO plugin v27.6 - https:\/\/yoast.com\/product\/yoast-seo-wordpress\/ -->\n<title>GILLO G4 HAMMERS BLANKBOGEN KIT-ALUMINUM - Bogensportdiscount \u2013 B\u00f6gen, Pfeile, Targets &amp; Zubeh\u00f6r<\/title>\n<meta name=\"description\" content=\"GILLO G4 HAMMERS BLANKBOGEN KIT-ALUMINUM g\u00fcnstig kaufen bei Bogensportdiscount \u2013 Top-Marken, schneller Versand aus der Schweiz.\" \/>\n<meta name=\"robots\" content=\"index, follow, max-snippet:-1, max-image-preview:large, max-video-preview:-1\" \/>\n<link rel=\"canonical\" href=\"https:\/\/bogensportdiscount.ch\/fr\/produit\/gillo-g4-hammers-bare-bow-kit-aluminium\/\" \/>\n<meta property=\"og:locale\" content=\"fr_FR\" \/>\n<meta property=\"og:type\" content=\"article\" \/>\n<meta property=\"og:title\" content=\"GILLO G4 HAMMERS BLANKBOGEN KIT-ALUMINUM - Bogensportdiscount \u2013 B\u00f6gen, Pfeile, Targets &amp; Zubeh\u00f6r\" \/>\n<meta property=\"og:description\" content=\"GILLO G4 HAMMERS BLANKBOGEN KIT-ALUMINUM g\u00fcnstig kaufen bei Bogensportdiscount \u2013 Top-Marken, schneller Versand aus der Schweiz.\" \/>\n<meta property=\"og:url\" content=\"https:\/\/bogensportdiscount.ch\/fr\/produit\/gillo-g4-hammers-bare-bow-kit-aluminium\/\" \/>\n<meta property=\"og:site_name\" content=\"Bogensportdiscount \u2013 B\u00f6gen, Pfeile, Targets &amp; Zubeh\u00f6r\" \/>\n<meta property=\"article:modified_time\" content=\"2026-05-14T05:13:58+00:00\" \/>\n<meta property=\"og:image\" content=\"https:\/\/bogensportdiscount.ch\/wp-content\/uploads\/bsm-images\/A088738_1.jpg\" \/>\n\t<meta property=\"og:image:width\" content=\"1972\" \/>\n\t<meta property=\"og:image:height\" content=\"1321\" \/>\n\t<meta property=\"og:image:type\" content=\"image\/jpeg\" \/>\n<meta name=\"twitter:card\" content=\"summary_large_image\" \/>\n<script type=\"application\/ld+json\" class=\"yoast-schema-graph\">{\"@context\":\"https:\\\/\\\/schema.org\",\"@graph\":[{\"@type\":\"WebPage\",\"@id\":\"https:\\\/\\\/bogensportdiscount.ch\\\/produkt\\\/gillo-g4-hammers-bare-bow-kit-aluminium\\\/\",\"url\":\"https:\\\/\\\/bogensportdiscount.ch\\\/produkt\\\/gillo-g4-hammers-bare-bow-kit-aluminium\\\/\",\"name\":\"GILLO G4 HAMMERS BLANKBOGEN KIT-ALUMINUM - Bogensportdiscount \u2013 B\u00f6gen, Pfeile, Targets &amp; Zubeh\u00f6r\",\"isPartOf\":{\"@id\":\"https:\\\/\\\/bogensportdiscount.ch\\\/#website\"},\"primaryImageOfPage\":{\"@id\":\"https:\\\/\\\/bogensportdiscount.ch\\\/produkt\\\/gillo-g4-hammers-bare-bow-kit-aluminium\\\/#primaryimage\"},\"image\":{\"@id\":\"https:\\\/\\\/bogensportdiscount.ch\\\/produkt\\\/gillo-g4-hammers-bare-bow-kit-aluminium\\\/#primaryimage\"},\"thumbnailUrl\":\"https:\\\/\\\/bogensportdiscount.ch\\\/wp-content\\\/uploads\\\/bsm-images\\\/A088738_1.jpg\",\"datePublished\":\"2026-04-05T12:31:18+00:00\",\"dateModified\":\"2026-05-14T05:13:58+00:00\",\"description\":\"GILLO G4 HAMMERS BLANKBOGEN KIT-ALUMINUM g\u00fcnstig kaufen bei Bogensportdiscount \u2013 Top-Marken, schneller Versand aus der Schweiz.\",\"breadcrumb\":{\"@id\":\"https:\\\/\\\/bogensportdiscount.ch\\\/produkt\\\/gillo-g4-hammers-bare-bow-kit-aluminium\\\/#breadcrumb\"},\"inLanguage\":\"fr-FR\",\"potentialAction\":[{\"@type\":\"ReadAction\",\"target\":[\"https:\\\/\\\/bogensportdiscount.ch\\\/produkt\\\/gillo-g4-hammers-bare-bow-kit-aluminium\\\/\"]}]},{\"@type\":\"ImageObject\",\"inLanguage\":\"fr-FR\",\"@id\":\"https:\\\/\\\/bogensportdiscount.ch\\\/produkt\\\/gillo-g4-hammers-bare-bow-kit-aluminium\\\/#primaryimage\",\"url\":\"https:\\\/\\\/bogensportdiscount.ch\\\/wp-content\\\/uploads\\\/bsm-images\\\/A088738_1.jpg\",\"contentUrl\":\"https:\\\/\\\/bogensportdiscount.ch\\\/wp-content\\\/uploads\\\/bsm-images\\\/A088738_1.jpg\",\"width\":1972,\"height\":1321},{\"@type\":\"BreadcrumbList\",\"@id\":\"https:\\\/\\\/bogensportdiscount.ch\\\/produkt\\\/gillo-g4-hammers-bare-bow-kit-aluminium\\\/#breadcrumb\",\"itemListElement\":[{\"@type\":\"ListItem\",\"position\":1,\"name\":\"Home\",\"item\":\"https:\\\/\\\/bogensportdiscount.ch\\\/\"},{\"@type\":\"ListItem\",\"position\":2,\"name\":\"Shop\",\"item\":\"https:\\\/\\\/bogensportdiscount.ch\\\/shop\\\/\"},{\"@type\":\"ListItem\",\"position\":3,\"name\":\"GILLO G4 HAMMERS BARE BOW KIT-ALUMINUM\"}]},{\"@type\":\"WebSite\",\"@id\":\"https:\\\/\\\/bogensportdiscount.ch\\\/#website\",\"url\":\"https:\\\/\\\/bogensportdiscount.ch\\\/\",\"name\":\"Bogensportdiscount\",\"description\":\"\",\"potentialAction\":[{\"@type\":\"SearchAction\",\"target\":{\"@type\":\"EntryPoint\",\"urlTemplate\":\"https:\\\/\\\/bogensportdiscount.ch\\\/?s={search_term_string}\"},\"query-input\":{\"@type\":\"PropertyValueSpecification\",\"valueRequired\":true,\"valueName\":\"search_term_string\"}}],\"inLanguage\":\"fr-FR\"}]}<\/script>\n<!-- \/ Yoast SEO plugin. -->","yoast_head_json":{"title":"GILLO G4 HAMMERS BLANKBOGEN KIT-ALUMINUM - Bogensportdiscount \u2013 B\u00f6gen, Pfeile, Targets &amp; Zubeh\u00f6r","description":"GILLO G4 HAMMERS BLANKBOGEN KIT-ALUMINUM g\u00fcnstig kaufen bei Bogensportdiscount \u2013 Top-Marken, schneller Versand aus der Schweiz.","robots":{"index":"index","follow":"follow","max-snippet":"max-snippet:-1","max-image-preview":"max-image-preview:large","max-video-preview":"max-video-preview:-1"},"canonical":"https:\/\/bogensportdiscount.ch\/fr\/produit\/gillo-g4-hammers-bare-bow-kit-aluminium\/","og_locale":"fr_FR","og_type":"article","og_title":"GILLO G4 HAMMERS BLANKBOGEN KIT-ALUMINUM - Bogensportdiscount \u2013 B\u00f6gen, Pfeile, Targets &amp; Zubeh\u00f6r","og_description":"GILLO G4 HAMMERS BLANKBOGEN KIT-ALUMINUM g\u00fcnstig kaufen bei Bogensportdiscount \u2013 Top-Marken, schneller Versand aus der Schweiz.","og_url":"https:\/\/bogensportdiscount.ch\/fr\/produit\/gillo-g4-hammers-bare-bow-kit-aluminium\/","og_site_name":"Bogensportdiscount \u2013 B\u00f6gen, Pfeile, Targets &amp; Zubeh\u00f6r","article_modified_time":"2026-05-14T05:13:58+00:00","og_image":[{"width":1972,"height":1321,"url":"https:\/\/bogensportdiscount.ch\/wp-content\/uploads\/bsm-images\/A088738_1.jpg","type":"image\/jpeg"}],"twitter_card":"summary_large_image","schema":{"@context":"https:\/\/schema.org","@graph":[{"@type":"WebPage","@id":"https:\/\/bogensportdiscount.ch\/produkt\/gillo-g4-hammers-bare-bow-kit-aluminium\/","url":"https:\/\/bogensportdiscount.ch\/produkt\/gillo-g4-hammers-bare-bow-kit-aluminium\/","name":"GILLO G4 HAMMERS BLANKBOGEN KIT-ALUMINUM - Bogensportdiscount \u2013 B\u00f6gen, Pfeile, Targets &amp; Zubeh\u00f6r","isPartOf":{"@id":"https:\/\/bogensportdiscount.ch\/#website"},"primaryImageOfPage":{"@id":"https:\/\/bogensportdiscount.ch\/produkt\/gillo-g4-hammers-bare-bow-kit-aluminium\/#primaryimage"},"image":{"@id":"https:\/\/bogensportdiscount.ch\/produkt\/gillo-g4-hammers-bare-bow-kit-aluminium\/#primaryimage"},"thumbnailUrl":"https:\/\/bogensportdiscount.ch\/wp-content\/uploads\/bsm-images\/A088738_1.jpg","datePublished":"2026-04-05T12:31:18+00:00","dateModified":"2026-05-14T05:13:58+00:00","description":"GILLO G4 HAMMERS BLANKBOGEN KIT-ALUMINUM g\u00fcnstig kaufen bei Bogensportdiscount \u2013 Top-Marken, schneller Versand aus der Schweiz.","breadcrumb":{"@id":"https:\/\/bogensportdiscount.ch\/produkt\/gillo-g4-hammers-bare-bow-kit-aluminium\/#breadcrumb"},"inLanguage":"fr-FR","potentialAction":[{"@type":"ReadAction","target":["https:\/\/bogensportdiscount.ch\/produkt\/gillo-g4-hammers-bare-bow-kit-aluminium\/"]}]},{"@type":"ImageObject","inLanguage":"fr-FR","@id":"https:\/\/bogensportdiscount.ch\/produkt\/gillo-g4-hammers-bare-bow-kit-aluminium\/#primaryimage","url":"https:\/\/bogensportdiscount.ch\/wp-content\/uploads\/bsm-images\/A088738_1.jpg","contentUrl":"https:\/\/bogensportdiscount.ch\/wp-content\/uploads\/bsm-images\/A088738_1.jpg","width":1972,"height":1321},{"@type":"BreadcrumbList","@id":"https:\/\/bogensportdiscount.ch\/produkt\/gillo-g4-hammers-bare-bow-kit-aluminium\/#breadcrumb","itemListElement":[{"@type":"ListItem","position":1,"name":"Home","item":"https:\/\/bogensportdiscount.ch\/"},{"@type":"ListItem","position":2,"name":"Shop","item":"https:\/\/bogensportdiscount.ch\/shop\/"},{"@type":"ListItem","position":3,"name":"GILLO G4 HAMMERS BARE BOW KIT-ALUMINUM"}]},{"@type":"WebSite","@id":"https:\/\/bogensportdiscount.ch\/#website","url":"https:\/\/bogensportdiscount.ch\/","name":"Bogensportdiscount","description":"","potentialAction":[{"@type":"SearchAction","target":{"@type":"EntryPoint","urlTemplate":"https:\/\/bogensportdiscount.ch\/?s={search_term_string}"},"query-input":{"@type":"PropertyValueSpecification","valueRequired":true,"valueName":"search_term_string"}}],"inLanguage":"fr-FR"}]}},"_links":{"self":[{"href":"https:\/\/bogensportdiscount.ch\/fr\/wp-json\/wp\/v2\/product\/393831","targetHints":{"allow":["GET"]}}],"collection":[{"href":"https:\/\/bogensportdiscount.ch\/fr\/wp-json\/wp\/v2\/product"}],"about":[{"href":"https:\/\/bogensportdiscount.ch\/fr\/wp-json\/wp\/v2\/types\/product"}],"replies":[{"embeddable":true,"href":"https:\/\/bogensportdiscount.ch\/fr\/wp-json\/wp\/v2\/comments?post=393831"}],"wp:featuredmedia":[{"embeddable":true,"href":"https:\/\/bogensportdiscount.ch\/fr\/wp-json\/wp\/v2\/media\/524115"}],"wp:attachment":[{"href":"https:\/\/bogensportdiscount.ch\/fr\/wp-json\/wp\/v2\/media?parent=393831"}],"wp:term":[{"taxonomy":"product_brand","embeddable":true,"href":"https:\/\/bogensportdiscount.ch\/fr\/wp-json\/wp\/v2\/product_brand?post=393831"},{"taxonomy":"product_cat","embeddable":true,"href":"https:\/\/bogensportdiscount.ch\/fr\/wp-json\/wp\/v2\/product_cat?post=393831"},{"taxonomy":"product_tag","embeddable":true,"href":"https:\/\/bogensportdiscount.ch\/fr\/wp-json\/wp\/v2\/product_tag?post=393831"}],"curies":[{"name":"wp","href":"https:\/\/api.w.org\/{rel}","templated":true}]}}