{"id":393807,"date":"2026-04-05T14:31:12","date_gmt":"2026-04-05T12:31:12","guid":{"rendered":"https:\/\/bogensportdiscount.ch\/produkt\/tru-ball-execution-gs-ultra-buckle-large-index-finger-release\/"},"modified":"2026-05-14T07:13:58","modified_gmt":"2026-05-14T05:13:58","slug":"truball-handgelenk-release-execution-gs-ultra-buckle-large-index-finger","status":"publish","type":"product","link":"https:\/\/bogensportdiscount.ch\/fr\/produit\/truball-handgelenk-release-execution-gs-ultra-buckle-large-index-finger\/","title":{"rendered":"TRUBALL EXECUTION GS ULTRA BUCKLE GRAND D\u00c9COCHEUR INDEX"},"content":{"rendered":"<p>Le TruBall Execution GS Ultra Buckle est un d\u00e9cocheur de poignet pour le tir \u00e0 l'arc \u00e0 poulies. La version en taille Large est con\u00e7ue pour les archers avec de grandes mains et offre un confort optimal au niveau du poignet.<\/p>\n<p>Le d\u00e9clenchement s'effectue via l'index (Index Finger), ce qui permet un mouvement de tir naturel et contr\u00f4l\u00e9. La fermeture \u00e0 boucle (Ultra Buckle) assure une fixation s\u00fbre et rapidement r\u00e9glable au poignet.<\/p>\n<ul>\n<li>D\u00e9cocheur de poignet avec fermeture \u00e0 boucle<\/li>\n<li>D\u00e9clenchement par l'index pour un tir contr\u00f4l\u00e9<\/li>\n<li>Taille Large pour les mains plus grandes<\/li>\n<li>Convient pour le tir \u00e0 l'arc compound<\/li>\n<\/ul>","protected":false},"excerpt":{"rendered":"<table>\n<tr>\n<th>Propri\u00e9t\u00e9<\/th>\n<th>Valeur<\/th>\n<\/tr>\n<tr>\n<td>Marque<\/td>\n<td>T.R.U. Ball<\/td>\n<\/tr>\n<tr>\n<td>Type<\/td>\n<td>Buckle<\/td>\n<\/tr>\n<tr>\n<td>Couleur<\/td>\n<td>Noir<\/td>\n<\/tr>\n<tr>\n<td>Gr\u00f6\u00dfen<\/td>\n<td>L<\/td>\n<\/tr>\n<tr>\n<td>Pays d'origine<\/td>\n<td>USA<\/td>\n<\/tr>\n<tr>\n<td>GTIN<\/td>\n<td>611254018682<\/td>\n<\/tr>\n<\/table>","protected":false},"featured_media":453340,"comment_status":"open","ping_status":"closed","template":"","meta":[],"product_brand":[578],"product_cat":[4124,4208,4210],"product_tag":[3546],"class_list":{"0":"post-393807","1":"product","2":"type-product","3":"status-publish","4":"has-post-thumbnail","6":"product_brand-truball","7":"product_cat-bogenschuetzer-ausruestung","8":"product_cat-releases-bogenschuetzer-ausruestung","9":"product_cat-index-finger-releases","10":"product_tag-neuheit","11":"product_shipping_class-bsd-standard","13":"first","14":"instock","15":"shipping-taxable","16":"purchasable","17":"product-type-simple"},"yoast_head":"<!-- This site is optimized with the Yoast SEO plugin v27.6 - https:\/\/yoast.com\/product\/yoast-seo-wordpress\/ -->\n<title>TRUBALL EXECUTION GS ULTRA BUCKLE GROSS ZEIGEFINGER-RELEASE - Bogensportdiscount \u2013 B\u00f6gen, Pfeile, Targets &amp; Zubeh\u00f6r<\/title>\n<meta name=\"description\" content=\"TRUBALL EXECUTION GS ULTRA BUCKLE GROSS ZEIGEFINGER-RELEASE g\u00fcnstig kaufen bei Bogensportdiscount \u2013 Top-Marken, schneller Versand aus der Schweiz.\" \/>\n<meta name=\"robots\" content=\"index, follow, max-snippet:-1, max-image-preview:large, max-video-preview:-1\" \/>\n<link rel=\"canonical\" href=\"https:\/\/bogensportdiscount.ch\/fr\/produit\/truball-handgelenk-release-execution-gs-ultra-buckle-large-index-finger\/\" \/>\n<meta property=\"og:locale\" content=\"fr_FR\" \/>\n<meta property=\"og:type\" content=\"article\" \/>\n<meta property=\"og:title\" content=\"TRUBALL EXECUTION GS ULTRA BUCKLE GROSS ZEIGEFINGER-RELEASE - Bogensportdiscount \u2013 B\u00f6gen, Pfeile, Targets &amp; Zubeh\u00f6r\" \/>\n<meta property=\"og:description\" content=\"TRUBALL EXECUTION GS ULTRA BUCKLE GROSS ZEIGEFINGER-RELEASE g\u00fcnstig kaufen bei Bogensportdiscount \u2013 Top-Marken, schneller Versand aus der Schweiz.\" \/>\n<meta property=\"og:url\" content=\"https:\/\/bogensportdiscount.ch\/fr\/produit\/truball-handgelenk-release-execution-gs-ultra-buckle-large-index-finger\/\" \/>\n<meta property=\"og:site_name\" content=\"Bogensportdiscount \u2013 B\u00f6gen, Pfeile, Targets &amp; Zubeh\u00f6r\" \/>\n<meta property=\"article:modified_time\" content=\"2026-05-14T05:13:58+00:00\" \/>\n<meta property=\"og:image\" content=\"https:\/\/bogensportdiscount.ch\/wp-content\/uploads\/bsm-images\/a087374_1.jpg\" \/>\n\t<meta property=\"og:image:width\" content=\"400\" \/>\n\t<meta property=\"og:image:height\" content=\"400\" \/>\n\t<meta property=\"og:image:type\" content=\"image\/jpeg\" \/>\n<meta name=\"twitter:card\" content=\"summary_large_image\" \/>\n<script type=\"application\/ld+json\" class=\"yoast-schema-graph\">{\"@context\":\"https:\\\/\\\/schema.org\",\"@graph\":[{\"@type\":\"WebPage\",\"@id\":\"https:\\\/\\\/bogensportdiscount.ch\\\/produkt\\\/truball-handgelenk-release-execution-gs-ultra-buckle-large-index-finger\\\/\",\"url\":\"https:\\\/\\\/bogensportdiscount.ch\\\/produkt\\\/truball-handgelenk-release-execution-gs-ultra-buckle-large-index-finger\\\/\",\"name\":\"TRUBALL EXECUTION GS ULTRA BUCKLE GROSS ZEIGEFINGER-RELEASE - Bogensportdiscount \u2013 B\u00f6gen, Pfeile, Targets &amp; Zubeh\u00f6r\",\"isPartOf\":{\"@id\":\"https:\\\/\\\/bogensportdiscount.ch\\\/#website\"},\"primaryImageOfPage\":{\"@id\":\"https:\\\/\\\/bogensportdiscount.ch\\\/produkt\\\/truball-handgelenk-release-execution-gs-ultra-buckle-large-index-finger\\\/#primaryimage\"},\"image\":{\"@id\":\"https:\\\/\\\/bogensportdiscount.ch\\\/produkt\\\/truball-handgelenk-release-execution-gs-ultra-buckle-large-index-finger\\\/#primaryimage\"},\"thumbnailUrl\":\"https:\\\/\\\/bogensportdiscount.ch\\\/wp-content\\\/uploads\\\/bsm-images\\\/a087374_1.jpg\",\"datePublished\":\"2026-04-05T12:31:12+00:00\",\"dateModified\":\"2026-05-14T05:13:58+00:00\",\"description\":\"TRUBALL EXECUTION GS ULTRA BUCKLE GROSS ZEIGEFINGER-RELEASE g\u00fcnstig kaufen bei Bogensportdiscount \u2013 Top-Marken, schneller Versand aus der Schweiz.\",\"breadcrumb\":{\"@id\":\"https:\\\/\\\/bogensportdiscount.ch\\\/produkt\\\/truball-handgelenk-release-execution-gs-ultra-buckle-large-index-finger\\\/#breadcrumb\"},\"inLanguage\":\"fr-FR\",\"potentialAction\":[{\"@type\":\"ReadAction\",\"target\":[\"https:\\\/\\\/bogensportdiscount.ch\\\/produkt\\\/truball-handgelenk-release-execution-gs-ultra-buckle-large-index-finger\\\/\"]}]},{\"@type\":\"ImageObject\",\"inLanguage\":\"fr-FR\",\"@id\":\"https:\\\/\\\/bogensportdiscount.ch\\\/produkt\\\/truball-handgelenk-release-execution-gs-ultra-buckle-large-index-finger\\\/#primaryimage\",\"url\":\"https:\\\/\\\/bogensportdiscount.ch\\\/wp-content\\\/uploads\\\/bsm-images\\\/a087374_1.jpg\",\"contentUrl\":\"https:\\\/\\\/bogensportdiscount.ch\\\/wp-content\\\/uploads\\\/bsm-images\\\/a087374_1.jpg\",\"width\":400,\"height\":400},{\"@type\":\"BreadcrumbList\",\"@id\":\"https:\\\/\\\/bogensportdiscount.ch\\\/produkt\\\/truball-handgelenk-release-execution-gs-ultra-buckle-large-index-finger\\\/#breadcrumb\",\"itemListElement\":[{\"@type\":\"ListItem\",\"position\":1,\"name\":\"Home\",\"item\":\"https:\\\/\\\/bogensportdiscount.ch\\\/\"},{\"@type\":\"ListItem\",\"position\":2,\"name\":\"Shop\",\"item\":\"https:\\\/\\\/bogensportdiscount.ch\\\/shop\\\/\"},{\"@type\":\"ListItem\",\"position\":3,\"name\":\"TRU BALL EXECUTION GS ULTRA BUCKLE LARGE INDEX FINGER RELEASE\"}]},{\"@type\":\"WebSite\",\"@id\":\"https:\\\/\\\/bogensportdiscount.ch\\\/#website\",\"url\":\"https:\\\/\\\/bogensportdiscount.ch\\\/\",\"name\":\"Bogensportdiscount\",\"description\":\"\",\"potentialAction\":[{\"@type\":\"SearchAction\",\"target\":{\"@type\":\"EntryPoint\",\"urlTemplate\":\"https:\\\/\\\/bogensportdiscount.ch\\\/?s={search_term_string}\"},\"query-input\":{\"@type\":\"PropertyValueSpecification\",\"valueRequired\":true,\"valueName\":\"search_term_string\"}}],\"inLanguage\":\"fr-FR\"}]}<\/script>\n<!-- \/ Yoast SEO plugin. -->","yoast_head_json":{"title":"TRUBALL EXECUTION GS ULTRA BUCKLE GROSS ZEIGEFINGER-RELEASE - Bogensportdiscount \u2013 B\u00f6gen, Pfeile, Targets &amp; Zubeh\u00f6r","description":"TRUBALL EXECUTION GS ULTRA BUCKLE GROSS ZEIGEFINGER-RELEASE g\u00fcnstig kaufen bei Bogensportdiscount \u2013 Top-Marken, schneller Versand aus der Schweiz.","robots":{"index":"index","follow":"follow","max-snippet":"max-snippet:-1","max-image-preview":"max-image-preview:large","max-video-preview":"max-video-preview:-1"},"canonical":"https:\/\/bogensportdiscount.ch\/fr\/produit\/truball-handgelenk-release-execution-gs-ultra-buckle-large-index-finger\/","og_locale":"fr_FR","og_type":"article","og_title":"TRUBALL EXECUTION GS ULTRA BUCKLE GROSS ZEIGEFINGER-RELEASE - Bogensportdiscount \u2013 B\u00f6gen, Pfeile, Targets &amp; Zubeh\u00f6r","og_description":"TRUBALL EXECUTION GS ULTRA BUCKLE GROSS ZEIGEFINGER-RELEASE g\u00fcnstig kaufen bei Bogensportdiscount \u2013 Top-Marken, schneller Versand aus der Schweiz.","og_url":"https:\/\/bogensportdiscount.ch\/fr\/produit\/truball-handgelenk-release-execution-gs-ultra-buckle-large-index-finger\/","og_site_name":"Bogensportdiscount \u2013 B\u00f6gen, Pfeile, Targets &amp; Zubeh\u00f6r","article_modified_time":"2026-05-14T05:13:58+00:00","og_image":[{"width":400,"height":400,"url":"https:\/\/bogensportdiscount.ch\/wp-content\/uploads\/bsm-images\/a087374_1.jpg","type":"image\/jpeg"}],"twitter_card":"summary_large_image","schema":{"@context":"https:\/\/schema.org","@graph":[{"@type":"WebPage","@id":"https:\/\/bogensportdiscount.ch\/produkt\/truball-handgelenk-release-execution-gs-ultra-buckle-large-index-finger\/","url":"https:\/\/bogensportdiscount.ch\/produkt\/truball-handgelenk-release-execution-gs-ultra-buckle-large-index-finger\/","name":"TRUBALL EXECUTION GS ULTRA BUCKLE GROSS ZEIGEFINGER-RELEASE - Bogensportdiscount \u2013 B\u00f6gen, Pfeile, Targets &amp; Zubeh\u00f6r","isPartOf":{"@id":"https:\/\/bogensportdiscount.ch\/#website"},"primaryImageOfPage":{"@id":"https:\/\/bogensportdiscount.ch\/produkt\/truball-handgelenk-release-execution-gs-ultra-buckle-large-index-finger\/#primaryimage"},"image":{"@id":"https:\/\/bogensportdiscount.ch\/produkt\/truball-handgelenk-release-execution-gs-ultra-buckle-large-index-finger\/#primaryimage"},"thumbnailUrl":"https:\/\/bogensportdiscount.ch\/wp-content\/uploads\/bsm-images\/a087374_1.jpg","datePublished":"2026-04-05T12:31:12+00:00","dateModified":"2026-05-14T05:13:58+00:00","description":"TRUBALL EXECUTION GS ULTRA BUCKLE GROSS ZEIGEFINGER-RELEASE g\u00fcnstig kaufen bei Bogensportdiscount \u2013 Top-Marken, schneller Versand aus der Schweiz.","breadcrumb":{"@id":"https:\/\/bogensportdiscount.ch\/produkt\/truball-handgelenk-release-execution-gs-ultra-buckle-large-index-finger\/#breadcrumb"},"inLanguage":"fr-FR","potentialAction":[{"@type":"ReadAction","target":["https:\/\/bogensportdiscount.ch\/produkt\/truball-handgelenk-release-execution-gs-ultra-buckle-large-index-finger\/"]}]},{"@type":"ImageObject","inLanguage":"fr-FR","@id":"https:\/\/bogensportdiscount.ch\/produkt\/truball-handgelenk-release-execution-gs-ultra-buckle-large-index-finger\/#primaryimage","url":"https:\/\/bogensportdiscount.ch\/wp-content\/uploads\/bsm-images\/a087374_1.jpg","contentUrl":"https:\/\/bogensportdiscount.ch\/wp-content\/uploads\/bsm-images\/a087374_1.jpg","width":400,"height":400},{"@type":"BreadcrumbList","@id":"https:\/\/bogensportdiscount.ch\/produkt\/truball-handgelenk-release-execution-gs-ultra-buckle-large-index-finger\/#breadcrumb","itemListElement":[{"@type":"ListItem","position":1,"name":"Home","item":"https:\/\/bogensportdiscount.ch\/"},{"@type":"ListItem","position":2,"name":"Shop","item":"https:\/\/bogensportdiscount.ch\/shop\/"},{"@type":"ListItem","position":3,"name":"TRU BALL EXECUTION GS ULTRA BUCKLE LARGE INDEX FINGER RELEASE"}]},{"@type":"WebSite","@id":"https:\/\/bogensportdiscount.ch\/#website","url":"https:\/\/bogensportdiscount.ch\/","name":"Bogensportdiscount","description":"","potentialAction":[{"@type":"SearchAction","target":{"@type":"EntryPoint","urlTemplate":"https:\/\/bogensportdiscount.ch\/?s={search_term_string}"},"query-input":{"@type":"PropertyValueSpecification","valueRequired":true,"valueName":"search_term_string"}}],"inLanguage":"fr-FR"}]}},"_links":{"self":[{"href":"https:\/\/bogensportdiscount.ch\/fr\/wp-json\/wp\/v2\/product\/393807","targetHints":{"allow":["GET"]}}],"collection":[{"href":"https:\/\/bogensportdiscount.ch\/fr\/wp-json\/wp\/v2\/product"}],"about":[{"href":"https:\/\/bogensportdiscount.ch\/fr\/wp-json\/wp\/v2\/types\/product"}],"replies":[{"embeddable":true,"href":"https:\/\/bogensportdiscount.ch\/fr\/wp-json\/wp\/v2\/comments?post=393807"}],"wp:featuredmedia":[{"embeddable":true,"href":"https:\/\/bogensportdiscount.ch\/fr\/wp-json\/wp\/v2\/media\/453340"}],"wp:attachment":[{"href":"https:\/\/bogensportdiscount.ch\/fr\/wp-json\/wp\/v2\/media?parent=393807"}],"wp:term":[{"taxonomy":"product_brand","embeddable":true,"href":"https:\/\/bogensportdiscount.ch\/fr\/wp-json\/wp\/v2\/product_brand?post=393807"},{"taxonomy":"product_cat","embeddable":true,"href":"https:\/\/bogensportdiscount.ch\/fr\/wp-json\/wp\/v2\/product_cat?post=393807"},{"taxonomy":"product_tag","embeddable":true,"href":"https:\/\/bogensportdiscount.ch\/fr\/wp-json\/wp\/v2\/product_tag?post=393807"}],"curies":[{"name":"wp","href":"https:\/\/api.w.org\/{rel}","templated":true}]}}