{"id":393800,"date":"2026-04-05T14:31:10","date_gmt":"2026-04-05T12:31:10","guid":{"rendered":"https:\/\/bogensportdiscount.ch\/produkt\/tru-ball-tornado-ultra-buckle-large-index-finger-release\/"},"modified":"2026-05-14T07:13:58","modified_gmt":"2026-05-14T05:13:58","slug":"truball-zeigefinger-release-tornado-ultra-buckle-large","status":"publish","type":"product","link":"https:\/\/bogensportdiscount.ch\/fr\/produit\/truball-zeigefinger-release-tornado-ultra-buckle-large\/","title":{"rendered":"TRUBALL TORNADO ULTRA BUCKLE GRAND D\u00c9COCHEUR INDEX"},"content":{"rendered":"<p>Le T.R.U. BALL Tornado Ultra est un d\u00e9cocheur \u00e0 index en design Dual-Caliper avec fixation par boucle ou Velcro\u00ae. Le d\u00e9cocheur convient aux archers \u00e0 arc \u00e0 poulies recherchant un d\u00e9clencheur fiable et pr\u00e9cis \u00e0 activation par index.<\/p>\n<p>La rotation \u00e0 360\u00b0 aussi bien sur la sangle qu'\u00e0 la base du d\u00e9clencheur garantit une position de main flexible. L'angle de rotation du d\u00e9clencheur peut \u00eatre verrouill\u00e9 si n\u00e9cessaire. Le r\u00e9glage en 5 positions c\u00f4t\u00e9 sangle permet une adaptation individuelle \u00e0 la taille de la main.<\/p>\n<ul>\n<li>M\u00e9canisme Dual-Caliper pour un d\u00e9clenchement fiable<\/li>\n<li>Rotation \u00e0 360\u00b0 sur la sangle et la base du d\u00e9clencheur (verrouillable)<\/li>\n<li>R\u00e9glage en 5 positions sur la sangle<\/li>\n<li>Disponible en noir dans les tailles Junior, Large et X-Large<\/li>\n<\/ul>","protected":false},"excerpt":{"rendered":"<table>\n<tr>\n<th>Propri\u00e9t\u00e9<\/th>\n<th>Valeur<\/th>\n<\/tr>\n<tr>\n<td>Style de d\u00e9clenchement<\/td>\n<td>Index<\/td>\n<\/tr>\n<tr>\n<td>Type de sangle<\/td>\n<td>Boucle ou Velcro\u00ae<\/td>\n<\/tr>\n<tr>\n<td>Mod\u00e8le<\/td>\n<td>Dual Caliper<\/td>\n<\/tr>\n<tr>\n<td>Rotation<\/td>\n<td>360\u00b0 sur la sangle et la base du d\u00e9clencheur (verrouillable au d\u00e9clencheur)<\/td>\n<\/tr>\n<tr>\n<td>R\u00e9glabilit\u00e9<\/td>\n<td>R\u00e9glage en 5 positions (c\u00f4t\u00e9 sangle)<\/td>\n<\/tr>\n<tr>\n<td>Micro-r\u00e9glage<\/td>\n<td>Non<\/td>\n<\/tr>\n<tr>\n<td>Tension r\u00e9glable<\/td>\n<td>Non<\/td>\n<\/tr>\n<tr>\n<td>Course r\u00e9glable<\/td>\n<td>Non<\/td>\n<\/tr>\n<tr>\n<td>Tailles<\/td>\n<td>Junior, Large, X-Large<\/td>\n<\/tr>\n<tr>\n<td>Couleur<\/td>\n<td>Noir<\/td>\n<\/tr>\n<\/table>","protected":false},"featured_media":524616,"comment_status":"open","ping_status":"closed","template":"","meta":[],"product_brand":[578],"product_cat":[4124,4208,4210],"product_tag":[3546],"class_list":{"0":"post-393800","1":"product","2":"type-product","3":"status-publish","4":"has-post-thumbnail","6":"product_brand-truball","7":"product_cat-bogenschuetzer-ausruestung","8":"product_cat-releases-bogenschuetzer-ausruestung","9":"product_cat-index-finger-releases","10":"product_tag-neuheit","11":"product_shipping_class-bsd-standard","13":"first","14":"instock","15":"shipping-taxable","16":"purchasable","17":"product-type-simple"},"yoast_head":"<!-- This site is optimized with the Yoast SEO plugin v27.6 - https:\/\/yoast.com\/product\/yoast-seo-wordpress\/ -->\n<title>TRUBALL TORNADO ULTRA BUCKLE GROSS ZEIGEFINGER-RELEASE - Bogensportdiscount \u2013 B\u00f6gen, Pfeile, Targets &amp; Zubeh\u00f6r<\/title>\n<meta name=\"description\" content=\"TRUBALL TORNADO ULTRA BUCKLE GROSS ZEIGEFINGER-RELEASE g\u00fcnstig kaufen bei Bogensportdiscount \u2013 Top-Marken, schneller Versand aus der Schweiz.\" \/>\n<meta name=\"robots\" content=\"index, follow, max-snippet:-1, max-image-preview:large, max-video-preview:-1\" \/>\n<link rel=\"canonical\" href=\"https:\/\/bogensportdiscount.ch\/fr\/produit\/truball-zeigefinger-release-tornado-ultra-buckle-large\/\" \/>\n<meta property=\"og:locale\" content=\"fr_FR\" \/>\n<meta property=\"og:type\" content=\"article\" \/>\n<meta property=\"og:title\" content=\"TRUBALL TORNADO ULTRA BUCKLE GROSS ZEIGEFINGER-RELEASE - Bogensportdiscount \u2013 B\u00f6gen, Pfeile, Targets &amp; Zubeh\u00f6r\" \/>\n<meta property=\"og:description\" content=\"TRUBALL TORNADO ULTRA BUCKLE GROSS ZEIGEFINGER-RELEASE g\u00fcnstig kaufen bei Bogensportdiscount \u2013 Top-Marken, schneller Versand aus der Schweiz.\" \/>\n<meta property=\"og:url\" content=\"https:\/\/bogensportdiscount.ch\/fr\/produit\/truball-zeigefinger-release-tornado-ultra-buckle-large\/\" \/>\n<meta property=\"og:site_name\" content=\"Bogensportdiscount \u2013 B\u00f6gen, Pfeile, Targets &amp; Zubeh\u00f6r\" \/>\n<meta property=\"article:modified_time\" content=\"2026-05-14T05:13:58+00:00\" \/>\n<meta property=\"og:image\" content=\"https:\/\/bogensportdiscount.ch\/wp-content\/uploads\/bsm-images\/A087362_1.png\" \/>\n\t<meta property=\"og:image:width\" content=\"1915\" \/>\n\t<meta property=\"og:image:height\" content=\"1198\" \/>\n\t<meta property=\"og:image:type\" content=\"image\/png\" \/>\n<meta name=\"twitter:card\" content=\"summary_large_image\" \/>\n<meta name=\"twitter:label1\" content=\"Dur\u00e9e de lecture estim\u00e9e\" \/>\n\t<meta name=\"twitter:data1\" content=\"1 minute\" \/>\n<script type=\"application\/ld+json\" class=\"yoast-schema-graph\">{\"@context\":\"https:\\\/\\\/schema.org\",\"@graph\":[{\"@type\":\"WebPage\",\"@id\":\"https:\\\/\\\/bogensportdiscount.ch\\\/produkt\\\/truball-zeigefinger-release-tornado-ultra-buckle-large\\\/\",\"url\":\"https:\\\/\\\/bogensportdiscount.ch\\\/produkt\\\/truball-zeigefinger-release-tornado-ultra-buckle-large\\\/\",\"name\":\"TRUBALL TORNADO ULTRA BUCKLE GROSS ZEIGEFINGER-RELEASE - Bogensportdiscount \u2013 B\u00f6gen, Pfeile, Targets &amp; Zubeh\u00f6r\",\"isPartOf\":{\"@id\":\"https:\\\/\\\/bogensportdiscount.ch\\\/#website\"},\"primaryImageOfPage\":{\"@id\":\"https:\\\/\\\/bogensportdiscount.ch\\\/produkt\\\/truball-zeigefinger-release-tornado-ultra-buckle-large\\\/#primaryimage\"},\"image\":{\"@id\":\"https:\\\/\\\/bogensportdiscount.ch\\\/produkt\\\/truball-zeigefinger-release-tornado-ultra-buckle-large\\\/#primaryimage\"},\"thumbnailUrl\":\"https:\\\/\\\/bogensportdiscount.ch\\\/wp-content\\\/uploads\\\/bsm-images\\\/A087362_1.png\",\"datePublished\":\"2026-04-05T12:31:10+00:00\",\"dateModified\":\"2026-05-14T05:13:58+00:00\",\"description\":\"TRUBALL TORNADO ULTRA BUCKLE GROSS ZEIGEFINGER-RELEASE g\u00fcnstig kaufen bei Bogensportdiscount \u2013 Top-Marken, schneller Versand aus der Schweiz.\",\"breadcrumb\":{\"@id\":\"https:\\\/\\\/bogensportdiscount.ch\\\/produkt\\\/truball-zeigefinger-release-tornado-ultra-buckle-large\\\/#breadcrumb\"},\"inLanguage\":\"fr-FR\",\"potentialAction\":[{\"@type\":\"ReadAction\",\"target\":[\"https:\\\/\\\/bogensportdiscount.ch\\\/produkt\\\/truball-zeigefinger-release-tornado-ultra-buckle-large\\\/\"]}]},{\"@type\":\"ImageObject\",\"inLanguage\":\"fr-FR\",\"@id\":\"https:\\\/\\\/bogensportdiscount.ch\\\/produkt\\\/truball-zeigefinger-release-tornado-ultra-buckle-large\\\/#primaryimage\",\"url\":\"https:\\\/\\\/bogensportdiscount.ch\\\/wp-content\\\/uploads\\\/bsm-images\\\/A087362_1.png\",\"contentUrl\":\"https:\\\/\\\/bogensportdiscount.ch\\\/wp-content\\\/uploads\\\/bsm-images\\\/A087362_1.png\",\"width\":1915,\"height\":1198},{\"@type\":\"BreadcrumbList\",\"@id\":\"https:\\\/\\\/bogensportdiscount.ch\\\/produkt\\\/truball-zeigefinger-release-tornado-ultra-buckle-large\\\/#breadcrumb\",\"itemListElement\":[{\"@type\":\"ListItem\",\"position\":1,\"name\":\"Home\",\"item\":\"https:\\\/\\\/bogensportdiscount.ch\\\/\"},{\"@type\":\"ListItem\",\"position\":2,\"name\":\"Shop\",\"item\":\"https:\\\/\\\/bogensportdiscount.ch\\\/shop\\\/\"},{\"@type\":\"ListItem\",\"position\":3,\"name\":\"TRU BALL TORNADO ULTRA BUCKLE LARGE INDEX FINGER RELEASE\"}]},{\"@type\":\"WebSite\",\"@id\":\"https:\\\/\\\/bogensportdiscount.ch\\\/#website\",\"url\":\"https:\\\/\\\/bogensportdiscount.ch\\\/\",\"name\":\"Bogensportdiscount\",\"description\":\"\",\"potentialAction\":[{\"@type\":\"SearchAction\",\"target\":{\"@type\":\"EntryPoint\",\"urlTemplate\":\"https:\\\/\\\/bogensportdiscount.ch\\\/?s={search_term_string}\"},\"query-input\":{\"@type\":\"PropertyValueSpecification\",\"valueRequired\":true,\"valueName\":\"search_term_string\"}}],\"inLanguage\":\"fr-FR\"}]}<\/script>\n<!-- \/ Yoast SEO plugin. -->","yoast_head_json":{"title":"TRUBALL TORNADO ULTRA BUCKLE GROSS ZEIGEFINGER-RELEASE - Bogensportdiscount \u2013 B\u00f6gen, Pfeile, Targets &amp; Zubeh\u00f6r","description":"TRUBALL TORNADO ULTRA BUCKLE GROSS ZEIGEFINGER-RELEASE g\u00fcnstig kaufen bei Bogensportdiscount \u2013 Top-Marken, schneller Versand aus der Schweiz.","robots":{"index":"index","follow":"follow","max-snippet":"max-snippet:-1","max-image-preview":"max-image-preview:large","max-video-preview":"max-video-preview:-1"},"canonical":"https:\/\/bogensportdiscount.ch\/fr\/produit\/truball-zeigefinger-release-tornado-ultra-buckle-large\/","og_locale":"fr_FR","og_type":"article","og_title":"TRUBALL TORNADO ULTRA BUCKLE GROSS ZEIGEFINGER-RELEASE - Bogensportdiscount \u2013 B\u00f6gen, Pfeile, Targets &amp; Zubeh\u00f6r","og_description":"TRUBALL TORNADO ULTRA BUCKLE GROSS ZEIGEFINGER-RELEASE g\u00fcnstig kaufen bei Bogensportdiscount \u2013 Top-Marken, schneller Versand aus der Schweiz.","og_url":"https:\/\/bogensportdiscount.ch\/fr\/produit\/truball-zeigefinger-release-tornado-ultra-buckle-large\/","og_site_name":"Bogensportdiscount \u2013 B\u00f6gen, Pfeile, Targets &amp; Zubeh\u00f6r","article_modified_time":"2026-05-14T05:13:58+00:00","og_image":[{"url":"https:\/\/bogensportdiscount.ch\/wp-content\/uploads\/bsm-images\/A087362_1.png","width":1915,"height":1198,"type":"image\/png"}],"twitter_card":"summary_large_image","twitter_misc":{"Dur\u00e9e de lecture estim\u00e9e":"1 minute"},"schema":{"@context":"https:\/\/schema.org","@graph":[{"@type":"WebPage","@id":"https:\/\/bogensportdiscount.ch\/produkt\/truball-zeigefinger-release-tornado-ultra-buckle-large\/","url":"https:\/\/bogensportdiscount.ch\/produkt\/truball-zeigefinger-release-tornado-ultra-buckle-large\/","name":"TRUBALL TORNADO ULTRA BUCKLE GROSS ZEIGEFINGER-RELEASE - Bogensportdiscount \u2013 B\u00f6gen, Pfeile, Targets &amp; Zubeh\u00f6r","isPartOf":{"@id":"https:\/\/bogensportdiscount.ch\/#website"},"primaryImageOfPage":{"@id":"https:\/\/bogensportdiscount.ch\/produkt\/truball-zeigefinger-release-tornado-ultra-buckle-large\/#primaryimage"},"image":{"@id":"https:\/\/bogensportdiscount.ch\/produkt\/truball-zeigefinger-release-tornado-ultra-buckle-large\/#primaryimage"},"thumbnailUrl":"https:\/\/bogensportdiscount.ch\/wp-content\/uploads\/bsm-images\/A087362_1.png","datePublished":"2026-04-05T12:31:10+00:00","dateModified":"2026-05-14T05:13:58+00:00","description":"TRUBALL TORNADO ULTRA BUCKLE GROSS ZEIGEFINGER-RELEASE g\u00fcnstig kaufen bei Bogensportdiscount \u2013 Top-Marken, schneller Versand aus der Schweiz.","breadcrumb":{"@id":"https:\/\/bogensportdiscount.ch\/produkt\/truball-zeigefinger-release-tornado-ultra-buckle-large\/#breadcrumb"},"inLanguage":"fr-FR","potentialAction":[{"@type":"ReadAction","target":["https:\/\/bogensportdiscount.ch\/produkt\/truball-zeigefinger-release-tornado-ultra-buckle-large\/"]}]},{"@type":"ImageObject","inLanguage":"fr-FR","@id":"https:\/\/bogensportdiscount.ch\/produkt\/truball-zeigefinger-release-tornado-ultra-buckle-large\/#primaryimage","url":"https:\/\/bogensportdiscount.ch\/wp-content\/uploads\/bsm-images\/A087362_1.png","contentUrl":"https:\/\/bogensportdiscount.ch\/wp-content\/uploads\/bsm-images\/A087362_1.png","width":1915,"height":1198},{"@type":"BreadcrumbList","@id":"https:\/\/bogensportdiscount.ch\/produkt\/truball-zeigefinger-release-tornado-ultra-buckle-large\/#breadcrumb","itemListElement":[{"@type":"ListItem","position":1,"name":"Home","item":"https:\/\/bogensportdiscount.ch\/"},{"@type":"ListItem","position":2,"name":"Shop","item":"https:\/\/bogensportdiscount.ch\/shop\/"},{"@type":"ListItem","position":3,"name":"TRU BALL TORNADO ULTRA BUCKLE LARGE INDEX FINGER RELEASE"}]},{"@type":"WebSite","@id":"https:\/\/bogensportdiscount.ch\/#website","url":"https:\/\/bogensportdiscount.ch\/","name":"Bogensportdiscount","description":"","potentialAction":[{"@type":"SearchAction","target":{"@type":"EntryPoint","urlTemplate":"https:\/\/bogensportdiscount.ch\/?s={search_term_string}"},"query-input":{"@type":"PropertyValueSpecification","valueRequired":true,"valueName":"search_term_string"}}],"inLanguage":"fr-FR"}]}},"_links":{"self":[{"href":"https:\/\/bogensportdiscount.ch\/fr\/wp-json\/wp\/v2\/product\/393800","targetHints":{"allow":["GET"]}}],"collection":[{"href":"https:\/\/bogensportdiscount.ch\/fr\/wp-json\/wp\/v2\/product"}],"about":[{"href":"https:\/\/bogensportdiscount.ch\/fr\/wp-json\/wp\/v2\/types\/product"}],"replies":[{"embeddable":true,"href":"https:\/\/bogensportdiscount.ch\/fr\/wp-json\/wp\/v2\/comments?post=393800"}],"wp:featuredmedia":[{"embeddable":true,"href":"https:\/\/bogensportdiscount.ch\/fr\/wp-json\/wp\/v2\/media\/524616"}],"wp:attachment":[{"href":"https:\/\/bogensportdiscount.ch\/fr\/wp-json\/wp\/v2\/media?parent=393800"}],"wp:term":[{"taxonomy":"product_brand","embeddable":true,"href":"https:\/\/bogensportdiscount.ch\/fr\/wp-json\/wp\/v2\/product_brand?post=393800"},{"taxonomy":"product_cat","embeddable":true,"href":"https:\/\/bogensportdiscount.ch\/fr\/wp-json\/wp\/v2\/product_cat?post=393800"},{"taxonomy":"product_tag","embeddable":true,"href":"https:\/\/bogensportdiscount.ch\/fr\/wp-json\/wp\/v2\/product_tag?post=393800"}],"curies":[{"name":"wp","href":"https:\/\/api.w.org\/{rel}","templated":true}]}}