{"id":393770,"date":"2026-04-05T14:31:02","date_gmt":"2026-04-05T12:31:02","guid":{"rendered":"https:\/\/bogensportdiscount.ch\/produkt\/srt-3d-target-himalayan-tahr-group-1-l133cm-h113cm\/"},"modified":"2026-05-14T07:13:57","modified_gmt":"2026-05-14T05:13:57","slug":"srt-3d-ziel-himalayan-tahr-gruppe-1-l133cm-h113cm","status":"publish","type":"product","link":"https:\/\/bogensportdiscount.ch\/fr\/produit\/srt-3d-ziel-himalayan-tahr-gruppe-1-l133cm-h113cm\/","title":{"rendered":"SRT CIBLE 3D HIMALAYAN TAHR &#8211; GROUP 1 &#8211; L133cm H113cm"},"content":{"rendered":"<p>La cible 3D SRT Himalayan Tahr est une repr\u00e9sentation animale d\u00e9taill\u00e9e pour le tir \u00e0 l'arc 3D. La figurine repr\u00e9sente un tahr de l'Himalaya et convient aussi bien \u00e0 l'entra\u00eenement qu'aux comp\u00e9titions de tir \u00e0 l'arc 3D. Avec une longueur de 133 cm et une hauteur de 113 cm, la cible correspond \u00e0 une taille proche de la r\u00e9alit\u00e9.<\/p>\n<p>La cible est class\u00e9e dans le Groupe 1, ce qui est pertinent pour la classification dans les comp\u00e9titions 3D officielles. Les cibles 3D SRT sont connues pour leur construction en mousse durable, capable de supporter un grand nombre de passages de fl\u00e8ches.<\/p>\n<ul>\n<li>Motif : Himalayan Tahr (tahr de l'Himalaya)<\/li>\n<li>Dimensions : longueur 133 cm, hauteur 113 cm<\/li>\n<li>Classe de comp\u00e9tition : Groupe 1<\/li>\n<li>Adapt\u00e9e \u00e0 l'entra\u00eenement et aux comp\u00e9titions de tir \u00e0 l'arc 3D<\/li>\n<\/ul>","protected":false},"excerpt":{"rendered":"<table>\n<tr>\n<th>Propri\u00e9t\u00e9<\/th>\n<th>Valeur<\/th>\n<\/tr>\n<tr>\n<td>Marque<\/td>\n<td>SRT Targets<\/td>\n<\/tr>\n<tr>\n<td>Type<\/td>\n<td>Group 1<\/td>\n<\/tr>\n<tr>\n<td>Pays d'origine<\/td>\n<td>Italie<\/td>\n<\/tr>\n<\/table>","protected":false},"featured_media":524136,"comment_status":"open","ping_status":"closed","template":"","meta":[],"product_brand":[410],"product_cat":[4143,4144,4316],"product_tag":[3546],"class_list":{"0":"post-393770","1":"product","2":"type-product","3":"status-publish","4":"has-post-thumbnail","6":"product_brand-srt","7":"product_cat-ziele-auflagen","8":"product_cat-3d-ziele","9":"product_cat-antilopen-grosse-grazer","10":"product_tag-neuheit","11":"product_shipping_class-bsd-pickup","13":"first","14":"instock","15":"shipping-taxable","16":"purchasable","17":"product-type-simple"},"yoast_head":"<!-- This site is optimized with the Yoast SEO plugin v27.6 - https:\/\/yoast.com\/product\/yoast-seo-wordpress\/ -->\n<title>SRT CIBLE 3D HIMALAYAN TAHR - GROUP 1 - L133cm H113cm - Bogensportdiscount \u2013 Arcs, fl\u00e8ches, cibles &amp; accessoires<\/title>\n<meta name=\"description\" content=\"SRT CIBLE 3D HIMALAYAN TAHR - GROUP 1 - L133cm H113cm \u00e0 prix avantageux chez Bogensportdiscount \u2013 Top marques, livraison rapide depuis la Suisse.\" \/>\n<meta name=\"robots\" content=\"index, follow, max-snippet:-1, max-image-preview:large, max-video-preview:-1\" \/>\n<link rel=\"canonical\" href=\"https:\/\/bogensportdiscount.ch\/fr\/produit\/srt-3d-ziel-himalayan-tahr-gruppe-1-l133cm-h113cm\/\" \/>\n<meta property=\"og:locale\" content=\"fr_FR\" \/>\n<meta property=\"og:type\" content=\"article\" \/>\n<meta property=\"og:title\" content=\"SRT CIBLE 3D HIMALAYAN TAHR - GROUP 1 - L133cm H113cm - Bogensportdiscount \u2013 Arcs, fl\u00e8ches, cibles &amp; accessoires\" \/>\n<meta property=\"og:description\" content=\"SRT CIBLE 3D HIMALAYAN TAHR - GROUP 1 - L133cm H113cm \u00e0 prix avantageux chez Bogensportdiscount \u2013 Top marques, livraison rapide depuis la Suisse.\" \/>\n<meta property=\"og:url\" content=\"https:\/\/bogensportdiscount.ch\/fr\/produit\/srt-3d-ziel-himalayan-tahr-gruppe-1-l133cm-h113cm\/\" \/>\n<meta property=\"og:site_name\" content=\"Bogensportdiscount \u2013 B\u00f6gen, Pfeile, Targets &amp; Zubeh\u00f6r\" \/>\n<meta property=\"article:modified_time\" content=\"2026-05-14T05:13:57+00:00\" \/>\n<meta property=\"og:image\" content=\"https:\/\/bogensportdiscount.ch\/wp-content\/uploads\/bsm-images\/A083810_1.png\" \/>\n\t<meta property=\"og:image:width\" content=\"4400\" \/>\n\t<meta property=\"og:image:height\" content=\"3669\" \/>\n\t<meta property=\"og:image:type\" content=\"image\/png\" \/>\n<meta name=\"twitter:card\" content=\"summary_large_image\" \/>\n<meta name=\"twitter:label1\" content=\"Dur\u00e9e de lecture estim\u00e9e\" \/>\n\t<meta name=\"twitter:data1\" content=\"1 minute\" \/>\n<script type=\"application\/ld+json\" class=\"yoast-schema-graph\">{\"@context\":\"https:\\\/\\\/schema.org\",\"@graph\":[{\"@type\":\"WebPage\",\"@id\":\"https:\\\/\\\/bogensportdiscount.ch\\\/produkt\\\/srt-3d-ziel-himalayan-tahr-gruppe-1-l133cm-h113cm\\\/\",\"url\":\"https:\\\/\\\/bogensportdiscount.ch\\\/produkt\\\/srt-3d-ziel-himalayan-tahr-gruppe-1-l133cm-h113cm\\\/\",\"name\":\"SRT 3D-ZIEL HIMALAYAN TAHR - GROUP 1 - L133cm H113cm - Bogensportdiscount \u2013 B\u00f6gen, Pfeile, Targets &amp; Zubeh\u00f6r\",\"isPartOf\":{\"@id\":\"https:\\\/\\\/bogensportdiscount.ch\\\/#website\"},\"primaryImageOfPage\":{\"@id\":\"https:\\\/\\\/bogensportdiscount.ch\\\/produkt\\\/srt-3d-ziel-himalayan-tahr-gruppe-1-l133cm-h113cm\\\/#primaryimage\"},\"image\":{\"@id\":\"https:\\\/\\\/bogensportdiscount.ch\\\/produkt\\\/srt-3d-ziel-himalayan-tahr-gruppe-1-l133cm-h113cm\\\/#primaryimage\"},\"thumbnailUrl\":\"https:\\\/\\\/bogensportdiscount.ch\\\/wp-content\\\/uploads\\\/bsm-images\\\/A083810_1.png\",\"datePublished\":\"2026-04-05T12:31:02+00:00\",\"dateModified\":\"2026-05-14T05:13:57+00:00\",\"description\":\"SRT 3D-ZIEL HIMALAYAN TAHR - GROUP 1 - L133cm H113cm g\u00fcnstig kaufen bei Bogensportdiscount \u2013 Top-Marken, schneller Versand aus der Schweiz.\",\"breadcrumb\":{\"@id\":\"https:\\\/\\\/bogensportdiscount.ch\\\/produkt\\\/srt-3d-ziel-himalayan-tahr-gruppe-1-l133cm-h113cm\\\/#breadcrumb\"},\"inLanguage\":\"fr-FR\",\"potentialAction\":[{\"@type\":\"ReadAction\",\"target\":[\"https:\\\/\\\/bogensportdiscount.ch\\\/produkt\\\/srt-3d-ziel-himalayan-tahr-gruppe-1-l133cm-h113cm\\\/\"]}]},{\"@type\":\"ImageObject\",\"inLanguage\":\"fr-FR\",\"@id\":\"https:\\\/\\\/bogensportdiscount.ch\\\/produkt\\\/srt-3d-ziel-himalayan-tahr-gruppe-1-l133cm-h113cm\\\/#primaryimage\",\"url\":\"https:\\\/\\\/bogensportdiscount.ch\\\/wp-content\\\/uploads\\\/bsm-images\\\/A083810_1.png\",\"contentUrl\":\"https:\\\/\\\/bogensportdiscount.ch\\\/wp-content\\\/uploads\\\/bsm-images\\\/A083810_1.png\",\"width\":4400,\"height\":3669},{\"@type\":\"BreadcrumbList\",\"@id\":\"https:\\\/\\\/bogensportdiscount.ch\\\/produkt\\\/srt-3d-ziel-himalayan-tahr-gruppe-1-l133cm-h113cm\\\/#breadcrumb\",\"itemListElement\":[{\"@type\":\"ListItem\",\"position\":1,\"name\":\"Home\",\"item\":\"https:\\\/\\\/bogensportdiscount.ch\\\/\"},{\"@type\":\"ListItem\",\"position\":2,\"name\":\"Shop\",\"item\":\"https:\\\/\\\/bogensportdiscount.ch\\\/shop\\\/\"},{\"@type\":\"ListItem\",\"position\":3,\"name\":\"SRT 3D TARGET HIMALAYAN TAHR &#8211; GROUP 1 &#8211; L133cm H113cm\"}]},{\"@type\":\"WebSite\",\"@id\":\"https:\\\/\\\/bogensportdiscount.ch\\\/#website\",\"url\":\"https:\\\/\\\/bogensportdiscount.ch\\\/\",\"name\":\"Bogensportdiscount\",\"description\":\"\",\"potentialAction\":[{\"@type\":\"SearchAction\",\"target\":{\"@type\":\"EntryPoint\",\"urlTemplate\":\"https:\\\/\\\/bogensportdiscount.ch\\\/?s={search_term_string}\"},\"query-input\":{\"@type\":\"PropertyValueSpecification\",\"valueRequired\":true,\"valueName\":\"search_term_string\"}}],\"inLanguage\":\"fr-FR\"}]}<\/script>\n<!-- \/ Yoast SEO plugin. -->","yoast_head_json":{"title":"SRT CIBLE 3D HIMALAYAN TAHR - GROUP 1 - L133cm H113cm - Bogensportdiscount \u2013 Arcs, fl\u00e8ches, cibles &amp; accessoires","description":"SRT CIBLE 3D HIMALAYAN TAHR - GROUP 1 - L133cm H113cm \u00e0 prix avantageux chez Bogensportdiscount \u2013 Top marques, livraison rapide depuis la Suisse.","robots":{"index":"index","follow":"follow","max-snippet":"max-snippet:-1","max-image-preview":"max-image-preview:large","max-video-preview":"max-video-preview:-1"},"canonical":"https:\/\/bogensportdiscount.ch\/fr\/produit\/srt-3d-ziel-himalayan-tahr-gruppe-1-l133cm-h113cm\/","og_locale":"fr_FR","og_type":"article","og_title":"SRT CIBLE 3D HIMALAYAN TAHR - GROUP 1 - L133cm H113cm - Bogensportdiscount \u2013 Arcs, fl\u00e8ches, cibles &amp; accessoires","og_description":"SRT CIBLE 3D HIMALAYAN TAHR - GROUP 1 - L133cm H113cm \u00e0 prix avantageux chez Bogensportdiscount \u2013 Top marques, livraison rapide depuis la Suisse.","og_url":"https:\/\/bogensportdiscount.ch\/fr\/produit\/srt-3d-ziel-himalayan-tahr-gruppe-1-l133cm-h113cm\/","og_site_name":"Bogensportdiscount \u2013 B\u00f6gen, Pfeile, Targets &amp; Zubeh\u00f6r","article_modified_time":"2026-05-14T05:13:57+00:00","og_image":[{"url":"https:\/\/bogensportdiscount.ch\/wp-content\/uploads\/bsm-images\/A083810_1.png","width":4400,"height":3669,"type":"image\/png"}],"twitter_card":"summary_large_image","twitter_misc":{"Dur\u00e9e de lecture estim\u00e9e":"1 minute"},"schema":{"@context":"https:\/\/schema.org","@graph":[{"@type":"WebPage","@id":"https:\/\/bogensportdiscount.ch\/produkt\/srt-3d-ziel-himalayan-tahr-gruppe-1-l133cm-h113cm\/","url":"https:\/\/bogensportdiscount.ch\/produkt\/srt-3d-ziel-himalayan-tahr-gruppe-1-l133cm-h113cm\/","name":"SRT CIBLE 3D HIMALAYAN TAHR - GROUP 1 - L133cm H113cm - Bogensportdiscount \u2013 Arcs, fl\u00e8ches, cibles &amp; accessoires","isPartOf":{"@id":"https:\/\/bogensportdiscount.ch\/#website"},"primaryImageOfPage":{"@id":"https:\/\/bogensportdiscount.ch\/produkt\/srt-3d-ziel-himalayan-tahr-gruppe-1-l133cm-h113cm\/#primaryimage"},"image":{"@id":"https:\/\/bogensportdiscount.ch\/produkt\/srt-3d-ziel-himalayan-tahr-gruppe-1-l133cm-h113cm\/#primaryimage"},"thumbnailUrl":"https:\/\/bogensportdiscount.ch\/wp-content\/uploads\/bsm-images\/A083810_1.png","datePublished":"2026-04-05T12:31:02+00:00","dateModified":"2026-05-14T05:13:57+00:00","description":"SRT CIBLE 3D HIMALAYAN TAHR - GROUP 1 - L133cm H113cm \u00e0 prix avantageux chez Bogensportdiscount \u2013 Top marques, livraison rapide depuis la Suisse.","breadcrumb":{"@id":"https:\/\/bogensportdiscount.ch\/produkt\/srt-3d-ziel-himalayan-tahr-gruppe-1-l133cm-h113cm\/#breadcrumb"},"inLanguage":"fr-FR","potentialAction":[{"@type":"ReadAction","target":["https:\/\/bogensportdiscount.ch\/produkt\/srt-3d-ziel-himalayan-tahr-gruppe-1-l133cm-h113cm\/"]}]},{"@type":"ImageObject","inLanguage":"fr-FR","@id":"https:\/\/bogensportdiscount.ch\/produkt\/srt-3d-ziel-himalayan-tahr-gruppe-1-l133cm-h113cm\/#primaryimage","url":"https:\/\/bogensportdiscount.ch\/wp-content\/uploads\/bsm-images\/A083810_1.png","contentUrl":"https:\/\/bogensportdiscount.ch\/wp-content\/uploads\/bsm-images\/A083810_1.png","width":4400,"height":3669},{"@type":"BreadcrumbList","@id":"https:\/\/bogensportdiscount.ch\/produkt\/srt-3d-ziel-himalayan-tahr-gruppe-1-l133cm-h113cm\/#breadcrumb","itemListElement":[{"@type":"ListItem","position":1,"name":"Home","item":"https:\/\/bogensportdiscount.ch\/"},{"@type":"ListItem","position":2,"name":"Shop","item":"https:\/\/bogensportdiscount.ch\/shop\/"},{"@type":"ListItem","position":3,"name":"SRT 3D TARGET HIMALAYAN TAHR &#8211; GROUP 1 &#8211; L133cm H113cm"}]},{"@type":"WebSite","@id":"https:\/\/bogensportdiscount.ch\/#website","url":"https:\/\/bogensportdiscount.ch\/","name":"Bogensportdiscount","description":"","potentialAction":[{"@type":"SearchAction","target":{"@type":"EntryPoint","urlTemplate":"https:\/\/bogensportdiscount.ch\/?s={search_term_string}"},"query-input":{"@type":"PropertyValueSpecification","valueRequired":true,"valueName":"search_term_string"}}],"inLanguage":"fr-FR"}]}},"_links":{"self":[{"href":"https:\/\/bogensportdiscount.ch\/fr\/wp-json\/wp\/v2\/product\/393770","targetHints":{"allow":["GET"]}}],"collection":[{"href":"https:\/\/bogensportdiscount.ch\/fr\/wp-json\/wp\/v2\/product"}],"about":[{"href":"https:\/\/bogensportdiscount.ch\/fr\/wp-json\/wp\/v2\/types\/product"}],"replies":[{"embeddable":true,"href":"https:\/\/bogensportdiscount.ch\/fr\/wp-json\/wp\/v2\/comments?post=393770"}],"wp:featuredmedia":[{"embeddable":true,"href":"https:\/\/bogensportdiscount.ch\/fr\/wp-json\/wp\/v2\/media\/524136"}],"wp:attachment":[{"href":"https:\/\/bogensportdiscount.ch\/fr\/wp-json\/wp\/v2\/media?parent=393770"}],"wp:term":[{"taxonomy":"product_brand","embeddable":true,"href":"https:\/\/bogensportdiscount.ch\/fr\/wp-json\/wp\/v2\/product_brand?post=393770"},{"taxonomy":"product_cat","embeddable":true,"href":"https:\/\/bogensportdiscount.ch\/fr\/wp-json\/wp\/v2\/product_cat?post=393770"},{"taxonomy":"product_tag","embeddable":true,"href":"https:\/\/bogensportdiscount.ch\/fr\/wp-json\/wp\/v2\/product_tag?post=393770"}],"curies":[{"name":"wp","href":"https:\/\/api.w.org\/{rel}","templated":true}]}}