{"id":393766,"date":"2026-04-05T14:31:01","date_gmt":"2026-04-05T12:31:01","guid":{"rendered":"https:\/\/bogensportdiscount.ch\/produkt\/avalon-replacement-foam-for-recurve-hard-case-tec-x-bow-bunker-lite\/"},"modified":"2026-05-14T07:13:57","modified_gmt":"2026-05-14T05:13:57","slug":"avalon-ersatzschaumstoff-recurve-hartschalenkoffer-tec-x-bow-bunker-lite","status":"publish","type":"product","link":"https:\/\/bogensportdiscount.ch\/fr\/produit\/avalon-ersatzschaumstoff-recurve-hartschalenkoffer-tec-x-bow-bunker-lite\/","title":{"rendered":"AVALON ERSATZ-SCHAUMSTOFF F\u00dcR RECURVEBOGEN HARTKOFFER TEC X BOW BUNKER LITE"},"content":{"rendered":"<p>La mousse de remplacement AVALON est sp\u00e9cialement adapt\u00e9e \u00e0 la housse rigide pour arc classique Tec X Bow Bunker Lite et permet de remplacer facilement les inserts endommag\u00e9s ou us\u00e9s sans avoir \u00e0 remplacer l'ensemble de la housse.<\/p>\n<p>L'insert est constitu\u00e9 d'une mousse de protection dense et de haute qualit\u00e9, qui prot\u00e8ge l'arc et les accessoires de mani\u00e8re fiable contre les chocs et les vibrations. La livraison comprend un insert en mousse de remplacement ; la housse elle-m\u00eame n'est pas incluse.<\/p>\n<ul>\n<li>Remplacement parfaitement adapt\u00e9 pour le Tec X Bow Bunker Lite<\/li>\n<li>Mousse de protection dense pour un maintien fiable<\/li>\n<li>Prolonge la dur\u00e9e de vie de la housse existante<\/li>\n<li>Remplacement facile sans outil<\/li>\n<\/ul>","protected":false},"excerpt":{"rendered":"<table>\n<tr>\n<th>Propri\u00e9t\u00e9<\/th>\n<th>Valeur<\/th>\n<\/tr>\n<tr>\n<td>Compatibilit\u00e9<\/td>\n<td>Tec X Bow Bunker Lite (housse rigide pour arc classique)<\/td>\n<\/tr>\n<tr>\n<td>Mat\u00e9riau<\/td>\n<td>Mousse de protection dense et de haute qualit\u00e9<\/td>\n<\/tr>\n<tr>\n<td>Contenu de la livraison<\/td>\n<td>Un insert en mousse de remplacement (housse non incluse dans la livraison)<\/td>\n<\/tr>\n<\/table>","protected":false},"featured_media":524137,"comment_status":"open","ping_status":"closed","template":"","meta":[],"product_brand":[449],"product_cat":[4124,4125,28100],"product_tag":[3546],"class_list":{"0":"post-393766","1":"product","2":"type-product","3":"status-publish","4":"has-post-thumbnail","6":"product_brand-avalon","7":"product_cat-bogenschuetzer-ausruestung","8":"product_cat-taschen-koffer","9":"product_cat-zubehoer-einzelteile-taschen-koffer-bogenschuetzer-ausruestung","10":"product_tag-neuheit","11":"product_shipping_class-bsd-standard","13":"first","14":"instock","15":"shipping-taxable","16":"purchasable","17":"product-type-simple"},"yoast_head":"<!-- This site is optimized with the Yoast SEO plugin v27.6 - https:\/\/yoast.com\/product\/yoast-seo-wordpress\/ -->\n<title>AVALON ERSATZ-SCHAUMSTOFF F\u00dcR RECURVEBOGEN HARTKOFFER TEC X BOW BUNKER LITE - Bogensportdiscount \u2013 B\u00f6gen, Pfeile, Targets &amp; Zubeh\u00f6r<\/title>\n<meta name=\"description\" content=\"AVALON ERSATZ-SCHAUMSTOFF F\u00dcR RECURVEBOGEN HARTKOFFER TEC X BOW BUNKER LITE g\u00fcnstig kaufen bei Bogensportdiscount \u2013 Top-Marken, schneller Versand aus der Schweiz.\" \/>\n<meta name=\"robots\" content=\"index, follow, max-snippet:-1, max-image-preview:large, max-video-preview:-1\" \/>\n<link rel=\"canonical\" href=\"https:\/\/bogensportdiscount.ch\/fr\/produit\/avalon-ersatzschaumstoff-recurve-hartschalenkoffer-tec-x-bow-bunker-lite\/\" \/>\n<meta property=\"og:locale\" content=\"fr_FR\" \/>\n<meta property=\"og:type\" content=\"article\" \/>\n<meta property=\"og:title\" content=\"AVALON ERSATZ-SCHAUMSTOFF F\u00dcR RECURVEBOGEN HARTKOFFER TEC X BOW BUNKER LITE - Bogensportdiscount \u2013 B\u00f6gen, Pfeile, Targets &amp; Zubeh\u00f6r\" \/>\n<meta property=\"og:description\" content=\"AVALON ERSATZ-SCHAUMSTOFF F\u00dcR RECURVEBOGEN HARTKOFFER TEC X BOW BUNKER LITE g\u00fcnstig kaufen bei Bogensportdiscount \u2013 Top-Marken, schneller Versand aus der Schweiz.\" \/>\n<meta property=\"og:url\" content=\"https:\/\/bogensportdiscount.ch\/fr\/produit\/avalon-ersatzschaumstoff-recurve-hartschalenkoffer-tec-x-bow-bunker-lite\/\" \/>\n<meta property=\"og:site_name\" content=\"Bogensportdiscount \u2013 B\u00f6gen, Pfeile, Targets &amp; Zubeh\u00f6r\" \/>\n<meta property=\"article:modified_time\" content=\"2026-05-14T05:13:57+00:00\" \/>\n<meta property=\"og:image\" content=\"https:\/\/bogensportdiscount.ch\/wp-content\/uploads\/bsm-images\/A083802_1.png\" \/>\n\t<meta property=\"og:image:width\" content=\"6010\" \/>\n\t<meta property=\"og:image:height\" content=\"3929\" \/>\n\t<meta property=\"og:image:type\" content=\"image\/png\" \/>\n<meta name=\"twitter:card\" content=\"summary_large_image\" \/>\n<script type=\"application\/ld+json\" class=\"yoast-schema-graph\">{\"@context\":\"https:\\\/\\\/schema.org\",\"@graph\":[{\"@type\":\"WebPage\",\"@id\":\"https:\\\/\\\/bogensportdiscount.ch\\\/produkt\\\/avalon-ersatzschaumstoff-recurve-hartschalenkoffer-tec-x-bow-bunker-lite\\\/\",\"url\":\"https:\\\/\\\/bogensportdiscount.ch\\\/produkt\\\/avalon-ersatzschaumstoff-recurve-hartschalenkoffer-tec-x-bow-bunker-lite\\\/\",\"name\":\"AVALON ERSATZ-SCHAUMSTOFF F\u00dcR RECURVEBOGEN HARTKOFFER TEC X BOW BUNKER LITE - Bogensportdiscount \u2013 B\u00f6gen, Pfeile, Targets &amp; Zubeh\u00f6r\",\"isPartOf\":{\"@id\":\"https:\\\/\\\/bogensportdiscount.ch\\\/#website\"},\"primaryImageOfPage\":{\"@id\":\"https:\\\/\\\/bogensportdiscount.ch\\\/produkt\\\/avalon-ersatzschaumstoff-recurve-hartschalenkoffer-tec-x-bow-bunker-lite\\\/#primaryimage\"},\"image\":{\"@id\":\"https:\\\/\\\/bogensportdiscount.ch\\\/produkt\\\/avalon-ersatzschaumstoff-recurve-hartschalenkoffer-tec-x-bow-bunker-lite\\\/#primaryimage\"},\"thumbnailUrl\":\"https:\\\/\\\/bogensportdiscount.ch\\\/wp-content\\\/uploads\\\/bsm-images\\\/A083802_1.png\",\"datePublished\":\"2026-04-05T12:31:01+00:00\",\"dateModified\":\"2026-05-14T05:13:57+00:00\",\"description\":\"AVALON ERSATZ-SCHAUMSTOFF F\u00dcR RECURVEBOGEN HARTKOFFER TEC X BOW BUNKER LITE g\u00fcnstig kaufen bei Bogensportdiscount \u2013 Top-Marken, schneller Versand aus der Schweiz.\",\"breadcrumb\":{\"@id\":\"https:\\\/\\\/bogensportdiscount.ch\\\/produkt\\\/avalon-ersatzschaumstoff-recurve-hartschalenkoffer-tec-x-bow-bunker-lite\\\/#breadcrumb\"},\"inLanguage\":\"fr-FR\",\"potentialAction\":[{\"@type\":\"ReadAction\",\"target\":[\"https:\\\/\\\/bogensportdiscount.ch\\\/produkt\\\/avalon-ersatzschaumstoff-recurve-hartschalenkoffer-tec-x-bow-bunker-lite\\\/\"]}]},{\"@type\":\"ImageObject\",\"inLanguage\":\"fr-FR\",\"@id\":\"https:\\\/\\\/bogensportdiscount.ch\\\/produkt\\\/avalon-ersatzschaumstoff-recurve-hartschalenkoffer-tec-x-bow-bunker-lite\\\/#primaryimage\",\"url\":\"https:\\\/\\\/bogensportdiscount.ch\\\/wp-content\\\/uploads\\\/bsm-images\\\/A083802_1.png\",\"contentUrl\":\"https:\\\/\\\/bogensportdiscount.ch\\\/wp-content\\\/uploads\\\/bsm-images\\\/A083802_1.png\",\"width\":2500,\"height\":1634},{\"@type\":\"BreadcrumbList\",\"@id\":\"https:\\\/\\\/bogensportdiscount.ch\\\/produkt\\\/avalon-ersatzschaumstoff-recurve-hartschalenkoffer-tec-x-bow-bunker-lite\\\/#breadcrumb\",\"itemListElement\":[{\"@type\":\"ListItem\",\"position\":1,\"name\":\"Home\",\"item\":\"https:\\\/\\\/bogensportdiscount.ch\\\/\"},{\"@type\":\"ListItem\",\"position\":2,\"name\":\"Shop\",\"item\":\"https:\\\/\\\/bogensportdiscount.ch\\\/shop\\\/\"},{\"@type\":\"ListItem\",\"position\":3,\"name\":\"AVALON REPLACEMENT FOAM FOR RECURVE HARD CASE TEC X BOW BUNKER LITE\"}]},{\"@type\":\"WebSite\",\"@id\":\"https:\\\/\\\/bogensportdiscount.ch\\\/#website\",\"url\":\"https:\\\/\\\/bogensportdiscount.ch\\\/\",\"name\":\"Bogensportdiscount\",\"description\":\"\",\"potentialAction\":[{\"@type\":\"SearchAction\",\"target\":{\"@type\":\"EntryPoint\",\"urlTemplate\":\"https:\\\/\\\/bogensportdiscount.ch\\\/?s={search_term_string}\"},\"query-input\":{\"@type\":\"PropertyValueSpecification\",\"valueRequired\":true,\"valueName\":\"search_term_string\"}}],\"inLanguage\":\"fr-FR\"}]}<\/script>\n<!-- \/ Yoast SEO plugin. -->","yoast_head_json":{"title":"AVALON ERSATZ-SCHAUMSTOFF F\u00dcR RECURVEBOGEN HARTKOFFER TEC X BOW BUNKER LITE - Bogensportdiscount \u2013 B\u00f6gen, Pfeile, Targets &amp; Zubeh\u00f6r","description":"AVALON ERSATZ-SCHAUMSTOFF F\u00dcR RECURVEBOGEN HARTKOFFER TEC X BOW BUNKER LITE g\u00fcnstig kaufen bei Bogensportdiscount \u2013 Top-Marken, schneller Versand aus der Schweiz.","robots":{"index":"index","follow":"follow","max-snippet":"max-snippet:-1","max-image-preview":"max-image-preview:large","max-video-preview":"max-video-preview:-1"},"canonical":"https:\/\/bogensportdiscount.ch\/fr\/produit\/avalon-ersatzschaumstoff-recurve-hartschalenkoffer-tec-x-bow-bunker-lite\/","og_locale":"fr_FR","og_type":"article","og_title":"AVALON ERSATZ-SCHAUMSTOFF F\u00dcR RECURVEBOGEN HARTKOFFER TEC X BOW BUNKER LITE - Bogensportdiscount \u2013 B\u00f6gen, Pfeile, Targets &amp; Zubeh\u00f6r","og_description":"AVALON ERSATZ-SCHAUMSTOFF F\u00dcR RECURVEBOGEN HARTKOFFER TEC X BOW BUNKER LITE g\u00fcnstig kaufen bei Bogensportdiscount \u2013 Top-Marken, schneller Versand aus der Schweiz.","og_url":"https:\/\/bogensportdiscount.ch\/fr\/produit\/avalon-ersatzschaumstoff-recurve-hartschalenkoffer-tec-x-bow-bunker-lite\/","og_site_name":"Bogensportdiscount \u2013 B\u00f6gen, Pfeile, Targets &amp; Zubeh\u00f6r","article_modified_time":"2026-05-14T05:13:57+00:00","og_image":[{"url":"https:\/\/bogensportdiscount.ch\/wp-content\/uploads\/bsm-images\/A083802_1.png","width":6010,"height":3929,"type":"image\/png"}],"twitter_card":"summary_large_image","schema":{"@context":"https:\/\/schema.org","@graph":[{"@type":"WebPage","@id":"https:\/\/bogensportdiscount.ch\/produkt\/avalon-ersatzschaumstoff-recurve-hartschalenkoffer-tec-x-bow-bunker-lite\/","url":"https:\/\/bogensportdiscount.ch\/produkt\/avalon-ersatzschaumstoff-recurve-hartschalenkoffer-tec-x-bow-bunker-lite\/","name":"AVALON ERSATZ-SCHAUMSTOFF F\u00dcR RECURVEBOGEN HARTKOFFER TEC X BOW BUNKER LITE - Bogensportdiscount \u2013 B\u00f6gen, Pfeile, Targets &amp; Zubeh\u00f6r","isPartOf":{"@id":"https:\/\/bogensportdiscount.ch\/#website"},"primaryImageOfPage":{"@id":"https:\/\/bogensportdiscount.ch\/produkt\/avalon-ersatzschaumstoff-recurve-hartschalenkoffer-tec-x-bow-bunker-lite\/#primaryimage"},"image":{"@id":"https:\/\/bogensportdiscount.ch\/produkt\/avalon-ersatzschaumstoff-recurve-hartschalenkoffer-tec-x-bow-bunker-lite\/#primaryimage"},"thumbnailUrl":"https:\/\/bogensportdiscount.ch\/wp-content\/uploads\/bsm-images\/A083802_1.png","datePublished":"2026-04-05T12:31:01+00:00","dateModified":"2026-05-14T05:13:57+00:00","description":"AVALON ERSATZ-SCHAUMSTOFF F\u00dcR RECURVEBOGEN HARTKOFFER TEC X BOW BUNKER LITE g\u00fcnstig kaufen bei Bogensportdiscount \u2013 Top-Marken, schneller Versand aus der Schweiz.","breadcrumb":{"@id":"https:\/\/bogensportdiscount.ch\/produkt\/avalon-ersatzschaumstoff-recurve-hartschalenkoffer-tec-x-bow-bunker-lite\/#breadcrumb"},"inLanguage":"fr-FR","potentialAction":[{"@type":"ReadAction","target":["https:\/\/bogensportdiscount.ch\/produkt\/avalon-ersatzschaumstoff-recurve-hartschalenkoffer-tec-x-bow-bunker-lite\/"]}]},{"@type":"ImageObject","inLanguage":"fr-FR","@id":"https:\/\/bogensportdiscount.ch\/produkt\/avalon-ersatzschaumstoff-recurve-hartschalenkoffer-tec-x-bow-bunker-lite\/#primaryimage","url":"https:\/\/bogensportdiscount.ch\/wp-content\/uploads\/bsm-images\/A083802_1.png","contentUrl":"https:\/\/bogensportdiscount.ch\/wp-content\/uploads\/bsm-images\/A083802_1.png","width":2500,"height":1634},{"@type":"BreadcrumbList","@id":"https:\/\/bogensportdiscount.ch\/produkt\/avalon-ersatzschaumstoff-recurve-hartschalenkoffer-tec-x-bow-bunker-lite\/#breadcrumb","itemListElement":[{"@type":"ListItem","position":1,"name":"Home","item":"https:\/\/bogensportdiscount.ch\/"},{"@type":"ListItem","position":2,"name":"Shop","item":"https:\/\/bogensportdiscount.ch\/shop\/"},{"@type":"ListItem","position":3,"name":"AVALON REPLACEMENT FOAM FOR RECURVE HARD CASE TEC X BOW BUNKER LITE"}]},{"@type":"WebSite","@id":"https:\/\/bogensportdiscount.ch\/#website","url":"https:\/\/bogensportdiscount.ch\/","name":"Bogensportdiscount","description":"","potentialAction":[{"@type":"SearchAction","target":{"@type":"EntryPoint","urlTemplate":"https:\/\/bogensportdiscount.ch\/?s={search_term_string}"},"query-input":{"@type":"PropertyValueSpecification","valueRequired":true,"valueName":"search_term_string"}}],"inLanguage":"fr-FR"}]}},"_links":{"self":[{"href":"https:\/\/bogensportdiscount.ch\/fr\/wp-json\/wp\/v2\/product\/393766","targetHints":{"allow":["GET"]}}],"collection":[{"href":"https:\/\/bogensportdiscount.ch\/fr\/wp-json\/wp\/v2\/product"}],"about":[{"href":"https:\/\/bogensportdiscount.ch\/fr\/wp-json\/wp\/v2\/types\/product"}],"replies":[{"embeddable":true,"href":"https:\/\/bogensportdiscount.ch\/fr\/wp-json\/wp\/v2\/comments?post=393766"}],"wp:featuredmedia":[{"embeddable":true,"href":"https:\/\/bogensportdiscount.ch\/fr\/wp-json\/wp\/v2\/media\/524137"}],"wp:attachment":[{"href":"https:\/\/bogensportdiscount.ch\/fr\/wp-json\/wp\/v2\/media?parent=393766"}],"wp:term":[{"taxonomy":"product_brand","embeddable":true,"href":"https:\/\/bogensportdiscount.ch\/fr\/wp-json\/wp\/v2\/product_brand?post=393766"},{"taxonomy":"product_cat","embeddable":true,"href":"https:\/\/bogensportdiscount.ch\/fr\/wp-json\/wp\/v2\/product_cat?post=393766"},{"taxonomy":"product_tag","embeddable":true,"href":"https:\/\/bogensportdiscount.ch\/fr\/wp-json\/wp\/v2\/product_tag?post=393766"}],"curies":[{"name":"wp","href":"https:\/\/api.w.org\/{rel}","templated":true}]}}