{"id":393760,"date":"2026-04-05T14:31:00","date_gmt":"2026-04-05T12:31:00","guid":{"rendered":"https:\/\/bogensportdiscount.ch\/produkt\/spot-hogg-quick-disconnect-assembly-mount-for-ultraview-scopes\/"},"modified":"2026-04-23T15:30:04","modified_gmt":"2026-04-23T13:30:04","slug":"spot-hogg-quick-disconnect-montageset-ultraview-scopes","status":"publish","type":"product","link":"https:\/\/bogensportdiscount.ch\/fr\/produit\/spot-hogg-quick-disconnect-montageset-ultraview-scopes\/","title":{"rendered":"SPOT HOGG QUICK DISCONNECT MONTAGE-EINHEIT FUER ULTRAVIEW ZIELFERNROHRE"},"content":{"rendered":"<p>Das Spot Hogg Quick Disconnect Montageset ist speziell f\u00fcr die Kombination mit Ultraview Scopes ausgelegt. Die Quick-Disconnect-Funktion erlaubt eine rasche Befestigung und Abnahme des Visiers, ohne dabei die eingestellte Position zu verlieren.<\/p>\n<p>Dieses Zubeh\u00f6rteil richtet sich an Bogensch\u00fctzen, die ihr Visier flexibel montieren und demontieren m\u00f6chten \u2013 etwa beim Transport oder beim Wechsel zwischen verschiedenen B\u00f6gen. Das Set ist als direktes Ersatzteil oder zur Erweiterung eines bestehenden Visier-Setups geeignet.<\/p>\n<ul>\n<li>Quick-Disconnect-System f\u00fcr schnelle Montage und Demontage<\/li>\n<li>Kompatibel mit Ultraview Scopes<\/li>\n<li>Geeignet f\u00fcr Jagd- und Wettkampfanwendungen<\/li>\n<li>Originalteil von Spot Hogg<\/li>\n<\/ul>","protected":false},"excerpt":{"rendered":"<p><strong>Marque :<\/strong> Spot-Hogg<br \/><strong>Type :<\/strong> Bracket<\/p>","protected":false},"featured_media":453631,"comment_status":"open","ping_status":"closed","template":"","meta":[],"product_brand":[538],"product_cat":[4134],"product_tag":[3546],"class_list":{"0":"post-393760","1":"product","2":"type-product","3":"status-publish","4":"has-post-thumbnail","6":"product_brand-spothogg","7":"product_cat-einzelteile-fur-jagd-und-3d","8":"product_tag-neuheit","9":"product_shipping_class-bsd-standard","11":"first","12":"instock","13":"shipping-taxable","14":"purchasable","15":"product-type-simple"},"yoast_head":"<!-- This site is optimized with the Yoast SEO plugin v27.4 - https:\/\/yoast.com\/product\/yoast-seo-wordpress\/ -->\n<title>UNIT\u00c9 DE FIXATION \u00c0 D\u00c9CONNEXION RAPIDE SPOT HOGG POUR LUNETTES DE VIS\u00c9E ULTRAVIEW - Bogensportdiscount \u2013 Arcs, fl\u00e8ches, cibles et accessoires<\/title>\n<meta name=\"description\" content=\"Unit\u00e9 de montage SPOT HOGG QUICK DISCONNECT pour lunettes de vis\u00e9e ULTRAVIEW : achetez-la \u00e0 prix avantageux chez Bogensportdiscount \u2013 Grandes marques, livraison rapide depuis la Suisse.\" \/>\n<meta name=\"robots\" content=\"index, follow, max-snippet:-1, max-image-preview:large, max-video-preview:-1\" \/>\n<link rel=\"canonical\" href=\"https:\/\/bogensportdiscount.ch\/fr\/produit\/spot-hogg-quick-disconnect-montageset-ultraview-scopes\/\" \/>\n<meta property=\"og:locale\" content=\"fr_FR\" \/>\n<meta property=\"og:type\" content=\"article\" \/>\n<meta property=\"og:title\" content=\"UNIT\u00c9 DE FIXATION \u00c0 D\u00c9CONNEXION RAPIDE SPOT HOGG POUR LUNETTES DE VIS\u00c9E ULTRAVIEW - Bogensportdiscount \u2013 Arcs, fl\u00e8ches, cibles et accessoires\" \/>\n<meta property=\"og:description\" content=\"Unit\u00e9 de montage SPOT HOGG QUICK DISCONNECT pour lunettes de vis\u00e9e ULTRAVIEW : achetez-la \u00e0 prix avantageux chez Bogensportdiscount \u2013 Grandes marques, livraison rapide depuis la Suisse.\" \/>\n<meta property=\"og:url\" content=\"https:\/\/bogensportdiscount.ch\/fr\/produit\/spot-hogg-quick-disconnect-montageset-ultraview-scopes\/\" \/>\n<meta property=\"og:site_name\" content=\"Bogensportdiscount \u2013 B\u00f6gen, Pfeile, Targets &amp; Zubeh\u00f6r\" \/>\n<meta property=\"article:modified_time\" content=\"2026-04-23T13:30:04+00:00\" \/>\n<meta property=\"og:image\" content=\"https:\/\/bogensportdiscount.ch\/wp-content\/uploads\/2026\/04\/bogensportdiscount.ch-pfeile-boegen-zubehoer-fuer-anfaenger-und-profis-zum-besten-preis-Symbolbild-kein-foto-zu-diesem-artikel_01.jpg\" \/>\n\t<meta property=\"og:image:width\" content=\"1080\" \/>\n\t<meta property=\"og:image:height\" content=\"1080\" \/>\n\t<meta property=\"og:image:type\" content=\"image\/jpeg\" \/>\n<meta name=\"twitter:card\" content=\"summary_large_image\" \/>\n<script type=\"application\/ld+json\" class=\"yoast-schema-graph\">{\"@context\":\"https:\\\/\\\/schema.org\",\"@graph\":[{\"@type\":\"WebPage\",\"@id\":\"https:\\\/\\\/bogensportdiscount.ch\\\/produkt\\\/spot-hogg-quick-disconnect-montageset-ultraview-scopes\\\/\",\"url\":\"https:\\\/\\\/bogensportdiscount.ch\\\/produkt\\\/spot-hogg-quick-disconnect-montageset-ultraview-scopes\\\/\",\"name\":\"SPOT HOGG QUICK DISCONNECT MONTAGE-EINHEIT FUER ULTRAVIEW ZIELFERNROHRE - Bogensportdiscount \u2013 B\u00f6gen, Pfeile, Targets &amp; Zubeh\u00f6r\",\"isPartOf\":{\"@id\":\"https:\\\/\\\/bogensportdiscount.ch\\\/#website\"},\"primaryImageOfPage\":{\"@id\":\"https:\\\/\\\/bogensportdiscount.ch\\\/produkt\\\/spot-hogg-quick-disconnect-montageset-ultraview-scopes\\\/#primaryimage\"},\"image\":{\"@id\":\"https:\\\/\\\/bogensportdiscount.ch\\\/produkt\\\/spot-hogg-quick-disconnect-montageset-ultraview-scopes\\\/#primaryimage\"},\"thumbnailUrl\":\"https:\\\/\\\/bogensportdiscount.ch\\\/wp-content\\\/uploads\\\/2026\\\/04\\\/bogensportdiscount.ch-pfeile-boegen-zubehoer-fuer-anfaenger-und-profis-zum-besten-preis-Symbolbild-kein-foto-zu-diesem-artikel_01.jpg\",\"datePublished\":\"2026-04-05T12:31:00+00:00\",\"dateModified\":\"2026-04-23T13:30:04+00:00\",\"description\":\"SPOT HOGG QUICK DISCONNECT MONTAGE-EINHEIT FUER ULTRAVIEW ZIELFERNROHRE g\u00fcnstig kaufen bei Bogensportdiscount \u2013 Top-Marken, schneller Versand aus der Schweiz.\",\"breadcrumb\":{\"@id\":\"https:\\\/\\\/bogensportdiscount.ch\\\/produkt\\\/spot-hogg-quick-disconnect-montageset-ultraview-scopes\\\/#breadcrumb\"},\"inLanguage\":\"fr-FR\",\"potentialAction\":[{\"@type\":\"ReadAction\",\"target\":[\"https:\\\/\\\/bogensportdiscount.ch\\\/produkt\\\/spot-hogg-quick-disconnect-montageset-ultraview-scopes\\\/\"]}]},{\"@type\":\"ImageObject\",\"inLanguage\":\"fr-FR\",\"@id\":\"https:\\\/\\\/bogensportdiscount.ch\\\/produkt\\\/spot-hogg-quick-disconnect-montageset-ultraview-scopes\\\/#primaryimage\",\"url\":\"https:\\\/\\\/bogensportdiscount.ch\\\/wp-content\\\/uploads\\\/2026\\\/04\\\/bogensportdiscount.ch-pfeile-boegen-zubehoer-fuer-anfaenger-und-profis-zum-besten-preis-Symbolbild-kein-foto-zu-diesem-artikel_01.jpg\",\"contentUrl\":\"https:\\\/\\\/bogensportdiscount.ch\\\/wp-content\\\/uploads\\\/2026\\\/04\\\/bogensportdiscount.ch-pfeile-boegen-zubehoer-fuer-anfaenger-und-profis-zum-besten-preis-Symbolbild-kein-foto-zu-diesem-artikel_01.jpg\",\"width\":1080,\"height\":1080},{\"@type\":\"BreadcrumbList\",\"@id\":\"https:\\\/\\\/bogensportdiscount.ch\\\/produkt\\\/spot-hogg-quick-disconnect-montageset-ultraview-scopes\\\/#breadcrumb\",\"itemListElement\":[{\"@type\":\"ListItem\",\"position\":1,\"name\":\"Home\",\"item\":\"https:\\\/\\\/bogensportdiscount.ch\\\/\"},{\"@type\":\"ListItem\",\"position\":2,\"name\":\"Shop\",\"item\":\"https:\\\/\\\/bogensportdiscount.ch\\\/shop\\\/\"},{\"@type\":\"ListItem\",\"position\":3,\"name\":\"SPOT HOGG QUICK DISCONNECT MONTAGE-EINHEIT FUER ULTRAVIEW ZIELFERNROHRE\"}]},{\"@type\":\"WebSite\",\"@id\":\"https:\\\/\\\/bogensportdiscount.ch\\\/#website\",\"url\":\"https:\\\/\\\/bogensportdiscount.ch\\\/\",\"name\":\"Bogensportdiscount\",\"description\":\"\",\"potentialAction\":[{\"@type\":\"SearchAction\",\"target\":{\"@type\":\"EntryPoint\",\"urlTemplate\":\"https:\\\/\\\/bogensportdiscount.ch\\\/?s={search_term_string}\"},\"query-input\":{\"@type\":\"PropertyValueSpecification\",\"valueRequired\":true,\"valueName\":\"search_term_string\"}}],\"inLanguage\":\"fr-FR\"}]}<\/script>\n<!-- \/ Yoast SEO plugin. -->","yoast_head_json":{"title":"UNIT\u00c9 DE FIXATION \u00c0 D\u00c9CONNEXION RAPIDE SPOT HOGG POUR LUNETTES DE VIS\u00c9E ULTRAVIEW - Bogensportdiscount \u2013 Arcs, fl\u00e8ches, cibles et accessoires","description":"Unit\u00e9 de montage SPOT HOGG QUICK DISCONNECT pour lunettes de vis\u00e9e ULTRAVIEW : achetez-la \u00e0 prix avantageux chez Bogensportdiscount \u2013 Grandes marques, livraison rapide depuis la Suisse.","robots":{"index":"index","follow":"follow","max-snippet":"max-snippet:-1","max-image-preview":"max-image-preview:large","max-video-preview":"max-video-preview:-1"},"canonical":"https:\/\/bogensportdiscount.ch\/fr\/produit\/spot-hogg-quick-disconnect-montageset-ultraview-scopes\/","og_locale":"fr_FR","og_type":"article","og_title":"UNIT\u00c9 DE FIXATION \u00c0 D\u00c9CONNEXION RAPIDE SPOT HOGG POUR LUNETTES DE VIS\u00c9E ULTRAVIEW - Bogensportdiscount \u2013 Arcs, fl\u00e8ches, cibles et accessoires","og_description":"Unit\u00e9 de montage SPOT HOGG QUICK DISCONNECT pour lunettes de vis\u00e9e ULTRAVIEW : achetez-la \u00e0 prix avantageux chez Bogensportdiscount \u2013 Grandes marques, livraison rapide depuis la Suisse.","og_url":"https:\/\/bogensportdiscount.ch\/fr\/produit\/spot-hogg-quick-disconnect-montageset-ultraview-scopes\/","og_site_name":"Bogensportdiscount \u2013 B\u00f6gen, Pfeile, Targets &amp; Zubeh\u00f6r","article_modified_time":"2026-04-23T13:30:04+00:00","og_image":[{"width":1080,"height":1080,"url":"https:\/\/bogensportdiscount.ch\/wp-content\/uploads\/2026\/04\/bogensportdiscount.ch-pfeile-boegen-zubehoer-fuer-anfaenger-und-profis-zum-besten-preis-Symbolbild-kein-foto-zu-diesem-artikel_01.jpg","type":"image\/jpeg"}],"twitter_card":"summary_large_image","schema":{"@context":"https:\/\/schema.org","@graph":[{"@type":"WebPage","@id":"https:\/\/bogensportdiscount.ch\/produkt\/spot-hogg-quick-disconnect-montageset-ultraview-scopes\/","url":"https:\/\/bogensportdiscount.ch\/produkt\/spot-hogg-quick-disconnect-montageset-ultraview-scopes\/","name":"UNIT\u00c9 DE FIXATION \u00c0 D\u00c9CONNEXION RAPIDE SPOT HOGG POUR LUNETTES DE VIS\u00c9E ULTRAVIEW - Bogensportdiscount \u2013 Arcs, fl\u00e8ches, cibles et accessoires","isPartOf":{"@id":"https:\/\/bogensportdiscount.ch\/#website"},"primaryImageOfPage":{"@id":"https:\/\/bogensportdiscount.ch\/produkt\/spot-hogg-quick-disconnect-montageset-ultraview-scopes\/#primaryimage"},"image":{"@id":"https:\/\/bogensportdiscount.ch\/produkt\/spot-hogg-quick-disconnect-montageset-ultraview-scopes\/#primaryimage"},"thumbnailUrl":"https:\/\/bogensportdiscount.ch\/wp-content\/uploads\/2026\/04\/bogensportdiscount.ch-pfeile-boegen-zubehoer-fuer-anfaenger-und-profis-zum-besten-preis-Symbolbild-kein-foto-zu-diesem-artikel_01.jpg","datePublished":"2026-04-05T12:31:00+00:00","dateModified":"2026-04-23T13:30:04+00:00","description":"Unit\u00e9 de montage SPOT HOGG QUICK DISCONNECT pour lunettes de vis\u00e9e ULTRAVIEW : achetez-la \u00e0 prix avantageux chez Bogensportdiscount \u2013 Grandes marques, livraison rapide depuis la Suisse.","breadcrumb":{"@id":"https:\/\/bogensportdiscount.ch\/produkt\/spot-hogg-quick-disconnect-montageset-ultraview-scopes\/#breadcrumb"},"inLanguage":"fr-FR","potentialAction":[{"@type":"ReadAction","target":["https:\/\/bogensportdiscount.ch\/produkt\/spot-hogg-quick-disconnect-montageset-ultraview-scopes\/"]}]},{"@type":"ImageObject","inLanguage":"fr-FR","@id":"https:\/\/bogensportdiscount.ch\/produkt\/spot-hogg-quick-disconnect-montageset-ultraview-scopes\/#primaryimage","url":"https:\/\/bogensportdiscount.ch\/wp-content\/uploads\/2026\/04\/bogensportdiscount.ch-pfeile-boegen-zubehoer-fuer-anfaenger-und-profis-zum-besten-preis-Symbolbild-kein-foto-zu-diesem-artikel_01.jpg","contentUrl":"https:\/\/bogensportdiscount.ch\/wp-content\/uploads\/2026\/04\/bogensportdiscount.ch-pfeile-boegen-zubehoer-fuer-anfaenger-und-profis-zum-besten-preis-Symbolbild-kein-foto-zu-diesem-artikel_01.jpg","width":1080,"height":1080},{"@type":"BreadcrumbList","@id":"https:\/\/bogensportdiscount.ch\/produkt\/spot-hogg-quick-disconnect-montageset-ultraview-scopes\/#breadcrumb","itemListElement":[{"@type":"ListItem","position":1,"name":"Home","item":"https:\/\/bogensportdiscount.ch\/"},{"@type":"ListItem","position":2,"name":"Shop","item":"https:\/\/bogensportdiscount.ch\/shop\/"},{"@type":"ListItem","position":3,"name":"SPOT HOGG QUICK DISCONNECT MONTAGE-EINHEIT FUER ULTRAVIEW ZIELFERNROHRE"}]},{"@type":"WebSite","@id":"https:\/\/bogensportdiscount.ch\/#website","url":"https:\/\/bogensportdiscount.ch\/","name":"Bogensportdiscount","description":"","potentialAction":[{"@type":"SearchAction","target":{"@type":"EntryPoint","urlTemplate":"https:\/\/bogensportdiscount.ch\/?s={search_term_string}"},"query-input":{"@type":"PropertyValueSpecification","valueRequired":true,"valueName":"search_term_string"}}],"inLanguage":"fr-FR"}]}},"_links":{"self":[{"href":"https:\/\/bogensportdiscount.ch\/fr\/wp-json\/wp\/v2\/product\/393760","targetHints":{"allow":["GET"]}}],"collection":[{"href":"https:\/\/bogensportdiscount.ch\/fr\/wp-json\/wp\/v2\/product"}],"about":[{"href":"https:\/\/bogensportdiscount.ch\/fr\/wp-json\/wp\/v2\/types\/product"}],"replies":[{"embeddable":true,"href":"https:\/\/bogensportdiscount.ch\/fr\/wp-json\/wp\/v2\/comments?post=393760"}],"wp:featuredmedia":[{"embeddable":true,"href":"https:\/\/bogensportdiscount.ch\/fr\/wp-json\/wp\/v2\/media\/453631"}],"wp:attachment":[{"href":"https:\/\/bogensportdiscount.ch\/fr\/wp-json\/wp\/v2\/media?parent=393760"}],"wp:term":[{"taxonomy":"product_brand","embeddable":true,"href":"https:\/\/bogensportdiscount.ch\/fr\/wp-json\/wp\/v2\/product_brand?post=393760"},{"taxonomy":"product_cat","embeddable":true,"href":"https:\/\/bogensportdiscount.ch\/fr\/wp-json\/wp\/v2\/product_cat?post=393760"},{"taxonomy":"product_tag","embeddable":true,"href":"https:\/\/bogensportdiscount.ch\/fr\/wp-json\/wp\/v2\/product_tag?post=393760"}],"curies":[{"name":"wp","href":"https:\/\/api.w.org\/{rel}","templated":true}]}}