{"id":393748,"date":"2026-04-05T14:30:57","date_gmt":"2026-04-05T12:30:57","guid":{"rendered":"https:\/\/bogensportdiscount.ch\/produkt\/core-astral-grip-rh\/"},"modified":"2026-04-17T13:16:48","modified_gmt":"2026-04-17T11:16:48","slug":"core-recurve-griff-astral-rh","status":"publish","type":"product","link":"https:\/\/bogensportdiscount.ch\/fr\/produit\/core-recurve-griff-astral-rh\/","title":{"rendered":"CORE ASTRAL GRIP RH"},"content":{"rendered":"<p>Der CORE Astral RH ist ein Recurve-Griff f\u00fcr rechtsh\u00e4ndige Sch\u00fctzen und wurde f\u00fcr den Einsatz an kompatiblen CORE Recurvebogen entwickelt. Als Austauschgriff erm\u00f6glicht er die Anpassung oder den Ersatz des originalen Griffst\u00fccks.<\/p>\n<p>Recurve-Griffe beeinflussen die Handposition und damit die Stabilit\u00e4t beim Schuss. Der Astral Griff ist auf die Geometrie der CORE Bogenserie abgestimmt und l\u00e4sst sich entsprechend montieren.<\/p>\n<ul>\n<li>Ausf\u00fchrung f\u00fcr Rechtsh\u00e4nder (RH)<\/li>\n<li>Passend f\u00fcr CORE Astral Recurvebogen<\/li>\n<li>Ersatz- oder Zubeh\u00f6rgriff<\/li>\n<\/ul>","protected":false},"excerpt":{"rendered":"<p><strong>Marque :<\/strong> Core<br \/><strong>LH\/RH:<\/strong> RH<br \/><strong>Typ:<\/strong> Moyen<br \/><strong>GTIN:<\/strong> 6426014725786<\/p>","protected":false},"featured_media":441251,"comment_status":"open","ping_status":"closed","template":"","meta":[],"product_brand":[423],"product_cat":[4201],"product_tag":[3546],"class_list":{"0":"post-393748","1":"product","2":"type-product","3":"status-publish","4":"has-post-thumbnail","6":"product_brand-core","7":"product_cat-recurve-griffe-griffe-bogen-zubehoer","8":"product_tag-neuheit","10":"first","11":"instock","12":"shipping-taxable","13":"purchasable","14":"product-type-simple"},"_links":{"self":[{"href":"https:\/\/bogensportdiscount.ch\/fr\/wp-json\/wp\/v2\/product\/393748","targetHints":{"allow":["GET"]}}],"collection":[{"href":"https:\/\/bogensportdiscount.ch\/fr\/wp-json\/wp\/v2\/product"}],"about":[{"href":"https:\/\/bogensportdiscount.ch\/fr\/wp-json\/wp\/v2\/types\/product"}],"replies":[{"embeddable":true,"href":"https:\/\/bogensportdiscount.ch\/fr\/wp-json\/wp\/v2\/comments?post=393748"}],"wp:featuredmedia":[{"embeddable":true,"href":"https:\/\/bogensportdiscount.ch\/fr\/wp-json\/wp\/v2\/media\/441251"}],"wp:attachment":[{"href":"https:\/\/bogensportdiscount.ch\/fr\/wp-json\/wp\/v2\/media?parent=393748"}],"wp:term":[{"taxonomy":"product_brand","embeddable":true,"href":"https:\/\/bogensportdiscount.ch\/fr\/wp-json\/wp\/v2\/product_brand?post=393748"},{"taxonomy":"product_cat","embeddable":true,"href":"https:\/\/bogensportdiscount.ch\/fr\/wp-json\/wp\/v2\/product_cat?post=393748"},{"taxonomy":"product_tag","embeddable":true,"href":"https:\/\/bogensportdiscount.ch\/fr\/wp-json\/wp\/v2\/product_tag?post=393748"}],"curies":[{"name":"wp","href":"https:\/\/api.w.org\/{rel}","templated":true}]}}