{"id":393747,"date":"2026-04-05T14:30:57","date_gmt":"2026-04-05T12:30:57","guid":{"rendered":"https:\/\/bogensportdiscount.ch\/produkt\/avalon-weights-stabilizers-powr-quadrupel-disk-washer-31mm-112gr-black\/"},"modified":"2026-05-14T07:13:57","modified_gmt":"2026-05-14T05:13:57","slug":"avalon-stabilisator-gewicht-powr-quadrupel-disk-washer-31mm-112g-schwarz","status":"publish","type":"product","link":"https:\/\/bogensportdiscount.ch\/fr\/produit\/avalon-stabilisator-gewicht-powr-quadrupel-disk-washer-31mm-112g-schwarz\/","title":{"rendered":"AVALON GEWICHTE STABILISATOREN POWR QUADRUPEL DISK + SCHEIBE 31mm \/ 112gr SCHWARZ"},"content":{"rendered":"<p>Le AVALON Powr Quadrupel Disk est un accessoire pour stabilisateurs d'arc permettant d'ajuster pr\u00e9cis\u00e9ment la r\u00e9partition du poids sur l'arc. Le kit comprend le disque lest\u00e9 ainsi qu'une rondelle (washer) pour un montage s\u00e9curis\u00e9.<\/p>\n<p>Avec un diam\u00e8tre de 31 mm et un poids de 112 g, l'\u00e9quilibre du syst\u00e8me de stabilisation peut \u00eatre r\u00e9gl\u00e9 individuellement \u2014 convient aussi bien pour les stabilisateurs avant que lat\u00e9raux.<\/p>\n<ul>\n<li>Poids : 112 g<\/li>\n<li>Diam\u00e8tre : 31 mm<\/li>\n<li>Rondelle (washer) incluse<\/li>\n<li>Couleur : Noir<\/li>\n<\/ul>","protected":false},"excerpt":{"rendered":"<table>\n<tr>\n<th>Propri\u00e9t\u00e9<\/th>\n<th>Valeur<\/th>\n<\/tr>\n<tr>\n<td>Marque<\/td>\n<td>Avalon<\/td>\n<\/tr>\n<tr>\n<td>Type<\/td>\n<td>Disk weight<\/td>\n<\/tr>\n<tr>\n<td>Mat\u00e9riau<\/td>\n<td>Stainless steel<\/td>\n<\/tr>\n<tr>\n<td>Couleur<\/td>\n<td>Noir<\/td>\n<\/tr>\n<tr>\n<td>Pays d'origine<\/td>\n<td>Chine<\/td>\n<\/tr>\n<tr>\n<td>GTIN<\/td>\n<td>6426010083088<\/td>\n<\/tr>\n<\/table>","protected":false},"featured_media":524147,"comment_status":"open","ping_status":"closed","template":"","meta":[],"product_brand":[449],"product_cat":[4128,4131,4199],"product_tag":[3546],"class_list":{"0":"post-393747","1":"product","2":"type-product","3":"status-publish","4":"has-post-thumbnail","6":"product_brand-avalon","7":"product_cat-bogen-zubehoer","8":"product_cat-stabilisation","9":"product_cat-gewichte","10":"product_tag-neuheit","11":"product_shipping_class-bsd-standard","13":"first","14":"instock","15":"shipping-taxable","16":"purchasable","17":"product-type-simple"},"yoast_head":"<!-- This site is optimized with the Yoast SEO plugin v27.6 - https:\/\/yoast.com\/product\/yoast-seo-wordpress\/ -->\n<title>AVALON GEWICHTE STABILISATOREN POWR QUADRUPEL DISK + SCHEIBE 31mm \/ 112gr SCHWARZ - Bogensportdiscount \u2013 B\u00f6gen, Pfeile, Targets &amp; Zubeh\u00f6r<\/title>\n<meta name=\"description\" content=\"AVALON GEWICHTE STABILISATOREN POWR QUADRUPEL DISK + SCHEIBE 31mm \/ 112gr SCHWARZ g\u00fcnstig kaufen bei Bogensportdiscount \u2013 Top-Marken, schneller Versand aus der Schweiz.\" \/>\n<meta name=\"robots\" content=\"index, follow, max-snippet:-1, max-image-preview:large, max-video-preview:-1\" \/>\n<link rel=\"canonical\" href=\"https:\/\/bogensportdiscount.ch\/fr\/produit\/avalon-stabilisator-gewicht-powr-quadrupel-disk-washer-31mm-112g-schwarz\/\" \/>\n<meta property=\"og:locale\" content=\"fr_FR\" \/>\n<meta property=\"og:type\" content=\"article\" \/>\n<meta property=\"og:title\" content=\"AVALON GEWICHTE STABILISATOREN POWR QUADRUPEL DISK + SCHEIBE 31mm \/ 112gr SCHWARZ - Bogensportdiscount \u2013 B\u00f6gen, Pfeile, Targets &amp; Zubeh\u00f6r\" \/>\n<meta property=\"og:description\" content=\"AVALON GEWICHTE STABILISATOREN POWR QUADRUPEL DISK + SCHEIBE 31mm \/ 112gr SCHWARZ g\u00fcnstig kaufen bei Bogensportdiscount \u2013 Top-Marken, schneller Versand aus der Schweiz.\" \/>\n<meta property=\"og:url\" content=\"https:\/\/bogensportdiscount.ch\/fr\/produit\/avalon-stabilisator-gewicht-powr-quadrupel-disk-washer-31mm-112g-schwarz\/\" \/>\n<meta property=\"og:site_name\" content=\"Bogensportdiscount \u2013 B\u00f6gen, Pfeile, Targets &amp; Zubeh\u00f6r\" \/>\n<meta property=\"article:modified_time\" content=\"2026-05-14T05:13:57+00:00\" \/>\n<meta property=\"og:image\" content=\"https:\/\/bogensportdiscount.ch\/wp-content\/uploads\/bsm-images\/A083619_1.png\" \/>\n\t<meta property=\"og:image:width\" content=\"2706\" \/>\n\t<meta property=\"og:image:height\" content=\"2726\" \/>\n\t<meta property=\"og:image:type\" content=\"image\/png\" \/>\n<meta name=\"twitter:card\" content=\"summary_large_image\" \/>\n<script type=\"application\/ld+json\" class=\"yoast-schema-graph\">{\"@context\":\"https:\\\/\\\/schema.org\",\"@graph\":[{\"@type\":\"WebPage\",\"@id\":\"https:\\\/\\\/bogensportdiscount.ch\\\/produkt\\\/avalon-stabilisator-gewicht-powr-quadrupel-disk-washer-31mm-112g-schwarz\\\/\",\"url\":\"https:\\\/\\\/bogensportdiscount.ch\\\/produkt\\\/avalon-stabilisator-gewicht-powr-quadrupel-disk-washer-31mm-112g-schwarz\\\/\",\"name\":\"AVALON GEWICHTE STABILISATOREN POWR QUADRUPEL DISK + SCHEIBE 31mm \\\/ 112gr SCHWARZ - Bogensportdiscount \u2013 B\u00f6gen, Pfeile, Targets &amp; Zubeh\u00f6r\",\"isPartOf\":{\"@id\":\"https:\\\/\\\/bogensportdiscount.ch\\\/#website\"},\"primaryImageOfPage\":{\"@id\":\"https:\\\/\\\/bogensportdiscount.ch\\\/produkt\\\/avalon-stabilisator-gewicht-powr-quadrupel-disk-washer-31mm-112g-schwarz\\\/#primaryimage\"},\"image\":{\"@id\":\"https:\\\/\\\/bogensportdiscount.ch\\\/produkt\\\/avalon-stabilisator-gewicht-powr-quadrupel-disk-washer-31mm-112g-schwarz\\\/#primaryimage\"},\"thumbnailUrl\":\"https:\\\/\\\/bogensportdiscount.ch\\\/wp-content\\\/uploads\\\/bsm-images\\\/A083619_1.png\",\"datePublished\":\"2026-04-05T12:30:57+00:00\",\"dateModified\":\"2026-05-14T05:13:57+00:00\",\"description\":\"AVALON GEWICHTE STABILISATOREN POWR QUADRUPEL DISK + SCHEIBE 31mm \\\/ 112gr SCHWARZ g\u00fcnstig kaufen bei Bogensportdiscount \u2013 Top-Marken, schneller Versand aus der Schweiz.\",\"breadcrumb\":{\"@id\":\"https:\\\/\\\/bogensportdiscount.ch\\\/produkt\\\/avalon-stabilisator-gewicht-powr-quadrupel-disk-washer-31mm-112g-schwarz\\\/#breadcrumb\"},\"inLanguage\":\"fr-FR\",\"potentialAction\":[{\"@type\":\"ReadAction\",\"target\":[\"https:\\\/\\\/bogensportdiscount.ch\\\/produkt\\\/avalon-stabilisator-gewicht-powr-quadrupel-disk-washer-31mm-112g-schwarz\\\/\"]}]},{\"@type\":\"ImageObject\",\"inLanguage\":\"fr-FR\",\"@id\":\"https:\\\/\\\/bogensportdiscount.ch\\\/produkt\\\/avalon-stabilisator-gewicht-powr-quadrupel-disk-washer-31mm-112g-schwarz\\\/#primaryimage\",\"url\":\"https:\\\/\\\/bogensportdiscount.ch\\\/wp-content\\\/uploads\\\/bsm-images\\\/A083619_1.png\",\"contentUrl\":\"https:\\\/\\\/bogensportdiscount.ch\\\/wp-content\\\/uploads\\\/bsm-images\\\/A083619_1.png\",\"width\":2706,\"height\":2726},{\"@type\":\"BreadcrumbList\",\"@id\":\"https:\\\/\\\/bogensportdiscount.ch\\\/produkt\\\/avalon-stabilisator-gewicht-powr-quadrupel-disk-washer-31mm-112g-schwarz\\\/#breadcrumb\",\"itemListElement\":[{\"@type\":\"ListItem\",\"position\":1,\"name\":\"Home\",\"item\":\"https:\\\/\\\/bogensportdiscount.ch\\\/\"},{\"@type\":\"ListItem\",\"position\":2,\"name\":\"Shop\",\"item\":\"https:\\\/\\\/bogensportdiscount.ch\\\/shop\\\/\"},{\"@type\":\"ListItem\",\"position\":3,\"name\":\"AVALON WEIGHTS STABILIZERS POWR QUADRUPEL DISK + WASHER 31mm \\\/ 112gr BLACK\"}]},{\"@type\":\"WebSite\",\"@id\":\"https:\\\/\\\/bogensportdiscount.ch\\\/#website\",\"url\":\"https:\\\/\\\/bogensportdiscount.ch\\\/\",\"name\":\"Bogensportdiscount\",\"description\":\"\",\"potentialAction\":[{\"@type\":\"SearchAction\",\"target\":{\"@type\":\"EntryPoint\",\"urlTemplate\":\"https:\\\/\\\/bogensportdiscount.ch\\\/?s={search_term_string}\"},\"query-input\":{\"@type\":\"PropertyValueSpecification\",\"valueRequired\":true,\"valueName\":\"search_term_string\"}}],\"inLanguage\":\"fr-FR\"}]}<\/script>\n<!-- \/ Yoast SEO plugin. -->","yoast_head_json":{"title":"AVALON GEWICHTE STABILISATOREN POWR QUADRUPEL DISK + SCHEIBE 31mm \/ 112gr SCHWARZ - Bogensportdiscount \u2013 B\u00f6gen, Pfeile, Targets &amp; Zubeh\u00f6r","description":"AVALON GEWICHTE STABILISATOREN POWR QUADRUPEL DISK + SCHEIBE 31mm \/ 112gr SCHWARZ g\u00fcnstig kaufen bei Bogensportdiscount \u2013 Top-Marken, schneller Versand aus der Schweiz.","robots":{"index":"index","follow":"follow","max-snippet":"max-snippet:-1","max-image-preview":"max-image-preview:large","max-video-preview":"max-video-preview:-1"},"canonical":"https:\/\/bogensportdiscount.ch\/fr\/produit\/avalon-stabilisator-gewicht-powr-quadrupel-disk-washer-31mm-112g-schwarz\/","og_locale":"fr_FR","og_type":"article","og_title":"AVALON GEWICHTE STABILISATOREN POWR QUADRUPEL DISK + SCHEIBE 31mm \/ 112gr SCHWARZ - Bogensportdiscount \u2013 B\u00f6gen, Pfeile, Targets &amp; Zubeh\u00f6r","og_description":"AVALON GEWICHTE STABILISATOREN POWR QUADRUPEL DISK + SCHEIBE 31mm \/ 112gr SCHWARZ g\u00fcnstig kaufen bei Bogensportdiscount \u2013 Top-Marken, schneller Versand aus der Schweiz.","og_url":"https:\/\/bogensportdiscount.ch\/fr\/produit\/avalon-stabilisator-gewicht-powr-quadrupel-disk-washer-31mm-112g-schwarz\/","og_site_name":"Bogensportdiscount \u2013 B\u00f6gen, Pfeile, Targets &amp; Zubeh\u00f6r","article_modified_time":"2026-05-14T05:13:57+00:00","og_image":[{"url":"https:\/\/bogensportdiscount.ch\/wp-content\/uploads\/bsm-images\/A083619_1.png","width":2706,"height":2726,"type":"image\/png"}],"twitter_card":"summary_large_image","schema":{"@context":"https:\/\/schema.org","@graph":[{"@type":"WebPage","@id":"https:\/\/bogensportdiscount.ch\/produkt\/avalon-stabilisator-gewicht-powr-quadrupel-disk-washer-31mm-112g-schwarz\/","url":"https:\/\/bogensportdiscount.ch\/produkt\/avalon-stabilisator-gewicht-powr-quadrupel-disk-washer-31mm-112g-schwarz\/","name":"AVALON GEWICHTE STABILISATOREN POWR QUADRUPEL DISK + SCHEIBE 31mm \/ 112gr SCHWARZ - Bogensportdiscount \u2013 B\u00f6gen, Pfeile, Targets &amp; Zubeh\u00f6r","isPartOf":{"@id":"https:\/\/bogensportdiscount.ch\/#website"},"primaryImageOfPage":{"@id":"https:\/\/bogensportdiscount.ch\/produkt\/avalon-stabilisator-gewicht-powr-quadrupel-disk-washer-31mm-112g-schwarz\/#primaryimage"},"image":{"@id":"https:\/\/bogensportdiscount.ch\/produkt\/avalon-stabilisator-gewicht-powr-quadrupel-disk-washer-31mm-112g-schwarz\/#primaryimage"},"thumbnailUrl":"https:\/\/bogensportdiscount.ch\/wp-content\/uploads\/bsm-images\/A083619_1.png","datePublished":"2026-04-05T12:30:57+00:00","dateModified":"2026-05-14T05:13:57+00:00","description":"AVALON GEWICHTE STABILISATOREN POWR QUADRUPEL DISK + SCHEIBE 31mm \/ 112gr SCHWARZ g\u00fcnstig kaufen bei Bogensportdiscount \u2013 Top-Marken, schneller Versand aus der Schweiz.","breadcrumb":{"@id":"https:\/\/bogensportdiscount.ch\/produkt\/avalon-stabilisator-gewicht-powr-quadrupel-disk-washer-31mm-112g-schwarz\/#breadcrumb"},"inLanguage":"fr-FR","potentialAction":[{"@type":"ReadAction","target":["https:\/\/bogensportdiscount.ch\/produkt\/avalon-stabilisator-gewicht-powr-quadrupel-disk-washer-31mm-112g-schwarz\/"]}]},{"@type":"ImageObject","inLanguage":"fr-FR","@id":"https:\/\/bogensportdiscount.ch\/produkt\/avalon-stabilisator-gewicht-powr-quadrupel-disk-washer-31mm-112g-schwarz\/#primaryimage","url":"https:\/\/bogensportdiscount.ch\/wp-content\/uploads\/bsm-images\/A083619_1.png","contentUrl":"https:\/\/bogensportdiscount.ch\/wp-content\/uploads\/bsm-images\/A083619_1.png","width":2706,"height":2726},{"@type":"BreadcrumbList","@id":"https:\/\/bogensportdiscount.ch\/produkt\/avalon-stabilisator-gewicht-powr-quadrupel-disk-washer-31mm-112g-schwarz\/#breadcrumb","itemListElement":[{"@type":"ListItem","position":1,"name":"Home","item":"https:\/\/bogensportdiscount.ch\/"},{"@type":"ListItem","position":2,"name":"Shop","item":"https:\/\/bogensportdiscount.ch\/shop\/"},{"@type":"ListItem","position":3,"name":"AVALON WEIGHTS STABILIZERS POWR QUADRUPEL DISK + WASHER 31mm \/ 112gr BLACK"}]},{"@type":"WebSite","@id":"https:\/\/bogensportdiscount.ch\/#website","url":"https:\/\/bogensportdiscount.ch\/","name":"Bogensportdiscount","description":"","potentialAction":[{"@type":"SearchAction","target":{"@type":"EntryPoint","urlTemplate":"https:\/\/bogensportdiscount.ch\/?s={search_term_string}"},"query-input":{"@type":"PropertyValueSpecification","valueRequired":true,"valueName":"search_term_string"}}],"inLanguage":"fr-FR"}]}},"_links":{"self":[{"href":"https:\/\/bogensportdiscount.ch\/fr\/wp-json\/wp\/v2\/product\/393747","targetHints":{"allow":["GET"]}}],"collection":[{"href":"https:\/\/bogensportdiscount.ch\/fr\/wp-json\/wp\/v2\/product"}],"about":[{"href":"https:\/\/bogensportdiscount.ch\/fr\/wp-json\/wp\/v2\/types\/product"}],"replies":[{"embeddable":true,"href":"https:\/\/bogensportdiscount.ch\/fr\/wp-json\/wp\/v2\/comments?post=393747"}],"wp:featuredmedia":[{"embeddable":true,"href":"https:\/\/bogensportdiscount.ch\/fr\/wp-json\/wp\/v2\/media\/524147"}],"wp:attachment":[{"href":"https:\/\/bogensportdiscount.ch\/fr\/wp-json\/wp\/v2\/media?parent=393747"}],"wp:term":[{"taxonomy":"product_brand","embeddable":true,"href":"https:\/\/bogensportdiscount.ch\/fr\/wp-json\/wp\/v2\/product_brand?post=393747"},{"taxonomy":"product_cat","embeddable":true,"href":"https:\/\/bogensportdiscount.ch\/fr\/wp-json\/wp\/v2\/product_cat?post=393747"},{"taxonomy":"product_tag","embeddable":true,"href":"https:\/\/bogensportdiscount.ch\/fr\/wp-json\/wp\/v2\/product_tag?post=393747"}],"curies":[{"name":"wp","href":"https:\/\/api.w.org\/{rel}","templated":true}]}}