{"id":393742,"date":"2026-04-05T14:30:56","date_gmt":"2026-04-05T12:30:56","guid":{"rendered":"https:\/\/bogensportdiscount.ch\/produkt\/aae-gold-019-5mm-replacement-fiber-3-pack-blue-orange-green\/"},"modified":"2026-04-16T12:04:10","modified_gmt":"2026-04-16T10:04:10","slug":"aae-gold-ersatz-glasfaser-019-05mm-3er-pack-blau-orange-gruen","status":"publish","type":"product","link":"https:\/\/bogensportdiscount.ch\/fr\/produit\/aae-gold-ersatz-glasfaser-019-05mm-3er-pack-blau-orange-gruen\/","title":{"rendered":"AAE GOLD .019\u2033\/.5mm REPLACEMENT FIBER 3\/PACK (BLUE\/ORANGE\/GREEN)"},"content":{"rendered":"<p>Dieses 3er-Pack enth\u00e4lt Ersatz-Glasfasern von AAE mit einem Durchmesser von .019&#8243; (0.5mm) in den Farben Blau, Orange und Gr\u00fcn. Die Glasfasern dienen als Leuchtpunkte in Ring Pins f\u00fcr Recurve- und Compound-Visiere und sorgen f\u00fcr eine klare Zielmarkierung.<\/p>\n<p>Durch die Auswahl verschiedener Farben l\u00e4sst sich die Glasfaser je nach Lichtverh\u00e4ltnissen oder pers\u00f6nlicher Pr\u00e4ferenz anpassen. Die Ersatzfasern sind auf die Anforderungen im Bogensport ausgelegt und erm\u00f6glichen eine schnelle und unkomplizierte Wartung des Visiers.<\/p>\n<ul>\n<li>Durchmesser: .019&#8243;\/0.5mm<\/li>\n<li>3 Glasfasern im Set: Blau, Orange, Gr\u00fcn<\/li>\n<li>Geeignet f\u00fcr AAE Gold Ring Pins<\/li>\n<li>F\u00fcr Recurve- und Compound-Visiere<\/li>\n<\/ul>","protected":false},"excerpt":{"rendered":"<p><strong>Marque :<\/strong> AAE<br \/><strong>GTIN:<\/strong> 716889126334<\/p>","protected":false},"featured_media":441259,"comment_status":"open","ping_status":"closed","template":"","meta":[],"product_brand":[517],"product_cat":[4259],"product_tag":[3546],"class_list":{"0":"post-393742","1":"product","2":"type-product","3":"status-publish","4":"has-post-thumbnail","6":"product_brand-aae","7":"product_cat-ring-pin-parts","8":"product_tag-neuheit","10":"first","11":"instock","12":"shipping-taxable","13":"purchasable","14":"product-type-simple"},"_links":{"self":[{"href":"https:\/\/bogensportdiscount.ch\/fr\/wp-json\/wp\/v2\/product\/393742","targetHints":{"allow":["GET"]}}],"collection":[{"href":"https:\/\/bogensportdiscount.ch\/fr\/wp-json\/wp\/v2\/product"}],"about":[{"href":"https:\/\/bogensportdiscount.ch\/fr\/wp-json\/wp\/v2\/types\/product"}],"replies":[{"embeddable":true,"href":"https:\/\/bogensportdiscount.ch\/fr\/wp-json\/wp\/v2\/comments?post=393742"}],"wp:featuredmedia":[{"embeddable":true,"href":"https:\/\/bogensportdiscount.ch\/fr\/wp-json\/wp\/v2\/media\/441259"}],"wp:attachment":[{"href":"https:\/\/bogensportdiscount.ch\/fr\/wp-json\/wp\/v2\/media?parent=393742"}],"wp:term":[{"taxonomy":"product_brand","embeddable":true,"href":"https:\/\/bogensportdiscount.ch\/fr\/wp-json\/wp\/v2\/product_brand?post=393742"},{"taxonomy":"product_cat","embeddable":true,"href":"https:\/\/bogensportdiscount.ch\/fr\/wp-json\/wp\/v2\/product_cat?post=393742"},{"taxonomy":"product_tag","embeddable":true,"href":"https:\/\/bogensportdiscount.ch\/fr\/wp-json\/wp\/v2\/product_tag?post=393742"}],"curies":[{"name":"wp","href":"https:\/\/api.w.org\/{rel}","templated":true}]}}