{"id":393734,"date":"2026-04-05T14:30:54","date_gmt":"2026-04-05T12:30:54","guid":{"rendered":"https:\/\/bogensportdiscount.ch\/produkt\/shibuya-disc-weight-7oz-sus\/"},"modified":"2026-05-14T07:13:57","modified_gmt":"2026-05-14T05:13:57","slug":"shibuya-disc-gewicht-7oz-sus","status":"publish","type":"product","link":"https:\/\/bogensportdiscount.ch\/fr\/produit\/shibuya-disc-gewicht-7oz-sus\/","title":{"rendered":"SHIBUYA DISC POIDS 7oz SUS"},"content":{"rendered":"<p>Le disque de poids SHIBUYA Disc Weight 7oz SUS est un poids de stabilisateur pour arcs. Avec un poids de 7 onces (oz) et une finition en acier inoxydable (SUS), il offre une possibilit\u00e9 solide et durable d'augmenter le poids total du syst\u00e8me de stabilisation de mani\u00e8re cibl\u00e9e.<\/p>\n<p>Les poids de stabilisateur sont utilis\u00e9s pour ajuster l'amortissement des vibrations et l'\u00e9quilibre de l'arc. Un r\u00e9glage pr\u00e9cis du poids favorise une tenue plus stable \u00e0 l'ancrage et peut am\u00e9liorer la pr\u00e9cision de tir.<\/p>\n<ul>\n<li>Poids : 7 oz<\/li>\n<li>Mat\u00e9riau : acier inoxydable (SUS)<\/li>\n<li>Compatible avec les syst\u00e8mes de stabilisation pour arcs classiques et arcs \u00e0 poulies<\/li>\n<li>De SHIBUYA, fabricant reconnu dans le domaine des accessoires de tir \u00e0 l'arc<\/li>\n<\/ul>","protected":false},"excerpt":{"rendered":"<table>\n<tr>\n<th>Propri\u00e9t\u00e9<\/th>\n<th>Valeur<\/th>\n<\/tr>\n<tr>\n<td>Marque<\/td>\n<td>Shibuya<\/td>\n<\/tr>\n<tr>\n<td>Type<\/td>\n<td>Disk weight<\/td>\n<\/tr>\n<tr>\n<td>Couleur<\/td>\n<td>Silbe<\/td>\n<\/tr>\n<tr>\n<td>Pays d'origine<\/td>\n<td>Japon<\/td>\n<\/tr>\n<\/table>","protected":false},"featured_media":524158,"comment_status":"open","ping_status":"closed","template":"","meta":[],"product_brand":[496],"product_cat":[4128,4131,4199],"product_tag":[3546],"class_list":{"0":"post-393734","1":"product","2":"type-product","3":"status-publish","4":"has-post-thumbnail","6":"product_brand-shibuya","7":"product_cat-bogen-zubehoer","8":"product_cat-stabilisation","9":"product_cat-gewichte","10":"product_tag-neuheit","11":"product_shipping_class-bsd-standard","13":"first","14":"instock","15":"shipping-taxable","16":"purchasable","17":"product-type-simple"},"yoast_head":"<!-- This site is optimized with the Yoast SEO plugin v27.6 - https:\/\/yoast.com\/product\/yoast-seo-wordpress\/ -->\n<title>SHIBUYA DISC GEWICHT 7oz SUS - Bogensportdiscount \u2013 B\u00f6gen, Pfeile, Targets &amp; Zubeh\u00f6r<\/title>\n<meta name=\"description\" content=\"SHIBUYA DISC GEWICHT 7oz SUS g\u00fcnstig kaufen bei Bogensportdiscount \u2013 Top-Marken, schneller Versand aus der Schweiz.\" \/>\n<meta name=\"robots\" content=\"index, follow, max-snippet:-1, max-image-preview:large, max-video-preview:-1\" \/>\n<link rel=\"canonical\" href=\"https:\/\/bogensportdiscount.ch\/fr\/produit\/shibuya-disc-gewicht-7oz-sus\/\" \/>\n<meta property=\"og:locale\" content=\"fr_FR\" \/>\n<meta property=\"og:type\" content=\"article\" \/>\n<meta property=\"og:title\" content=\"SHIBUYA DISC GEWICHT 7oz SUS - Bogensportdiscount \u2013 B\u00f6gen, Pfeile, Targets &amp; Zubeh\u00f6r\" \/>\n<meta property=\"og:description\" content=\"SHIBUYA DISC GEWICHT 7oz SUS g\u00fcnstig kaufen bei Bogensportdiscount \u2013 Top-Marken, schneller Versand aus der Schweiz.\" \/>\n<meta property=\"og:url\" content=\"https:\/\/bogensportdiscount.ch\/fr\/produit\/shibuya-disc-gewicht-7oz-sus\/\" \/>\n<meta property=\"og:site_name\" content=\"Bogensportdiscount \u2013 B\u00f6gen, Pfeile, Targets &amp; Zubeh\u00f6r\" \/>\n<meta property=\"article:modified_time\" content=\"2026-05-14T05:13:57+00:00\" \/>\n<meta property=\"og:image\" content=\"https:\/\/bogensportdiscount.ch\/wp-content\/uploads\/bsm-images\/A082573.png\" \/>\n\t<meta property=\"og:image:width\" content=\"3401\" \/>\n\t<meta property=\"og:image:height\" content=\"773\" \/>\n\t<meta property=\"og:image:type\" content=\"image\/png\" \/>\n<meta name=\"twitter:card\" content=\"summary_large_image\" \/>\n<script type=\"application\/ld+json\" class=\"yoast-schema-graph\">{\"@context\":\"https:\\\/\\\/schema.org\",\"@graph\":[{\"@type\":\"WebPage\",\"@id\":\"https:\\\/\\\/bogensportdiscount.ch\\\/produkt\\\/shibuya-disc-gewicht-7oz-sus\\\/\",\"url\":\"https:\\\/\\\/bogensportdiscount.ch\\\/produkt\\\/shibuya-disc-gewicht-7oz-sus\\\/\",\"name\":\"SHIBUYA DISC GEWICHT 7oz SUS - Bogensportdiscount \u2013 B\u00f6gen, Pfeile, Targets &amp; Zubeh\u00f6r\",\"isPartOf\":{\"@id\":\"https:\\\/\\\/bogensportdiscount.ch\\\/#website\"},\"primaryImageOfPage\":{\"@id\":\"https:\\\/\\\/bogensportdiscount.ch\\\/produkt\\\/shibuya-disc-gewicht-7oz-sus\\\/#primaryimage\"},\"image\":{\"@id\":\"https:\\\/\\\/bogensportdiscount.ch\\\/produkt\\\/shibuya-disc-gewicht-7oz-sus\\\/#primaryimage\"},\"thumbnailUrl\":\"https:\\\/\\\/bogensportdiscount.ch\\\/wp-content\\\/uploads\\\/bsm-images\\\/A082573_1.png\",\"datePublished\":\"2026-04-05T12:30:54+00:00\",\"dateModified\":\"2026-05-14T05:13:57+00:00\",\"description\":\"SHIBUYA DISC GEWICHT 7oz SUS g\u00fcnstig kaufen bei Bogensportdiscount \u2013 Top-Marken, schneller Versand aus der Schweiz.\",\"breadcrumb\":{\"@id\":\"https:\\\/\\\/bogensportdiscount.ch\\\/produkt\\\/shibuya-disc-gewicht-7oz-sus\\\/#breadcrumb\"},\"inLanguage\":\"fr-FR\",\"potentialAction\":[{\"@type\":\"ReadAction\",\"target\":[\"https:\\\/\\\/bogensportdiscount.ch\\\/produkt\\\/shibuya-disc-gewicht-7oz-sus\\\/\"]}]},{\"@type\":\"ImageObject\",\"inLanguage\":\"fr-FR\",\"@id\":\"https:\\\/\\\/bogensportdiscount.ch\\\/produkt\\\/shibuya-disc-gewicht-7oz-sus\\\/#primaryimage\",\"url\":\"https:\\\/\\\/bogensportdiscount.ch\\\/wp-content\\\/uploads\\\/bsm-images\\\/A082573_1.png\",\"contentUrl\":\"https:\\\/\\\/bogensportdiscount.ch\\\/wp-content\\\/uploads\\\/bsm-images\\\/A082573_1.png\",\"width\":3401,\"height\":773},{\"@type\":\"BreadcrumbList\",\"@id\":\"https:\\\/\\\/bogensportdiscount.ch\\\/produkt\\\/shibuya-disc-gewicht-7oz-sus\\\/#breadcrumb\",\"itemListElement\":[{\"@type\":\"ListItem\",\"position\":1,\"name\":\"Home\",\"item\":\"https:\\\/\\\/bogensportdiscount.ch\\\/\"},{\"@type\":\"ListItem\",\"position\":2,\"name\":\"Shop\",\"item\":\"https:\\\/\\\/bogensportdiscount.ch\\\/shop\\\/\"},{\"@type\":\"ListItem\",\"position\":3,\"name\":\"SHIBUYA DISC WEIGHT 7oz SUS\"}]},{\"@type\":\"WebSite\",\"@id\":\"https:\\\/\\\/bogensportdiscount.ch\\\/#website\",\"url\":\"https:\\\/\\\/bogensportdiscount.ch\\\/\",\"name\":\"Bogensportdiscount\",\"description\":\"\",\"potentialAction\":[{\"@type\":\"SearchAction\",\"target\":{\"@type\":\"EntryPoint\",\"urlTemplate\":\"https:\\\/\\\/bogensportdiscount.ch\\\/?s={search_term_string}\"},\"query-input\":{\"@type\":\"PropertyValueSpecification\",\"valueRequired\":true,\"valueName\":\"search_term_string\"}}],\"inLanguage\":\"fr-FR\"}]}<\/script>\n<!-- \/ Yoast SEO plugin. -->","yoast_head_json":{"title":"SHIBUYA DISC GEWICHT 7oz SUS - Bogensportdiscount \u2013 B\u00f6gen, Pfeile, Targets &amp; Zubeh\u00f6r","description":"SHIBUYA DISC GEWICHT 7oz SUS g\u00fcnstig kaufen bei Bogensportdiscount \u2013 Top-Marken, schneller Versand aus der Schweiz.","robots":{"index":"index","follow":"follow","max-snippet":"max-snippet:-1","max-image-preview":"max-image-preview:large","max-video-preview":"max-video-preview:-1"},"canonical":"https:\/\/bogensportdiscount.ch\/fr\/produit\/shibuya-disc-gewicht-7oz-sus\/","og_locale":"fr_FR","og_type":"article","og_title":"SHIBUYA DISC GEWICHT 7oz SUS - Bogensportdiscount \u2013 B\u00f6gen, Pfeile, Targets &amp; Zubeh\u00f6r","og_description":"SHIBUYA DISC GEWICHT 7oz SUS g\u00fcnstig kaufen bei Bogensportdiscount \u2013 Top-Marken, schneller Versand aus der Schweiz.","og_url":"https:\/\/bogensportdiscount.ch\/fr\/produit\/shibuya-disc-gewicht-7oz-sus\/","og_site_name":"Bogensportdiscount \u2013 B\u00f6gen, Pfeile, Targets &amp; Zubeh\u00f6r","article_modified_time":"2026-05-14T05:13:57+00:00","og_image":[{"url":"https:\/\/bogensportdiscount.ch\/wp-content\/uploads\/bsm-images\/A082573.png","width":3401,"height":773,"type":"image\/png"}],"twitter_card":"summary_large_image","schema":{"@context":"https:\/\/schema.org","@graph":[{"@type":"WebPage","@id":"https:\/\/bogensportdiscount.ch\/produkt\/shibuya-disc-gewicht-7oz-sus\/","url":"https:\/\/bogensportdiscount.ch\/produkt\/shibuya-disc-gewicht-7oz-sus\/","name":"SHIBUYA DISC GEWICHT 7oz SUS - Bogensportdiscount \u2013 B\u00f6gen, Pfeile, Targets &amp; Zubeh\u00f6r","isPartOf":{"@id":"https:\/\/bogensportdiscount.ch\/#website"},"primaryImageOfPage":{"@id":"https:\/\/bogensportdiscount.ch\/produkt\/shibuya-disc-gewicht-7oz-sus\/#primaryimage"},"image":{"@id":"https:\/\/bogensportdiscount.ch\/produkt\/shibuya-disc-gewicht-7oz-sus\/#primaryimage"},"thumbnailUrl":"https:\/\/bogensportdiscount.ch\/wp-content\/uploads\/bsm-images\/A082573_1.png","datePublished":"2026-04-05T12:30:54+00:00","dateModified":"2026-05-14T05:13:57+00:00","description":"SHIBUYA DISC GEWICHT 7oz SUS g\u00fcnstig kaufen bei Bogensportdiscount \u2013 Top-Marken, schneller Versand aus der Schweiz.","breadcrumb":{"@id":"https:\/\/bogensportdiscount.ch\/produkt\/shibuya-disc-gewicht-7oz-sus\/#breadcrumb"},"inLanguage":"fr-FR","potentialAction":[{"@type":"ReadAction","target":["https:\/\/bogensportdiscount.ch\/produkt\/shibuya-disc-gewicht-7oz-sus\/"]}]},{"@type":"ImageObject","inLanguage":"fr-FR","@id":"https:\/\/bogensportdiscount.ch\/produkt\/shibuya-disc-gewicht-7oz-sus\/#primaryimage","url":"https:\/\/bogensportdiscount.ch\/wp-content\/uploads\/bsm-images\/A082573_1.png","contentUrl":"https:\/\/bogensportdiscount.ch\/wp-content\/uploads\/bsm-images\/A082573_1.png","width":3401,"height":773},{"@type":"BreadcrumbList","@id":"https:\/\/bogensportdiscount.ch\/produkt\/shibuya-disc-gewicht-7oz-sus\/#breadcrumb","itemListElement":[{"@type":"ListItem","position":1,"name":"Home","item":"https:\/\/bogensportdiscount.ch\/"},{"@type":"ListItem","position":2,"name":"Shop","item":"https:\/\/bogensportdiscount.ch\/shop\/"},{"@type":"ListItem","position":3,"name":"SHIBUYA DISC WEIGHT 7oz SUS"}]},{"@type":"WebSite","@id":"https:\/\/bogensportdiscount.ch\/#website","url":"https:\/\/bogensportdiscount.ch\/","name":"Bogensportdiscount","description":"","potentialAction":[{"@type":"SearchAction","target":{"@type":"EntryPoint","urlTemplate":"https:\/\/bogensportdiscount.ch\/?s={search_term_string}"},"query-input":{"@type":"PropertyValueSpecification","valueRequired":true,"valueName":"search_term_string"}}],"inLanguage":"fr-FR"}]}},"_links":{"self":[{"href":"https:\/\/bogensportdiscount.ch\/fr\/wp-json\/wp\/v2\/product\/393734","targetHints":{"allow":["GET"]}}],"collection":[{"href":"https:\/\/bogensportdiscount.ch\/fr\/wp-json\/wp\/v2\/product"}],"about":[{"href":"https:\/\/bogensportdiscount.ch\/fr\/wp-json\/wp\/v2\/types\/product"}],"replies":[{"embeddable":true,"href":"https:\/\/bogensportdiscount.ch\/fr\/wp-json\/wp\/v2\/comments?post=393734"}],"wp:featuredmedia":[{"embeddable":true,"href":"https:\/\/bogensportdiscount.ch\/fr\/wp-json\/wp\/v2\/media\/524158"}],"wp:attachment":[{"href":"https:\/\/bogensportdiscount.ch\/fr\/wp-json\/wp\/v2\/media?parent=393734"}],"wp:term":[{"taxonomy":"product_brand","embeddable":true,"href":"https:\/\/bogensportdiscount.ch\/fr\/wp-json\/wp\/v2\/product_brand?post=393734"},{"taxonomy":"product_cat","embeddable":true,"href":"https:\/\/bogensportdiscount.ch\/fr\/wp-json\/wp\/v2\/product_cat?post=393734"},{"taxonomy":"product_tag","embeddable":true,"href":"https:\/\/bogensportdiscount.ch\/fr\/wp-json\/wp\/v2\/product_tag?post=393734"}],"curies":[{"name":"wp","href":"https:\/\/api.w.org\/{rel}","templated":true}]}}