{"id":393718,"date":"2026-04-05T14:30:50","date_gmt":"2026-04-05T12:30:50","guid":{"rendered":"https:\/\/bogensportdiscount.ch\/produkt\/gompy-chestguards-bb4-medium-lh-white\/"},"modified":"2026-04-15T12:16:14","modified_gmt":"2026-04-15T10:16:14","slug":"gompy-brustschutz-bb4-medium-lh-weiss","status":"publish","type":"product","link":"https:\/\/bogensportdiscount.ch\/fr\/produit\/gompy-brustschutz-bb4-medium-lh-weiss\/","title":{"rendered":"GOMPY CHESTGUARDS BB4 MEDIUM LH WHITE"},"content":{"rendered":"<p>Der GOMPY Brustschutz BB4 ist ein Brustschutz f\u00fcr Bogensch\u00fctzen, der die Kleidung und den K\u00f6rper vor dem Bogensehnenr\u00fcckprall sch\u00fctzt. Das Modell ist f\u00fcr Linksschiessen (LH) ausgelegt und in der Gr\u00f6sse Medium erh\u00e4ltlich.<\/p>\n<p>Die weisse Ausf\u00fchrung eignet sich sowohl f\u00fcr den Trainings- als auch f\u00fcr den Wettkampfbetrieb. Hergestellt in den Niederlanden bietet der BB4 eine zuverl\u00e4ssige Abdeckung der Brust w\u00e4hrend des Schiessens.<\/p>\n<ul>\n<li>F\u00fcr Linkssch\u00fctzen (LH) ausgelegt<\/li>\n<li>Gr\u00f6sse Medium<\/li>\n<li>Farbe Weiss<\/li>\n<li>Hergestellt in den Niederlanden<\/li>\n<\/ul>","protected":false},"excerpt":{"rendered":"<table>\n<tr>\n<th>Propri\u00e9t\u00e9<\/th>\n<th>Valeur<\/th>\n<\/tr>\n<tr>\n<td>Marque<\/td>\n<td>Gompy<\/td>\n<\/tr>\n<tr>\n<td>Modell<\/td>\n<td>BB4<\/td>\n<\/tr>\n<tr>\n<td>Main<\/td>\n<td>Links (LH)<\/td>\n<\/tr>\n<tr>\n<td>Couleur<\/td>\n<td>Weiss<\/td>\n<\/tr>\n<tr>\n<td>Taille<\/td>\n<td>M (Medium)<\/td>\n<\/tr>\n<tr>\n<td>Herkunftsland<\/td>\n<td>Niederlande<\/td>\n<\/tr>\n<\/table>","protected":false},"featured_media":453631,"comment_status":"open","ping_status":"closed","template":"","meta":[],"product_brand":[596],"product_cat":[4180],"product_tag":[3546],"class_list":{"0":"post-393718","1":"product","2":"type-product","3":"status-publish","4":"has-post-thumbnail","6":"product_brand-gompy","7":"product_cat-brustschutz","8":"product_tag-neuheit","10":"first","11":"instock","12":"shipping-taxable","13":"purchasable","14":"product-type-simple"},"_links":{"self":[{"href":"https:\/\/bogensportdiscount.ch\/fr\/wp-json\/wp\/v2\/product\/393718","targetHints":{"allow":["GET"]}}],"collection":[{"href":"https:\/\/bogensportdiscount.ch\/fr\/wp-json\/wp\/v2\/product"}],"about":[{"href":"https:\/\/bogensportdiscount.ch\/fr\/wp-json\/wp\/v2\/types\/product"}],"replies":[{"embeddable":true,"href":"https:\/\/bogensportdiscount.ch\/fr\/wp-json\/wp\/v2\/comments?post=393718"}],"wp:featuredmedia":[{"embeddable":true,"href":"https:\/\/bogensportdiscount.ch\/fr\/wp-json\/wp\/v2\/media\/453631"}],"wp:attachment":[{"href":"https:\/\/bogensportdiscount.ch\/fr\/wp-json\/wp\/v2\/media?parent=393718"}],"wp:term":[{"taxonomy":"product_brand","embeddable":true,"href":"https:\/\/bogensportdiscount.ch\/fr\/wp-json\/wp\/v2\/product_brand?post=393718"},{"taxonomy":"product_cat","embeddable":true,"href":"https:\/\/bogensportdiscount.ch\/fr\/wp-json\/wp\/v2\/product_cat?post=393718"},{"taxonomy":"product_tag","embeddable":true,"href":"https:\/\/bogensportdiscount.ch\/fr\/wp-json\/wp\/v2\/product_tag?post=393718"}],"curies":[{"name":"wp","href":"https:\/\/api.w.org\/{rel}","templated":true}]}}