{"id":393713,"date":"2026-04-05T14:30:49","date_gmt":"2026-04-05T12:30:49","guid":{"rendered":"https:\/\/bogensportdiscount.ch\/produkt\/nockturnal-lighted-launchpad-crossbow-nock-strobing-red-green-3-pk\/"},"modified":"2026-05-14T07:13:56","modified_gmt":"2026-05-14T05:13:56","slug":"nockturnal-beleuchtete-launchpad-armbrust-nocke-strobing-rot-gruen-3er-pack","status":"publish","type":"product","link":"https:\/\/bogensportdiscount.ch\/fr\/produit\/nockturnal-beleuchtete-launchpad-armbrust-nocke-strobing-rot-gruen-3er-pack\/","title":{"rendered":"NOCKTURNAL ENCOCHE D'ARBAL\u00c8TE LUMINEUSE LAUNCHPAD STROBING ROUGE\/VERT 3\/PK"},"content":{"rendered":"<p>La NOCKTURNAL Launchpad Lighted Crossbow Nock est une encoche d'arbal\u00e8te lumineuse avec effet stroboscopique int\u00e9gr\u00e9. Elle est disponible en rouge et en vert et est livr\u00e9e en pack de 3, de sorte que vous ayez toujours un remplacement \u00e0 port\u00e9e de main.<\/p>\n<p>Les encoches lumineuses comme celles-ci permettent de mieux suivre le vol du carreau et de localiser plus rapidement le point d'impact \u2013 un avantage pratique aussi bien lors de la chasse qu'\u00e0 l'entra\u00eenement dans de mauvaises conditions d'\u00e9clairage.<\/p>\n<ul>\n<li>Effet stroboscopique en rouge et en vert<\/li>\n<li>Sp\u00e9cialement d\u00e9velopp\u00e9 pour les carreaux d'arbal\u00e8te (design Launchpad)<\/li>\n<li>3 encoches par paquet<\/li>\n<li>Simplifie le suivi des carreaux apr\u00e8s le tir<\/li>\n<\/ul>","protected":false},"excerpt":{"rendered":"<table>\n<tr>\n<th>Propri\u00e9t\u00e9<\/th>\n<th>Valeur<\/th>\n<\/tr>\n<tr>\n<td>Marque<\/td>\n<td>Nockturnal<\/td>\n<\/tr>\n<tr>\n<td>Couleur<\/td>\n<td>Rouge<\/td>\n<\/tr>\n<tr>\n<td>Pays d'origine<\/td>\n<td>USA<\/td>\n<\/tr>\n<tr>\n<td>GTIN<\/td>\n<td>818322014205<\/td>\n<\/tr>\n<\/table>","protected":false},"featured_media":453631,"comment_status":"open","ping_status":"closed","template":"","meta":[],"product_brand":[589],"product_cat":[3348,4135,4204],"product_tag":[3546],"class_list":{"0":"post-393713","1":"product","2":"type-product","3":"status-publish","4":"has-post-thumbnail","6":"product_brand-nockturnal","7":"product_cat-nocken","8":"product_cat-armbrust-zubehoer","9":"product_cat-bolzen-armbrust-zubehoer","10":"product_tag-neuheit","11":"product_shipping_class-bsd-standard","13":"first","14":"instock","15":"shipping-taxable","16":"purchasable","17":"product-type-simple"},"yoast_head":"<!-- This site is optimized with the Yoast SEO plugin v27.6 - https:\/\/yoast.com\/product\/yoast-seo-wordpress\/ -->\n<title>NOCKTURNAL LEUCHT-LAUNCHPAD ARMBRUST NOCKE STROBING ROT\/GR\u00dcN 3\/PK - Bogensportdiscount \u2013 B\u00f6gen, Pfeile, Targets &amp; Zubeh\u00f6r<\/title>\n<meta name=\"description\" content=\"NOCKTURNAL LEUCHT-LAUNCHPAD ARMBRUST NOCKE STROBING ROT\/GR\u00dcN 3\/PK g\u00fcnstig kaufen bei Bogensportdiscount \u2013 Top-Marken, schneller Versand aus der Schweiz.\" \/>\n<meta name=\"robots\" content=\"index, follow, max-snippet:-1, max-image-preview:large, max-video-preview:-1\" \/>\n<link rel=\"canonical\" href=\"https:\/\/bogensportdiscount.ch\/fr\/produit\/nockturnal-beleuchtete-launchpad-armbrust-nocke-strobing-rot-gruen-3er-pack\/\" \/>\n<meta property=\"og:locale\" content=\"fr_FR\" \/>\n<meta property=\"og:type\" content=\"article\" \/>\n<meta property=\"og:title\" content=\"NOCKTURNAL LEUCHT-LAUNCHPAD ARMBRUST NOCKE STROBING ROT\/GR\u00dcN 3\/PK - Bogensportdiscount \u2013 B\u00f6gen, Pfeile, Targets &amp; Zubeh\u00f6r\" \/>\n<meta property=\"og:description\" content=\"NOCKTURNAL LEUCHT-LAUNCHPAD ARMBRUST NOCKE STROBING ROT\/GR\u00dcN 3\/PK g\u00fcnstig kaufen bei Bogensportdiscount \u2013 Top-Marken, schneller Versand aus der Schweiz.\" \/>\n<meta property=\"og:url\" content=\"https:\/\/bogensportdiscount.ch\/fr\/produit\/nockturnal-beleuchtete-launchpad-armbrust-nocke-strobing-rot-gruen-3er-pack\/\" \/>\n<meta property=\"og:site_name\" content=\"Bogensportdiscount \u2013 B\u00f6gen, Pfeile, Targets &amp; Zubeh\u00f6r\" \/>\n<meta property=\"article:modified_time\" content=\"2026-05-14T05:13:56+00:00\" \/>\n<meta property=\"og:image\" content=\"https:\/\/bogensportdiscount.ch\/wp-content\/uploads\/2026\/04\/bogensportdiscount.ch-pfeile-boegen-zubehoer-fuer-anfaenger-und-profis-zum-besten-preis-Symbolbild-kein-foto-zu-diesem-artikel_01.jpg\" \/>\n\t<meta property=\"og:image:width\" content=\"1080\" \/>\n\t<meta property=\"og:image:height\" content=\"1080\" \/>\n\t<meta property=\"og:image:type\" content=\"image\/jpeg\" \/>\n<meta name=\"twitter:card\" content=\"summary_large_image\" \/>\n<script type=\"application\/ld+json\" class=\"yoast-schema-graph\">{\"@context\":\"https:\\\/\\\/schema.org\",\"@graph\":[{\"@type\":\"WebPage\",\"@id\":\"https:\\\/\\\/bogensportdiscount.ch\\\/produkt\\\/nockturnal-beleuchtete-launchpad-armbrust-nocke-strobing-rot-gruen-3er-pack\\\/\",\"url\":\"https:\\\/\\\/bogensportdiscount.ch\\\/produkt\\\/nockturnal-beleuchtete-launchpad-armbrust-nocke-strobing-rot-gruen-3er-pack\\\/\",\"name\":\"NOCKTURNAL LEUCHT-LAUNCHPAD ARMBRUST NOCKE STROBING ROT\\\/GR\u00dcN 3\\\/PK - Bogensportdiscount \u2013 B\u00f6gen, Pfeile, Targets &amp; Zubeh\u00f6r\",\"isPartOf\":{\"@id\":\"https:\\\/\\\/bogensportdiscount.ch\\\/#website\"},\"primaryImageOfPage\":{\"@id\":\"https:\\\/\\\/bogensportdiscount.ch\\\/produkt\\\/nockturnal-beleuchtete-launchpad-armbrust-nocke-strobing-rot-gruen-3er-pack\\\/#primaryimage\"},\"image\":{\"@id\":\"https:\\\/\\\/bogensportdiscount.ch\\\/produkt\\\/nockturnal-beleuchtete-launchpad-armbrust-nocke-strobing-rot-gruen-3er-pack\\\/#primaryimage\"},\"thumbnailUrl\":\"https:\\\/\\\/bogensportdiscount.ch\\\/wp-content\\\/uploads\\\/2026\\\/04\\\/bogensportdiscount.ch-pfeile-boegen-zubehoer-fuer-anfaenger-und-profis-zum-besten-preis-Symbolbild-kein-foto-zu-diesem-artikel_01.jpg\",\"datePublished\":\"2026-04-05T12:30:49+00:00\",\"dateModified\":\"2026-05-14T05:13:56+00:00\",\"description\":\"NOCKTURNAL LEUCHT-LAUNCHPAD ARMBRUST NOCKE STROBING ROT\\\/GR\u00dcN 3\\\/PK g\u00fcnstig kaufen bei Bogensportdiscount \u2013 Top-Marken, schneller Versand aus der Schweiz.\",\"breadcrumb\":{\"@id\":\"https:\\\/\\\/bogensportdiscount.ch\\\/produkt\\\/nockturnal-beleuchtete-launchpad-armbrust-nocke-strobing-rot-gruen-3er-pack\\\/#breadcrumb\"},\"inLanguage\":\"fr-FR\",\"potentialAction\":[{\"@type\":\"ReadAction\",\"target\":[\"https:\\\/\\\/bogensportdiscount.ch\\\/produkt\\\/nockturnal-beleuchtete-launchpad-armbrust-nocke-strobing-rot-gruen-3er-pack\\\/\"]}]},{\"@type\":\"ImageObject\",\"inLanguage\":\"fr-FR\",\"@id\":\"https:\\\/\\\/bogensportdiscount.ch\\\/produkt\\\/nockturnal-beleuchtete-launchpad-armbrust-nocke-strobing-rot-gruen-3er-pack\\\/#primaryimage\",\"url\":\"https:\\\/\\\/bogensportdiscount.ch\\\/wp-content\\\/uploads\\\/2026\\\/04\\\/bogensportdiscount.ch-pfeile-boegen-zubehoer-fuer-anfaenger-und-profis-zum-besten-preis-Symbolbild-kein-foto-zu-diesem-artikel_01.jpg\",\"contentUrl\":\"https:\\\/\\\/bogensportdiscount.ch\\\/wp-content\\\/uploads\\\/2026\\\/04\\\/bogensportdiscount.ch-pfeile-boegen-zubehoer-fuer-anfaenger-und-profis-zum-besten-preis-Symbolbild-kein-foto-zu-diesem-artikel_01.jpg\",\"width\":1080,\"height\":1080},{\"@type\":\"BreadcrumbList\",\"@id\":\"https:\\\/\\\/bogensportdiscount.ch\\\/produkt\\\/nockturnal-beleuchtete-launchpad-armbrust-nocke-strobing-rot-gruen-3er-pack\\\/#breadcrumb\",\"itemListElement\":[{\"@type\":\"ListItem\",\"position\":1,\"name\":\"Home\",\"item\":\"https:\\\/\\\/bogensportdiscount.ch\\\/\"},{\"@type\":\"ListItem\",\"position\":2,\"name\":\"Shop\",\"item\":\"https:\\\/\\\/bogensportdiscount.ch\\\/shop\\\/\"},{\"@type\":\"ListItem\",\"position\":3,\"name\":\"NOCKTURNAL LIGHTED LAUNCHPAD CROSSBOW NOCK STROBING RED\\\/GREEN 3\\\/PK\"}]},{\"@type\":\"WebSite\",\"@id\":\"https:\\\/\\\/bogensportdiscount.ch\\\/#website\",\"url\":\"https:\\\/\\\/bogensportdiscount.ch\\\/\",\"name\":\"Bogensportdiscount\",\"description\":\"\",\"potentialAction\":[{\"@type\":\"SearchAction\",\"target\":{\"@type\":\"EntryPoint\",\"urlTemplate\":\"https:\\\/\\\/bogensportdiscount.ch\\\/?s={search_term_string}\"},\"query-input\":{\"@type\":\"PropertyValueSpecification\",\"valueRequired\":true,\"valueName\":\"search_term_string\"}}],\"inLanguage\":\"fr-FR\"}]}<\/script>\n<!-- \/ Yoast SEO plugin. -->","yoast_head_json":{"title":"NOCKTURNAL LEUCHT-LAUNCHPAD ARMBRUST NOCKE STROBING ROT\/GR\u00dcN 3\/PK - Bogensportdiscount \u2013 B\u00f6gen, Pfeile, Targets &amp; Zubeh\u00f6r","description":"NOCKTURNAL LEUCHT-LAUNCHPAD ARMBRUST NOCKE STROBING ROT\/GR\u00dcN 3\/PK g\u00fcnstig kaufen bei Bogensportdiscount \u2013 Top-Marken, schneller Versand aus der Schweiz.","robots":{"index":"index","follow":"follow","max-snippet":"max-snippet:-1","max-image-preview":"max-image-preview:large","max-video-preview":"max-video-preview:-1"},"canonical":"https:\/\/bogensportdiscount.ch\/fr\/produit\/nockturnal-beleuchtete-launchpad-armbrust-nocke-strobing-rot-gruen-3er-pack\/","og_locale":"fr_FR","og_type":"article","og_title":"NOCKTURNAL LEUCHT-LAUNCHPAD ARMBRUST NOCKE STROBING ROT\/GR\u00dcN 3\/PK - Bogensportdiscount \u2013 B\u00f6gen, Pfeile, Targets &amp; Zubeh\u00f6r","og_description":"NOCKTURNAL LEUCHT-LAUNCHPAD ARMBRUST NOCKE STROBING ROT\/GR\u00dcN 3\/PK g\u00fcnstig kaufen bei Bogensportdiscount \u2013 Top-Marken, schneller Versand aus der Schweiz.","og_url":"https:\/\/bogensportdiscount.ch\/fr\/produit\/nockturnal-beleuchtete-launchpad-armbrust-nocke-strobing-rot-gruen-3er-pack\/","og_site_name":"Bogensportdiscount \u2013 B\u00f6gen, Pfeile, Targets &amp; Zubeh\u00f6r","article_modified_time":"2026-05-14T05:13:56+00:00","og_image":[{"width":1080,"height":1080,"url":"https:\/\/bogensportdiscount.ch\/wp-content\/uploads\/2026\/04\/bogensportdiscount.ch-pfeile-boegen-zubehoer-fuer-anfaenger-und-profis-zum-besten-preis-Symbolbild-kein-foto-zu-diesem-artikel_01.jpg","type":"image\/jpeg"}],"twitter_card":"summary_large_image","schema":{"@context":"https:\/\/schema.org","@graph":[{"@type":"WebPage","@id":"https:\/\/bogensportdiscount.ch\/produkt\/nockturnal-beleuchtete-launchpad-armbrust-nocke-strobing-rot-gruen-3er-pack\/","url":"https:\/\/bogensportdiscount.ch\/produkt\/nockturnal-beleuchtete-launchpad-armbrust-nocke-strobing-rot-gruen-3er-pack\/","name":"NOCKTURNAL LEUCHT-LAUNCHPAD ARMBRUST NOCKE STROBING ROT\/GR\u00dcN 3\/PK - Bogensportdiscount \u2013 B\u00f6gen, Pfeile, Targets &amp; Zubeh\u00f6r","isPartOf":{"@id":"https:\/\/bogensportdiscount.ch\/#website"},"primaryImageOfPage":{"@id":"https:\/\/bogensportdiscount.ch\/produkt\/nockturnal-beleuchtete-launchpad-armbrust-nocke-strobing-rot-gruen-3er-pack\/#primaryimage"},"image":{"@id":"https:\/\/bogensportdiscount.ch\/produkt\/nockturnal-beleuchtete-launchpad-armbrust-nocke-strobing-rot-gruen-3er-pack\/#primaryimage"},"thumbnailUrl":"https:\/\/bogensportdiscount.ch\/wp-content\/uploads\/2026\/04\/bogensportdiscount.ch-pfeile-boegen-zubehoer-fuer-anfaenger-und-profis-zum-besten-preis-Symbolbild-kein-foto-zu-diesem-artikel_01.jpg","datePublished":"2026-04-05T12:30:49+00:00","dateModified":"2026-05-14T05:13:56+00:00","description":"NOCKTURNAL LEUCHT-LAUNCHPAD ARMBRUST NOCKE STROBING ROT\/GR\u00dcN 3\/PK g\u00fcnstig kaufen bei Bogensportdiscount \u2013 Top-Marken, schneller Versand aus der Schweiz.","breadcrumb":{"@id":"https:\/\/bogensportdiscount.ch\/produkt\/nockturnal-beleuchtete-launchpad-armbrust-nocke-strobing-rot-gruen-3er-pack\/#breadcrumb"},"inLanguage":"fr-FR","potentialAction":[{"@type":"ReadAction","target":["https:\/\/bogensportdiscount.ch\/produkt\/nockturnal-beleuchtete-launchpad-armbrust-nocke-strobing-rot-gruen-3er-pack\/"]}]},{"@type":"ImageObject","inLanguage":"fr-FR","@id":"https:\/\/bogensportdiscount.ch\/produkt\/nockturnal-beleuchtete-launchpad-armbrust-nocke-strobing-rot-gruen-3er-pack\/#primaryimage","url":"https:\/\/bogensportdiscount.ch\/wp-content\/uploads\/2026\/04\/bogensportdiscount.ch-pfeile-boegen-zubehoer-fuer-anfaenger-und-profis-zum-besten-preis-Symbolbild-kein-foto-zu-diesem-artikel_01.jpg","contentUrl":"https:\/\/bogensportdiscount.ch\/wp-content\/uploads\/2026\/04\/bogensportdiscount.ch-pfeile-boegen-zubehoer-fuer-anfaenger-und-profis-zum-besten-preis-Symbolbild-kein-foto-zu-diesem-artikel_01.jpg","width":1080,"height":1080},{"@type":"BreadcrumbList","@id":"https:\/\/bogensportdiscount.ch\/produkt\/nockturnal-beleuchtete-launchpad-armbrust-nocke-strobing-rot-gruen-3er-pack\/#breadcrumb","itemListElement":[{"@type":"ListItem","position":1,"name":"Home","item":"https:\/\/bogensportdiscount.ch\/"},{"@type":"ListItem","position":2,"name":"Shop","item":"https:\/\/bogensportdiscount.ch\/shop\/"},{"@type":"ListItem","position":3,"name":"NOCKTURNAL LIGHTED LAUNCHPAD CROSSBOW NOCK STROBING RED\/GREEN 3\/PK"}]},{"@type":"WebSite","@id":"https:\/\/bogensportdiscount.ch\/#website","url":"https:\/\/bogensportdiscount.ch\/","name":"Bogensportdiscount","description":"","potentialAction":[{"@type":"SearchAction","target":{"@type":"EntryPoint","urlTemplate":"https:\/\/bogensportdiscount.ch\/?s={search_term_string}"},"query-input":{"@type":"PropertyValueSpecification","valueRequired":true,"valueName":"search_term_string"}}],"inLanguage":"fr-FR"}]}},"_links":{"self":[{"href":"https:\/\/bogensportdiscount.ch\/fr\/wp-json\/wp\/v2\/product\/393713","targetHints":{"allow":["GET"]}}],"collection":[{"href":"https:\/\/bogensportdiscount.ch\/fr\/wp-json\/wp\/v2\/product"}],"about":[{"href":"https:\/\/bogensportdiscount.ch\/fr\/wp-json\/wp\/v2\/types\/product"}],"replies":[{"embeddable":true,"href":"https:\/\/bogensportdiscount.ch\/fr\/wp-json\/wp\/v2\/comments?post=393713"}],"wp:featuredmedia":[{"embeddable":true,"href":"https:\/\/bogensportdiscount.ch\/fr\/wp-json\/wp\/v2\/media\/453631"}],"wp:attachment":[{"href":"https:\/\/bogensportdiscount.ch\/fr\/wp-json\/wp\/v2\/media?parent=393713"}],"wp:term":[{"taxonomy":"product_brand","embeddable":true,"href":"https:\/\/bogensportdiscount.ch\/fr\/wp-json\/wp\/v2\/product_brand?post=393713"},{"taxonomy":"product_cat","embeddable":true,"href":"https:\/\/bogensportdiscount.ch\/fr\/wp-json\/wp\/v2\/product_cat?post=393713"},{"taxonomy":"product_tag","embeddable":true,"href":"https:\/\/bogensportdiscount.ch\/fr\/wp-json\/wp\/v2\/product_tag?post=393713"}],"curies":[{"name":"wp","href":"https:\/\/api.w.org\/{rel}","templated":true}]}}