{"id":393690,"date":"2026-04-05T14:30:43","date_gmt":"2026-04-05T12:30:43","guid":{"rendered":"https:\/\/bogensportdiscount.ch\/produkt\/reign-fusion-14-serving-material-0-014-black\/"},"modified":"2026-04-15T12:16:13","modified_gmt":"2026-04-15T10:16:13","slug":"reign-mittenwicklungsmaterial-fusion-14-0014-schwarz","status":"publish","type":"product","link":"https:\/\/bogensportdiscount.ch\/fr\/produit\/reign-mittenwicklungsmaterial-fusion-14-0014-schwarz\/","title":{"rendered":"REIGN FUSION 14 SERVING MATERIAL 0.014\u2033 BLACK"},"content":{"rendered":"<p>Das REIGN Fusion 14 Mittenwicklungsmaterial in Schwarz ist speziell f\u00fcr den Einsatz beim Sehnenbau konzipiert. Mit einem Durchmesser von 0.014&#8243; bietet es pr\u00e4zise Kontrolle beim Aufwickeln und erm\u00f6glicht eine gleichm\u00e4ssige, feste Mittenwicklung der Bogensehne.<\/p>\n<p>Mittenwicklungsmaterial dieser Art sch\u00fctzt die Sehne im Bereich des Nockpunkts und der Pfeilauflage vor Verschleiss und verbessert das Abschussgef\u00fchl. Das Material ist kompatibel mit g\u00e4ngigen Servingwerkzeugen und l\u00e4sst sich einfach verarbeiten.<\/p>\n<ul>\n<li>Durchmesser: 0.014&#8243;<\/li>\n<li>Farbe: Schwarz<\/li>\n<li>Geeignet f\u00fcr die Mittenwicklung von Bogensehnen<\/li>\n<li>F\u00fcr den professionellen Sehnenbau geeignet<\/li>\n<\/ul>","protected":false},"excerpt":{"rendered":"<p><strong>Marque :<\/strong> Reign<br \/><strong>Farbe:<\/strong> Schwarz<br \/><strong>Diameter (inch):<\/strong> ,014<br \/><strong>Spool size:<\/strong> Jig<br \/><strong>GTIN:<\/strong> 6426013114109<\/p>","protected":false},"featured_media":453295,"comment_status":"open","ping_status":"closed","template":"","meta":[],"product_brand":[571],"product_cat":[4167],"product_tag":[3546],"class_list":{"0":"post-393690","1":"product","2":"type-product","3":"status-publish","4":"has-post-thumbnail","6":"product_brand-reign","7":"product_cat-serving-material-sehnen-herstellung","8":"product_tag-neuheit","10":"first","11":"instock","12":"shipping-taxable","13":"purchasable","14":"product-type-simple"},"_links":{"self":[{"href":"https:\/\/bogensportdiscount.ch\/fr\/wp-json\/wp\/v2\/product\/393690","targetHints":{"allow":["GET"]}}],"collection":[{"href":"https:\/\/bogensportdiscount.ch\/fr\/wp-json\/wp\/v2\/product"}],"about":[{"href":"https:\/\/bogensportdiscount.ch\/fr\/wp-json\/wp\/v2\/types\/product"}],"replies":[{"embeddable":true,"href":"https:\/\/bogensportdiscount.ch\/fr\/wp-json\/wp\/v2\/comments?post=393690"}],"wp:featuredmedia":[{"embeddable":true,"href":"https:\/\/bogensportdiscount.ch\/fr\/wp-json\/wp\/v2\/media\/453295"}],"wp:attachment":[{"href":"https:\/\/bogensportdiscount.ch\/fr\/wp-json\/wp\/v2\/media?parent=393690"}],"wp:term":[{"taxonomy":"product_brand","embeddable":true,"href":"https:\/\/bogensportdiscount.ch\/fr\/wp-json\/wp\/v2\/product_brand?post=393690"},{"taxonomy":"product_cat","embeddable":true,"href":"https:\/\/bogensportdiscount.ch\/fr\/wp-json\/wp\/v2\/product_cat?post=393690"},{"taxonomy":"product_tag","embeddable":true,"href":"https:\/\/bogensportdiscount.ch\/fr\/wp-json\/wp\/v2\/product_tag?post=393690"}],"curies":[{"name":"wp","href":"https:\/\/api.w.org\/{rel}","templated":true}]}}