{"id":393683,"date":"2026-04-05T14:30:42","date_gmt":"2026-04-05T12:30:42","guid":{"rendered":"https:\/\/bogensportdiscount.ch\/produkt\/redline-pendulum-stabilizer-weights-3-pk\/"},"modified":"2026-04-15T12:16:12","modified_gmt":"2026-04-15T10:16:12","slug":"redline-pendel-stabilisator-gewichte-3er-pack","status":"publish","type":"product","link":"https:\/\/bogensportdiscount.ch\/fr\/produit\/redline-pendel-stabilisator-gewichte-3er-pack\/","title":{"rendered":"REDLINE STABILISATEUR DE PENDULE POIDS 3\/PK"},"content":{"rendered":"<p>Die REDLINE Pendel-Stabilisator Gewichte werden im praktischen 3er-Pack geliefert und sind speziell f\u00fcr die Verwendung mit Pendel-Stabilisatoren ausgelegt. Pendel-Stabilisatoren werden h\u00e4ufig beim Bogenschiessen vom Baum oder aus erh\u00f6hter Position eingesetzt, da sie sich automatisch an den Schusswinkel anpassen.<\/p>\n<p>Durch das Hinzuf\u00fcgen oder Entfernen von Gewichten l\u00e4sst sich das Schwingungsverhalten und die Balance des Stabilisators pr\u00e4zise einstellen. Das Set aus 3 Gewichten bietet dabei ausreichend Flexibilit\u00e4t f\u00fcr verschiedene Einstellungen.<\/p>\n<ul>\n<li>Inhalt: 3 Gewichte pro Pack<\/li>\n<li>Geeignet f\u00fcr Pendel-Stabilisatoren<\/li>\n<li>Individuelle Balance-Einstellung m\u00f6glich<\/li>\n<li>Marke: REDLINE<\/li>\n<\/ul>","protected":false},"excerpt":{"rendered":"<p><strong>Marque :<\/strong> Redline<br \/><strong>Farbe:<\/strong> Schwarz<br \/><strong>GTIN:<\/strong> 812755400550<\/p>","protected":false},"featured_media":441291,"comment_status":"open","ping_status":"closed","template":"","meta":[],"product_brand":[567],"product_cat":[4199],"product_tag":[3546],"class_list":{"0":"post-393683","1":"product","2":"type-product","3":"status-publish","4":"has-post-thumbnail","6":"product_brand-redline","7":"product_cat-gewichte-stabilisation","8":"product_tag-neuheit","10":"first","11":"instock","12":"shipping-taxable","13":"purchasable","14":"product-type-simple"},"_links":{"self":[{"href":"https:\/\/bogensportdiscount.ch\/fr\/wp-json\/wp\/v2\/product\/393683","targetHints":{"allow":["GET"]}}],"collection":[{"href":"https:\/\/bogensportdiscount.ch\/fr\/wp-json\/wp\/v2\/product"}],"about":[{"href":"https:\/\/bogensportdiscount.ch\/fr\/wp-json\/wp\/v2\/types\/product"}],"replies":[{"embeddable":true,"href":"https:\/\/bogensportdiscount.ch\/fr\/wp-json\/wp\/v2\/comments?post=393683"}],"wp:featuredmedia":[{"embeddable":true,"href":"https:\/\/bogensportdiscount.ch\/fr\/wp-json\/wp\/v2\/media\/441291"}],"wp:attachment":[{"href":"https:\/\/bogensportdiscount.ch\/fr\/wp-json\/wp\/v2\/media?parent=393683"}],"wp:term":[{"taxonomy":"product_brand","embeddable":true,"href":"https:\/\/bogensportdiscount.ch\/fr\/wp-json\/wp\/v2\/product_brand?post=393683"},{"taxonomy":"product_cat","embeddable":true,"href":"https:\/\/bogensportdiscount.ch\/fr\/wp-json\/wp\/v2\/product_cat?post=393683"},{"taxonomy":"product_tag","embeddable":true,"href":"https:\/\/bogensportdiscount.ch\/fr\/wp-json\/wp\/v2\/product_tag?post=393683"}],"curies":[{"name":"wp","href":"https:\/\/api.w.org\/{rel}","templated":true}]}}