{"id":393675,"date":"2026-04-05T14:30:40","date_gmt":"2026-04-05T12:30:40","guid":{"rendered":"https:\/\/bogensportdiscount.ch\/produkt\/apex-gear-hunting-3d-stabilizers-endgame-pro-8\/"},"modified":"2026-04-15T12:16:12","modified_gmt":"2026-04-15T10:16:12","slug":"apexgear-jagd-3d-stabilisator-endgame-pro-8-zoll","status":"publish","type":"product","link":"https:\/\/bogensportdiscount.ch\/fr\/produit\/apexgear-jagd-3d-stabilisator-endgame-pro-8-zoll\/","title":{"rendered":"APEX GEAR HUNTING &amp; 3D STABILIZERS ENDGAME PRO 8\u2033"},"content":{"rendered":"<p>Der Apexgear Endgame Pro 8&#8243; ist ein Stabilisator, der speziell f\u00fcr den Einsatz auf der Jagd sowie im 3D-Bogenschiessen entwickelt wurde. Mit einer L\u00e4nge von 8 Zoll bietet er eine kompakte Bauweise, die im Gel\u00e4nde und in engen Situationen am Ansitz nicht hinderlich ist.<\/p>\n<p>Stabilisatoren dieser Kategorie reduzieren Drehmomentschwankungen und Vibrationen beim Abschuss, was zu einem ruhigeren Bogenverhalten und einer gleichm\u00e4ssigeren Schussausf\u00fchrung beitr\u00e4gt. Der Endgame Pro von Apexgear ist f\u00fcr Recurve- und Compound-B\u00f6gen geeignet, die \u00fcber eine Standardaufnahme f\u00fcr Stabilisatoren verf\u00fcgen.<\/p>\n<ul>\n<li>L\u00e4nge: 8 Zoll \u2013 kompakt und handlich<\/li>\n<li>Geeignet f\u00fcr Jagd und 3D-Bogenschiessen<\/li>\n<li>D\u00e4mpft Vibrationen und Drehmoment nach dem Schuss<\/li>\n<li>Von Apexgear \u2013 auf Bogenjagd-Zubeh\u00f6r spezialisierter Hersteller<\/li>\n<\/ul>","protected":false},"excerpt":{"rendered":"<p><strong>Marque :<\/strong> Apex Gear<br \/><strong>Farbe:<\/strong> Schwarz<br \/><strong>GTIN:<\/strong> 888151046661<\/p>","protected":false},"featured_media":441302,"comment_status":"open","ping_status":"closed","template":"","meta":[],"product_brand":[561],"product_cat":[4629],"product_tag":[3546],"class_list":{"0":"post-393675","1":"product","2":"type-product","3":"status-publish","4":"has-post-thumbnail","6":"product_brand-apexgear","7":"product_cat-jagd-stabilizer","8":"product_tag-neuheit","10":"first","11":"instock","12":"shipping-taxable","13":"purchasable","14":"product-type-simple"},"_links":{"self":[{"href":"https:\/\/bogensportdiscount.ch\/fr\/wp-json\/wp\/v2\/product\/393675","targetHints":{"allow":["GET"]}}],"collection":[{"href":"https:\/\/bogensportdiscount.ch\/fr\/wp-json\/wp\/v2\/product"}],"about":[{"href":"https:\/\/bogensportdiscount.ch\/fr\/wp-json\/wp\/v2\/types\/product"}],"replies":[{"embeddable":true,"href":"https:\/\/bogensportdiscount.ch\/fr\/wp-json\/wp\/v2\/comments?post=393675"}],"wp:featuredmedia":[{"embeddable":true,"href":"https:\/\/bogensportdiscount.ch\/fr\/wp-json\/wp\/v2\/media\/441302"}],"wp:attachment":[{"href":"https:\/\/bogensportdiscount.ch\/fr\/wp-json\/wp\/v2\/media?parent=393675"}],"wp:term":[{"taxonomy":"product_brand","embeddable":true,"href":"https:\/\/bogensportdiscount.ch\/fr\/wp-json\/wp\/v2\/product_brand?post=393675"},{"taxonomy":"product_cat","embeddable":true,"href":"https:\/\/bogensportdiscount.ch\/fr\/wp-json\/wp\/v2\/product_cat?post=393675"},{"taxonomy":"product_tag","embeddable":true,"href":"https:\/\/bogensportdiscount.ch\/fr\/wp-json\/wp\/v2\/product_tag?post=393675"}],"curies":[{"name":"wp","href":"https:\/\/api.w.org\/{rel}","templated":true}]}}