{"id":393673,"date":"2026-04-05T14:30:39","date_gmt":"2026-04-05T12:30:39","guid":{"rendered":"https:\/\/bogensportdiscount.ch\/produkt\/apex-gear-index-finger-release-tellus-open-hook-boa\/"},"modified":"2026-05-14T07:13:56","modified_gmt":"2026-05-14T05:13:56","slug":"apexgear-zeigefinger-release-tellus-open-hook-boa","status":"publish","type":"product","link":"https:\/\/bogensportdiscount.ch\/fr\/produit\/apexgear-zeigefinger-release-tellus-open-hook-boa\/","title":{"rendered":"APEX GEAR D\u00c9COCHEUR INDEX TELLUS OPEN HOOK BOA"},"content":{"rendered":"<p>L'Apexgear Tellus Open Hook Boa appartient \u00e0 la cat\u00e9gorie des d\u00e9cocheurs de poignet et est con\u00e7u pour un d\u00e9clenchement par index. Ce syst\u00e8me de d\u00e9cocheur se fixe au poignet et permet un mouvement de traction constant ainsi qu'un tir contr\u00f4l\u00e9 lors du tir \u00e0 l'arc \u00e0 poulies.<\/p>\n<p>Le crochet ouvert (Open Hook) facilite l'accrochage sur la boucle en D et assure une manipulation rapide. La boucle de fermeture rapide Boa sur le bracelet permet un ajustement individuel et s\u00e9curis\u00e9 sans velcro ni lani\u00e8re \u00e0 boucle.<\/p>\n<ul>\n<li>D\u00e9clenchement par index pour un tir pr\u00e9cis<\/li>\n<li>Crochet ouvert pour un accrochage facile<\/li>\n<li>Fermeture Boa pour un ajustement individuel du poignet<\/li>\n<li>Convient aux archers compound<\/li>\n<\/ul>","protected":false},"excerpt":{"rendered":"<table>\n<tr>\n<th>Propri\u00e9t\u00e9<\/th>\n<th>Valeur<\/th>\n<\/tr>\n<tr>\n<td>Marque<\/td>\n<td>Apex Gear<\/td>\n<\/tr>\n<tr>\n<td>Type<\/td>\n<td>Boa-closure<\/td>\n<\/tr>\n<tr>\n<td>Couleur<\/td>\n<td>Noir<\/td>\n<\/tr>\n<tr>\n<td>Pays d'origine<\/td>\n<td>USA<\/td>\n<\/tr>\n<tr>\n<td>GTIN<\/td>\n<td>888151046593<\/td>\n<\/tr>\n<\/table>","protected":false},"featured_media":524176,"comment_status":"open","ping_status":"closed","template":"","meta":[],"product_brand":[561],"product_cat":[4124,4208,4210],"product_tag":[3546],"class_list":{"0":"post-393673","1":"product","2":"type-product","3":"status-publish","4":"has-post-thumbnail","6":"product_brand-apexgear","7":"product_cat-bogenschuetzer-ausruestung","8":"product_cat-releases-bogenschuetzer-ausruestung","9":"product_cat-index-finger-releases","10":"product_tag-neuheit","11":"product_shipping_class-bsd-standard","13":"first","14":"instock","15":"shipping-taxable","16":"purchasable","17":"product-type-simple"},"yoast_head":"<!-- This site is optimized with the Yoast SEO plugin v27.6 - https:\/\/yoast.com\/product\/yoast-seo-wordpress\/ -->\n<title>APEX GEAR ZEIGEFINGER-RELEASE TELLUS OPEN HOOK BOA - Bogensportdiscount \u2013 B\u00f6gen, Pfeile, Targets &amp; Zubeh\u00f6r<\/title>\n<meta name=\"description\" content=\"APEX GEAR ZEIGEFINGER-RELEASE TELLUS OPEN HOOK BOA g\u00fcnstig kaufen bei Bogensportdiscount \u2013 Top-Marken, schneller Versand aus der Schweiz.\" \/>\n<meta name=\"robots\" content=\"index, follow, max-snippet:-1, max-image-preview:large, max-video-preview:-1\" \/>\n<link rel=\"canonical\" href=\"https:\/\/bogensportdiscount.ch\/fr\/produit\/apexgear-zeigefinger-release-tellus-open-hook-boa\/\" \/>\n<meta property=\"og:locale\" content=\"fr_FR\" \/>\n<meta property=\"og:type\" content=\"article\" \/>\n<meta property=\"og:title\" content=\"APEX GEAR ZEIGEFINGER-RELEASE TELLUS OPEN HOOK BOA - Bogensportdiscount \u2013 B\u00f6gen, Pfeile, Targets &amp; Zubeh\u00f6r\" \/>\n<meta property=\"og:description\" content=\"APEX GEAR ZEIGEFINGER-RELEASE TELLUS OPEN HOOK BOA g\u00fcnstig kaufen bei Bogensportdiscount \u2013 Top-Marken, schneller Versand aus der Schweiz.\" \/>\n<meta property=\"og:url\" content=\"https:\/\/bogensportdiscount.ch\/fr\/produit\/apexgear-zeigefinger-release-tellus-open-hook-boa\/\" \/>\n<meta property=\"og:site_name\" content=\"Bogensportdiscount \u2013 B\u00f6gen, Pfeile, Targets &amp; Zubeh\u00f6r\" \/>\n<meta property=\"article:modified_time\" content=\"2026-05-14T05:13:56+00:00\" \/>\n<meta property=\"og:image\" content=\"https:\/\/bogensportdiscount.ch\/wp-content\/uploads\/bsm-images\/A081603_1.png\" \/>\n\t<meta property=\"og:image:width\" content=\"2042\" \/>\n\t<meta property=\"og:image:height\" content=\"1355\" \/>\n\t<meta property=\"og:image:type\" content=\"image\/png\" \/>\n<meta name=\"twitter:card\" content=\"summary_large_image\" \/>\n<script type=\"application\/ld+json\" class=\"yoast-schema-graph\">{\"@context\":\"https:\\\/\\\/schema.org\",\"@graph\":[{\"@type\":\"WebPage\",\"@id\":\"https:\\\/\\\/bogensportdiscount.ch\\\/produkt\\\/apexgear-zeigefinger-release-tellus-open-hook-boa\\\/\",\"url\":\"https:\\\/\\\/bogensportdiscount.ch\\\/produkt\\\/apexgear-zeigefinger-release-tellus-open-hook-boa\\\/\",\"name\":\"APEX GEAR ZEIGEFINGER-RELEASE TELLUS OPEN HOOK BOA - Bogensportdiscount \u2013 B\u00f6gen, Pfeile, Targets &amp; Zubeh\u00f6r\",\"isPartOf\":{\"@id\":\"https:\\\/\\\/bogensportdiscount.ch\\\/#website\"},\"primaryImageOfPage\":{\"@id\":\"https:\\\/\\\/bogensportdiscount.ch\\\/produkt\\\/apexgear-zeigefinger-release-tellus-open-hook-boa\\\/#primaryimage\"},\"image\":{\"@id\":\"https:\\\/\\\/bogensportdiscount.ch\\\/produkt\\\/apexgear-zeigefinger-release-tellus-open-hook-boa\\\/#primaryimage\"},\"thumbnailUrl\":\"https:\\\/\\\/bogensportdiscount.ch\\\/wp-content\\\/uploads\\\/bsm-images\\\/A081603_1.png\",\"datePublished\":\"2026-04-05T12:30:39+00:00\",\"dateModified\":\"2026-05-14T05:13:56+00:00\",\"description\":\"APEX GEAR ZEIGEFINGER-RELEASE TELLUS OPEN HOOK BOA g\u00fcnstig kaufen bei Bogensportdiscount \u2013 Top-Marken, schneller Versand aus der Schweiz.\",\"breadcrumb\":{\"@id\":\"https:\\\/\\\/bogensportdiscount.ch\\\/produkt\\\/apexgear-zeigefinger-release-tellus-open-hook-boa\\\/#breadcrumb\"},\"inLanguage\":\"fr-FR\",\"potentialAction\":[{\"@type\":\"ReadAction\",\"target\":[\"https:\\\/\\\/bogensportdiscount.ch\\\/produkt\\\/apexgear-zeigefinger-release-tellus-open-hook-boa\\\/\"]}]},{\"@type\":\"ImageObject\",\"inLanguage\":\"fr-FR\",\"@id\":\"https:\\\/\\\/bogensportdiscount.ch\\\/produkt\\\/apexgear-zeigefinger-release-tellus-open-hook-boa\\\/#primaryimage\",\"url\":\"https:\\\/\\\/bogensportdiscount.ch\\\/wp-content\\\/uploads\\\/bsm-images\\\/A081603_1.png\",\"contentUrl\":\"https:\\\/\\\/bogensportdiscount.ch\\\/wp-content\\\/uploads\\\/bsm-images\\\/A081603_1.png\",\"width\":2042,\"height\":1355},{\"@type\":\"BreadcrumbList\",\"@id\":\"https:\\\/\\\/bogensportdiscount.ch\\\/produkt\\\/apexgear-zeigefinger-release-tellus-open-hook-boa\\\/#breadcrumb\",\"itemListElement\":[{\"@type\":\"ListItem\",\"position\":1,\"name\":\"Home\",\"item\":\"https:\\\/\\\/bogensportdiscount.ch\\\/\"},{\"@type\":\"ListItem\",\"position\":2,\"name\":\"Shop\",\"item\":\"https:\\\/\\\/bogensportdiscount.ch\\\/shop\\\/\"},{\"@type\":\"ListItem\",\"position\":3,\"name\":\"APEX GEAR INDEX FINGER RELEASE TELLUS OPEN HOOK BOA\"}]},{\"@type\":\"WebSite\",\"@id\":\"https:\\\/\\\/bogensportdiscount.ch\\\/#website\",\"url\":\"https:\\\/\\\/bogensportdiscount.ch\\\/\",\"name\":\"Bogensportdiscount\",\"description\":\"\",\"potentialAction\":[{\"@type\":\"SearchAction\",\"target\":{\"@type\":\"EntryPoint\",\"urlTemplate\":\"https:\\\/\\\/bogensportdiscount.ch\\\/?s={search_term_string}\"},\"query-input\":{\"@type\":\"PropertyValueSpecification\",\"valueRequired\":true,\"valueName\":\"search_term_string\"}}],\"inLanguage\":\"fr-FR\"}]}<\/script>\n<!-- \/ Yoast SEO plugin. -->","yoast_head_json":{"title":"APEX GEAR ZEIGEFINGER-RELEASE TELLUS OPEN HOOK BOA - Bogensportdiscount \u2013 B\u00f6gen, Pfeile, Targets &amp; Zubeh\u00f6r","description":"APEX GEAR ZEIGEFINGER-RELEASE TELLUS OPEN HOOK BOA g\u00fcnstig kaufen bei Bogensportdiscount \u2013 Top-Marken, schneller Versand aus der Schweiz.","robots":{"index":"index","follow":"follow","max-snippet":"max-snippet:-1","max-image-preview":"max-image-preview:large","max-video-preview":"max-video-preview:-1"},"canonical":"https:\/\/bogensportdiscount.ch\/fr\/produit\/apexgear-zeigefinger-release-tellus-open-hook-boa\/","og_locale":"fr_FR","og_type":"article","og_title":"APEX GEAR ZEIGEFINGER-RELEASE TELLUS OPEN HOOK BOA - Bogensportdiscount \u2013 B\u00f6gen, Pfeile, Targets &amp; Zubeh\u00f6r","og_description":"APEX GEAR ZEIGEFINGER-RELEASE TELLUS OPEN HOOK BOA g\u00fcnstig kaufen bei Bogensportdiscount \u2013 Top-Marken, schneller Versand aus der Schweiz.","og_url":"https:\/\/bogensportdiscount.ch\/fr\/produit\/apexgear-zeigefinger-release-tellus-open-hook-boa\/","og_site_name":"Bogensportdiscount \u2013 B\u00f6gen, Pfeile, Targets &amp; Zubeh\u00f6r","article_modified_time":"2026-05-14T05:13:56+00:00","og_image":[{"width":2042,"height":1355,"url":"https:\/\/bogensportdiscount.ch\/wp-content\/uploads\/bsm-images\/A081603_1.png","type":"image\/png"}],"twitter_card":"summary_large_image","schema":{"@context":"https:\/\/schema.org","@graph":[{"@type":"WebPage","@id":"https:\/\/bogensportdiscount.ch\/produkt\/apexgear-zeigefinger-release-tellus-open-hook-boa\/","url":"https:\/\/bogensportdiscount.ch\/produkt\/apexgear-zeigefinger-release-tellus-open-hook-boa\/","name":"APEX GEAR ZEIGEFINGER-RELEASE TELLUS OPEN HOOK BOA - Bogensportdiscount \u2013 B\u00f6gen, Pfeile, Targets &amp; Zubeh\u00f6r","isPartOf":{"@id":"https:\/\/bogensportdiscount.ch\/#website"},"primaryImageOfPage":{"@id":"https:\/\/bogensportdiscount.ch\/produkt\/apexgear-zeigefinger-release-tellus-open-hook-boa\/#primaryimage"},"image":{"@id":"https:\/\/bogensportdiscount.ch\/produkt\/apexgear-zeigefinger-release-tellus-open-hook-boa\/#primaryimage"},"thumbnailUrl":"https:\/\/bogensportdiscount.ch\/wp-content\/uploads\/bsm-images\/A081603_1.png","datePublished":"2026-04-05T12:30:39+00:00","dateModified":"2026-05-14T05:13:56+00:00","description":"APEX GEAR ZEIGEFINGER-RELEASE TELLUS OPEN HOOK BOA g\u00fcnstig kaufen bei Bogensportdiscount \u2013 Top-Marken, schneller Versand aus der Schweiz.","breadcrumb":{"@id":"https:\/\/bogensportdiscount.ch\/produkt\/apexgear-zeigefinger-release-tellus-open-hook-boa\/#breadcrumb"},"inLanguage":"fr-FR","potentialAction":[{"@type":"ReadAction","target":["https:\/\/bogensportdiscount.ch\/produkt\/apexgear-zeigefinger-release-tellus-open-hook-boa\/"]}]},{"@type":"ImageObject","inLanguage":"fr-FR","@id":"https:\/\/bogensportdiscount.ch\/produkt\/apexgear-zeigefinger-release-tellus-open-hook-boa\/#primaryimage","url":"https:\/\/bogensportdiscount.ch\/wp-content\/uploads\/bsm-images\/A081603_1.png","contentUrl":"https:\/\/bogensportdiscount.ch\/wp-content\/uploads\/bsm-images\/A081603_1.png","width":2042,"height":1355},{"@type":"BreadcrumbList","@id":"https:\/\/bogensportdiscount.ch\/produkt\/apexgear-zeigefinger-release-tellus-open-hook-boa\/#breadcrumb","itemListElement":[{"@type":"ListItem","position":1,"name":"Home","item":"https:\/\/bogensportdiscount.ch\/"},{"@type":"ListItem","position":2,"name":"Shop","item":"https:\/\/bogensportdiscount.ch\/shop\/"},{"@type":"ListItem","position":3,"name":"APEX GEAR INDEX FINGER RELEASE TELLUS OPEN HOOK BOA"}]},{"@type":"WebSite","@id":"https:\/\/bogensportdiscount.ch\/#website","url":"https:\/\/bogensportdiscount.ch\/","name":"Bogensportdiscount","description":"","potentialAction":[{"@type":"SearchAction","target":{"@type":"EntryPoint","urlTemplate":"https:\/\/bogensportdiscount.ch\/?s={search_term_string}"},"query-input":{"@type":"PropertyValueSpecification","valueRequired":true,"valueName":"search_term_string"}}],"inLanguage":"fr-FR"}]}},"_links":{"self":[{"href":"https:\/\/bogensportdiscount.ch\/fr\/wp-json\/wp\/v2\/product\/393673","targetHints":{"allow":["GET"]}}],"collection":[{"href":"https:\/\/bogensportdiscount.ch\/fr\/wp-json\/wp\/v2\/product"}],"about":[{"href":"https:\/\/bogensportdiscount.ch\/fr\/wp-json\/wp\/v2\/types\/product"}],"replies":[{"embeddable":true,"href":"https:\/\/bogensportdiscount.ch\/fr\/wp-json\/wp\/v2\/comments?post=393673"}],"wp:featuredmedia":[{"embeddable":true,"href":"https:\/\/bogensportdiscount.ch\/fr\/wp-json\/wp\/v2\/media\/524176"}],"wp:attachment":[{"href":"https:\/\/bogensportdiscount.ch\/fr\/wp-json\/wp\/v2\/media?parent=393673"}],"wp:term":[{"taxonomy":"product_brand","embeddable":true,"href":"https:\/\/bogensportdiscount.ch\/fr\/wp-json\/wp\/v2\/product_brand?post=393673"},{"taxonomy":"product_cat","embeddable":true,"href":"https:\/\/bogensportdiscount.ch\/fr\/wp-json\/wp\/v2\/product_cat?post=393673"},{"taxonomy":"product_tag","embeddable":true,"href":"https:\/\/bogensportdiscount.ch\/fr\/wp-json\/wp\/v2\/product_tag?post=393673"}],"curies":[{"name":"wp","href":"https:\/\/api.w.org\/{rel}","templated":true}]}}