{"id":393670,"date":"2026-04-05T14:30:38","date_gmt":"2026-04-05T12:30:38","guid":{"rendered":"https:\/\/bogensportdiscount.ch\/produkt\/apex-gear-hunting-3d-sights-aegis-pro-1-dot-led-black\/"},"modified":"2026-05-01T12:08:00","modified_gmt":"2026-05-01T10:08:00","slug":"apexgear-jagd-3d-visier-aegis-pro-1-dot-led-schwarz","status":"publish","type":"product","link":"https:\/\/bogensportdiscount.ch\/fr\/produit\/apexgear-jagd-3d-visier-aegis-pro-1-dot-led-schwarz\/","title":{"rendered":"APEX GEAR VISEURS CHASSE &amp; 3D AEGIS PRO 1-DOT LED Noir"},"content":{"rendered":"<p>L'APEXGEAR Aegis Pro 1-Dot LED est un viseur du segment chasse et 3D, con\u00e7u pour les archers qui ont besoin d'un dispositif de vis\u00e9e fiable dans diff\u00e9rentes conditions de luminosit\u00e9. L'\u00e9clairage LED du point de vis\u00e9e unique permet une prise de vis\u00e9e pr\u00e9cise m\u00eame par mauvaises conditions de lumi\u00e8re.<\/p>\n<p>Le viseur est en noir et s'int\u00e8gre discr\u00e8tement dans la plupart des configurations d'arcs. La configuration 1-Dot offre une vue de vis\u00e9e claire et sans distraction.<\/p>\n<ul>\n<li>Viseur 1-Dot LED pour la chasse et le tir 3D<\/li>\n<li>\u00c9clairage LED pour une meilleure visibilit\u00e9 par mauvaises conditions de lumi\u00e8re<\/li>\n<li>Version en noir<\/li>\n<li>De APEXGEAR, mod\u00e8le Aegis Pro<\/li>\n<\/ul>","protected":false},"excerpt":{"rendered":"<p><strong>Marque :<\/strong> Apex Gear<br \/><strong>Couleur:<\/strong> Noir<br \/><strong>GTIN:<\/strong> 888151046647<\/p>","protected":false},"featured_media":453288,"comment_status":"open","ping_status":"closed","template":"","meta":[],"product_brand":[561],"product_cat":[4128,4133,4263],"product_tag":[3546],"class_list":{"0":"post-393670","1":"product","2":"type-product","3":"status-publish","4":"has-post-thumbnail","6":"product_brand-apexgear","7":"product_cat-bogen-zubehoer","8":"product_cat-visiere-bogen-zubehoer","9":"product_cat-jagd-und-3d-visiere","10":"product_tag-neuheit","11":"product_shipping_class-bsd-standard","13":"first","14":"instock","15":"shipping-taxable","16":"purchasable","17":"product-type-simple"},"yoast_head":"<!-- This site is optimized with the Yoast SEO plugin v27.5 - https:\/\/yoast.com\/product\/yoast-seo-wordpress\/ -->\n<title>APEX GEAR JAGD- &amp; 3D-VISIERE AEGIS PRO 1-DOT LED Schwarz - Bogensportdiscount \u2013 B\u00f6gen, Pfeile, Targets &amp; Zubeh\u00f6r<\/title>\n<meta name=\"description\" content=\"APEX GEAR JAGD- &amp; 3D-VISIERE AEGIS PRO 1-DOT LED Schwarz g\u00fcnstig kaufen bei Bogensportdiscount \u2013 Top-Marken, schneller Versand aus der Schweiz.\" \/>\n<meta name=\"robots\" content=\"index, follow, max-snippet:-1, max-image-preview:large, max-video-preview:-1\" \/>\n<link rel=\"canonical\" href=\"https:\/\/bogensportdiscount.ch\/fr\/produit\/apexgear-jagd-3d-visier-aegis-pro-1-dot-led-schwarz\/\" \/>\n<meta property=\"og:locale\" content=\"fr_FR\" \/>\n<meta property=\"og:type\" content=\"article\" \/>\n<meta property=\"og:title\" content=\"APEX GEAR JAGD- &amp; 3D-VISIERE AEGIS PRO 1-DOT LED Schwarz - Bogensportdiscount \u2013 B\u00f6gen, Pfeile, Targets &amp; Zubeh\u00f6r\" \/>\n<meta property=\"og:description\" content=\"APEX GEAR JAGD- &amp; 3D-VISIERE AEGIS PRO 1-DOT LED Schwarz g\u00fcnstig kaufen bei Bogensportdiscount \u2013 Top-Marken, schneller Versand aus der Schweiz.\" \/>\n<meta property=\"og:url\" content=\"https:\/\/bogensportdiscount.ch\/fr\/produit\/apexgear-jagd-3d-visier-aegis-pro-1-dot-led-schwarz\/\" \/>\n<meta property=\"og:site_name\" content=\"Bogensportdiscount \u2013 B\u00f6gen, Pfeile, Targets &amp; Zubeh\u00f6r\" \/>\n<meta property=\"article:modified_time\" content=\"2026-05-01T10:08:00+00:00\" \/>\n<meta property=\"og:image\" content=\"https:\/\/bogensportdiscount.ch\/wp-content\/uploads\/bsm-images\/a081594_1.jpg\" \/>\n\t<meta property=\"og:image:width\" content=\"400\" \/>\n\t<meta property=\"og:image:height\" content=\"379\" \/>\n\t<meta property=\"og:image:type\" content=\"image\/jpeg\" \/>\n<meta name=\"twitter:card\" content=\"summary_large_image\" \/>\n<script type=\"application\/ld+json\" class=\"yoast-schema-graph\">{\"@context\":\"https:\\\/\\\/schema.org\",\"@graph\":[{\"@type\":\"WebPage\",\"@id\":\"https:\\\/\\\/bogensportdiscount.ch\\\/produkt\\\/apexgear-jagd-3d-visier-aegis-pro-1-dot-led-schwarz\\\/\",\"url\":\"https:\\\/\\\/bogensportdiscount.ch\\\/produkt\\\/apexgear-jagd-3d-visier-aegis-pro-1-dot-led-schwarz\\\/\",\"name\":\"APEX GEAR JAGD- &amp; 3D-VISIERE AEGIS PRO 1-DOT LED Schwarz - Bogensportdiscount \u2013 B\u00f6gen, Pfeile, Targets &amp; Zubeh\u00f6r\",\"isPartOf\":{\"@id\":\"https:\\\/\\\/bogensportdiscount.ch\\\/#website\"},\"primaryImageOfPage\":{\"@id\":\"https:\\\/\\\/bogensportdiscount.ch\\\/produkt\\\/apexgear-jagd-3d-visier-aegis-pro-1-dot-led-schwarz\\\/#primaryimage\"},\"image\":{\"@id\":\"https:\\\/\\\/bogensportdiscount.ch\\\/produkt\\\/apexgear-jagd-3d-visier-aegis-pro-1-dot-led-schwarz\\\/#primaryimage\"},\"thumbnailUrl\":\"https:\\\/\\\/bogensportdiscount.ch\\\/wp-content\\\/uploads\\\/bsm-images\\\/a081594_1.jpg\",\"datePublished\":\"2026-04-05T12:30:38+00:00\",\"dateModified\":\"2026-05-01T10:08:00+00:00\",\"description\":\"APEX GEAR JAGD- &amp; 3D-VISIERE AEGIS PRO 1-DOT LED Schwarz g\u00fcnstig kaufen bei Bogensportdiscount \u2013 Top-Marken, schneller Versand aus der Schweiz.\",\"breadcrumb\":{\"@id\":\"https:\\\/\\\/bogensportdiscount.ch\\\/produkt\\\/apexgear-jagd-3d-visier-aegis-pro-1-dot-led-schwarz\\\/#breadcrumb\"},\"inLanguage\":\"fr-FR\",\"potentialAction\":[{\"@type\":\"ReadAction\",\"target\":[\"https:\\\/\\\/bogensportdiscount.ch\\\/produkt\\\/apexgear-jagd-3d-visier-aegis-pro-1-dot-led-schwarz\\\/\"]}]},{\"@type\":\"ImageObject\",\"inLanguage\":\"fr-FR\",\"@id\":\"https:\\\/\\\/bogensportdiscount.ch\\\/produkt\\\/apexgear-jagd-3d-visier-aegis-pro-1-dot-led-schwarz\\\/#primaryimage\",\"url\":\"https:\\\/\\\/bogensportdiscount.ch\\\/wp-content\\\/uploads\\\/bsm-images\\\/a081594_1.jpg\",\"contentUrl\":\"https:\\\/\\\/bogensportdiscount.ch\\\/wp-content\\\/uploads\\\/bsm-images\\\/a081594_1.jpg\",\"width\":400,\"height\":379},{\"@type\":\"BreadcrumbList\",\"@id\":\"https:\\\/\\\/bogensportdiscount.ch\\\/produkt\\\/apexgear-jagd-3d-visier-aegis-pro-1-dot-led-schwarz\\\/#breadcrumb\",\"itemListElement\":[{\"@type\":\"ListItem\",\"position\":1,\"name\":\"Home\",\"item\":\"https:\\\/\\\/bogensportdiscount.ch\\\/\"},{\"@type\":\"ListItem\",\"position\":2,\"name\":\"Shop\",\"item\":\"https:\\\/\\\/bogensportdiscount.ch\\\/shop\\\/\"},{\"@type\":\"ListItem\",\"position\":3,\"name\":\"APEX GEAR HUNTING &amp; 3D SIGHTS AEGIS PRO 1-DOT LED BLACK\"}]},{\"@type\":\"WebSite\",\"@id\":\"https:\\\/\\\/bogensportdiscount.ch\\\/#website\",\"url\":\"https:\\\/\\\/bogensportdiscount.ch\\\/\",\"name\":\"Bogensportdiscount\",\"description\":\"\",\"potentialAction\":[{\"@type\":\"SearchAction\",\"target\":{\"@type\":\"EntryPoint\",\"urlTemplate\":\"https:\\\/\\\/bogensportdiscount.ch\\\/?s={search_term_string}\"},\"query-input\":{\"@type\":\"PropertyValueSpecification\",\"valueRequired\":true,\"valueName\":\"search_term_string\"}}],\"inLanguage\":\"fr-FR\"}]}<\/script>\n<!-- \/ Yoast SEO plugin. -->","yoast_head_json":{"title":"APEX GEAR JAGD- &amp; 3D-VISIERE AEGIS PRO 1-DOT LED Schwarz - Bogensportdiscount \u2013 B\u00f6gen, Pfeile, Targets &amp; Zubeh\u00f6r","description":"APEX GEAR JAGD- &amp; 3D-VISIERE AEGIS PRO 1-DOT LED Schwarz g\u00fcnstig kaufen bei Bogensportdiscount \u2013 Top-Marken, schneller Versand aus der Schweiz.","robots":{"index":"index","follow":"follow","max-snippet":"max-snippet:-1","max-image-preview":"max-image-preview:large","max-video-preview":"max-video-preview:-1"},"canonical":"https:\/\/bogensportdiscount.ch\/fr\/produit\/apexgear-jagd-3d-visier-aegis-pro-1-dot-led-schwarz\/","og_locale":"fr_FR","og_type":"article","og_title":"APEX GEAR JAGD- &amp; 3D-VISIERE AEGIS PRO 1-DOT LED Schwarz - Bogensportdiscount \u2013 B\u00f6gen, Pfeile, Targets &amp; Zubeh\u00f6r","og_description":"APEX GEAR JAGD- &amp; 3D-VISIERE AEGIS PRO 1-DOT LED Schwarz g\u00fcnstig kaufen bei Bogensportdiscount \u2013 Top-Marken, schneller Versand aus der Schweiz.","og_url":"https:\/\/bogensportdiscount.ch\/fr\/produit\/apexgear-jagd-3d-visier-aegis-pro-1-dot-led-schwarz\/","og_site_name":"Bogensportdiscount \u2013 B\u00f6gen, Pfeile, Targets &amp; Zubeh\u00f6r","article_modified_time":"2026-05-01T10:08:00+00:00","og_image":[{"width":400,"height":379,"url":"https:\/\/bogensportdiscount.ch\/wp-content\/uploads\/bsm-images\/a081594_1.jpg","type":"image\/jpeg"}],"twitter_card":"summary_large_image","schema":{"@context":"https:\/\/schema.org","@graph":[{"@type":"WebPage","@id":"https:\/\/bogensportdiscount.ch\/produkt\/apexgear-jagd-3d-visier-aegis-pro-1-dot-led-schwarz\/","url":"https:\/\/bogensportdiscount.ch\/produkt\/apexgear-jagd-3d-visier-aegis-pro-1-dot-led-schwarz\/","name":"APEX GEAR JAGD- &amp; 3D-VISIERE AEGIS PRO 1-DOT LED Schwarz - Bogensportdiscount \u2013 B\u00f6gen, Pfeile, Targets &amp; Zubeh\u00f6r","isPartOf":{"@id":"https:\/\/bogensportdiscount.ch\/#website"},"primaryImageOfPage":{"@id":"https:\/\/bogensportdiscount.ch\/produkt\/apexgear-jagd-3d-visier-aegis-pro-1-dot-led-schwarz\/#primaryimage"},"image":{"@id":"https:\/\/bogensportdiscount.ch\/produkt\/apexgear-jagd-3d-visier-aegis-pro-1-dot-led-schwarz\/#primaryimage"},"thumbnailUrl":"https:\/\/bogensportdiscount.ch\/wp-content\/uploads\/bsm-images\/a081594_1.jpg","datePublished":"2026-04-05T12:30:38+00:00","dateModified":"2026-05-01T10:08:00+00:00","description":"APEX GEAR JAGD- &amp; 3D-VISIERE AEGIS PRO 1-DOT LED Schwarz g\u00fcnstig kaufen bei Bogensportdiscount \u2013 Top-Marken, schneller Versand aus der Schweiz.","breadcrumb":{"@id":"https:\/\/bogensportdiscount.ch\/produkt\/apexgear-jagd-3d-visier-aegis-pro-1-dot-led-schwarz\/#breadcrumb"},"inLanguage":"fr-FR","potentialAction":[{"@type":"ReadAction","target":["https:\/\/bogensportdiscount.ch\/produkt\/apexgear-jagd-3d-visier-aegis-pro-1-dot-led-schwarz\/"]}]},{"@type":"ImageObject","inLanguage":"fr-FR","@id":"https:\/\/bogensportdiscount.ch\/produkt\/apexgear-jagd-3d-visier-aegis-pro-1-dot-led-schwarz\/#primaryimage","url":"https:\/\/bogensportdiscount.ch\/wp-content\/uploads\/bsm-images\/a081594_1.jpg","contentUrl":"https:\/\/bogensportdiscount.ch\/wp-content\/uploads\/bsm-images\/a081594_1.jpg","width":400,"height":379},{"@type":"BreadcrumbList","@id":"https:\/\/bogensportdiscount.ch\/produkt\/apexgear-jagd-3d-visier-aegis-pro-1-dot-led-schwarz\/#breadcrumb","itemListElement":[{"@type":"ListItem","position":1,"name":"Home","item":"https:\/\/bogensportdiscount.ch\/"},{"@type":"ListItem","position":2,"name":"Shop","item":"https:\/\/bogensportdiscount.ch\/shop\/"},{"@type":"ListItem","position":3,"name":"APEX GEAR HUNTING &amp; 3D SIGHTS AEGIS PRO 1-DOT LED BLACK"}]},{"@type":"WebSite","@id":"https:\/\/bogensportdiscount.ch\/#website","url":"https:\/\/bogensportdiscount.ch\/","name":"Bogensportdiscount","description":"","potentialAction":[{"@type":"SearchAction","target":{"@type":"EntryPoint","urlTemplate":"https:\/\/bogensportdiscount.ch\/?s={search_term_string}"},"query-input":{"@type":"PropertyValueSpecification","valueRequired":true,"valueName":"search_term_string"}}],"inLanguage":"fr-FR"}]}},"_links":{"self":[{"href":"https:\/\/bogensportdiscount.ch\/fr\/wp-json\/wp\/v2\/product\/393670","targetHints":{"allow":["GET"]}}],"collection":[{"href":"https:\/\/bogensportdiscount.ch\/fr\/wp-json\/wp\/v2\/product"}],"about":[{"href":"https:\/\/bogensportdiscount.ch\/fr\/wp-json\/wp\/v2\/types\/product"}],"replies":[{"embeddable":true,"href":"https:\/\/bogensportdiscount.ch\/fr\/wp-json\/wp\/v2\/comments?post=393670"}],"wp:featuredmedia":[{"embeddable":true,"href":"https:\/\/bogensportdiscount.ch\/fr\/wp-json\/wp\/v2\/media\/453288"}],"wp:attachment":[{"href":"https:\/\/bogensportdiscount.ch\/fr\/wp-json\/wp\/v2\/media?parent=393670"}],"wp:term":[{"taxonomy":"product_brand","embeddable":true,"href":"https:\/\/bogensportdiscount.ch\/fr\/wp-json\/wp\/v2\/product_brand?post=393670"},{"taxonomy":"product_cat","embeddable":true,"href":"https:\/\/bogensportdiscount.ch\/fr\/wp-json\/wp\/v2\/product_cat?post=393670"},{"taxonomy":"product_tag","embeddable":true,"href":"https:\/\/bogensportdiscount.ch\/fr\/wp-json\/wp\/v2\/product_tag?post=393670"}],"curies":[{"name":"wp","href":"https:\/\/api.w.org\/{rel}","templated":true}]}}