{"id":393669,"date":"2026-04-05T14:30:38","date_gmt":"2026-04-05T12:30:38","guid":{"rendered":"https:\/\/bogensportdiscount.ch\/produkt\/apex-gear-hunting-3d-sights-aegis-pro-2-dot-led-black\/"},"modified":"2026-04-23T15:42:02","modified_gmt":"2026-04-23T13:42:02","slug":"apexgear-jagd-3d-visier-aegis-pro-2-dot-led-schwarz","status":"publish","type":"product","link":"https:\/\/bogensportdiscount.ch\/fr\/produit\/apexgear-jagd-3d-visier-aegis-pro-2-dot-led-schwarz\/","title":{"rendered":"APEX GEAR JAGD &#038; 3D VISIERE AEGIS PRO 2-DOT LED SCHWARZ"},"content":{"rendered":"<p>Das Apexgear Aegis Pro 2-Dot LED ist ein Compound-Visier, das speziell f\u00fcr Jagd- und 3D-Anwendungen konzipiert wurde. Die LED-beleuchteten Dots erm\u00f6glichen eine pr\u00e4zise Zielerfassung auch bei schwierigen Lichtverh\u00e4ltnissen, wie sie bei der Jagd in der D\u00e4mmerung oder in schattigen Waldumgebungen auftreten.<\/p>\n<p>Das Visier ist in Schwarz gehalten und f\u00fcgt sich optisch unauff\u00e4llig in eine Jagdausr\u00fcstung ein. Das 2-Dot-System bietet zwei Zielpunkte f\u00fcr verschiedene Entfernungen, was eine flexible Anpassung an unterschiedliche Schussdistanzen erm\u00f6glicht.<\/p>\n<ul>\n<li>2-Dot LED-Beleuchtung f\u00fcr Einsatz bei wenig Licht<\/li>\n<li>Adapt\u00e9 au tir \u00e0 l'arc de chasse et 3D<\/li>\n<li>Version en noir<\/li>\n<li>Kompaktes Design f\u00fcr Compound-B\u00f6gen<\/li>\n<\/ul>","protected":false},"excerpt":{"rendered":"<p><strong>Marque :<\/strong> Apex Gear<br \/><strong>Couleur:<\/strong> Noir<br \/><strong>GTIN:<\/strong> 888151046623<\/p>","protected":false},"featured_media":524181,"comment_status":"open","ping_status":"closed","template":"","meta":[],"product_brand":[561],"product_cat":[4263],"product_tag":[3546],"class_list":{"0":"post-393669","1":"product","2":"type-product","3":"status-publish","4":"has-post-thumbnail","6":"product_brand-apexgear","7":"product_cat-jagd-und-3d-visiere","8":"product_tag-neuheit","9":"product_shipping_class-bsd-standard","11":"first","12":"instock","13":"shipping-taxable","14":"purchasable","15":"product-type-simple"},"yoast_head":"<!-- This site is optimized with the Yoast SEO plugin v27.4 - https:\/\/yoast.com\/product\/yoast-seo-wordpress\/ -->\n<title>APEX GEAR VIS\u00c9ES DE CHASSE ET 3D AEGIS PRO 2-DOT LED NOIR - Bogensportdiscount \u2013 Arcs, fl\u00e8ches, cibles et accessoires<\/title>\n<meta name=\"description\" content=\"Achetez \u00e0 prix avantageux le viseur APEX GEAR CHASSE &amp; 3D AEGIS PRO 2-DOT LED NOIR chez Bogensportdiscount \u2013 Grandes marques, livraison rapide depuis la Suisse.\" \/>\n<meta name=\"robots\" content=\"index, follow, max-snippet:-1, max-image-preview:large, max-video-preview:-1\" \/>\n<link rel=\"canonical\" href=\"https:\/\/bogensportdiscount.ch\/fr\/produit\/apexgear-jagd-3d-visier-aegis-pro-2-dot-led-schwarz\/\" \/>\n<meta property=\"og:locale\" content=\"fr_FR\" \/>\n<meta property=\"og:type\" content=\"article\" \/>\n<meta property=\"og:title\" content=\"APEX GEAR VIS\u00c9ES DE CHASSE ET 3D AEGIS PRO 2-DOT LED NOIR - Bogensportdiscount \u2013 Arcs, fl\u00e8ches, cibles et accessoires\" \/>\n<meta property=\"og:description\" content=\"Achetez \u00e0 prix avantageux le viseur APEX GEAR CHASSE &amp; 3D AEGIS PRO 2-DOT LED NOIR chez Bogensportdiscount \u2013 Grandes marques, livraison rapide depuis la Suisse.\" \/>\n<meta property=\"og:url\" content=\"https:\/\/bogensportdiscount.ch\/fr\/produit\/apexgear-jagd-3d-visier-aegis-pro-2-dot-led-schwarz\/\" \/>\n<meta property=\"og:site_name\" content=\"Bogensportdiscount \u2013 B\u00f6gen, Pfeile, Targets &amp; Zubeh\u00f6r\" \/>\n<meta property=\"article:modified_time\" content=\"2026-04-23T13:42:02+00:00\" \/>\n<meta property=\"og:image\" content=\"https:\/\/bogensportdiscount.ch\/wp-content\/uploads\/bsm-images\/A081593_1.png\" \/>\n\t<meta property=\"og:image:width\" content=\"1280\" \/>\n\t<meta property=\"og:image:height\" content=\"1214\" \/>\n\t<meta property=\"og:image:type\" content=\"image\/png\" \/>\n<meta name=\"twitter:card\" content=\"summary_large_image\" \/>\n<meta name=\"twitter:label1\" content=\"Dur\u00e9e de lecture estim\u00e9e\" \/>\n\t<meta name=\"twitter:data1\" content=\"1 minute\" \/>\n<script type=\"application\/ld+json\" class=\"yoast-schema-graph\">{\"@context\":\"https:\\\/\\\/schema.org\",\"@graph\":[{\"@type\":\"WebPage\",\"@id\":\"https:\\\/\\\/bogensportdiscount.ch\\\/produkt\\\/apexgear-jagd-3d-visier-aegis-pro-2-dot-led-schwarz\\\/\",\"url\":\"https:\\\/\\\/bogensportdiscount.ch\\\/produkt\\\/apexgear-jagd-3d-visier-aegis-pro-2-dot-led-schwarz\\\/\",\"name\":\"APEX GEAR JAGD & 3D VISIERE AEGIS PRO 2-DOT LED SCHWARZ - Bogensportdiscount \u2013 B\u00f6gen, Pfeile, Targets &amp; Zubeh\u00f6r\",\"isPartOf\":{\"@id\":\"https:\\\/\\\/bogensportdiscount.ch\\\/#website\"},\"primaryImageOfPage\":{\"@id\":\"https:\\\/\\\/bogensportdiscount.ch\\\/produkt\\\/apexgear-jagd-3d-visier-aegis-pro-2-dot-led-schwarz\\\/#primaryimage\"},\"image\":{\"@id\":\"https:\\\/\\\/bogensportdiscount.ch\\\/produkt\\\/apexgear-jagd-3d-visier-aegis-pro-2-dot-led-schwarz\\\/#primaryimage\"},\"thumbnailUrl\":\"https:\\\/\\\/bogensportdiscount.ch\\\/wp-content\\\/uploads\\\/bsm-images\\\/A081593_1.png\",\"datePublished\":\"2026-04-05T12:30:38+00:00\",\"dateModified\":\"2026-04-23T13:42:02+00:00\",\"description\":\"APEX GEAR JAGD & 3D VISIERE AEGIS PRO 2-DOT LED SCHWARZ g\u00fcnstig kaufen bei Bogensportdiscount \u2013 Top-Marken, schneller Versand aus der Schweiz.\",\"breadcrumb\":{\"@id\":\"https:\\\/\\\/bogensportdiscount.ch\\\/produkt\\\/apexgear-jagd-3d-visier-aegis-pro-2-dot-led-schwarz\\\/#breadcrumb\"},\"inLanguage\":\"fr-FR\",\"potentialAction\":[{\"@type\":\"ReadAction\",\"target\":[\"https:\\\/\\\/bogensportdiscount.ch\\\/produkt\\\/apexgear-jagd-3d-visier-aegis-pro-2-dot-led-schwarz\\\/\"]}]},{\"@type\":\"ImageObject\",\"inLanguage\":\"fr-FR\",\"@id\":\"https:\\\/\\\/bogensportdiscount.ch\\\/produkt\\\/apexgear-jagd-3d-visier-aegis-pro-2-dot-led-schwarz\\\/#primaryimage\",\"url\":\"https:\\\/\\\/bogensportdiscount.ch\\\/wp-content\\\/uploads\\\/bsm-images\\\/A081593_1.png\",\"contentUrl\":\"https:\\\/\\\/bogensportdiscount.ch\\\/wp-content\\\/uploads\\\/bsm-images\\\/A081593_1.png\",\"width\":1280,\"height\":1214},{\"@type\":\"BreadcrumbList\",\"@id\":\"https:\\\/\\\/bogensportdiscount.ch\\\/produkt\\\/apexgear-jagd-3d-visier-aegis-pro-2-dot-led-schwarz\\\/#breadcrumb\",\"itemListElement\":[{\"@type\":\"ListItem\",\"position\":1,\"name\":\"Home\",\"item\":\"https:\\\/\\\/bogensportdiscount.ch\\\/\"},{\"@type\":\"ListItem\",\"position\":2,\"name\":\"Shop\",\"item\":\"https:\\\/\\\/bogensportdiscount.ch\\\/shop\\\/\"},{\"@type\":\"ListItem\",\"position\":3,\"name\":\"APEX GEAR JAGD &#038; 3D VISIERE AEGIS PRO 2-DOT LED SCHWARZ\"}]},{\"@type\":\"WebSite\",\"@id\":\"https:\\\/\\\/bogensportdiscount.ch\\\/#website\",\"url\":\"https:\\\/\\\/bogensportdiscount.ch\\\/\",\"name\":\"Bogensportdiscount\",\"description\":\"\",\"potentialAction\":[{\"@type\":\"SearchAction\",\"target\":{\"@type\":\"EntryPoint\",\"urlTemplate\":\"https:\\\/\\\/bogensportdiscount.ch\\\/?s={search_term_string}\"},\"query-input\":{\"@type\":\"PropertyValueSpecification\",\"valueRequired\":true,\"valueName\":\"search_term_string\"}}],\"inLanguage\":\"fr-FR\"}]}<\/script>\n<!-- \/ Yoast SEO plugin. -->","yoast_head_json":{"title":"APEX GEAR VIS\u00c9ES DE CHASSE ET 3D AEGIS PRO 2-DOT LED NOIR - Bogensportdiscount \u2013 Arcs, fl\u00e8ches, cibles et accessoires","description":"Achetez \u00e0 prix avantageux le viseur APEX GEAR CHASSE &amp; 3D AEGIS PRO 2-DOT LED NOIR chez Bogensportdiscount \u2013 Grandes marques, livraison rapide depuis la Suisse.","robots":{"index":"index","follow":"follow","max-snippet":"max-snippet:-1","max-image-preview":"max-image-preview:large","max-video-preview":"max-video-preview:-1"},"canonical":"https:\/\/bogensportdiscount.ch\/fr\/produit\/apexgear-jagd-3d-visier-aegis-pro-2-dot-led-schwarz\/","og_locale":"fr_FR","og_type":"article","og_title":"APEX GEAR VIS\u00c9ES DE CHASSE ET 3D AEGIS PRO 2-DOT LED NOIR - Bogensportdiscount \u2013 Arcs, fl\u00e8ches, cibles et accessoires","og_description":"Achetez \u00e0 prix avantageux le viseur APEX GEAR CHASSE &amp; 3D AEGIS PRO 2-DOT LED NOIR chez Bogensportdiscount \u2013 Grandes marques, livraison rapide depuis la Suisse.","og_url":"https:\/\/bogensportdiscount.ch\/fr\/produit\/apexgear-jagd-3d-visier-aegis-pro-2-dot-led-schwarz\/","og_site_name":"Bogensportdiscount \u2013 B\u00f6gen, Pfeile, Targets &amp; Zubeh\u00f6r","article_modified_time":"2026-04-23T13:42:02+00:00","og_image":[{"width":1280,"height":1214,"url":"https:\/\/bogensportdiscount.ch\/wp-content\/uploads\/bsm-images\/A081593_1.png","type":"image\/png"}],"twitter_card":"summary_large_image","twitter_misc":{"Dur\u00e9e de lecture estim\u00e9e":"1 minute"},"schema":{"@context":"https:\/\/schema.org","@graph":[{"@type":"WebPage","@id":"https:\/\/bogensportdiscount.ch\/produkt\/apexgear-jagd-3d-visier-aegis-pro-2-dot-led-schwarz\/","url":"https:\/\/bogensportdiscount.ch\/produkt\/apexgear-jagd-3d-visier-aegis-pro-2-dot-led-schwarz\/","name":"APEX GEAR VIS\u00c9ES DE CHASSE ET 3D AEGIS PRO 2-DOT LED NOIR - Bogensportdiscount \u2013 Arcs, fl\u00e8ches, cibles et accessoires","isPartOf":{"@id":"https:\/\/bogensportdiscount.ch\/#website"},"primaryImageOfPage":{"@id":"https:\/\/bogensportdiscount.ch\/produkt\/apexgear-jagd-3d-visier-aegis-pro-2-dot-led-schwarz\/#primaryimage"},"image":{"@id":"https:\/\/bogensportdiscount.ch\/produkt\/apexgear-jagd-3d-visier-aegis-pro-2-dot-led-schwarz\/#primaryimage"},"thumbnailUrl":"https:\/\/bogensportdiscount.ch\/wp-content\/uploads\/bsm-images\/A081593_1.png","datePublished":"2026-04-05T12:30:38+00:00","dateModified":"2026-04-23T13:42:02+00:00","description":"Achetez \u00e0 prix avantageux le viseur APEX GEAR CHASSE &amp; 3D AEGIS PRO 2-DOT LED NOIR chez Bogensportdiscount \u2013 Grandes marques, livraison rapide depuis la Suisse.","breadcrumb":{"@id":"https:\/\/bogensportdiscount.ch\/produkt\/apexgear-jagd-3d-visier-aegis-pro-2-dot-led-schwarz\/#breadcrumb"},"inLanguage":"fr-FR","potentialAction":[{"@type":"ReadAction","target":["https:\/\/bogensportdiscount.ch\/produkt\/apexgear-jagd-3d-visier-aegis-pro-2-dot-led-schwarz\/"]}]},{"@type":"ImageObject","inLanguage":"fr-FR","@id":"https:\/\/bogensportdiscount.ch\/produkt\/apexgear-jagd-3d-visier-aegis-pro-2-dot-led-schwarz\/#primaryimage","url":"https:\/\/bogensportdiscount.ch\/wp-content\/uploads\/bsm-images\/A081593_1.png","contentUrl":"https:\/\/bogensportdiscount.ch\/wp-content\/uploads\/bsm-images\/A081593_1.png","width":1280,"height":1214},{"@type":"BreadcrumbList","@id":"https:\/\/bogensportdiscount.ch\/produkt\/apexgear-jagd-3d-visier-aegis-pro-2-dot-led-schwarz\/#breadcrumb","itemListElement":[{"@type":"ListItem","position":1,"name":"Home","item":"https:\/\/bogensportdiscount.ch\/"},{"@type":"ListItem","position":2,"name":"Shop","item":"https:\/\/bogensportdiscount.ch\/shop\/"},{"@type":"ListItem","position":3,"name":"APEX GEAR JAGD &#038; 3D VISIERE AEGIS PRO 2-DOT LED SCHWARZ"}]},{"@type":"WebSite","@id":"https:\/\/bogensportdiscount.ch\/#website","url":"https:\/\/bogensportdiscount.ch\/","name":"Bogensportdiscount","description":"","potentialAction":[{"@type":"SearchAction","target":{"@type":"EntryPoint","urlTemplate":"https:\/\/bogensportdiscount.ch\/?s={search_term_string}"},"query-input":{"@type":"PropertyValueSpecification","valueRequired":true,"valueName":"search_term_string"}}],"inLanguage":"fr-FR"}]}},"_links":{"self":[{"href":"https:\/\/bogensportdiscount.ch\/fr\/wp-json\/wp\/v2\/product\/393669","targetHints":{"allow":["GET"]}}],"collection":[{"href":"https:\/\/bogensportdiscount.ch\/fr\/wp-json\/wp\/v2\/product"}],"about":[{"href":"https:\/\/bogensportdiscount.ch\/fr\/wp-json\/wp\/v2\/types\/product"}],"replies":[{"embeddable":true,"href":"https:\/\/bogensportdiscount.ch\/fr\/wp-json\/wp\/v2\/comments?post=393669"}],"wp:featuredmedia":[{"embeddable":true,"href":"https:\/\/bogensportdiscount.ch\/fr\/wp-json\/wp\/v2\/media\/524181"}],"wp:attachment":[{"href":"https:\/\/bogensportdiscount.ch\/fr\/wp-json\/wp\/v2\/media?parent=393669"}],"wp:term":[{"taxonomy":"product_brand","embeddable":true,"href":"https:\/\/bogensportdiscount.ch\/fr\/wp-json\/wp\/v2\/product_brand?post=393669"},{"taxonomy":"product_cat","embeddable":true,"href":"https:\/\/bogensportdiscount.ch\/fr\/wp-json\/wp\/v2\/product_cat?post=393669"},{"taxonomy":"product_tag","embeddable":true,"href":"https:\/\/bogensportdiscount.ch\/fr\/wp-json\/wp\/v2\/product_tag?post=393669"}],"curies":[{"name":"wp","href":"https:\/\/api.w.org\/{rel}","templated":true}]}}