{"id":393667,"date":"2026-04-05T14:30:38","date_gmt":"2026-04-05T12:30:38","guid":{"rendered":"https:\/\/bogensportdiscount.ch\/produkt\/nap-hex-key-compact-tool\/"},"modified":"2026-04-15T12:16:11","modified_gmt":"2026-04-15T10:16:11","slug":"nap-inbusschluessel-hex-key-compact-tool","status":"publish","type":"product","link":"https:\/\/bogensportdiscount.ch\/fr\/produit\/nap-inbusschluessel-hex-key-compact-tool\/","title":{"rendered":"NAP HEX KEY COMPACT TOOL"},"content":{"rendered":"<p>Das NAP Hex Key Compact Tool ist ein handliches Multifunktionswerkzeug f\u00fcr Bogensch\u00fctzen. Die kompakte Bauform erm\u00f6glicht den unkomplizierten Einsatz bei der Montage und Justierung von Bogenzubeh\u00f6r \u2013 ob auf dem Schiesstand oder im Feld.<\/p>\n<p>Das Werkzeug eignet sich f\u00fcr g\u00e4ngige Inbus-Schraubenverbindungen, wie sie bei Visieren, Resten, Stabilisatoren und weiteren Bogenbauteilen verwendet werden. Als Produkt von NAP, einem etablierten Hersteller im Bogensport-Segment, steht es f\u00fcr solide Verarbeitung.<\/p>\n<ul>\n<li>Kompakte Bauform f\u00fcr einfaches Mitf\u00fchren<\/li>\n<li>Geeignet f\u00fcr typische Inbus-Verbindungen am Bogen<\/li>\n<li>Von NAP \u2013 spezifisch f\u00fcr den Bogensport entwickelt<\/li>\n<\/ul>","protected":false},"excerpt":{"rendered":"<p><strong>Marque :<\/strong> PAN<br \/><strong>Typ:<\/strong> Imperial<br \/><strong>GTIN:<\/strong> 888151038307<\/p>","protected":false},"featured_media":441320,"comment_status":"open","ping_status":"closed","template":"","meta":[],"product_brand":[557],"product_cat":[4243],"product_tag":[3546],"class_list":{"0":"post-393667","1":"product","2":"type-product","3":"status-publish","4":"has-post-thumbnail","6":"product_brand-nap","7":"product_cat-allen-wrenches-torx-sets","8":"product_tag-neuheit","10":"first","11":"instock","12":"shipping-taxable","13":"purchasable","14":"product-type-simple"},"_links":{"self":[{"href":"https:\/\/bogensportdiscount.ch\/fr\/wp-json\/wp\/v2\/product\/393667","targetHints":{"allow":["GET"]}}],"collection":[{"href":"https:\/\/bogensportdiscount.ch\/fr\/wp-json\/wp\/v2\/product"}],"about":[{"href":"https:\/\/bogensportdiscount.ch\/fr\/wp-json\/wp\/v2\/types\/product"}],"replies":[{"embeddable":true,"href":"https:\/\/bogensportdiscount.ch\/fr\/wp-json\/wp\/v2\/comments?post=393667"}],"wp:featuredmedia":[{"embeddable":true,"href":"https:\/\/bogensportdiscount.ch\/fr\/wp-json\/wp\/v2\/media\/441320"}],"wp:attachment":[{"href":"https:\/\/bogensportdiscount.ch\/fr\/wp-json\/wp\/v2\/media?parent=393667"}],"wp:term":[{"taxonomy":"product_brand","embeddable":true,"href":"https:\/\/bogensportdiscount.ch\/fr\/wp-json\/wp\/v2\/product_brand?post=393667"},{"taxonomy":"product_cat","embeddable":true,"href":"https:\/\/bogensportdiscount.ch\/fr\/wp-json\/wp\/v2\/product_cat?post=393667"},{"taxonomy":"product_tag","embeddable":true,"href":"https:\/\/bogensportdiscount.ch\/fr\/wp-json\/wp\/v2\/product_tag?post=393667"}],"curies":[{"name":"wp","href":"https:\/\/api.w.org\/{rel}","templated":true}]}}