{"id":393666,"date":"2026-04-05T14:30:37","date_gmt":"2026-04-05T12:30:37","guid":{"rendered":"https:\/\/bogensportdiscount.ch\/produkt\/nap-hex-key-standard-tool\/"},"modified":"2026-04-15T12:16:11","modified_gmt":"2026-04-15T10:16:11","slug":"nap-inbusschluessel-hex-key-standard-tool","status":"publish","type":"product","link":"https:\/\/bogensportdiscount.ch\/fr\/produit\/nap-inbusschluessel-hex-key-standard-tool\/","title":{"rendered":"OUTIL STANDARD NAP HEX KEY"},"content":{"rendered":"<p>Der NAP Hex Key Standard Tool ist ein Inbusschl\u00fcssel aus dem Zubeh\u00f6rprogramm von New Archery Products (NAP). Er ist auf die g\u00e4ngigen Schraubenverbindungen an B\u00f6gen und Bogensport-Zubeh\u00f6r abgestimmt.<\/p>\n<p>Das Werkzeug eignet sich f\u00fcr Montage- und Einstellarbeiten, beispielsweise beim Befestigen von Auflagen, Pfeilruhenbauteilen oder anderen Anbauteilen. Als Standardwerkzeug aus dem Hause NAP passt es zuverl\u00e4ssig zu den von NAP verwendeten Schrauben.<\/p>\n<ul>\n<li>Inbusschl\u00fcssel f\u00fcr Bogensport-Anwendungen<\/li>\n<li>Passend f\u00fcr NAP-Produkte und Standardverschraubungen<\/li>\n<li>Handliches Format f\u00fcr den Einsatz in der Praxis<\/li>\n<li>Geeignet f\u00fcr Montage und Wartung<\/li>\n<\/ul>","protected":false},"excerpt":{"rendered":"<p><strong>Marque :<\/strong> PAN<br \/><strong>Typ:<\/strong> Imperial<br \/><strong>GTIN:<\/strong> 888151037416<\/p>","protected":false},"featured_media":441345,"comment_status":"open","ping_status":"closed","template":"","meta":[],"product_brand":[557],"product_cat":[4243],"product_tag":[3546],"class_list":{"0":"post-393666","1":"product","2":"type-product","3":"status-publish","4":"has-post-thumbnail","6":"product_brand-nap","7":"product_cat-allen-wrenches-torx-sets","8":"product_tag-neuheit","10":"first","11":"instock","12":"shipping-taxable","13":"purchasable","14":"product-type-simple"},"_links":{"self":[{"href":"https:\/\/bogensportdiscount.ch\/fr\/wp-json\/wp\/v2\/product\/393666","targetHints":{"allow":["GET"]}}],"collection":[{"href":"https:\/\/bogensportdiscount.ch\/fr\/wp-json\/wp\/v2\/product"}],"about":[{"href":"https:\/\/bogensportdiscount.ch\/fr\/wp-json\/wp\/v2\/types\/product"}],"replies":[{"embeddable":true,"href":"https:\/\/bogensportdiscount.ch\/fr\/wp-json\/wp\/v2\/comments?post=393666"}],"wp:featuredmedia":[{"embeddable":true,"href":"https:\/\/bogensportdiscount.ch\/fr\/wp-json\/wp\/v2\/media\/441345"}],"wp:attachment":[{"href":"https:\/\/bogensportdiscount.ch\/fr\/wp-json\/wp\/v2\/media?parent=393666"}],"wp:term":[{"taxonomy":"product_brand","embeddable":true,"href":"https:\/\/bogensportdiscount.ch\/fr\/wp-json\/wp\/v2\/product_brand?post=393666"},{"taxonomy":"product_cat","embeddable":true,"href":"https:\/\/bogensportdiscount.ch\/fr\/wp-json\/wp\/v2\/product_cat?post=393666"},{"taxonomy":"product_tag","embeddable":true,"href":"https:\/\/bogensportdiscount.ch\/fr\/wp-json\/wp\/v2\/product_tag?post=393666"}],"curies":[{"name":"wp","href":"https:\/\/api.w.org\/{rel}","templated":true}]}}