{"id":393640,"date":"2026-04-05T14:30:32","date_gmt":"2026-04-05T12:30:32","guid":{"rendered":"https:\/\/bogensportdiscount.ch\/produkt\/victory-rip-glue-in-bullet-points-80-150gr-12pk\/"},"modified":"2026-04-15T12:16:10","modified_gmt":"2026-04-15T10:16:10","slug":"victory-rip-einklebespitzen-bullet-points-80-150gr-12er-pack","status":"publish","type":"product","link":"https:\/\/bogensportdiscount.ch\/fr\/produit\/victory-rip-einklebespitzen-bullet-points-80-150gr-12er-pack\/","title":{"rendered":"VICTORY RIP GLUE IN BULLET POINTS 80-150gr 12PK"},"content":{"rendered":"<p>Die Victory RIP Bullet Points sind Einklebespitzen f\u00fcr Bogensportpfeile und stammen aus der bew\u00e4hrten RIP-Linie von Victory Archery. Das Bullet-Point-Design eignet sich f\u00fcr den Trainingsbetrieb und den Einsatz auf der Scheibe und wird direkt in den Pfeilschaft eingeklebt.<\/p>\n<p>Mit einem Gewichtsbereich von 80 bis 150 Grain lassen sich Spitzengewicht und damit das Flugverhalten des Pfeils gezielt anpassen. Die Packung enth\u00e4lt 12 Spitzen, was einen ausreichenden Vorrat f\u00fcr Neubefiedung oder Ersatz bietet.<\/p>\n<ul>\n<li>Gewichtsbereich: 80\u2013150 Grain<\/li>\n<li>Bullet-Point-Design f\u00fcr Training und Scheibenschiessen<\/li>\n<li>Einklebemontage in den Pfeilschaft<\/li>\n<li>12 Spitzen pro Packung<\/li>\n<\/ul>","protected":false},"excerpt":{"rendered":"<p><strong>Marque :<\/strong> Victory<br \/><strong>Typ:<\/strong> Break-off<br \/><strong>Gewicht:<\/strong> 80-150<br \/><strong>GTIN:<\/strong> 811870033308<\/p>","protected":false},"featured_media":453277,"comment_status":"open","ping_status":"closed","template":"","meta":[],"product_brand":[547],"product_cat":[4543],"product_tag":[3546],"class_list":{"0":"post-393640","1":"product","2":"type-product","3":"status-publish","4":"has-post-thumbnail","6":"product_brand-victory","7":"product_cat-einklebe-spitzen-pfeil-komponenten","8":"product_tag-neuheit","10":"first","11":"instock","12":"shipping-taxable","13":"purchasable","14":"product-type-simple"},"_links":{"self":[{"href":"https:\/\/bogensportdiscount.ch\/fr\/wp-json\/wp\/v2\/product\/393640","targetHints":{"allow":["GET"]}}],"collection":[{"href":"https:\/\/bogensportdiscount.ch\/fr\/wp-json\/wp\/v2\/product"}],"about":[{"href":"https:\/\/bogensportdiscount.ch\/fr\/wp-json\/wp\/v2\/types\/product"}],"replies":[{"embeddable":true,"href":"https:\/\/bogensportdiscount.ch\/fr\/wp-json\/wp\/v2\/comments?post=393640"}],"wp:featuredmedia":[{"embeddable":true,"href":"https:\/\/bogensportdiscount.ch\/fr\/wp-json\/wp\/v2\/media\/453277"}],"wp:attachment":[{"href":"https:\/\/bogensportdiscount.ch\/fr\/wp-json\/wp\/v2\/media?parent=393640"}],"wp:term":[{"taxonomy":"product_brand","embeddable":true,"href":"https:\/\/bogensportdiscount.ch\/fr\/wp-json\/wp\/v2\/product_brand?post=393640"},{"taxonomy":"product_cat","embeddable":true,"href":"https:\/\/bogensportdiscount.ch\/fr\/wp-json\/wp\/v2\/product_cat?post=393640"},{"taxonomy":"product_tag","embeddable":true,"href":"https:\/\/bogensportdiscount.ch\/fr\/wp-json\/wp\/v2\/product_tag?post=393640"}],"curies":[{"name":"wp","href":"https:\/\/api.w.org\/{rel}","templated":true}]}}