{"id":393637,"date":"2026-04-05T14:30:31","date_gmt":"2026-04-05T12:30:31","guid":{"rendered":"https:\/\/bogensportdiscount.ch\/produkt\/victory-vxt-vap-id-4-2-glue-in-bullet-points-vap-250-vxt-300-80-100gr-12pk\/"},"modified":"2026-04-17T15:59:20","modified_gmt":"2026-04-17T13:59:20","slug":"victory-vxt-vap-id-42-einklebespitzen-bullet-points-80-100gr-12er-pack","status":"publish","type":"product","link":"https:\/\/bogensportdiscount.ch\/fr\/produit\/victory-vxt-vap-id-42-einklebespitzen-bullet-points-80-100gr-12er-pack\/","title":{"rendered":"Victory VXT\/VAP ID 4.2 Pointes \u00e0 coller Bullet Points 80-100gr pack de 12"},"content":{"rendered":"<p>Die Victory VXT\/VAP ID 4.2 Bullet Points sind Einklebespitzen, die speziell auf die engen Innendurchmesser der Victory VXT- und VAP-Pfeilsch\u00e4fte abgestimmt sind. Das ID 4.2-Format gew\u00e4hrleistet eine passgenaue Verbindung f\u00fcr eine stabile und dauerhaften Montage.<\/p>\n<p>Die Spitzen sind im Gewichtsbereich von 80 bis 100 Grain erh\u00e4ltlich und eignen sich f\u00fcr die Schaftmodelle VAP 250 und VXT 300. Das Paket enth\u00e4lt 12 Spitzen, sodass ein komplettes Dutzend Pfeile ausger\u00fcstet werden kann.<\/p>\n<ul>\n<li>Kompatibel mit Victory VAP 250 und VXT 300 Sch\u00e4ften<\/li>\n<li>Innendurchmesser ID 4.2 f\u00fcr passgenauen Sitz<\/li>\n<li>Gewichtsbereich 80\u2013100 Grain<\/li>\n<li>12 Spitzen pro Packung<\/li>\n<\/ul>","protected":false},"excerpt":{"rendered":"<p><strong>Marque :<\/strong> Victory<br \/><strong>Typ:<\/strong> Break-off<br \/><strong>ID:<\/strong> 4,2<br \/><strong>Gewicht:<\/strong> 80-100<br \/><strong>GTIN:<\/strong> 811870041433<\/p>","protected":false},"featured_media":453274,"comment_status":"open","ping_status":"closed","template":"","meta":[],"product_brand":[547],"product_cat":[4543],"product_tag":[3546],"class_list":{"0":"post-393637","1":"product","2":"type-product","3":"status-publish","4":"has-post-thumbnail","6":"product_brand-victory","7":"product_cat-einklebe-spitzen-pfeil-komponenten","8":"product_tag-neuheit","10":"first","11":"instock","12":"shipping-taxable","13":"purchasable","14":"product-type-simple"},"_links":{"self":[{"href":"https:\/\/bogensportdiscount.ch\/fr\/wp-json\/wp\/v2\/product\/393637","targetHints":{"allow":["GET"]}}],"collection":[{"href":"https:\/\/bogensportdiscount.ch\/fr\/wp-json\/wp\/v2\/product"}],"about":[{"href":"https:\/\/bogensportdiscount.ch\/fr\/wp-json\/wp\/v2\/types\/product"}],"replies":[{"embeddable":true,"href":"https:\/\/bogensportdiscount.ch\/fr\/wp-json\/wp\/v2\/comments?post=393637"}],"wp:featuredmedia":[{"embeddable":true,"href":"https:\/\/bogensportdiscount.ch\/fr\/wp-json\/wp\/v2\/media\/453274"}],"wp:attachment":[{"href":"https:\/\/bogensportdiscount.ch\/fr\/wp-json\/wp\/v2\/media?parent=393637"}],"wp:term":[{"taxonomy":"product_brand","embeddable":true,"href":"https:\/\/bogensportdiscount.ch\/fr\/wp-json\/wp\/v2\/product_brand?post=393637"},{"taxonomy":"product_cat","embeddable":true,"href":"https:\/\/bogensportdiscount.ch\/fr\/wp-json\/wp\/v2\/product_cat?post=393637"},{"taxonomy":"product_tag","embeddable":true,"href":"https:\/\/bogensportdiscount.ch\/fr\/wp-json\/wp\/v2\/product_tag?post=393637"}],"curies":[{"name":"wp","href":"https:\/\/api.w.org\/{rel}","templated":true}]}}