{"id":393636,"date":"2026-04-05T14:30:31","date_gmt":"2026-04-05T12:30:31","guid":{"rendered":"https:\/\/bogensportdiscount.ch\/produkt\/victory-vxt-vap-id-4-2-glue-in-bullet-points-vap-300-350-vxt-355-630-120-140gr-12pk\/"},"modified":"2026-04-15T12:16:09","modified_gmt":"2026-04-15T10:16:09","slug":"victory-vxt-vap-id-42-einklebespitzen-bullet-points-120-140gr-12er-pack","status":"publish","type":"product","link":"https:\/\/bogensportdiscount.ch\/fr\/produit\/victory-vxt-vap-id-42-einklebespitzen-bullet-points-120-140gr-12er-pack\/","title":{"rendered":"VICTORY VXT\/VAP ID 4.2 GLUE IN BULLET POINTS VAP 300-350 VXT 355-630 120-140gr 12PK"},"content":{"rendered":"<p>Diese Einklebespitzen von Victory sind speziell auf die Innendurchmesser-Norm ID 4.2 ausgelegt und passen damit zu den Victory VXT- und VAP-Pfeilserien. Die Bullet-Point-Form sorgt f\u00fcr ein gleichm\u00e4ssiges Einschussbild und ist f\u00fcr den Trainings- und Wettkampfeinsatz geeignet.<\/p>\n<p>Das Set umfasst 12 Spitzen im Gewichtsbereich von 120 bis 140 grain. Die Spitzen werden mit Heisskleber oder speziellem Pfeilkleber fest in den Schaft eingeklebt und bieten dadurch eine zuverl\u00e4ssige Verbindung.<\/p>\n<ul>\n<li>Passend f\u00fcr Victory VXT (Schaft-Spine 355\u2013630) und VAP (Spine 300\u2013350)<\/li>\n<li>Innendurchmesser-Norm ID 4.2<\/li>\n<li>Gewicht: 120\u2013140 grain<\/li>\n<li>Lieferumfang: 12 St\u00fcck<\/li>\n<\/ul>","protected":false},"excerpt":{"rendered":"<p><strong>Marque :<\/strong> Victory<br \/><strong>Typ:<\/strong> Break-off<br \/><strong>ID:<\/strong> 4,2<br \/><strong>Gewicht:<\/strong> 120-140<br \/><strong>GTIN:<\/strong> 811870041525<\/p>","protected":false},"featured_media":453273,"comment_status":"open","ping_status":"closed","template":"","meta":[],"product_brand":[547],"product_cat":[4543],"product_tag":[3546],"class_list":{"0":"post-393636","1":"product","2":"type-product","3":"status-publish","4":"has-post-thumbnail","6":"product_brand-victory","7":"product_cat-einklebe-spitzen-pfeil-komponenten","8":"product_tag-neuheit","10":"first","11":"instock","12":"shipping-taxable","13":"purchasable","14":"product-type-simple"},"_links":{"self":[{"href":"https:\/\/bogensportdiscount.ch\/fr\/wp-json\/wp\/v2\/product\/393636","targetHints":{"allow":["GET"]}}],"collection":[{"href":"https:\/\/bogensportdiscount.ch\/fr\/wp-json\/wp\/v2\/product"}],"about":[{"href":"https:\/\/bogensportdiscount.ch\/fr\/wp-json\/wp\/v2\/types\/product"}],"replies":[{"embeddable":true,"href":"https:\/\/bogensportdiscount.ch\/fr\/wp-json\/wp\/v2\/comments?post=393636"}],"wp:featuredmedia":[{"embeddable":true,"href":"https:\/\/bogensportdiscount.ch\/fr\/wp-json\/wp\/v2\/media\/453273"}],"wp:attachment":[{"href":"https:\/\/bogensportdiscount.ch\/fr\/wp-json\/wp\/v2\/media?parent=393636"}],"wp:term":[{"taxonomy":"product_brand","embeddable":true,"href":"https:\/\/bogensportdiscount.ch\/fr\/wp-json\/wp\/v2\/product_brand?post=393636"},{"taxonomy":"product_cat","embeddable":true,"href":"https:\/\/bogensportdiscount.ch\/fr\/wp-json\/wp\/v2\/product_cat?post=393636"},{"taxonomy":"product_tag","embeddable":true,"href":"https:\/\/bogensportdiscount.ch\/fr\/wp-json\/wp\/v2\/product_tag?post=393636"}],"curies":[{"name":"wp","href":"https:\/\/api.w.org\/{rel}","templated":true}]}}