{"id":393635,"date":"2026-04-05T14:30:31","date_gmt":"2026-04-05T12:30:31","guid":{"rendered":"https:\/\/bogensportdiscount.ch\/produkt\/victory-vxt-vap-id-4-2-glue-in-bullet-points-vap-300-350-vxt-355-630-80-100gr-12pk\/"},"modified":"2026-04-15T12:16:09","modified_gmt":"2026-04-15T10:16:09","slug":"victory-vxt-vap-id-4-2-einklebespitzen-bullet-points-80-100gr-12er-pack","status":"publish","type":"product","link":"https:\/\/bogensportdiscount.ch\/fr\/produit\/victory-vxt-vap-id-4-2-einklebespitzen-bullet-points-80-100gr-12er-pack\/","title":{"rendered":"VICTORY VXT\/VAP ID 4.2 GLUE IN BULLET POINTS VAP 300-350 VXT 355-630 80-100gr 12PK"},"content":{"rendered":"<p>Die Victory VXT\/VAP ID 4.2 Einklebespitzen im Bullet-Point-Design sind kompatibel mit den Victory VXT Pfeilen (Spine 355\u2013630) sowie den Victory VAP Pfeilen (Spine 300\u2013350) mit einem Innenduchmesser von 4.2 mm. Sie werden fest in den Pfeilschaft eingeklebt und bieten eine stabile, zuverl\u00e4ssige Verbindung.<\/p>\n<p>Mit einem Gewicht von 80 bis 100 Grain lassen sich die Vorw\u00e4rtsschwerpunkt und das Flugverhalten des Pfeils gezielt abstimmen. Das 12er-Pack eignet sich sowohl f\u00fcr die Erstbest\u00fcckung als auch als Ersatzvorrat.<\/p>\n<ul>\n<li>Passend f\u00fcr Victory VXT (Spine 355\u2013630) und VAP (Spine 300\u2013350)<\/li>\n<li>Innendurchmesser 4.2 mm<\/li>\n<li>Gewicht: 80\u2013100 gr<\/li>\n<li>12 St\u00fcck pro Packung<\/li>\n<\/ul>","protected":false},"excerpt":{"rendered":"<p><strong>Marque :<\/strong> Victory<br \/><strong>Typ:<\/strong> Break-off<br \/><strong>ID:<\/strong> 4,2<br \/><strong>Gewicht:<\/strong> 80-100<br \/><strong>GTIN:<\/strong> 811870041495<\/p>","protected":false},"featured_media":453272,"comment_status":"open","ping_status":"closed","template":"","meta":[],"product_brand":[547],"product_cat":[4543],"product_tag":[3546],"class_list":{"0":"post-393635","1":"product","2":"type-product","3":"status-publish","4":"has-post-thumbnail","6":"product_brand-victory","7":"product_cat-einklebe-spitzen-pfeil-komponenten","8":"product_tag-neuheit","10":"first","11":"outofstock","12":"shipping-taxable","13":"product-type-variable"},"_links":{"self":[{"href":"https:\/\/bogensportdiscount.ch\/fr\/wp-json\/wp\/v2\/product\/393635","targetHints":{"allow":["GET"]}}],"collection":[{"href":"https:\/\/bogensportdiscount.ch\/fr\/wp-json\/wp\/v2\/product"}],"about":[{"href":"https:\/\/bogensportdiscount.ch\/fr\/wp-json\/wp\/v2\/types\/product"}],"replies":[{"embeddable":true,"href":"https:\/\/bogensportdiscount.ch\/fr\/wp-json\/wp\/v2\/comments?post=393635"}],"wp:featuredmedia":[{"embeddable":true,"href":"https:\/\/bogensportdiscount.ch\/fr\/wp-json\/wp\/v2\/media\/453272"}],"wp:attachment":[{"href":"https:\/\/bogensportdiscount.ch\/fr\/wp-json\/wp\/v2\/media?parent=393635"}],"wp:term":[{"taxonomy":"product_brand","embeddable":true,"href":"https:\/\/bogensportdiscount.ch\/fr\/wp-json\/wp\/v2\/product_brand?post=393635"},{"taxonomy":"product_cat","embeddable":true,"href":"https:\/\/bogensportdiscount.ch\/fr\/wp-json\/wp\/v2\/product_cat?post=393635"},{"taxonomy":"product_tag","embeddable":true,"href":"https:\/\/bogensportdiscount.ch\/fr\/wp-json\/wp\/v2\/product_tag?post=393635"}],"curies":[{"name":"wp","href":"https:\/\/api.w.org\/{rel}","templated":true}]}}