{"id":393632,"date":"2026-04-05T14:30:30","date_gmt":"2026-04-05T12:30:30","guid":{"rendered":"https:\/\/bogensportdiscount.ch\/produkt\/pine-ridge-kwik-stand-tri-pod-compound-bowstand-black\/"},"modified":"2026-05-14T07:13:55","modified_gmt":"2026-05-14T05:13:55","slug":"pine-ridge-compound-bogenstand-kwik-stand-tri-pod-schwarz","status":"publish","type":"product","link":"https:\/\/bogensportdiscount.ch\/fr\/produit\/pine-ridge-compound-bogenstand-kwik-stand-tri-pod-schwarz\/","title":{"rendered":"PINE RIDGE KWIK STAND TRI-POD SUPPORT ARC \u00c0 POULIES NOIR"},"content":{"rendered":"<p>Le Pine Ridge Kwik Stand Tri-Pod est un support d'arc pratique, sp\u00e9cialement con\u00e7u pour les arcs \u00e0 poulies. Le design tr\u00e9pied assure une stabilit\u00e9 sur diff\u00e9rentes surfaces et maintient l'arc en position verticale de mani\u00e8re s\u00e9curis\u00e9e.<\/p>\n<p>Le support convient \u00e0 une utilisation \u00e0 l'entra\u00eenement sur le stand de tir ainsi qu'aux parcours de chasse et 3D, o\u00f9 il est n\u00e9cessaire de poser rapidement et de mani\u00e8re fiable l'arc. La version noire s'int\u00e8gre discr\u00e8tement dans diff\u00e9rents environnements.<\/p>\n<ul>\n<li>Construction tr\u00e9pied pour une stabilit\u00e9 optimale<\/li>\n<li>Convient aux arcs compound<\/li>\n<li>Design compact pour une utilisation mobile<\/li>\n<li>Version en noir<\/li>\n<\/ul>","protected":false},"excerpt":{"rendered":"<table>\n<tr>\n<th>Propri\u00e9t\u00e9<\/th>\n<th>Valeur<\/th>\n<\/tr>\n<tr>\n<td>Marque<\/td>\n<td>Pine Ridge<\/td>\n<\/tr>\n<tr>\n<td>Type<\/td>\n<td>Adjustable<\/td>\n<\/tr>\n<tr>\n<td>Couleur<\/td>\n<td>Noir<\/td>\n<\/tr>\n<tr>\n<td>Pays d'origine<\/td>\n<td>USA<\/td>\n<\/tr>\n<\/table>","protected":false},"featured_media":524639,"comment_status":"open","ping_status":"closed","template":"","meta":[],"product_brand":[551],"product_cat":[4124,4183,4187],"product_tag":[3546],"class_list":{"0":"post-393632","1":"product","2":"type-product","3":"status-publish","4":"has-post-thumbnail","6":"product_brand-pine-ridge","7":"product_cat-bogenschuetzer-ausruestung","8":"product_cat-bogenstand","9":"product_cat-compound-bogenstand","10":"product_tag-neuheit","11":"product_shipping_class-bsd-standard","13":"first","14":"instock","15":"shipping-taxable","16":"purchasable","17":"product-type-simple"},"yoast_head":"<!-- This site is optimized with the Yoast SEO plugin v27.6 - https:\/\/yoast.com\/product\/yoast-seo-wordpress\/ -->\n<title>PINE RIDGE KWIK STAND TRI-POD COMPOUNDBOGEN-ST\u00c4NDER SCHWARZ - Bogensportdiscount \u2013 B\u00f6gen, Pfeile, Targets &amp; Zubeh\u00f6r<\/title>\n<meta name=\"description\" content=\"PINE RIDGE KWIK STAND TRI-POD COMPOUNDBOGEN-ST\u00c4NDER SCHWARZ g\u00fcnstig kaufen bei Bogensportdiscount \u2013 Top-Marken, schneller Versand aus der Schweiz.\" \/>\n<meta name=\"robots\" content=\"index, follow, max-snippet:-1, max-image-preview:large, max-video-preview:-1\" \/>\n<link rel=\"canonical\" href=\"https:\/\/bogensportdiscount.ch\/fr\/produit\/pine-ridge-compound-bogenstand-kwik-stand-tri-pod-schwarz\/\" \/>\n<meta property=\"og:locale\" content=\"fr_FR\" \/>\n<meta property=\"og:type\" content=\"article\" \/>\n<meta property=\"og:title\" content=\"PINE RIDGE KWIK STAND TRI-POD COMPOUNDBOGEN-ST\u00c4NDER SCHWARZ - Bogensportdiscount \u2013 B\u00f6gen, Pfeile, Targets &amp; Zubeh\u00f6r\" \/>\n<meta property=\"og:description\" content=\"PINE RIDGE KWIK STAND TRI-POD COMPOUNDBOGEN-ST\u00c4NDER SCHWARZ g\u00fcnstig kaufen bei Bogensportdiscount \u2013 Top-Marken, schneller Versand aus der Schweiz.\" \/>\n<meta property=\"og:url\" content=\"https:\/\/bogensportdiscount.ch\/fr\/produit\/pine-ridge-compound-bogenstand-kwik-stand-tri-pod-schwarz\/\" \/>\n<meta property=\"og:site_name\" content=\"Bogensportdiscount \u2013 B\u00f6gen, Pfeile, Targets &amp; Zubeh\u00f6r\" \/>\n<meta property=\"article:modified_time\" content=\"2026-05-14T05:13:55+00:00\" \/>\n<meta property=\"og:image\" content=\"https:\/\/bogensportdiscount.ch\/wp-content\/uploads\/bsm-images\/A081485_1.png\" \/>\n\t<meta property=\"og:image:width\" content=\"1280\" \/>\n\t<meta property=\"og:image:height\" content=\"720\" \/>\n\t<meta property=\"og:image:type\" content=\"image\/png\" \/>\n<meta name=\"twitter:card\" content=\"summary_large_image\" \/>\n<script type=\"application\/ld+json\" class=\"yoast-schema-graph\">{\"@context\":\"https:\\\/\\\/schema.org\",\"@graph\":[{\"@type\":\"WebPage\",\"@id\":\"https:\\\/\\\/bogensportdiscount.ch\\\/produkt\\\/pine-ridge-compound-bogenstand-kwik-stand-tri-pod-schwarz\\\/\",\"url\":\"https:\\\/\\\/bogensportdiscount.ch\\\/produkt\\\/pine-ridge-compound-bogenstand-kwik-stand-tri-pod-schwarz\\\/\",\"name\":\"PINE RIDGE KWIK STAND TRI-POD COMPOUNDBOGEN-ST\u00c4NDER SCHWARZ - Bogensportdiscount \u2013 B\u00f6gen, Pfeile, Targets &amp; Zubeh\u00f6r\",\"isPartOf\":{\"@id\":\"https:\\\/\\\/bogensportdiscount.ch\\\/#website\"},\"primaryImageOfPage\":{\"@id\":\"https:\\\/\\\/bogensportdiscount.ch\\\/produkt\\\/pine-ridge-compound-bogenstand-kwik-stand-tri-pod-schwarz\\\/#primaryimage\"},\"image\":{\"@id\":\"https:\\\/\\\/bogensportdiscount.ch\\\/produkt\\\/pine-ridge-compound-bogenstand-kwik-stand-tri-pod-schwarz\\\/#primaryimage\"},\"thumbnailUrl\":\"https:\\\/\\\/bogensportdiscount.ch\\\/wp-content\\\/uploads\\\/bsm-images\\\/A081485_1.png\",\"datePublished\":\"2026-04-05T12:30:30+00:00\",\"dateModified\":\"2026-05-14T05:13:55+00:00\",\"description\":\"PINE RIDGE KWIK STAND TRI-POD COMPOUNDBOGEN-ST\u00c4NDER SCHWARZ g\u00fcnstig kaufen bei Bogensportdiscount \u2013 Top-Marken, schneller Versand aus der Schweiz.\",\"breadcrumb\":{\"@id\":\"https:\\\/\\\/bogensportdiscount.ch\\\/produkt\\\/pine-ridge-compound-bogenstand-kwik-stand-tri-pod-schwarz\\\/#breadcrumb\"},\"inLanguage\":\"fr-FR\",\"potentialAction\":[{\"@type\":\"ReadAction\",\"target\":[\"https:\\\/\\\/bogensportdiscount.ch\\\/produkt\\\/pine-ridge-compound-bogenstand-kwik-stand-tri-pod-schwarz\\\/\"]}]},{\"@type\":\"ImageObject\",\"inLanguage\":\"fr-FR\",\"@id\":\"https:\\\/\\\/bogensportdiscount.ch\\\/produkt\\\/pine-ridge-compound-bogenstand-kwik-stand-tri-pod-schwarz\\\/#primaryimage\",\"url\":\"https:\\\/\\\/bogensportdiscount.ch\\\/wp-content\\\/uploads\\\/bsm-images\\\/A081485_1.png\",\"contentUrl\":\"https:\\\/\\\/bogensportdiscount.ch\\\/wp-content\\\/uploads\\\/bsm-images\\\/A081485_1.png\",\"width\":1280,\"height\":720},{\"@type\":\"BreadcrumbList\",\"@id\":\"https:\\\/\\\/bogensportdiscount.ch\\\/produkt\\\/pine-ridge-compound-bogenstand-kwik-stand-tri-pod-schwarz\\\/#breadcrumb\",\"itemListElement\":[{\"@type\":\"ListItem\",\"position\":1,\"name\":\"Home\",\"item\":\"https:\\\/\\\/bogensportdiscount.ch\\\/\"},{\"@type\":\"ListItem\",\"position\":2,\"name\":\"Shop\",\"item\":\"https:\\\/\\\/bogensportdiscount.ch\\\/shop\\\/\"},{\"@type\":\"ListItem\",\"position\":3,\"name\":\"PINE RIDGE KWIK STAND TRI-POD COMPOUND BOWSTAND BLACK\"}]},{\"@type\":\"WebSite\",\"@id\":\"https:\\\/\\\/bogensportdiscount.ch\\\/#website\",\"url\":\"https:\\\/\\\/bogensportdiscount.ch\\\/\",\"name\":\"Bogensportdiscount\",\"description\":\"\",\"potentialAction\":[{\"@type\":\"SearchAction\",\"target\":{\"@type\":\"EntryPoint\",\"urlTemplate\":\"https:\\\/\\\/bogensportdiscount.ch\\\/?s={search_term_string}\"},\"query-input\":{\"@type\":\"PropertyValueSpecification\",\"valueRequired\":true,\"valueName\":\"search_term_string\"}}],\"inLanguage\":\"fr-FR\"}]}<\/script>\n<!-- \/ Yoast SEO plugin. -->","yoast_head_json":{"title":"PINE RIDGE KWIK STAND TRI-POD COMPOUNDBOGEN-ST\u00c4NDER SCHWARZ - Bogensportdiscount \u2013 B\u00f6gen, Pfeile, Targets &amp; Zubeh\u00f6r","description":"PINE RIDGE KWIK STAND TRI-POD COMPOUNDBOGEN-ST\u00c4NDER SCHWARZ g\u00fcnstig kaufen bei Bogensportdiscount \u2013 Top-Marken, schneller Versand aus der Schweiz.","robots":{"index":"index","follow":"follow","max-snippet":"max-snippet:-1","max-image-preview":"max-image-preview:large","max-video-preview":"max-video-preview:-1"},"canonical":"https:\/\/bogensportdiscount.ch\/fr\/produit\/pine-ridge-compound-bogenstand-kwik-stand-tri-pod-schwarz\/","og_locale":"fr_FR","og_type":"article","og_title":"PINE RIDGE KWIK STAND TRI-POD COMPOUNDBOGEN-ST\u00c4NDER SCHWARZ - Bogensportdiscount \u2013 B\u00f6gen, Pfeile, Targets &amp; Zubeh\u00f6r","og_description":"PINE RIDGE KWIK STAND TRI-POD COMPOUNDBOGEN-ST\u00c4NDER SCHWARZ g\u00fcnstig kaufen bei Bogensportdiscount \u2013 Top-Marken, schneller Versand aus der Schweiz.","og_url":"https:\/\/bogensportdiscount.ch\/fr\/produit\/pine-ridge-compound-bogenstand-kwik-stand-tri-pod-schwarz\/","og_site_name":"Bogensportdiscount \u2013 B\u00f6gen, Pfeile, Targets &amp; Zubeh\u00f6r","article_modified_time":"2026-05-14T05:13:55+00:00","og_image":[{"width":1280,"height":720,"url":"https:\/\/bogensportdiscount.ch\/wp-content\/uploads\/bsm-images\/A081485_1.png","type":"image\/png"}],"twitter_card":"summary_large_image","schema":{"@context":"https:\/\/schema.org","@graph":[{"@type":"WebPage","@id":"https:\/\/bogensportdiscount.ch\/produkt\/pine-ridge-compound-bogenstand-kwik-stand-tri-pod-schwarz\/","url":"https:\/\/bogensportdiscount.ch\/produkt\/pine-ridge-compound-bogenstand-kwik-stand-tri-pod-schwarz\/","name":"PINE RIDGE KWIK STAND TRI-POD COMPOUNDBOGEN-ST\u00c4NDER SCHWARZ - Bogensportdiscount \u2013 B\u00f6gen, Pfeile, Targets &amp; Zubeh\u00f6r","isPartOf":{"@id":"https:\/\/bogensportdiscount.ch\/#website"},"primaryImageOfPage":{"@id":"https:\/\/bogensportdiscount.ch\/produkt\/pine-ridge-compound-bogenstand-kwik-stand-tri-pod-schwarz\/#primaryimage"},"image":{"@id":"https:\/\/bogensportdiscount.ch\/produkt\/pine-ridge-compound-bogenstand-kwik-stand-tri-pod-schwarz\/#primaryimage"},"thumbnailUrl":"https:\/\/bogensportdiscount.ch\/wp-content\/uploads\/bsm-images\/A081485_1.png","datePublished":"2026-04-05T12:30:30+00:00","dateModified":"2026-05-14T05:13:55+00:00","description":"PINE RIDGE KWIK STAND TRI-POD COMPOUNDBOGEN-ST\u00c4NDER SCHWARZ g\u00fcnstig kaufen bei Bogensportdiscount \u2013 Top-Marken, schneller Versand aus der Schweiz.","breadcrumb":{"@id":"https:\/\/bogensportdiscount.ch\/produkt\/pine-ridge-compound-bogenstand-kwik-stand-tri-pod-schwarz\/#breadcrumb"},"inLanguage":"fr-FR","potentialAction":[{"@type":"ReadAction","target":["https:\/\/bogensportdiscount.ch\/produkt\/pine-ridge-compound-bogenstand-kwik-stand-tri-pod-schwarz\/"]}]},{"@type":"ImageObject","inLanguage":"fr-FR","@id":"https:\/\/bogensportdiscount.ch\/produkt\/pine-ridge-compound-bogenstand-kwik-stand-tri-pod-schwarz\/#primaryimage","url":"https:\/\/bogensportdiscount.ch\/wp-content\/uploads\/bsm-images\/A081485_1.png","contentUrl":"https:\/\/bogensportdiscount.ch\/wp-content\/uploads\/bsm-images\/A081485_1.png","width":1280,"height":720},{"@type":"BreadcrumbList","@id":"https:\/\/bogensportdiscount.ch\/produkt\/pine-ridge-compound-bogenstand-kwik-stand-tri-pod-schwarz\/#breadcrumb","itemListElement":[{"@type":"ListItem","position":1,"name":"Home","item":"https:\/\/bogensportdiscount.ch\/"},{"@type":"ListItem","position":2,"name":"Shop","item":"https:\/\/bogensportdiscount.ch\/shop\/"},{"@type":"ListItem","position":3,"name":"PINE RIDGE KWIK STAND TRI-POD COMPOUND BOWSTAND BLACK"}]},{"@type":"WebSite","@id":"https:\/\/bogensportdiscount.ch\/#website","url":"https:\/\/bogensportdiscount.ch\/","name":"Bogensportdiscount","description":"","potentialAction":[{"@type":"SearchAction","target":{"@type":"EntryPoint","urlTemplate":"https:\/\/bogensportdiscount.ch\/?s={search_term_string}"},"query-input":{"@type":"PropertyValueSpecification","valueRequired":true,"valueName":"search_term_string"}}],"inLanguage":"fr-FR"}]}},"_links":{"self":[{"href":"https:\/\/bogensportdiscount.ch\/fr\/wp-json\/wp\/v2\/product\/393632","targetHints":{"allow":["GET"]}}],"collection":[{"href":"https:\/\/bogensportdiscount.ch\/fr\/wp-json\/wp\/v2\/product"}],"about":[{"href":"https:\/\/bogensportdiscount.ch\/fr\/wp-json\/wp\/v2\/types\/product"}],"replies":[{"embeddable":true,"href":"https:\/\/bogensportdiscount.ch\/fr\/wp-json\/wp\/v2\/comments?post=393632"}],"wp:featuredmedia":[{"embeddable":true,"href":"https:\/\/bogensportdiscount.ch\/fr\/wp-json\/wp\/v2\/media\/524639"}],"wp:attachment":[{"href":"https:\/\/bogensportdiscount.ch\/fr\/wp-json\/wp\/v2\/media?parent=393632"}],"wp:term":[{"taxonomy":"product_brand","embeddable":true,"href":"https:\/\/bogensportdiscount.ch\/fr\/wp-json\/wp\/v2\/product_brand?post=393632"},{"taxonomy":"product_cat","embeddable":true,"href":"https:\/\/bogensportdiscount.ch\/fr\/wp-json\/wp\/v2\/product_cat?post=393632"},{"taxonomy":"product_tag","embeddable":true,"href":"https:\/\/bogensportdiscount.ch\/fr\/wp-json\/wp\/v2\/product_tag?post=393632"}],"curies":[{"name":"wp","href":"https:\/\/api.w.org\/{rel}","templated":true}]}}