{"id":393631,"date":"2026-04-05T14:30:30","date_gmt":"2026-04-05T12:30:30","guid":{"rendered":"https:\/\/bogensportdiscount.ch\/produkt\/victory-vxt-vap-id-4-2-glue-in-bullet-points-600-1200-120-140gr-12pk\/"},"modified":"2026-04-15T12:16:09","modified_gmt":"2026-04-15T10:16:09","slug":"victory-vxt-vap-id-4-2-einklebespitzen-bullet-600-1200-120-140gr-12er-pack","status":"publish","type":"product","link":"https:\/\/bogensportdiscount.ch\/fr\/produit\/victory-vxt-vap-id-4-2-einklebespitzen-bullet-600-1200-120-140gr-12er-pack\/","title":{"rendered":"VICTORY VXT\/VAP ID 4.2 GLUE EN POINTS BULLET 600-1200 120-140gr 12PK"},"content":{"rendered":"<p>Die VICTORY VXT\/VAP ID 4.2 Einklebespitzen im Bullet-Format sind speziell auf die VICTORY VXT- und VAP-Pfeilsch\u00e4fte mit einem Innendurchmesser von 4.2 mm abgestimmt. Die Bullet-Form sorgt f\u00fcr ein zuverl\u00e4ssiges Eindringverhalten und eine stabile Flugeigenschaft.<\/p>\n<p>Mit einem Gewichtsbereich von 120 bis 140 Grain decken diese Spitzen g\u00e4ngige Anforderungen im Feld- und 3D-Bogensport ab. Der Spine-Bereich von 600 bis 1200 macht sie kompatibel mit einer breiten Auswahl an Schaftst\u00e4rken.<\/p>\n<ul>\n<li>Passend f\u00fcr VICTORY VXT und VAP Sch\u00e4fte, ID 4.2 mm<\/li>\n<li>Bullet-Form f\u00fcr zuverl\u00e4ssige Penetration<\/li>\n<li>Gewichtsklassen 120\u2013140 Grain<\/li>\n<li>12 Spitzen pro Packung<\/li>\n<\/ul>","protected":false},"excerpt":{"rendered":"<p><strong>Marque :<\/strong> Victory<br \/><strong>Typ:<\/strong> Break-off<br \/><strong>ID:<\/strong> 4,2<br \/><strong>Gewicht:<\/strong> 120-140<br \/><strong>GTIN:<\/strong> 811870041648<\/p>","protected":false},"featured_media":453269,"comment_status":"open","ping_status":"closed","template":"","meta":[],"product_brand":[547],"product_cat":[4543],"product_tag":[3546],"class_list":{"0":"post-393631","1":"product","2":"type-product","3":"status-publish","4":"has-post-thumbnail","6":"product_brand-victory","7":"product_cat-einklebe-spitzen-pfeil-komponenten","8":"product_tag-neuheit","10":"first","11":"instock","12":"shipping-taxable","13":"purchasable","14":"product-type-simple"},"_links":{"self":[{"href":"https:\/\/bogensportdiscount.ch\/fr\/wp-json\/wp\/v2\/product\/393631","targetHints":{"allow":["GET"]}}],"collection":[{"href":"https:\/\/bogensportdiscount.ch\/fr\/wp-json\/wp\/v2\/product"}],"about":[{"href":"https:\/\/bogensportdiscount.ch\/fr\/wp-json\/wp\/v2\/types\/product"}],"replies":[{"embeddable":true,"href":"https:\/\/bogensportdiscount.ch\/fr\/wp-json\/wp\/v2\/comments?post=393631"}],"wp:featuredmedia":[{"embeddable":true,"href":"https:\/\/bogensportdiscount.ch\/fr\/wp-json\/wp\/v2\/media\/453269"}],"wp:attachment":[{"href":"https:\/\/bogensportdiscount.ch\/fr\/wp-json\/wp\/v2\/media?parent=393631"}],"wp:term":[{"taxonomy":"product_brand","embeddable":true,"href":"https:\/\/bogensportdiscount.ch\/fr\/wp-json\/wp\/v2\/product_brand?post=393631"},{"taxonomy":"product_cat","embeddable":true,"href":"https:\/\/bogensportdiscount.ch\/fr\/wp-json\/wp\/v2\/product_cat?post=393631"},{"taxonomy":"product_tag","embeddable":true,"href":"https:\/\/bogensportdiscount.ch\/fr\/wp-json\/wp\/v2\/product_tag?post=393631"}],"curies":[{"name":"wp","href":"https:\/\/api.w.org\/{rel}","templated":true}]}}