{"id":393612,"date":"2026-04-05T14:30:25","date_gmt":"2026-04-05T12:30:25","guid":{"rendered":"https:\/\/bogensportdiscount.ch\/produkt\/barnett-wildcat-crx-recurve-crossbow-set-280fps-195lbs-premium-red-dot-scope-grey\/"},"modified":"2026-05-14T07:13:55","modified_gmt":"2026-05-14T05:13:55","slug":"barnett-recurve-armbrust-wildcat-crx-set-280fps-195lbs-red-dot-visier-grau","status":"publish","type":"product","link":"https:\/\/bogensportdiscount.ch\/fr\/produit\/barnett-recurve-armbrust-wildcat-crx-set-280fps-195lbs-red-dot-visier-grau\/","title":{"rendered":"BARNETT WILDCAT CRX SET ARBAL\u00c8TE RECURVE 280fps 195LBS LUNETTE \u00c0 POINT ROUGE PREMIUM GRIS"},"content":{"rendered":"<p>La BARNETT Wildcat CRX est une arbal\u00e8te classique du segment entr\u00e9e et milieu de gamme, qui se distingue par sa puissance \u00e9lev\u00e9e de 195 lbs et une vitesse de tir pouvant atteindre 280 fps (env. 85 m\/s). Le kit est livr\u00e9 avec un viseur Premium Red-Dot et est ainsi imm\u00e9diatement pr\u00eat \u00e0 tirer.<\/p>\n<p>L'arbal\u00e8te est livr\u00e9e dans un ton gris discret et convient aux d\u00e9butants ainsi qu'aux tireurs de loisir recherchant un mod\u00e8le classique enti\u00e8rement \u00e9quip\u00e9.<\/p>\n<ul>\n<li>Puissance : 195 lbs<\/li>\n<li>Vitesse de fl\u00e8che : jusqu'\u00e0 280 fps<\/li>\n<li>Inclus viseur point rouge premium<\/li>\n<li>Construction arc classique, couleur gris<\/li>\n<\/ul>","protected":false},"excerpt":{"rendered":"<table>\n<tr>\n<th>Propri\u00e9t\u00e9<\/th>\n<th>Valeur<\/th>\n<\/tr>\n<tr>\n<td>Marque<\/td>\n<td>Barnett<\/td>\n<\/tr>\n<tr>\n<td>Couleur<\/td>\n<td>grey<\/td>\n<\/tr>\n<tr>\n<td>Zuggewicht (Lbs)<\/td>\n<td>195<\/td>\n<\/tr>\n<tr>\n<td>Geschwindigkeit (FPS)<\/td>\n<td>280<\/td>\n<\/tr>\n<tr>\n<td>Pays d'origine<\/td>\n<td>Chine<\/td>\n<\/tr>\n<tr>\n<td>GTIN<\/td>\n<td>042609782321<\/td>\n<\/tr>\n<\/table>","protected":false},"featured_media":522748,"comment_status":"open","ping_status":"closed","template":"","meta":[],"product_brand":[421],"product_cat":[4135,4161,4203],"product_tag":[3546],"class_list":{"0":"post-393612","1":"product","2":"type-product","3":"status-publish","4":"has-post-thumbnail","6":"product_brand-barnett","7":"product_cat-armbrust-zubehoer","8":"product_cat-armbueste","9":"product_cat-recurve-armbrueste","10":"product_tag-neuheit","11":"product_shipping_class-bsd-standard","13":"first","14":"instock","15":"shipping-taxable","16":"purchasable","17":"product-type-simple"},"yoast_head":"<!-- This site is optimized with the Yoast SEO plugin v27.6 - https:\/\/yoast.com\/product\/yoast-seo-wordpress\/ -->\n<title>BARNETT WILDCAT CRX RECURVE-ARMBRUST SET 280fps 195LBS PREMIUM ROT PUNKT ZIELFERNROHR GRAU - Bogensportdiscount \u2013 B\u00f6gen, Pfeile, Targets &amp; Zubeh\u00f6r<\/title>\n<meta name=\"description\" content=\"BARNETT WILDCAT CRX RECURVE-ARMBRUST SET 280fps 195LBS PREMIUM ROT PUNKT ZIELFERNROHR GRAU g\u00fcnstig kaufen bei Bogensportdiscount \u2013 Top-Marken, schneller Versand aus der Schweiz.\" \/>\n<meta name=\"robots\" content=\"index, follow, max-snippet:-1, max-image-preview:large, max-video-preview:-1\" \/>\n<link rel=\"canonical\" href=\"https:\/\/bogensportdiscount.ch\/fr\/produit\/barnett-recurve-armbrust-wildcat-crx-set-280fps-195lbs-red-dot-visier-grau\/\" \/>\n<meta property=\"og:locale\" content=\"fr_FR\" \/>\n<meta property=\"og:type\" content=\"article\" \/>\n<meta property=\"og:title\" content=\"BARNETT WILDCAT CRX RECURVE-ARMBRUST SET 280fps 195LBS PREMIUM ROT PUNKT ZIELFERNROHR GRAU - Bogensportdiscount \u2013 B\u00f6gen, Pfeile, Targets &amp; Zubeh\u00f6r\" \/>\n<meta property=\"og:description\" content=\"BARNETT WILDCAT CRX RECURVE-ARMBRUST SET 280fps 195LBS PREMIUM ROT PUNKT ZIELFERNROHR GRAU g\u00fcnstig kaufen bei Bogensportdiscount \u2013 Top-Marken, schneller Versand aus der Schweiz.\" \/>\n<meta property=\"og:url\" content=\"https:\/\/bogensportdiscount.ch\/fr\/produit\/barnett-recurve-armbrust-wildcat-crx-set-280fps-195lbs-red-dot-visier-grau\/\" \/>\n<meta property=\"og:site_name\" content=\"Bogensportdiscount \u2013 B\u00f6gen, Pfeile, Targets &amp; Zubeh\u00f6r\" \/>\n<meta property=\"article:modified_time\" content=\"2026-05-14T05:13:55+00:00\" \/>\n<meta property=\"og:image\" content=\"https:\/\/bogensportdiscount.ch\/wp-content\/uploads\/2026\/04\/a081141_1.png\" \/>\n\t<meta property=\"og:image:width\" content=\"400\" \/>\n\t<meta property=\"og:image:height\" content=\"273\" \/>\n\t<meta property=\"og:image:type\" content=\"image\/png\" \/>\n<meta name=\"twitter:card\" content=\"summary_large_image\" \/>\n<script type=\"application\/ld+json\" class=\"yoast-schema-graph\">{\"@context\":\"https:\\\/\\\/schema.org\",\"@graph\":[{\"@type\":\"WebPage\",\"@id\":\"https:\\\/\\\/bogensportdiscount.ch\\\/produkt\\\/barnett-recurve-armbrust-wildcat-crx-set-280fps-195lbs-red-dot-visier-grau\\\/\",\"url\":\"https:\\\/\\\/bogensportdiscount.ch\\\/produkt\\\/barnett-recurve-armbrust-wildcat-crx-set-280fps-195lbs-red-dot-visier-grau\\\/\",\"name\":\"BARNETT WILDCAT CRX RECURVE-ARMBRUST SET 280fps 195LBS PREMIUM ROT PUNKT ZIELFERNROHR GRAU - Bogensportdiscount \u2013 B\u00f6gen, Pfeile, Targets &amp; Zubeh\u00f6r\",\"isPartOf\":{\"@id\":\"https:\\\/\\\/bogensportdiscount.ch\\\/#website\"},\"primaryImageOfPage\":{\"@id\":\"https:\\\/\\\/bogensportdiscount.ch\\\/produkt\\\/barnett-recurve-armbrust-wildcat-crx-set-280fps-195lbs-red-dot-visier-grau\\\/#primaryimage\"},\"image\":{\"@id\":\"https:\\\/\\\/bogensportdiscount.ch\\\/produkt\\\/barnett-recurve-armbrust-wildcat-crx-set-280fps-195lbs-red-dot-visier-grau\\\/#primaryimage\"},\"thumbnailUrl\":\"https:\\\/\\\/bogensportdiscount.ch\\\/wp-content\\\/uploads\\\/2026\\\/04\\\/a081141_1.png\",\"datePublished\":\"2026-04-05T12:30:25+00:00\",\"dateModified\":\"2026-05-14T05:13:55+00:00\",\"description\":\"BARNETT WILDCAT CRX RECURVE-ARMBRUST SET 280fps 195LBS PREMIUM ROT PUNKT ZIELFERNROHR GRAU g\u00fcnstig kaufen bei Bogensportdiscount \u2013 Top-Marken, schneller Versand aus der Schweiz.\",\"breadcrumb\":{\"@id\":\"https:\\\/\\\/bogensportdiscount.ch\\\/produkt\\\/barnett-recurve-armbrust-wildcat-crx-set-280fps-195lbs-red-dot-visier-grau\\\/#breadcrumb\"},\"inLanguage\":\"fr-FR\",\"potentialAction\":[{\"@type\":\"ReadAction\",\"target\":[\"https:\\\/\\\/bogensportdiscount.ch\\\/produkt\\\/barnett-recurve-armbrust-wildcat-crx-set-280fps-195lbs-red-dot-visier-grau\\\/\"]}]},{\"@type\":\"ImageObject\",\"inLanguage\":\"fr-FR\",\"@id\":\"https:\\\/\\\/bogensportdiscount.ch\\\/produkt\\\/barnett-recurve-armbrust-wildcat-crx-set-280fps-195lbs-red-dot-visier-grau\\\/#primaryimage\",\"url\":\"https:\\\/\\\/bogensportdiscount.ch\\\/wp-content\\\/uploads\\\/2026\\\/04\\\/a081141_1.png\",\"contentUrl\":\"https:\\\/\\\/bogensportdiscount.ch\\\/wp-content\\\/uploads\\\/2026\\\/04\\\/a081141_1.png\",\"width\":400,\"height\":273},{\"@type\":\"BreadcrumbList\",\"@id\":\"https:\\\/\\\/bogensportdiscount.ch\\\/produkt\\\/barnett-recurve-armbrust-wildcat-crx-set-280fps-195lbs-red-dot-visier-grau\\\/#breadcrumb\",\"itemListElement\":[{\"@type\":\"ListItem\",\"position\":1,\"name\":\"Home\",\"item\":\"https:\\\/\\\/bogensportdiscount.ch\\\/\"},{\"@type\":\"ListItem\",\"position\":2,\"name\":\"Shop\",\"item\":\"https:\\\/\\\/bogensportdiscount.ch\\\/shop\\\/\"},{\"@type\":\"ListItem\",\"position\":3,\"name\":\"BARNETT WILDCAT CRX RECURVE CROSSBOW SET 280fps 195LBS PREMIUM RED DOT SCOPE GREY\"}]},{\"@type\":\"WebSite\",\"@id\":\"https:\\\/\\\/bogensportdiscount.ch\\\/#website\",\"url\":\"https:\\\/\\\/bogensportdiscount.ch\\\/\",\"name\":\"Bogensportdiscount\",\"description\":\"\",\"potentialAction\":[{\"@type\":\"SearchAction\",\"target\":{\"@type\":\"EntryPoint\",\"urlTemplate\":\"https:\\\/\\\/bogensportdiscount.ch\\\/?s={search_term_string}\"},\"query-input\":{\"@type\":\"PropertyValueSpecification\",\"valueRequired\":true,\"valueName\":\"search_term_string\"}}],\"inLanguage\":\"fr-FR\"}]}<\/script>\n<!-- \/ Yoast SEO plugin. -->","yoast_head_json":{"title":"BARNETT WILDCAT CRX RECURVE-ARMBRUST SET 280fps 195LBS PREMIUM ROT PUNKT ZIELFERNROHR GRAU - Bogensportdiscount \u2013 B\u00f6gen, Pfeile, Targets &amp; Zubeh\u00f6r","description":"BARNETT WILDCAT CRX RECURVE-ARMBRUST SET 280fps 195LBS PREMIUM ROT PUNKT ZIELFERNROHR GRAU g\u00fcnstig kaufen bei Bogensportdiscount \u2013 Top-Marken, schneller Versand aus der Schweiz.","robots":{"index":"index","follow":"follow","max-snippet":"max-snippet:-1","max-image-preview":"max-image-preview:large","max-video-preview":"max-video-preview:-1"},"canonical":"https:\/\/bogensportdiscount.ch\/fr\/produit\/barnett-recurve-armbrust-wildcat-crx-set-280fps-195lbs-red-dot-visier-grau\/","og_locale":"fr_FR","og_type":"article","og_title":"BARNETT WILDCAT CRX RECURVE-ARMBRUST SET 280fps 195LBS PREMIUM ROT PUNKT ZIELFERNROHR GRAU - Bogensportdiscount \u2013 B\u00f6gen, Pfeile, Targets &amp; Zubeh\u00f6r","og_description":"BARNETT WILDCAT CRX RECURVE-ARMBRUST SET 280fps 195LBS PREMIUM ROT PUNKT ZIELFERNROHR GRAU g\u00fcnstig kaufen bei Bogensportdiscount \u2013 Top-Marken, schneller Versand aus der Schweiz.","og_url":"https:\/\/bogensportdiscount.ch\/fr\/produit\/barnett-recurve-armbrust-wildcat-crx-set-280fps-195lbs-red-dot-visier-grau\/","og_site_name":"Bogensportdiscount \u2013 B\u00f6gen, Pfeile, Targets &amp; Zubeh\u00f6r","article_modified_time":"2026-05-14T05:13:55+00:00","og_image":[{"width":400,"height":273,"url":"https:\/\/bogensportdiscount.ch\/wp-content\/uploads\/2026\/04\/a081141_1.png","type":"image\/png"}],"twitter_card":"summary_large_image","schema":{"@context":"https:\/\/schema.org","@graph":[{"@type":"WebPage","@id":"https:\/\/bogensportdiscount.ch\/produkt\/barnett-recurve-armbrust-wildcat-crx-set-280fps-195lbs-red-dot-visier-grau\/","url":"https:\/\/bogensportdiscount.ch\/produkt\/barnett-recurve-armbrust-wildcat-crx-set-280fps-195lbs-red-dot-visier-grau\/","name":"BARNETT WILDCAT CRX RECURVE-ARMBRUST SET 280fps 195LBS PREMIUM ROT PUNKT ZIELFERNROHR GRAU - Bogensportdiscount \u2013 B\u00f6gen, Pfeile, Targets &amp; Zubeh\u00f6r","isPartOf":{"@id":"https:\/\/bogensportdiscount.ch\/#website"},"primaryImageOfPage":{"@id":"https:\/\/bogensportdiscount.ch\/produkt\/barnett-recurve-armbrust-wildcat-crx-set-280fps-195lbs-red-dot-visier-grau\/#primaryimage"},"image":{"@id":"https:\/\/bogensportdiscount.ch\/produkt\/barnett-recurve-armbrust-wildcat-crx-set-280fps-195lbs-red-dot-visier-grau\/#primaryimage"},"thumbnailUrl":"https:\/\/bogensportdiscount.ch\/wp-content\/uploads\/2026\/04\/a081141_1.png","datePublished":"2026-04-05T12:30:25+00:00","dateModified":"2026-05-14T05:13:55+00:00","description":"BARNETT WILDCAT CRX RECURVE-ARMBRUST SET 280fps 195LBS PREMIUM ROT PUNKT ZIELFERNROHR GRAU g\u00fcnstig kaufen bei Bogensportdiscount \u2013 Top-Marken, schneller Versand aus der Schweiz.","breadcrumb":{"@id":"https:\/\/bogensportdiscount.ch\/produkt\/barnett-recurve-armbrust-wildcat-crx-set-280fps-195lbs-red-dot-visier-grau\/#breadcrumb"},"inLanguage":"fr-FR","potentialAction":[{"@type":"ReadAction","target":["https:\/\/bogensportdiscount.ch\/produkt\/barnett-recurve-armbrust-wildcat-crx-set-280fps-195lbs-red-dot-visier-grau\/"]}]},{"@type":"ImageObject","inLanguage":"fr-FR","@id":"https:\/\/bogensportdiscount.ch\/produkt\/barnett-recurve-armbrust-wildcat-crx-set-280fps-195lbs-red-dot-visier-grau\/#primaryimage","url":"https:\/\/bogensportdiscount.ch\/wp-content\/uploads\/2026\/04\/a081141_1.png","contentUrl":"https:\/\/bogensportdiscount.ch\/wp-content\/uploads\/2026\/04\/a081141_1.png","width":400,"height":273},{"@type":"BreadcrumbList","@id":"https:\/\/bogensportdiscount.ch\/produkt\/barnett-recurve-armbrust-wildcat-crx-set-280fps-195lbs-red-dot-visier-grau\/#breadcrumb","itemListElement":[{"@type":"ListItem","position":1,"name":"Home","item":"https:\/\/bogensportdiscount.ch\/"},{"@type":"ListItem","position":2,"name":"Shop","item":"https:\/\/bogensportdiscount.ch\/shop\/"},{"@type":"ListItem","position":3,"name":"BARNETT WILDCAT CRX RECURVE CROSSBOW SET 280fps 195LBS PREMIUM RED DOT SCOPE GREY"}]},{"@type":"WebSite","@id":"https:\/\/bogensportdiscount.ch\/#website","url":"https:\/\/bogensportdiscount.ch\/","name":"Bogensportdiscount","description":"","potentialAction":[{"@type":"SearchAction","target":{"@type":"EntryPoint","urlTemplate":"https:\/\/bogensportdiscount.ch\/?s={search_term_string}"},"query-input":{"@type":"PropertyValueSpecification","valueRequired":true,"valueName":"search_term_string"}}],"inLanguage":"fr-FR"}]}},"_links":{"self":[{"href":"https:\/\/bogensportdiscount.ch\/fr\/wp-json\/wp\/v2\/product\/393612","targetHints":{"allow":["GET"]}}],"collection":[{"href":"https:\/\/bogensportdiscount.ch\/fr\/wp-json\/wp\/v2\/product"}],"about":[{"href":"https:\/\/bogensportdiscount.ch\/fr\/wp-json\/wp\/v2\/types\/product"}],"replies":[{"embeddable":true,"href":"https:\/\/bogensportdiscount.ch\/fr\/wp-json\/wp\/v2\/comments?post=393612"}],"wp:featuredmedia":[{"embeddable":true,"href":"https:\/\/bogensportdiscount.ch\/fr\/wp-json\/wp\/v2\/media\/522748"}],"wp:attachment":[{"href":"https:\/\/bogensportdiscount.ch\/fr\/wp-json\/wp\/v2\/media?parent=393612"}],"wp:term":[{"taxonomy":"product_brand","embeddable":true,"href":"https:\/\/bogensportdiscount.ch\/fr\/wp-json\/wp\/v2\/product_brand?post=393612"},{"taxonomy":"product_cat","embeddable":true,"href":"https:\/\/bogensportdiscount.ch\/fr\/wp-json\/wp\/v2\/product_cat?post=393612"},{"taxonomy":"product_tag","embeddable":true,"href":"https:\/\/bogensportdiscount.ch\/fr\/wp-json\/wp\/v2\/product_tag?post=393612"}],"curies":[{"name":"wp","href":"https:\/\/api.w.org\/{rel}","templated":true}]}}