{"id":393607,"date":"2026-04-05T14:30:24","date_gmt":"2026-04-05T12:30:24","guid":{"rendered":"https:\/\/bogensportdiscount.ch\/produkt\/topoint-ball-cap-tp40\/"},"modified":"2026-04-15T12:16:08","modified_gmt":"2026-04-15T10:16:08","slug":"topoint-baseball-cap-tp40","status":"publish","type":"product","link":"https:\/\/bogensportdiscount.ch\/fr\/produit\/topoint-baseball-cap-tp40\/","title":{"rendered":"TOPOINT BALL CAP TP40"},"content":{"rendered":"<p>Die TOPOINT Baseball Cap TP40 ist eine Kopfbedeckung im klassischen Baseball-Cap-Stil aus dem Hause TOPOINT. Sie eignet sich als praktische Erg\u00e4nzung zur Bogensport-Ausr\u00fcstung und als Merchandise-Artikel f\u00fcr Fans der Marke.<\/p>\n<p>Mit dem Modell TP40 bietet TOPOINT eine einfache und funktionale Kappe, die sich f\u00fcr den Einsatz beim Training wie auch im Alltag eignet.<\/p>\n<ul>\n<li>Klassisches Baseball-Cap-Design<\/li>\n<li>TOPOINT-Branding<\/li>\n<li>Geeignet f\u00fcr Training und Freizeit<\/li>\n<\/ul>","protected":false},"excerpt":{"rendered":"<p><strong>Marque :<\/strong> Topoint<br \/><strong>Farbe:<\/strong> Grau<br \/><strong>GTIN:<\/strong> 6426005212288<\/p>","protected":false},"featured_media":445205,"comment_status":"open","ping_status":"closed","template":"","meta":[],"product_brand":[436],"product_cat":[4273],"product_tag":[3546],"class_list":{"0":"post-393607","1":"product","2":"type-product","3":"status-publish","4":"has-post-thumbnail","6":"product_brand-topoint","7":"product_cat-baseball-caps-huete","8":"product_tag-neuheit","10":"first","11":"instock","12":"shipping-taxable","13":"purchasable","14":"product-type-simple"},"_links":{"self":[{"href":"https:\/\/bogensportdiscount.ch\/fr\/wp-json\/wp\/v2\/product\/393607","targetHints":{"allow":["GET"]}}],"collection":[{"href":"https:\/\/bogensportdiscount.ch\/fr\/wp-json\/wp\/v2\/product"}],"about":[{"href":"https:\/\/bogensportdiscount.ch\/fr\/wp-json\/wp\/v2\/types\/product"}],"replies":[{"embeddable":true,"href":"https:\/\/bogensportdiscount.ch\/fr\/wp-json\/wp\/v2\/comments?post=393607"}],"wp:featuredmedia":[{"embeddable":true,"href":"https:\/\/bogensportdiscount.ch\/fr\/wp-json\/wp\/v2\/media\/445205"}],"wp:attachment":[{"href":"https:\/\/bogensportdiscount.ch\/fr\/wp-json\/wp\/v2\/media?parent=393607"}],"wp:term":[{"taxonomy":"product_brand","embeddable":true,"href":"https:\/\/bogensportdiscount.ch\/fr\/wp-json\/wp\/v2\/product_brand?post=393607"},{"taxonomy":"product_cat","embeddable":true,"href":"https:\/\/bogensportdiscount.ch\/fr\/wp-json\/wp\/v2\/product_cat?post=393607"},{"taxonomy":"product_tag","embeddable":true,"href":"https:\/\/bogensportdiscount.ch\/fr\/wp-json\/wp\/v2\/product_tag?post=393607"}],"curies":[{"name":"wp","href":"https:\/\/api.w.org\/{rel}","templated":true}]}}