{"id":393569,"date":"2026-04-05T14:30:15","date_gmt":"2026-04-05T12:30:15","guid":{"rendered":"https:\/\/bogensportdiscount.ch\/produkt\/sanlida-dragon-10-3-pin-black-hunting-3d-sights\/"},"modified":"2026-04-23T14:56:57","modified_gmt":"2026-04-23T12:56:57","slug":"sanlida-compound-jagd-3d-visier-dragon-10-3-pin-schwarz","status":"publish","type":"product","link":"https:\/\/bogensportdiscount.ch\/fr\/produit\/sanlida-compound-jagd-3d-visier-dragon-10-3-pin-schwarz\/","title":{"rendered":"SANLIDA DRAGON 10 &#8211; 3 PIN SCHWARZ JAGD &#038; 3D VISIERE"},"content":{"rendered":"<p>Das SANLIDA Dragon 10 ist ein Compound-Jagd- und 3D-Visier mit 3-Pin-Konfiguration in schwarzer Ausf\u00fchrung. Es ist auf die Anforderungen von Jagd- und 3D-Bogensch\u00fctzen ausgerichtet, die mit mehreren Entfernungsmarkierungen arbeiten m\u00f6chten.<\/p>\n<p>Die Mehrpin-Einstellung erm\u00f6glicht die Vorkonfiguration verschiedener Distanzen, was einen schnellen Schuss ohne Nachjustierung erlaubt \u2014 ein Vorteil sowohl auf dem 3D-Parcours als auch in der Jagdsituation.<\/p>\n<ul>\n<li>Configuration \u00e0 3 pins pour diff\u00e9rentes distances<\/li>\n<li>Adapt\u00e9 \u00e0 la chasse et au tir 3D \u00e0 l'arc<\/li>\n<li>Version en noir<\/li>\n<li>Modell: Dragon 10<\/li>\n<\/ul>","protected":false},"excerpt":{"rendered":"<p><strong>Marque :<\/strong> Sanlida<br \/><strong>LH\/RH:<\/strong> RH<br \/><strong>Couleur:<\/strong> Noir<br \/><strong>Type :<\/strong> Extension mount<br \/><strong>Nombre de pins :<\/strong> 3<br \/><strong>GTIN:<\/strong> 6971804431298<\/p>","protected":false},"featured_media":524212,"comment_status":"open","ping_status":"closed","template":"","meta":[],"product_brand":[459],"product_cat":[4263],"product_tag":[3546],"class_list":{"0":"post-393569","1":"product","2":"type-product","3":"status-publish","4":"has-post-thumbnail","6":"product_brand-sanlida","7":"product_cat-jagd-und-3d-visiere","8":"product_tag-neuheit","9":"product_shipping_class-bsd-standard","11":"first","12":"instock","13":"shipping-taxable","14":"purchasable","15":"product-type-simple"},"yoast_head":"<!-- This site is optimized with the Yoast SEO plugin v27.4 - https:\/\/yoast.com\/product\/yoast-seo-wordpress\/ -->\n<title>SANLIDA DRAGON 10 - Viseurs \u00e0 3 points noirs pour la chasse et le tir 3D - Bogensportdiscount \u2013 Arcs, fl\u00e8ches, cibles et accessoires<\/title>\n<meta name=\"description\" content=\"SANLIDA DRAGON 10 - 3 broches, noir, vis\u00e9e de chasse et 3D : achetez-la \u00e0 prix avantageux chez Bogensportdiscount \u2013 Grandes marques, livraison rapide depuis la Suisse.\" \/>\n<meta name=\"robots\" content=\"index, follow, max-snippet:-1, max-image-preview:large, max-video-preview:-1\" \/>\n<link rel=\"canonical\" href=\"https:\/\/bogensportdiscount.ch\/fr\/produit\/sanlida-compound-jagd-3d-visier-dragon-10-3-pin-schwarz\/\" \/>\n<meta property=\"og:locale\" content=\"fr_FR\" \/>\n<meta property=\"og:type\" content=\"article\" \/>\n<meta property=\"og:title\" content=\"SANLIDA DRAGON 10 - VISEURS 3 PIN NOIRS POUR LA CHASSE ET LE 3D - Bogensportdiscount \u2013 Arcs, fl\u00e8ches, cibles et accessoires\" \/>\n<meta property=\"og:description\" content=\"SANLIDA DRAGON 10 - 3 broches, noir, vis\u00e9e de chasse et 3D : achetez-la \u00e0 prix avantageux chez Bogensportdiscount \u2013 Grandes marques, livraison rapide depuis la Suisse.\" \/>\n<meta property=\"og:url\" content=\"https:\/\/bogensportdiscount.ch\/fr\/produit\/sanlida-compound-jagd-3d-visier-dragon-10-3-pin-schwarz\/\" \/>\n<meta property=\"og:site_name\" content=\"Bogensportdiscount \u2013 B\u00f6gen, Pfeile, Targets &amp; Zubeh\u00f6r\" \/>\n<meta property=\"article:modified_time\" content=\"2026-04-23T12:56:57+00:00\" \/>\n<meta property=\"og:image\" content=\"https:\/\/bogensportdiscount.ch\/wp-content\/uploads\/bsm-images\/A080786_1.png\" \/>\n\t<meta property=\"og:image:width\" content=\"5042\" \/>\n\t<meta property=\"og:image:height\" content=\"1451\" \/>\n\t<meta property=\"og:image:type\" content=\"image\/png\" \/>\n<meta name=\"twitter:card\" content=\"summary_large_image\" \/>\n<script type=\"application\/ld+json\" class=\"yoast-schema-graph\">{\"@context\":\"https:\\\/\\\/schema.org\",\"@graph\":[{\"@type\":\"WebPage\",\"@id\":\"https:\\\/\\\/bogensportdiscount.ch\\\/produkt\\\/sanlida-compound-jagd-3d-visier-dragon-10-3-pin-schwarz\\\/\",\"url\":\"https:\\\/\\\/bogensportdiscount.ch\\\/produkt\\\/sanlida-compound-jagd-3d-visier-dragon-10-3-pin-schwarz\\\/\",\"name\":\"SANLIDA DRAGON 10 - 3 PIN SCHWARZ JAGD & 3D VISIERE - Bogensportdiscount \u2013 B\u00f6gen, Pfeile, Targets &amp; Zubeh\u00f6r\",\"isPartOf\":{\"@id\":\"https:\\\/\\\/bogensportdiscount.ch\\\/#website\"},\"primaryImageOfPage\":{\"@id\":\"https:\\\/\\\/bogensportdiscount.ch\\\/produkt\\\/sanlida-compound-jagd-3d-visier-dragon-10-3-pin-schwarz\\\/#primaryimage\"},\"image\":{\"@id\":\"https:\\\/\\\/bogensportdiscount.ch\\\/produkt\\\/sanlida-compound-jagd-3d-visier-dragon-10-3-pin-schwarz\\\/#primaryimage\"},\"thumbnailUrl\":\"https:\\\/\\\/bogensportdiscount.ch\\\/wp-content\\\/uploads\\\/bsm-images\\\/A080786_1.png\",\"datePublished\":\"2026-04-05T12:30:15+00:00\",\"dateModified\":\"2026-04-23T12:56:57+00:00\",\"description\":\"SANLIDA DRAGON 10 - 3 PIN SCHWARZ JAGD & 3D VISIERE g\u00fcnstig kaufen bei Bogensportdiscount \u2013 Top-Marken, schneller Versand aus der Schweiz.\",\"breadcrumb\":{\"@id\":\"https:\\\/\\\/bogensportdiscount.ch\\\/produkt\\\/sanlida-compound-jagd-3d-visier-dragon-10-3-pin-schwarz\\\/#breadcrumb\"},\"inLanguage\":\"fr-FR\",\"potentialAction\":[{\"@type\":\"ReadAction\",\"target\":[\"https:\\\/\\\/bogensportdiscount.ch\\\/produkt\\\/sanlida-compound-jagd-3d-visier-dragon-10-3-pin-schwarz\\\/\"]}]},{\"@type\":\"ImageObject\",\"inLanguage\":\"fr-FR\",\"@id\":\"https:\\\/\\\/bogensportdiscount.ch\\\/produkt\\\/sanlida-compound-jagd-3d-visier-dragon-10-3-pin-schwarz\\\/#primaryimage\",\"url\":\"https:\\\/\\\/bogensportdiscount.ch\\\/wp-content\\\/uploads\\\/bsm-images\\\/A080786_1.png\",\"contentUrl\":\"https:\\\/\\\/bogensportdiscount.ch\\\/wp-content\\\/uploads\\\/bsm-images\\\/A080786_1.png\",\"width\":5042,\"height\":1451},{\"@type\":\"BreadcrumbList\",\"@id\":\"https:\\\/\\\/bogensportdiscount.ch\\\/produkt\\\/sanlida-compound-jagd-3d-visier-dragon-10-3-pin-schwarz\\\/#breadcrumb\",\"itemListElement\":[{\"@type\":\"ListItem\",\"position\":1,\"name\":\"Home\",\"item\":\"https:\\\/\\\/bogensportdiscount.ch\\\/\"},{\"@type\":\"ListItem\",\"position\":2,\"name\":\"Shop\",\"item\":\"https:\\\/\\\/bogensportdiscount.ch\\\/shop\\\/\"},{\"@type\":\"ListItem\",\"position\":3,\"name\":\"SANLIDA DRAGON 10 &#8211; 3 PIN SCHWARZ JAGD &#038; 3D VISIERE\"}]},{\"@type\":\"WebSite\",\"@id\":\"https:\\\/\\\/bogensportdiscount.ch\\\/#website\",\"url\":\"https:\\\/\\\/bogensportdiscount.ch\\\/\",\"name\":\"Bogensportdiscount\",\"description\":\"\",\"potentialAction\":[{\"@type\":\"SearchAction\",\"target\":{\"@type\":\"EntryPoint\",\"urlTemplate\":\"https:\\\/\\\/bogensportdiscount.ch\\\/?s={search_term_string}\"},\"query-input\":{\"@type\":\"PropertyValueSpecification\",\"valueRequired\":true,\"valueName\":\"search_term_string\"}}],\"inLanguage\":\"fr-FR\"}]}<\/script>\n<!-- \/ Yoast SEO plugin. -->","yoast_head_json":{"title":"SANLIDA DRAGON 10 - Viseurs \u00e0 3 points noirs pour la chasse et le tir 3D - Bogensportdiscount \u2013 Arcs, fl\u00e8ches, cibles et accessoires","description":"SANLIDA DRAGON 10 - 3 broches, noir, vis\u00e9e de chasse et 3D : achetez-la \u00e0 prix avantageux chez Bogensportdiscount \u2013 Grandes marques, livraison rapide depuis la Suisse.","robots":{"index":"index","follow":"follow","max-snippet":"max-snippet:-1","max-image-preview":"max-image-preview:large","max-video-preview":"max-video-preview:-1"},"canonical":"https:\/\/bogensportdiscount.ch\/fr\/produit\/sanlida-compound-jagd-3d-visier-dragon-10-3-pin-schwarz\/","og_locale":"fr_FR","og_type":"article","og_title":"SANLIDA DRAGON 10 - VISEURS 3 PIN NOIRS POUR LA CHASSE ET LE 3D - Bogensportdiscount \u2013 Arcs, fl\u00e8ches, cibles et accessoires","og_description":"SANLIDA DRAGON 10 - 3 broches, noir, vis\u00e9e de chasse et 3D : achetez-la \u00e0 prix avantageux chez Bogensportdiscount \u2013 Grandes marques, livraison rapide depuis la Suisse.","og_url":"https:\/\/bogensportdiscount.ch\/fr\/produit\/sanlida-compound-jagd-3d-visier-dragon-10-3-pin-schwarz\/","og_site_name":"Bogensportdiscount \u2013 B\u00f6gen, Pfeile, Targets &amp; Zubeh\u00f6r","article_modified_time":"2026-04-23T12:56:57+00:00","og_image":[{"url":"https:\/\/bogensportdiscount.ch\/wp-content\/uploads\/bsm-images\/A080786_1.png","width":5042,"height":1451,"type":"image\/png"}],"twitter_card":"summary_large_image","schema":{"@context":"https:\/\/schema.org","@graph":[{"@type":"WebPage","@id":"https:\/\/bogensportdiscount.ch\/produkt\/sanlida-compound-jagd-3d-visier-dragon-10-3-pin-schwarz\/","url":"https:\/\/bogensportdiscount.ch\/produkt\/sanlida-compound-jagd-3d-visier-dragon-10-3-pin-schwarz\/","name":"SANLIDA DRAGON 10 - VISEURS 3 PIN NOIRS POUR LA CHASSE ET LE 3D - Bogensportdiscount \u2013 Arcs, fl\u00e8ches, cibles et accessoires","isPartOf":{"@id":"https:\/\/bogensportdiscount.ch\/#website"},"primaryImageOfPage":{"@id":"https:\/\/bogensportdiscount.ch\/produkt\/sanlida-compound-jagd-3d-visier-dragon-10-3-pin-schwarz\/#primaryimage"},"image":{"@id":"https:\/\/bogensportdiscount.ch\/produkt\/sanlida-compound-jagd-3d-visier-dragon-10-3-pin-schwarz\/#primaryimage"},"thumbnailUrl":"https:\/\/bogensportdiscount.ch\/wp-content\/uploads\/bsm-images\/A080786_1.png","datePublished":"2026-04-05T12:30:15+00:00","dateModified":"2026-04-23T12:56:57+00:00","description":"SANLIDA DRAGON 10 - 3 broches, noir, vis\u00e9e de chasse et 3D : achetez-la \u00e0 prix avantageux chez Bogensportdiscount \u2013 Grandes marques, livraison rapide depuis la Suisse.","breadcrumb":{"@id":"https:\/\/bogensportdiscount.ch\/produkt\/sanlida-compound-jagd-3d-visier-dragon-10-3-pin-schwarz\/#breadcrumb"},"inLanguage":"fr-FR","potentialAction":[{"@type":"ReadAction","target":["https:\/\/bogensportdiscount.ch\/produkt\/sanlida-compound-jagd-3d-visier-dragon-10-3-pin-schwarz\/"]}]},{"@type":"ImageObject","inLanguage":"fr-FR","@id":"https:\/\/bogensportdiscount.ch\/produkt\/sanlida-compound-jagd-3d-visier-dragon-10-3-pin-schwarz\/#primaryimage","url":"https:\/\/bogensportdiscount.ch\/wp-content\/uploads\/bsm-images\/A080786_1.png","contentUrl":"https:\/\/bogensportdiscount.ch\/wp-content\/uploads\/bsm-images\/A080786_1.png","width":5042,"height":1451},{"@type":"BreadcrumbList","@id":"https:\/\/bogensportdiscount.ch\/produkt\/sanlida-compound-jagd-3d-visier-dragon-10-3-pin-schwarz\/#breadcrumb","itemListElement":[{"@type":"ListItem","position":1,"name":"Home","item":"https:\/\/bogensportdiscount.ch\/"},{"@type":"ListItem","position":2,"name":"Shop","item":"https:\/\/bogensportdiscount.ch\/shop\/"},{"@type":"ListItem","position":3,"name":"SANLIDA DRAGON 10 &#8211; 3 PIN SCHWARZ JAGD &#038; 3D VISIERE"}]},{"@type":"WebSite","@id":"https:\/\/bogensportdiscount.ch\/#website","url":"https:\/\/bogensportdiscount.ch\/","name":"Bogensportdiscount","description":"","potentialAction":[{"@type":"SearchAction","target":{"@type":"EntryPoint","urlTemplate":"https:\/\/bogensportdiscount.ch\/?s={search_term_string}"},"query-input":{"@type":"PropertyValueSpecification","valueRequired":true,"valueName":"search_term_string"}}],"inLanguage":"fr-FR"}]}},"_links":{"self":[{"href":"https:\/\/bogensportdiscount.ch\/fr\/wp-json\/wp\/v2\/product\/393569","targetHints":{"allow":["GET"]}}],"collection":[{"href":"https:\/\/bogensportdiscount.ch\/fr\/wp-json\/wp\/v2\/product"}],"about":[{"href":"https:\/\/bogensportdiscount.ch\/fr\/wp-json\/wp\/v2\/types\/product"}],"replies":[{"embeddable":true,"href":"https:\/\/bogensportdiscount.ch\/fr\/wp-json\/wp\/v2\/comments?post=393569"}],"wp:featuredmedia":[{"embeddable":true,"href":"https:\/\/bogensportdiscount.ch\/fr\/wp-json\/wp\/v2\/media\/524212"}],"wp:attachment":[{"href":"https:\/\/bogensportdiscount.ch\/fr\/wp-json\/wp\/v2\/media?parent=393569"}],"wp:term":[{"taxonomy":"product_brand","embeddable":true,"href":"https:\/\/bogensportdiscount.ch\/fr\/wp-json\/wp\/v2\/product_brand?post=393569"},{"taxonomy":"product_cat","embeddable":true,"href":"https:\/\/bogensportdiscount.ch\/fr\/wp-json\/wp\/v2\/product_cat?post=393569"},{"taxonomy":"product_tag","embeddable":true,"href":"https:\/\/bogensportdiscount.ch\/fr\/wp-json\/wp\/v2\/product_tag?post=393569"}],"curies":[{"name":"wp","href":"https:\/\/api.w.org\/{rel}","templated":true}]}}