{"id":393566,"date":"2026-04-05T14:30:15","date_gmt":"2026-04-05T12:30:15","guid":{"rendered":"https:\/\/bogensportdiscount.ch\/produkt\/black-gold-guard-ring-w-level-1-3-4-purple\/"},"modified":"2026-04-20T12:49:05","modified_gmt":"2026-04-20T10:49:05","slug":"black-gold-schutzring-mit-libelle-1-34-lila","status":"publish","type":"product","link":"https:\/\/bogensportdiscount.ch\/fr\/produit\/black-gold-schutzring-mit-libelle-1-34-lila\/","title":{"rendered":"BLACK GOLD SCHUTZRING MIT LEVEL 1 3\/4&#8243; VIOLETT"},"content":{"rendered":"<p>Dieser Schutzring von Black Gold ist ein Ersatz- und Zubeh\u00f6rteil f\u00fcr Jagdvisiere. Er verf\u00fcgt \u00fcber eine integrierte Libelle, die dem Sch\u00fctzen eine pr\u00e4zise horizontale Ausrichtung des Visiers erm\u00f6glicht.<\/p>\n<p>Mit einem Durchmesser von 1 3\/4&#8243; ist der Ring f\u00fcr entsprechende Black Gold Visierk\u00f6rper ausgelegt. Die Ausf\u00fchrung in Lila erm\u00f6glicht eine einfache Unterscheidung zwischen verschiedenen Ringen mit unterschiedlichen Spezifikationen.<\/p>\n<ul>\n<li>Integrierte Libelle zur Nivellierung<\/li>\n<li>Diam\u00e8tre : 1 3\/4&#8243;<\/li>\n<li>Couleur : Violet<\/li>\n<li>F\u00fcr kompatible Black Gold Jagdvisiere<\/li>\n<\/ul>","protected":false},"excerpt":{"rendered":"<p><strong>Marque :<\/strong> Black Gold<br \/><strong>GTIN:<\/strong> 760823007043<\/p>","protected":false},"featured_media":524210,"comment_status":"open","ping_status":"closed","template":"","meta":[],"product_brand":[513],"product_cat":[4134],"product_tag":[3546],"class_list":{"0":"post-393566","1":"product","2":"type-product","3":"status-publish","4":"has-post-thumbnail","6":"product_brand-blackgold","7":"product_cat-einzelteile-fur-jagd-und-3d","8":"product_tag-neuheit","9":"product_shipping_class-bsd-standard","11":"first","12":"instock","13":"shipping-taxable","14":"purchasable","15":"product-type-simple"},"yoast_head":"<!-- This site is optimized with the Yoast SEO plugin v27.4 - https:\/\/yoast.com\/product\/yoast-seo-wordpress\/ -->\n<title>ANNEAU DE PROTECTION BLACK GOLD AVEC NIVEAU 1 3\/4&quot; VIOLET - Bogensportdiscount \u2013 Arcs, fl\u00e8ches, cibles et accessoires<\/title>\n<meta name=\"description\" content=\"Bague de protection BLACK GOLD avec niveau 1 3\/4&quot; violette \u00e0 prix avantageux chez Bogensportdiscount \u2013 Grandes marques, livraison rapide depuis la Suisse.\" \/>\n<meta name=\"robots\" content=\"index, follow, max-snippet:-1, max-image-preview:large, max-video-preview:-1\" \/>\n<link rel=\"canonical\" href=\"https:\/\/bogensportdiscount.ch\/fr\/produit\/black-gold-schutzring-mit-libelle-1-34-lila\/\" \/>\n<meta property=\"og:locale\" content=\"fr_FR\" \/>\n<meta property=\"og:type\" content=\"article\" \/>\n<meta property=\"og:title\" content=\"ANNEAU DE PROTECTION BLACK GOLD AVEC NIVEAU 1 3\/4&quot; VIOLET - Bogensportdiscount \u2013 Arcs, fl\u00e8ches, cibles et accessoires\" \/>\n<meta property=\"og:description\" content=\"Bague de protection BLACK GOLD avec niveau 1 3\/4&quot; violette \u00e0 prix avantageux chez Bogensportdiscount \u2013 Grandes marques, livraison rapide depuis la Suisse.\" \/>\n<meta property=\"og:url\" content=\"https:\/\/bogensportdiscount.ch\/fr\/produit\/black-gold-schutzring-mit-libelle-1-34-lila\/\" \/>\n<meta property=\"og:site_name\" content=\"Bogensportdiscount \u2013 B\u00f6gen, Pfeile, Targets &amp; Zubeh\u00f6r\" \/>\n<meta property=\"article:modified_time\" content=\"2026-04-20T10:49:05+00:00\" \/>\n<meta property=\"og:image\" content=\"https:\/\/bogensportdiscount.ch\/wp-content\/uploads\/bsm-images\/A080768_1.png\" \/>\n\t<meta property=\"og:image:width\" content=\"2197\" \/>\n\t<meta property=\"og:image:height\" content=\"4053\" \/>\n\t<meta property=\"og:image:type\" content=\"image\/png\" \/>\n<meta name=\"twitter:card\" content=\"summary_large_image\" \/>\n<script type=\"application\/ld+json\" class=\"yoast-schema-graph\">{\"@context\":\"https:\\\/\\\/schema.org\",\"@graph\":[{\"@type\":\"WebPage\",\"@id\":\"https:\\\/\\\/bogensportdiscount.ch\\\/produkt\\\/black-gold-schutzring-mit-libelle-1-34-lila\\\/\",\"url\":\"https:\\\/\\\/bogensportdiscount.ch\\\/produkt\\\/black-gold-schutzring-mit-libelle-1-34-lila\\\/\",\"name\":\"BLACK GOLD SCHUTZRING MIT LEVEL 1 3\\\/4\\\" VIOLETT - Bogensportdiscount \u2013 B\u00f6gen, Pfeile, Targets &amp; Zubeh\u00f6r\",\"isPartOf\":{\"@id\":\"https:\\\/\\\/bogensportdiscount.ch\\\/#website\"},\"primaryImageOfPage\":{\"@id\":\"https:\\\/\\\/bogensportdiscount.ch\\\/produkt\\\/black-gold-schutzring-mit-libelle-1-34-lila\\\/#primaryimage\"},\"image\":{\"@id\":\"https:\\\/\\\/bogensportdiscount.ch\\\/produkt\\\/black-gold-schutzring-mit-libelle-1-34-lila\\\/#primaryimage\"},\"thumbnailUrl\":\"https:\\\/\\\/bogensportdiscount.ch\\\/wp-content\\\/uploads\\\/bsm-images\\\/A080768_1.png\",\"datePublished\":\"2026-04-05T12:30:15+00:00\",\"dateModified\":\"2026-04-20T10:49:05+00:00\",\"description\":\"BLACK GOLD SCHUTZRING MIT LEVEL 1 3\\\/4\\\" VIOLETT g\u00fcnstig kaufen bei Bogensportdiscount \u2013 Top-Marken, schneller Versand aus der Schweiz.\",\"breadcrumb\":{\"@id\":\"https:\\\/\\\/bogensportdiscount.ch\\\/produkt\\\/black-gold-schutzring-mit-libelle-1-34-lila\\\/#breadcrumb\"},\"inLanguage\":\"fr-FR\",\"potentialAction\":[{\"@type\":\"ReadAction\",\"target\":[\"https:\\\/\\\/bogensportdiscount.ch\\\/produkt\\\/black-gold-schutzring-mit-libelle-1-34-lila\\\/\"]}]},{\"@type\":\"ImageObject\",\"inLanguage\":\"fr-FR\",\"@id\":\"https:\\\/\\\/bogensportdiscount.ch\\\/produkt\\\/black-gold-schutzring-mit-libelle-1-34-lila\\\/#primaryimage\",\"url\":\"https:\\\/\\\/bogensportdiscount.ch\\\/wp-content\\\/uploads\\\/bsm-images\\\/A080768_1.png\",\"contentUrl\":\"https:\\\/\\\/bogensportdiscount.ch\\\/wp-content\\\/uploads\\\/bsm-images\\\/A080768_1.png\",\"width\":2197,\"height\":4053},{\"@type\":\"BreadcrumbList\",\"@id\":\"https:\\\/\\\/bogensportdiscount.ch\\\/produkt\\\/black-gold-schutzring-mit-libelle-1-34-lila\\\/#breadcrumb\",\"itemListElement\":[{\"@type\":\"ListItem\",\"position\":1,\"name\":\"Home\",\"item\":\"https:\\\/\\\/bogensportdiscount.ch\\\/\"},{\"@type\":\"ListItem\",\"position\":2,\"name\":\"Shop\",\"item\":\"https:\\\/\\\/bogensportdiscount.ch\\\/shop\\\/\"},{\"@type\":\"ListItem\",\"position\":3,\"name\":\"BLACK GOLD SCHUTZRING MIT LEVEL 1 3\\\/4&#8243; VIOLETT\"}]},{\"@type\":\"WebSite\",\"@id\":\"https:\\\/\\\/bogensportdiscount.ch\\\/#website\",\"url\":\"https:\\\/\\\/bogensportdiscount.ch\\\/\",\"name\":\"Bogensportdiscount\",\"description\":\"\",\"potentialAction\":[{\"@type\":\"SearchAction\",\"target\":{\"@type\":\"EntryPoint\",\"urlTemplate\":\"https:\\\/\\\/bogensportdiscount.ch\\\/?s={search_term_string}\"},\"query-input\":{\"@type\":\"PropertyValueSpecification\",\"valueRequired\":true,\"valueName\":\"search_term_string\"}}],\"inLanguage\":\"fr-FR\"}]}<\/script>\n<!-- \/ Yoast SEO plugin. -->","yoast_head_json":{"title":"ANNEAU DE PROTECTION BLACK GOLD AVEC NIVEAU 1 3\/4&quot; VIOLET - Bogensportdiscount \u2013 Arcs, fl\u00e8ches, cibles et accessoires","description":"Bague de protection BLACK GOLD avec niveau 1 3\/4&quot; violette \u00e0 prix avantageux chez Bogensportdiscount \u2013 Grandes marques, livraison rapide depuis la Suisse.","robots":{"index":"index","follow":"follow","max-snippet":"max-snippet:-1","max-image-preview":"max-image-preview:large","max-video-preview":"max-video-preview:-1"},"canonical":"https:\/\/bogensportdiscount.ch\/fr\/produit\/black-gold-schutzring-mit-libelle-1-34-lila\/","og_locale":"fr_FR","og_type":"article","og_title":"ANNEAU DE PROTECTION BLACK GOLD AVEC NIVEAU 1 3\/4&quot; VIOLET - Bogensportdiscount \u2013 Arcs, fl\u00e8ches, cibles et accessoires","og_description":"Bague de protection BLACK GOLD avec niveau 1 3\/4&quot; violette \u00e0 prix avantageux chez Bogensportdiscount \u2013 Grandes marques, livraison rapide depuis la Suisse.","og_url":"https:\/\/bogensportdiscount.ch\/fr\/produit\/black-gold-schutzring-mit-libelle-1-34-lila\/","og_site_name":"Bogensportdiscount \u2013 B\u00f6gen, Pfeile, Targets &amp; Zubeh\u00f6r","article_modified_time":"2026-04-20T10:49:05+00:00","og_image":[{"url":"https:\/\/bogensportdiscount.ch\/wp-content\/uploads\/bsm-images\/A080768_1.png","width":2197,"height":4053,"type":"image\/png"}],"twitter_card":"summary_large_image","schema":{"@context":"https:\/\/schema.org","@graph":[{"@type":"WebPage","@id":"https:\/\/bogensportdiscount.ch\/produkt\/black-gold-schutzring-mit-libelle-1-34-lila\/","url":"https:\/\/bogensportdiscount.ch\/produkt\/black-gold-schutzring-mit-libelle-1-34-lila\/","name":"ANNEAU DE PROTECTION BLACK GOLD AVEC NIVEAU 1 3\/4&quot; VIOLET - Bogensportdiscount \u2013 Arcs, fl\u00e8ches, cibles et accessoires","isPartOf":{"@id":"https:\/\/bogensportdiscount.ch\/#website"},"primaryImageOfPage":{"@id":"https:\/\/bogensportdiscount.ch\/produkt\/black-gold-schutzring-mit-libelle-1-34-lila\/#primaryimage"},"image":{"@id":"https:\/\/bogensportdiscount.ch\/produkt\/black-gold-schutzring-mit-libelle-1-34-lila\/#primaryimage"},"thumbnailUrl":"https:\/\/bogensportdiscount.ch\/wp-content\/uploads\/bsm-images\/A080768_1.png","datePublished":"2026-04-05T12:30:15+00:00","dateModified":"2026-04-20T10:49:05+00:00","description":"Bague de protection BLACK GOLD avec niveau 1 3\/4&quot; violette \u00e0 prix avantageux chez Bogensportdiscount \u2013 Grandes marques, livraison rapide depuis la Suisse.","breadcrumb":{"@id":"https:\/\/bogensportdiscount.ch\/produkt\/black-gold-schutzring-mit-libelle-1-34-lila\/#breadcrumb"},"inLanguage":"fr-FR","potentialAction":[{"@type":"ReadAction","target":["https:\/\/bogensportdiscount.ch\/produkt\/black-gold-schutzring-mit-libelle-1-34-lila\/"]}]},{"@type":"ImageObject","inLanguage":"fr-FR","@id":"https:\/\/bogensportdiscount.ch\/produkt\/black-gold-schutzring-mit-libelle-1-34-lila\/#primaryimage","url":"https:\/\/bogensportdiscount.ch\/wp-content\/uploads\/bsm-images\/A080768_1.png","contentUrl":"https:\/\/bogensportdiscount.ch\/wp-content\/uploads\/bsm-images\/A080768_1.png","width":2197,"height":4053},{"@type":"BreadcrumbList","@id":"https:\/\/bogensportdiscount.ch\/produkt\/black-gold-schutzring-mit-libelle-1-34-lila\/#breadcrumb","itemListElement":[{"@type":"ListItem","position":1,"name":"Home","item":"https:\/\/bogensportdiscount.ch\/"},{"@type":"ListItem","position":2,"name":"Shop","item":"https:\/\/bogensportdiscount.ch\/shop\/"},{"@type":"ListItem","position":3,"name":"BLACK GOLD SCHUTZRING MIT LEVEL 1 3\/4&#8243; VIOLETT"}]},{"@type":"WebSite","@id":"https:\/\/bogensportdiscount.ch\/#website","url":"https:\/\/bogensportdiscount.ch\/","name":"Bogensportdiscount","description":"","potentialAction":[{"@type":"SearchAction","target":{"@type":"EntryPoint","urlTemplate":"https:\/\/bogensportdiscount.ch\/?s={search_term_string}"},"query-input":{"@type":"PropertyValueSpecification","valueRequired":true,"valueName":"search_term_string"}}],"inLanguage":"fr-FR"}]}},"_links":{"self":[{"href":"https:\/\/bogensportdiscount.ch\/fr\/wp-json\/wp\/v2\/product\/393566","targetHints":{"allow":["GET"]}}],"collection":[{"href":"https:\/\/bogensportdiscount.ch\/fr\/wp-json\/wp\/v2\/product"}],"about":[{"href":"https:\/\/bogensportdiscount.ch\/fr\/wp-json\/wp\/v2\/types\/product"}],"replies":[{"embeddable":true,"href":"https:\/\/bogensportdiscount.ch\/fr\/wp-json\/wp\/v2\/comments?post=393566"}],"wp:featuredmedia":[{"embeddable":true,"href":"https:\/\/bogensportdiscount.ch\/fr\/wp-json\/wp\/v2\/media\/524210"}],"wp:attachment":[{"href":"https:\/\/bogensportdiscount.ch\/fr\/wp-json\/wp\/v2\/media?parent=393566"}],"wp:term":[{"taxonomy":"product_brand","embeddable":true,"href":"https:\/\/bogensportdiscount.ch\/fr\/wp-json\/wp\/v2\/product_brand?post=393566"},{"taxonomy":"product_cat","embeddable":true,"href":"https:\/\/bogensportdiscount.ch\/fr\/wp-json\/wp\/v2\/product_cat?post=393566"},{"taxonomy":"product_tag","embeddable":true,"href":"https:\/\/bogensportdiscount.ch\/fr\/wp-json\/wp\/v2\/product_tag?post=393566"}],"curies":[{"name":"wp","href":"https:\/\/api.w.org\/{rel}","templated":true}]}}