{"id":393553,"date":"2026-04-05T14:30:11","date_gmt":"2026-04-05T12:30:11","guid":{"rendered":"https:\/\/bogensportdiscount.ch\/produkt\/gas-pro-release-pouch-blue-yellow\/"},"modified":"2026-05-14T07:13:54","modified_gmt":"2026-05-14T05:13:54","slug":"gaspro-release-guertteltasche-blau-gelb","status":"publish","type":"product","link":"https:\/\/bogensportdiscount.ch\/fr\/produit\/gaspro-release-guertteltasche-blau-gelb\/","title":{"rendered":"GAS PRO POCHETTE DE D\u00c9COCHEUR BLEU\/JAUNE"},"content":{"rendered":"<p>La pochette de ceinture pour d\u00e9cocheur GASPRO en bleu\/jaune est une pochette compacte pour ranger en toute s\u00e9curit\u00e9 les d\u00e9cocheurs \u00e0 la ceinture. Elle convient aux archers \u00e0 arc \u00e0 poulies qui souhaitent transporter leur d\u00e9cocheur \u00e0 port\u00e9e de main et prot\u00e9g\u00e9.<\/p>\n<p>La combinaison de couleurs voyante bleu\/jaune permet une identification rapide parmi l'\u00e9quipement. Le produit est fabriqu\u00e9 en Italie par Gas Pro, un fabricant reconnu dans le domaine des accessoires pour le sport de l'arc.<\/p>\n<ul>\n<li>Pochette de ceinture compacte pour d\u00e9cocheurs<\/li>\n<li>Combinaison de couleurs voyante bleu\/jaune<\/li>\n<li>Fixation \u00e0 la ceinture pour un acc\u00e8s rapide<\/li>\n<li>Fabriqu\u00e9 en Italie<\/li>\n<\/ul>","protected":false},"excerpt":{"rendered":"<table>\n<tr>\n<th>Propri\u00e9t\u00e9<\/th>\n<th>Valeur<\/th>\n<\/tr>\n<tr>\n<td>Marque<\/td>\n<td>Gas Pro<\/td>\n<\/tr>\n<tr>\n<td>Couleur<\/td>\n<td>Bleu\/Jaune<\/td>\n<\/tr>\n<tr>\n<td>Pays d'origine<\/td>\n<td>Italie<\/td>\n<\/tr>\n<tr>\n<td>GTIN<\/td>\n<td>8057711111022<\/td>\n<\/tr>\n<\/table>","protected":false},"featured_media":524643,"comment_status":"open","ping_status":"closed","template":"","meta":[],"product_brand":[452],"product_cat":[4124,4145,4269],"product_tag":[3546],"class_list":{"0":"post-393553","1":"product","2":"type-product","3":"status-publish","4":"has-post-thumbnail","6":"product_brand-gaspro","7":"product_cat-bogenschuetzer-ausruestung","8":"product_cat-koecher-guerteltasche","9":"product_cat-release-und-tab-guerteltasche","10":"product_tag-neuheit","11":"product_shipping_class-bsd-standard","13":"first","14":"instock","15":"shipping-taxable","16":"purchasable","17":"product-type-simple"},"yoast_head":"<!-- This site is optimized with the Yoast SEO plugin v27.6 - https:\/\/yoast.com\/product\/yoast-seo-wordpress\/ -->\n<title>GAS PRO RELEASE POUCH BLAU\/GELB - Bogensportdiscount \u2013 B\u00f6gen, Pfeile, Targets &amp; Zubeh\u00f6r<\/title>\n<meta name=\"description\" content=\"GAS PRO RELEASE POUCH BLAU\/GELB g\u00fcnstig kaufen bei Bogensportdiscount \u2013 Top-Marken, schneller Versand aus der Schweiz.\" \/>\n<meta name=\"robots\" content=\"index, follow, max-snippet:-1, max-image-preview:large, max-video-preview:-1\" \/>\n<link rel=\"canonical\" href=\"https:\/\/bogensportdiscount.ch\/fr\/produit\/gaspro-release-guertteltasche-blau-gelb\/\" \/>\n<meta property=\"og:locale\" content=\"fr_FR\" \/>\n<meta property=\"og:type\" content=\"article\" \/>\n<meta property=\"og:title\" content=\"GAS PRO RELEASE POUCH BLAU\/GELB - Bogensportdiscount \u2013 B\u00f6gen, Pfeile, Targets &amp; Zubeh\u00f6r\" \/>\n<meta property=\"og:description\" content=\"GAS PRO RELEASE POUCH BLAU\/GELB g\u00fcnstig kaufen bei Bogensportdiscount \u2013 Top-Marken, schneller Versand aus der Schweiz.\" \/>\n<meta property=\"og:url\" content=\"https:\/\/bogensportdiscount.ch\/fr\/produit\/gaspro-release-guertteltasche-blau-gelb\/\" \/>\n<meta property=\"og:site_name\" content=\"Bogensportdiscount \u2013 B\u00f6gen, Pfeile, Targets &amp; Zubeh\u00f6r\" \/>\n<meta property=\"article:modified_time\" content=\"2026-05-14T05:13:54+00:00\" \/>\n<meta property=\"og:image\" content=\"https:\/\/bogensportdiscount.ch\/wp-content\/uploads\/bsm-images\/A080585_1.png\" \/>\n\t<meta property=\"og:image:width\" content=\"3118\" \/>\n\t<meta property=\"og:image:height\" content=\"2828\" \/>\n\t<meta property=\"og:image:type\" content=\"image\/png\" \/>\n<meta name=\"twitter:card\" content=\"summary_large_image\" \/>\n<script type=\"application\/ld+json\" class=\"yoast-schema-graph\">{\"@context\":\"https:\\\/\\\/schema.org\",\"@graph\":[{\"@type\":\"WebPage\",\"@id\":\"https:\\\/\\\/bogensportdiscount.ch\\\/produkt\\\/gaspro-release-guertteltasche-blau-gelb\\\/\",\"url\":\"https:\\\/\\\/bogensportdiscount.ch\\\/produkt\\\/gaspro-release-guertteltasche-blau-gelb\\\/\",\"name\":\"GAS PRO RELEASE POUCH BLAU\\\/GELB - Bogensportdiscount \u2013 B\u00f6gen, Pfeile, Targets &amp; Zubeh\u00f6r\",\"isPartOf\":{\"@id\":\"https:\\\/\\\/bogensportdiscount.ch\\\/#website\"},\"primaryImageOfPage\":{\"@id\":\"https:\\\/\\\/bogensportdiscount.ch\\\/produkt\\\/gaspro-release-guertteltasche-blau-gelb\\\/#primaryimage\"},\"image\":{\"@id\":\"https:\\\/\\\/bogensportdiscount.ch\\\/produkt\\\/gaspro-release-guertteltasche-blau-gelb\\\/#primaryimage\"},\"thumbnailUrl\":\"https:\\\/\\\/bogensportdiscount.ch\\\/wp-content\\\/uploads\\\/bsm-images\\\/A080585_1.png\",\"datePublished\":\"2026-04-05T12:30:11+00:00\",\"dateModified\":\"2026-05-14T05:13:54+00:00\",\"description\":\"GAS PRO RELEASE POUCH BLAU\\\/GELB g\u00fcnstig kaufen bei Bogensportdiscount \u2013 Top-Marken, schneller Versand aus der Schweiz.\",\"breadcrumb\":{\"@id\":\"https:\\\/\\\/bogensportdiscount.ch\\\/produkt\\\/gaspro-release-guertteltasche-blau-gelb\\\/#breadcrumb\"},\"inLanguage\":\"fr-FR\",\"potentialAction\":[{\"@type\":\"ReadAction\",\"target\":[\"https:\\\/\\\/bogensportdiscount.ch\\\/produkt\\\/gaspro-release-guertteltasche-blau-gelb\\\/\"]}]},{\"@type\":\"ImageObject\",\"inLanguage\":\"fr-FR\",\"@id\":\"https:\\\/\\\/bogensportdiscount.ch\\\/produkt\\\/gaspro-release-guertteltasche-blau-gelb\\\/#primaryimage\",\"url\":\"https:\\\/\\\/bogensportdiscount.ch\\\/wp-content\\\/uploads\\\/bsm-images\\\/A080585_1.png\",\"contentUrl\":\"https:\\\/\\\/bogensportdiscount.ch\\\/wp-content\\\/uploads\\\/bsm-images\\\/A080585_1.png\",\"width\":3118,\"height\":2828},{\"@type\":\"BreadcrumbList\",\"@id\":\"https:\\\/\\\/bogensportdiscount.ch\\\/produkt\\\/gaspro-release-guertteltasche-blau-gelb\\\/#breadcrumb\",\"itemListElement\":[{\"@type\":\"ListItem\",\"position\":1,\"name\":\"Home\",\"item\":\"https:\\\/\\\/bogensportdiscount.ch\\\/\"},{\"@type\":\"ListItem\",\"position\":2,\"name\":\"Shop\",\"item\":\"https:\\\/\\\/bogensportdiscount.ch\\\/shop\\\/\"},{\"@type\":\"ListItem\",\"position\":3,\"name\":\"GAS PRO RELEASE POUCH BLUE\\\/YELLOW\"}]},{\"@type\":\"WebSite\",\"@id\":\"https:\\\/\\\/bogensportdiscount.ch\\\/#website\",\"url\":\"https:\\\/\\\/bogensportdiscount.ch\\\/\",\"name\":\"Bogensportdiscount\",\"description\":\"\",\"potentialAction\":[{\"@type\":\"SearchAction\",\"target\":{\"@type\":\"EntryPoint\",\"urlTemplate\":\"https:\\\/\\\/bogensportdiscount.ch\\\/?s={search_term_string}\"},\"query-input\":{\"@type\":\"PropertyValueSpecification\",\"valueRequired\":true,\"valueName\":\"search_term_string\"}}],\"inLanguage\":\"fr-FR\"}]}<\/script>\n<!-- \/ Yoast SEO plugin. -->","yoast_head_json":{"title":"GAS PRO RELEASE POUCH BLAU\/GELB - Bogensportdiscount \u2013 B\u00f6gen, Pfeile, Targets &amp; Zubeh\u00f6r","description":"GAS PRO RELEASE POUCH BLAU\/GELB g\u00fcnstig kaufen bei Bogensportdiscount \u2013 Top-Marken, schneller Versand aus der Schweiz.","robots":{"index":"index","follow":"follow","max-snippet":"max-snippet:-1","max-image-preview":"max-image-preview:large","max-video-preview":"max-video-preview:-1"},"canonical":"https:\/\/bogensportdiscount.ch\/fr\/produit\/gaspro-release-guertteltasche-blau-gelb\/","og_locale":"fr_FR","og_type":"article","og_title":"GAS PRO RELEASE POUCH BLAU\/GELB - Bogensportdiscount \u2013 B\u00f6gen, Pfeile, Targets &amp; Zubeh\u00f6r","og_description":"GAS PRO RELEASE POUCH BLAU\/GELB g\u00fcnstig kaufen bei Bogensportdiscount \u2013 Top-Marken, schneller Versand aus der Schweiz.","og_url":"https:\/\/bogensportdiscount.ch\/fr\/produit\/gaspro-release-guertteltasche-blau-gelb\/","og_site_name":"Bogensportdiscount \u2013 B\u00f6gen, Pfeile, Targets &amp; Zubeh\u00f6r","article_modified_time":"2026-05-14T05:13:54+00:00","og_image":[{"url":"https:\/\/bogensportdiscount.ch\/wp-content\/uploads\/bsm-images\/A080585_1.png","width":3118,"height":2828,"type":"image\/png"}],"twitter_card":"summary_large_image","schema":{"@context":"https:\/\/schema.org","@graph":[{"@type":"WebPage","@id":"https:\/\/bogensportdiscount.ch\/produkt\/gaspro-release-guertteltasche-blau-gelb\/","url":"https:\/\/bogensportdiscount.ch\/produkt\/gaspro-release-guertteltasche-blau-gelb\/","name":"GAS PRO RELEASE POUCH BLAU\/GELB - Bogensportdiscount \u2013 B\u00f6gen, Pfeile, Targets &amp; Zubeh\u00f6r","isPartOf":{"@id":"https:\/\/bogensportdiscount.ch\/#website"},"primaryImageOfPage":{"@id":"https:\/\/bogensportdiscount.ch\/produkt\/gaspro-release-guertteltasche-blau-gelb\/#primaryimage"},"image":{"@id":"https:\/\/bogensportdiscount.ch\/produkt\/gaspro-release-guertteltasche-blau-gelb\/#primaryimage"},"thumbnailUrl":"https:\/\/bogensportdiscount.ch\/wp-content\/uploads\/bsm-images\/A080585_1.png","datePublished":"2026-04-05T12:30:11+00:00","dateModified":"2026-05-14T05:13:54+00:00","description":"GAS PRO RELEASE POUCH BLAU\/GELB g\u00fcnstig kaufen bei Bogensportdiscount \u2013 Top-Marken, schneller Versand aus der Schweiz.","breadcrumb":{"@id":"https:\/\/bogensportdiscount.ch\/produkt\/gaspro-release-guertteltasche-blau-gelb\/#breadcrumb"},"inLanguage":"fr-FR","potentialAction":[{"@type":"ReadAction","target":["https:\/\/bogensportdiscount.ch\/produkt\/gaspro-release-guertteltasche-blau-gelb\/"]}]},{"@type":"ImageObject","inLanguage":"fr-FR","@id":"https:\/\/bogensportdiscount.ch\/produkt\/gaspro-release-guertteltasche-blau-gelb\/#primaryimage","url":"https:\/\/bogensportdiscount.ch\/wp-content\/uploads\/bsm-images\/A080585_1.png","contentUrl":"https:\/\/bogensportdiscount.ch\/wp-content\/uploads\/bsm-images\/A080585_1.png","width":3118,"height":2828},{"@type":"BreadcrumbList","@id":"https:\/\/bogensportdiscount.ch\/produkt\/gaspro-release-guertteltasche-blau-gelb\/#breadcrumb","itemListElement":[{"@type":"ListItem","position":1,"name":"Home","item":"https:\/\/bogensportdiscount.ch\/"},{"@type":"ListItem","position":2,"name":"Shop","item":"https:\/\/bogensportdiscount.ch\/shop\/"},{"@type":"ListItem","position":3,"name":"GAS PRO RELEASE POUCH BLUE\/YELLOW"}]},{"@type":"WebSite","@id":"https:\/\/bogensportdiscount.ch\/#website","url":"https:\/\/bogensportdiscount.ch\/","name":"Bogensportdiscount","description":"","potentialAction":[{"@type":"SearchAction","target":{"@type":"EntryPoint","urlTemplate":"https:\/\/bogensportdiscount.ch\/?s={search_term_string}"},"query-input":{"@type":"PropertyValueSpecification","valueRequired":true,"valueName":"search_term_string"}}],"inLanguage":"fr-FR"}]}},"_links":{"self":[{"href":"https:\/\/bogensportdiscount.ch\/fr\/wp-json\/wp\/v2\/product\/393553","targetHints":{"allow":["GET"]}}],"collection":[{"href":"https:\/\/bogensportdiscount.ch\/fr\/wp-json\/wp\/v2\/product"}],"about":[{"href":"https:\/\/bogensportdiscount.ch\/fr\/wp-json\/wp\/v2\/types\/product"}],"replies":[{"embeddable":true,"href":"https:\/\/bogensportdiscount.ch\/fr\/wp-json\/wp\/v2\/comments?post=393553"}],"wp:featuredmedia":[{"embeddable":true,"href":"https:\/\/bogensportdiscount.ch\/fr\/wp-json\/wp\/v2\/media\/524643"}],"wp:attachment":[{"href":"https:\/\/bogensportdiscount.ch\/fr\/wp-json\/wp\/v2\/media?parent=393553"}],"wp:term":[{"taxonomy":"product_brand","embeddable":true,"href":"https:\/\/bogensportdiscount.ch\/fr\/wp-json\/wp\/v2\/product_brand?post=393553"},{"taxonomy":"product_cat","embeddable":true,"href":"https:\/\/bogensportdiscount.ch\/fr\/wp-json\/wp\/v2\/product_cat?post=393553"},{"taxonomy":"product_tag","embeddable":true,"href":"https:\/\/bogensportdiscount.ch\/fr\/wp-json\/wp\/v2\/product_tag?post=393553"}],"curies":[{"name":"wp","href":"https:\/\/api.w.org\/{rel}","templated":true}]}}