{"id":393549,"date":"2026-04-05T14:30:10","date_gmt":"2026-04-05T12:30:10","guid":{"rendered":"https:\/\/bogensportdiscount.ch\/produkt\/hamskea-compound-arrow-rest-parts-die-stamped-felt-for-containment-launcher\/"},"modified":"2026-04-19T11:42:41","modified_gmt":"2026-04-19T09:42:41","slug":"hamskea-compound-pfeilauflage-ersatzteil-gestanzter-filz-containment-launcher","status":"publish","type":"product","link":"https:\/\/bogensportdiscount.ch\/fr\/produit\/hamskea-compound-pfeilauflage-ersatzteil-gestanzter-filz-containment-launcher\/","title":{"rendered":"HAMSKEA COMPOUND PFEILAUFLAGE TEILE DIE STAMPED FILZ FUER CONTAINMENT LAUNCHER"},"content":{"rendered":"<p>Cette pi\u00e8ce de rechange de HAMSKEA est un feutre d\u00e9coup\u00e9, sp\u00e9cialement con\u00e7u pour les supports de fl\u00e8ches du Containment Launcher. Le feutre sert d&#x27;\u00e9l\u00e9ment de protection et d&#x27;amortissement \u00e0 l&#x27;int\u00e9rieur du syst\u00e8me de lancement et garantit que la fl\u00e8che repose de mani\u00e8re s\u00fbre et stable dans le support.<\/p>\n<p>En tant que pi\u00e8ce de rechange d&#x27;origine HAMSKEA, ce feutre est parfaitement adapt\u00e9 aux repose-fl\u00e8ches en composite compatibles. Il est recommand\u00e9 de le remplacer d\u00e8s qu&#x27;il pr\u00e9sente des signes d&#x27;usure, afin de garantir le bon fonctionnement du repose-fl\u00e8che.<\/p>\n<ul>\n<li>Feutre d\u00e9coup\u00e9 pour un ajustement parfait<\/li>\n<li>Prot\u00e8ge la fl\u00e8che et le support contre l&#x27;abrasion<\/li>\n<li>Compatible avec les syst\u00e8mes de lancement HAMSKEA Containment<\/li>\n<li>Remplacement facile en cas d'usure<\/li>\n<\/ul>","protected":false},"excerpt":{"rendered":"<p><strong>Marque :<\/strong> Hamskea<\/p>","protected":false},"featured_media":512631,"comment_status":"open","ping_status":"closed","template":"","meta":[],"product_brand":[465],"product_cat":[4130],"product_tag":[3546],"class_list":{"0":"post-393549","1":"product","2":"type-product","3":"status-publish","4":"has-post-thumbnail","6":"product_brand-hamskea","7":"product_cat-einzelteile-fuer-compound-pfeilauflage","8":"product_tag-neuheit","10":"first","11":"instock","12":"shipping-taxable","13":"purchasable","14":"product-type-simple"},"yoast_head":"<!-- This site is optimized with the Yoast SEO plugin v27.4 - https:\/\/yoast.com\/product\/yoast-seo-wordpress\/ -->\n<title>HAMSKEA COMPOUND PFEILAUFLAGE TEILE DIE STAMPED FILZ FUER CONTAINMENT LAUNCHER - Bogensportdiscount \u2013 B\u00f6gen, Pfeile, Targets &amp; Zubeh\u00f6r<\/title>\n<meta name=\"robots\" content=\"noindex, follow, max-snippet:-1, max-image-preview:large, max-video-preview:-1\" \/>\n<meta property=\"og:locale\" content=\"fr_FR\" \/>\n<meta property=\"og:type\" content=\"article\" \/>\n<meta property=\"og:title\" content=\"HAMSKEA COMPOUND PFEILAUFLAGE TEILE DIE STAMPED FILZ FUER CONTAINMENT LAUNCHER - Bogensportdiscount \u2013 B\u00f6gen, Pfeile, Targets &amp; Zubeh\u00f6r\" \/>\n<meta property=\"og:description\" content=\"Marke: Hamskea\" \/>\n<meta property=\"og:url\" content=\"https:\/\/bogensportdiscount.ch\/fr\/produit\/hamskea-compound-pfeilauflage-ersatzteil-gestanzter-filz-containment-launcher\/\" \/>\n<meta property=\"og:site_name\" content=\"Bogensportdiscount \u2013 B\u00f6gen, Pfeile, Targets &amp; Zubeh\u00f6r\" \/>\n<meta property=\"article:modified_time\" content=\"2026-04-19T09:42:41+00:00\" \/>\n<meta property=\"og:image\" content=\"https:\/\/bogensportdiscount.ch\/wp-content\/uploads\/bsm-images\/A079826_1.png\" \/>\n\t<meta property=\"og:image:width\" content=\"1609\" \/>\n\t<meta property=\"og:image:height\" content=\"876\" \/>\n\t<meta property=\"og:image:type\" content=\"image\/png\" \/>\n<meta name=\"twitter:card\" content=\"summary_large_image\" \/>\n<script type=\"application\/ld+json\" class=\"yoast-schema-graph\">{\"@context\":\"https:\\\/\\\/schema.org\",\"@graph\":[{\"@type\":\"WebPage\",\"@id\":\"https:\\\/\\\/bogensportdiscount.ch\\\/fr\\\/produit\\\/hamskea-compound-pfeilauflage-ersatzteil-gestanzter-filz-containment-launcher\\\/\",\"url\":\"https:\\\/\\\/bogensportdiscount.ch\\\/fr\\\/produit\\\/hamskea-compound-pfeilauflage-ersatzteil-gestanzter-filz-containment-launcher\\\/\",\"name\":\"HAMSKEA COMPOUND PFEILAUFLAGE TEILE DIE STAMPED FILZ FUER CONTAINMENT LAUNCHER - Bogensportdiscount \u2013 B\u00f6gen, Pfeile, Targets &amp; Zubeh\u00f6r\",\"isPartOf\":{\"@id\":\"https:\\\/\\\/bogensportdiscount.ch\\\/#website\"},\"primaryImageOfPage\":{\"@id\":\"https:\\\/\\\/bogensportdiscount.ch\\\/fr\\\/produit\\\/hamskea-compound-pfeilauflage-ersatzteil-gestanzter-filz-containment-launcher\\\/#primaryimage\"},\"image\":{\"@id\":\"https:\\\/\\\/bogensportdiscount.ch\\\/fr\\\/produit\\\/hamskea-compound-pfeilauflage-ersatzteil-gestanzter-filz-containment-launcher\\\/#primaryimage\"},\"thumbnailUrl\":\"https:\\\/\\\/bogensportdiscount.ch\\\/wp-content\\\/uploads\\\/bsm-images\\\/A079826_1.png\",\"datePublished\":\"2026-04-05T12:30:10+00:00\",\"dateModified\":\"2026-04-19T09:42:41+00:00\",\"breadcrumb\":{\"@id\":\"https:\\\/\\\/bogensportdiscount.ch\\\/fr\\\/produit\\\/hamskea-compound-pfeilauflage-ersatzteil-gestanzter-filz-containment-launcher\\\/#breadcrumb\"},\"inLanguage\":\"fr-FR\",\"potentialAction\":[{\"@type\":\"ReadAction\",\"target\":[\"https:\\\/\\\/bogensportdiscount.ch\\\/fr\\\/produit\\\/hamskea-compound-pfeilauflage-ersatzteil-gestanzter-filz-containment-launcher\\\/\"]}]},{\"@type\":\"ImageObject\",\"inLanguage\":\"fr-FR\",\"@id\":\"https:\\\/\\\/bogensportdiscount.ch\\\/fr\\\/produit\\\/hamskea-compound-pfeilauflage-ersatzteil-gestanzter-filz-containment-launcher\\\/#primaryimage\",\"url\":\"https:\\\/\\\/bogensportdiscount.ch\\\/wp-content\\\/uploads\\\/bsm-images\\\/A079826_1.png\",\"contentUrl\":\"https:\\\/\\\/bogensportdiscount.ch\\\/wp-content\\\/uploads\\\/bsm-images\\\/A079826_1.png\",\"width\":1609,\"height\":876},{\"@type\":\"BreadcrumbList\",\"@id\":\"https:\\\/\\\/bogensportdiscount.ch\\\/fr\\\/produit\\\/hamskea-compound-pfeilauflage-ersatzteil-gestanzter-filz-containment-launcher\\\/#breadcrumb\",\"itemListElement\":[{\"@type\":\"ListItem\",\"position\":1,\"name\":\"Home\",\"item\":\"https:\\\/\\\/bogensportdiscount.ch\\\/\"},{\"@type\":\"ListItem\",\"position\":2,\"name\":\"Shop\",\"item\":\"https:\\\/\\\/bogensportdiscount.ch\\\/shop\\\/\"},{\"@type\":\"ListItem\",\"position\":3,\"name\":\"HAMSKEA COMPOUND PFEILAUFLAGE TEILE DIE STAMPED FILZ FUER CONTAINMENT LAUNCHER\"}]},{\"@type\":\"WebSite\",\"@id\":\"https:\\\/\\\/bogensportdiscount.ch\\\/#website\",\"url\":\"https:\\\/\\\/bogensportdiscount.ch\\\/\",\"name\":\"Bogensportdiscount\",\"description\":\"\",\"potentialAction\":[{\"@type\":\"SearchAction\",\"target\":{\"@type\":\"EntryPoint\",\"urlTemplate\":\"https:\\\/\\\/bogensportdiscount.ch\\\/?s={search_term_string}\"},\"query-input\":{\"@type\":\"PropertyValueSpecification\",\"valueRequired\":true,\"valueName\":\"search_term_string\"}}],\"inLanguage\":\"fr-FR\"}]}<\/script>\n<!-- \/ Yoast SEO plugin. -->","yoast_head_json":{"title":"HAMSKEA COMPOUND PFEILAUFLAGE TEILE DIE STAMPED FILZ FUER CONTAINMENT LAUNCHER - Bogensportdiscount \u2013 B\u00f6gen, Pfeile, Targets &amp; Zubeh\u00f6r","robots":{"index":"noindex","follow":"follow","max-snippet":"max-snippet:-1","max-image-preview":"max-image-preview:large","max-video-preview":"max-video-preview:-1"},"og_locale":"fr_FR","og_type":"article","og_title":"HAMSKEA COMPOUND PFEILAUFLAGE TEILE DIE STAMPED FILZ FUER CONTAINMENT LAUNCHER - Bogensportdiscount \u2013 B\u00f6gen, Pfeile, Targets &amp; Zubeh\u00f6r","og_description":"Marke: Hamskea","og_url":"https:\/\/bogensportdiscount.ch\/fr\/produit\/hamskea-compound-pfeilauflage-ersatzteil-gestanzter-filz-containment-launcher\/","og_site_name":"Bogensportdiscount \u2013 B\u00f6gen, Pfeile, Targets &amp; Zubeh\u00f6r","article_modified_time":"2026-04-19T09:42:41+00:00","og_image":[{"width":1609,"height":876,"url":"https:\/\/bogensportdiscount.ch\/wp-content\/uploads\/bsm-images\/A079826_1.png","type":"image\/png"}],"twitter_card":"summary_large_image","schema":{"@context":"https:\/\/schema.org","@graph":[{"@type":"WebPage","@id":"https:\/\/bogensportdiscount.ch\/fr\/produit\/hamskea-compound-pfeilauflage-ersatzteil-gestanzter-filz-containment-launcher\/","url":"https:\/\/bogensportdiscount.ch\/fr\/produit\/hamskea-compound-pfeilauflage-ersatzteil-gestanzter-filz-containment-launcher\/","name":"HAMSKEA COMPOUND PFEILAUFLAGE TEILE DIE STAMPED FILZ FUER CONTAINMENT LAUNCHER - Bogensportdiscount \u2013 B\u00f6gen, Pfeile, Targets &amp; Zubeh\u00f6r","isPartOf":{"@id":"https:\/\/bogensportdiscount.ch\/#website"},"primaryImageOfPage":{"@id":"https:\/\/bogensportdiscount.ch\/fr\/produit\/hamskea-compound-pfeilauflage-ersatzteil-gestanzter-filz-containment-launcher\/#primaryimage"},"image":{"@id":"https:\/\/bogensportdiscount.ch\/fr\/produit\/hamskea-compound-pfeilauflage-ersatzteil-gestanzter-filz-containment-launcher\/#primaryimage"},"thumbnailUrl":"https:\/\/bogensportdiscount.ch\/wp-content\/uploads\/bsm-images\/A079826_1.png","datePublished":"2026-04-05T12:30:10+00:00","dateModified":"2026-04-19T09:42:41+00:00","breadcrumb":{"@id":"https:\/\/bogensportdiscount.ch\/fr\/produit\/hamskea-compound-pfeilauflage-ersatzteil-gestanzter-filz-containment-launcher\/#breadcrumb"},"inLanguage":"fr-FR","potentialAction":[{"@type":"ReadAction","target":["https:\/\/bogensportdiscount.ch\/fr\/produit\/hamskea-compound-pfeilauflage-ersatzteil-gestanzter-filz-containment-launcher\/"]}]},{"@type":"ImageObject","inLanguage":"fr-FR","@id":"https:\/\/bogensportdiscount.ch\/fr\/produit\/hamskea-compound-pfeilauflage-ersatzteil-gestanzter-filz-containment-launcher\/#primaryimage","url":"https:\/\/bogensportdiscount.ch\/wp-content\/uploads\/bsm-images\/A079826_1.png","contentUrl":"https:\/\/bogensportdiscount.ch\/wp-content\/uploads\/bsm-images\/A079826_1.png","width":1609,"height":876},{"@type":"BreadcrumbList","@id":"https:\/\/bogensportdiscount.ch\/fr\/produit\/hamskea-compound-pfeilauflage-ersatzteil-gestanzter-filz-containment-launcher\/#breadcrumb","itemListElement":[{"@type":"ListItem","position":1,"name":"Home","item":"https:\/\/bogensportdiscount.ch\/"},{"@type":"ListItem","position":2,"name":"Shop","item":"https:\/\/bogensportdiscount.ch\/shop\/"},{"@type":"ListItem","position":3,"name":"HAMSKEA COMPOUND PFEILAUFLAGE TEILE DIE STAMPED FILZ FUER CONTAINMENT LAUNCHER"}]},{"@type":"WebSite","@id":"https:\/\/bogensportdiscount.ch\/#website","url":"https:\/\/bogensportdiscount.ch\/","name":"Bogensportdiscount","description":"","potentialAction":[{"@type":"SearchAction","target":{"@type":"EntryPoint","urlTemplate":"https:\/\/bogensportdiscount.ch\/?s={search_term_string}"},"query-input":{"@type":"PropertyValueSpecification","valueRequired":true,"valueName":"search_term_string"}}],"inLanguage":"fr-FR"}]}},"_links":{"self":[{"href":"https:\/\/bogensportdiscount.ch\/fr\/wp-json\/wp\/v2\/product\/393549","targetHints":{"allow":["GET"]}}],"collection":[{"href":"https:\/\/bogensportdiscount.ch\/fr\/wp-json\/wp\/v2\/product"}],"about":[{"href":"https:\/\/bogensportdiscount.ch\/fr\/wp-json\/wp\/v2\/types\/product"}],"replies":[{"embeddable":true,"href":"https:\/\/bogensportdiscount.ch\/fr\/wp-json\/wp\/v2\/comments?post=393549"}],"wp:featuredmedia":[{"embeddable":true,"href":"https:\/\/bogensportdiscount.ch\/fr\/wp-json\/wp\/v2\/media\/512631"}],"wp:attachment":[{"href":"https:\/\/bogensportdiscount.ch\/fr\/wp-json\/wp\/v2\/media?parent=393549"}],"wp:term":[{"taxonomy":"product_brand","embeddable":true,"href":"https:\/\/bogensportdiscount.ch\/fr\/wp-json\/wp\/v2\/product_brand?post=393549"},{"taxonomy":"product_cat","embeddable":true,"href":"https:\/\/bogensportdiscount.ch\/fr\/wp-json\/wp\/v2\/product_cat?post=393549"},{"taxonomy":"product_tag","embeddable":true,"href":"https:\/\/bogensportdiscount.ch\/fr\/wp-json\/wp\/v2\/product_tag?post=393549"}],"curies":[{"name":"wp","href":"https:\/\/api.w.org\/{rel}","templated":true}]}}