{"id":393548,"date":"2026-04-05T14:30:10","date_gmt":"2026-04-05T12:30:10","guid":{"rendered":"https:\/\/bogensportdiscount.ch\/produkt\/excalibur-revx-crossbow-set-w-overwatch-scope-mossy-oak-dna\/"},"modified":"2026-04-20T12:49:04","modified_gmt":"2026-04-20T10:49:04","slug":"excalibur-recurve-armbrust-revx-set-overwatch-scope-mossy-oak-dna","status":"publish","type":"product","link":"https:\/\/bogensportdiscount.ch\/fr\/produit\/excalibur-recurve-armbrust-revx-set-overwatch-scope-mossy-oak-dna\/","title":{"rendered":"EXCALIBUR REVX ARMBRUST SET w\/ OVERWATCH ZIELFERNROHR MOSSY OAK DNA"},"content":{"rendered":"<p>Die EXCALIBUR Revx ist eine Recurve-Armbrust, die als vollst\u00e4ndiges Set angeboten wird. Im Lieferumfang enthalten ist der Overwatch Scope, sodass keine zus\u00e4tzliche Optik angeschafft werden muss. Das Tarnmuster Mossy Oak DNA macht das Set besonders f\u00fcr die Jagd geeignet.<\/p>\n<p>Excalibur ist bekannt f\u00fcr robuste Recurve-Armbr\u00fcste ohne Umlenkrollen, was die Wartung vereinfacht und die Zuverl\u00e4ssigkeit im Feldeinsatz erh\u00f6ht. Die Revx steht in dieser Tradition und richtet sich an Sch\u00fctzen, die Wert auf ein bew\u00e4hrtes, unkompliziertes System legen.<\/p>\n<ul>\n<li>Komplett-Set mit Overwatch Scope<\/li>\n<li>Recurve-System ohne Umlenkrollen \u2013 wartungsarm<\/li>\n<li>Tarnmuster Mossy Oak DNA \u2013 jagdtauglich<\/li>\n<li>Sofort einsatzbereit aus der Box<\/li>\n<\/ul>","protected":false},"excerpt":{"rendered":"<p><strong>Marque :<\/strong> Excalibur<br \/><strong>Couleur:<\/strong> Camo<br \/><strong>FPS:<\/strong> 400<br \/><strong>GTIN:<\/strong> 626192123220<\/p>","protected":false},"featured_media":520564,"comment_status":"open","ping_status":"closed","template":"","meta":[],"product_brand":[804],"product_cat":[4203],"product_tag":[3546],"class_list":{"0":"post-393548","1":"product","2":"type-product","3":"status-publish","4":"has-post-thumbnail","6":"product_brand-excalibur","7":"product_cat-recurve-armbrueste-armbueste","8":"product_tag-neuheit","10":"first","11":"instock","12":"shipping-taxable","13":"purchasable","14":"product-type-simple"},"yoast_head":"<!-- This site is optimized with the Yoast SEO plugin v27.4 - https:\/\/yoast.com\/product\/yoast-seo-wordpress\/ -->\n<title>EXCALIBUR REVX ARMBRUST SET w\/ OVERWATCH ZIELFERNROHR MOSSY OAK DNA - Bogensportdiscount \u2013 B\u00f6gen, Pfeile, Targets &amp; Zubeh\u00f6r<\/title>\n<meta name=\"robots\" content=\"noindex, follow, max-snippet:-1, max-image-preview:large, max-video-preview:-1\" \/>\n<meta property=\"og:locale\" content=\"fr_FR\" \/>\n<meta property=\"og:type\" content=\"article\" \/>\n<meta property=\"og:title\" content=\"EXCALIBUR REVX ARMBRUST SET w\/ OVERWATCH ZIELFERNROHR MOSSY OAK DNA - Bogensportdiscount \u2013 B\u00f6gen, Pfeile, Targets &amp; Zubeh\u00f6r\" \/>\n<meta property=\"og:description\" content=\"Marke: ExcaliburFarbe: CamoFPS: 400GTIN: 626192123220\" \/>\n<meta property=\"og:url\" content=\"https:\/\/bogensportdiscount.ch\/fr\/prodotto\/excalibur-recurve-armbrust-revx-set-overwatch-scope-mossy-oak-dna\/\" \/>\n<meta property=\"og:site_name\" content=\"Bogensportdiscount \u2013 B\u00f6gen, Pfeile, Targets &amp; Zubeh\u00f6r\" \/>\n<meta property=\"article:modified_time\" content=\"2026-04-20T10:49:04+00:00\" \/>\n<meta property=\"og:image\" content=\"https:\/\/bogensportdiscount.ch\/wp-content\/uploads\/bsm-images\/A079077_1.png\" \/>\n\t<meta property=\"og:image:width\" content=\"4822\" \/>\n\t<meta property=\"og:image:height\" content=\"2199\" \/>\n\t<meta property=\"og:image:type\" content=\"image\/png\" \/>\n<meta name=\"twitter:card\" content=\"summary_large_image\" \/>\n<meta name=\"twitter:label1\" content=\"Dur\u00e9e de lecture estim\u00e9e\" \/>\n\t<meta name=\"twitter:data1\" content=\"1 minute\" \/>\n<script type=\"application\/ld+json\" class=\"yoast-schema-graph\">{\"@context\":\"https:\\\/\\\/schema.org\",\"@graph\":[{\"@type\":\"WebPage\",\"@id\":\"https:\\\/\\\/bogensportdiscount.ch\\\/it\\\/prodotto\\\/excalibur-recurve-armbrust-revx-set-overwatch-scope-mossy-oak-dna\\\/\",\"url\":\"https:\\\/\\\/bogensportdiscount.ch\\\/it\\\/prodotto\\\/excalibur-recurve-armbrust-revx-set-overwatch-scope-mossy-oak-dna\\\/\",\"name\":\"EXCALIBUR REVX ARMBRUST SET w\\\/ OVERWATCH ZIELFERNROHR MOSSY OAK DNA - Bogensportdiscount \u2013 B\u00f6gen, Pfeile, Targets &amp; Zubeh\u00f6r\",\"isPartOf\":{\"@id\":\"https:\\\/\\\/bogensportdiscount.ch\\\/#website\"},\"primaryImageOfPage\":{\"@id\":\"https:\\\/\\\/bogensportdiscount.ch\\\/it\\\/prodotto\\\/excalibur-recurve-armbrust-revx-set-overwatch-scope-mossy-oak-dna\\\/#primaryimage\"},\"image\":{\"@id\":\"https:\\\/\\\/bogensportdiscount.ch\\\/it\\\/prodotto\\\/excalibur-recurve-armbrust-revx-set-overwatch-scope-mossy-oak-dna\\\/#primaryimage\"},\"thumbnailUrl\":\"https:\\\/\\\/bogensportdiscount.ch\\\/wp-content\\\/uploads\\\/bsm-images\\\/A079077_1.png\",\"datePublished\":\"2026-04-05T12:30:10+00:00\",\"dateModified\":\"2026-04-20T10:49:04+00:00\",\"breadcrumb\":{\"@id\":\"https:\\\/\\\/bogensportdiscount.ch\\\/it\\\/prodotto\\\/excalibur-recurve-armbrust-revx-set-overwatch-scope-mossy-oak-dna\\\/#breadcrumb\"},\"inLanguage\":\"fr-FR\",\"potentialAction\":[{\"@type\":\"ReadAction\",\"target\":[\"https:\\\/\\\/bogensportdiscount.ch\\\/it\\\/prodotto\\\/excalibur-recurve-armbrust-revx-set-overwatch-scope-mossy-oak-dna\\\/\"]}]},{\"@type\":\"ImageObject\",\"inLanguage\":\"fr-FR\",\"@id\":\"https:\\\/\\\/bogensportdiscount.ch\\\/it\\\/prodotto\\\/excalibur-recurve-armbrust-revx-set-overwatch-scope-mossy-oak-dna\\\/#primaryimage\",\"url\":\"https:\\\/\\\/bogensportdiscount.ch\\\/wp-content\\\/uploads\\\/bsm-images\\\/A079077_1.png\",\"contentUrl\":\"https:\\\/\\\/bogensportdiscount.ch\\\/wp-content\\\/uploads\\\/bsm-images\\\/A079077_1.png\",\"width\":4822,\"height\":2199},{\"@type\":\"BreadcrumbList\",\"@id\":\"https:\\\/\\\/bogensportdiscount.ch\\\/it\\\/prodotto\\\/excalibur-recurve-armbrust-revx-set-overwatch-scope-mossy-oak-dna\\\/#breadcrumb\",\"itemListElement\":[{\"@type\":\"ListItem\",\"position\":1,\"name\":\"Home\",\"item\":\"https:\\\/\\\/bogensportdiscount.ch\\\/\"},{\"@type\":\"ListItem\",\"position\":2,\"name\":\"Shop\",\"item\":\"https:\\\/\\\/bogensportdiscount.ch\\\/shop\\\/\"},{\"@type\":\"ListItem\",\"position\":3,\"name\":\"EXCALIBUR REVX ARMBRUST SET w\\\/ OVERWATCH ZIELFERNROHR MOSSY OAK DNA\"}]},{\"@type\":\"WebSite\",\"@id\":\"https:\\\/\\\/bogensportdiscount.ch\\\/#website\",\"url\":\"https:\\\/\\\/bogensportdiscount.ch\\\/\",\"name\":\"Bogensportdiscount\",\"description\":\"\",\"potentialAction\":[{\"@type\":\"SearchAction\",\"target\":{\"@type\":\"EntryPoint\",\"urlTemplate\":\"https:\\\/\\\/bogensportdiscount.ch\\\/?s={search_term_string}\"},\"query-input\":{\"@type\":\"PropertyValueSpecification\",\"valueRequired\":true,\"valueName\":\"search_term_string\"}}],\"inLanguage\":\"fr-FR\"}]}<\/script>\n<!-- \/ Yoast SEO plugin. -->","yoast_head_json":{"title":"EXCALIBUR REVX ARMBRUST SET w\/ OVERWATCH ZIELFERNROHR MOSSY OAK DNA - Bogensportdiscount \u2013 B\u00f6gen, Pfeile, Targets &amp; Zubeh\u00f6r","robots":{"index":"noindex","follow":"follow","max-snippet":"max-snippet:-1","max-image-preview":"max-image-preview:large","max-video-preview":"max-video-preview:-1"},"og_locale":"fr_FR","og_type":"article","og_title":"EXCALIBUR REVX ARMBRUST SET w\/ OVERWATCH ZIELFERNROHR MOSSY OAK DNA - Bogensportdiscount \u2013 B\u00f6gen, Pfeile, Targets &amp; Zubeh\u00f6r","og_description":"Marke: ExcaliburFarbe: CamoFPS: 400GTIN: 626192123220","og_url":"https:\/\/bogensportdiscount.ch\/fr\/prodotto\/excalibur-recurve-armbrust-revx-set-overwatch-scope-mossy-oak-dna\/","og_site_name":"Bogensportdiscount \u2013 B\u00f6gen, Pfeile, Targets &amp; Zubeh\u00f6r","article_modified_time":"2026-04-20T10:49:04+00:00","og_image":[{"url":"https:\/\/bogensportdiscount.ch\/wp-content\/uploads\/bsm-images\/A079077_1.png","width":4822,"height":2199,"type":"image\/png"}],"twitter_card":"summary_large_image","twitter_misc":{"Dur\u00e9e de lecture estim\u00e9e":"1 minute"},"schema":{"@context":"https:\/\/schema.org","@graph":[{"@type":"WebPage","@id":"https:\/\/bogensportdiscount.ch\/it\/prodotto\/excalibur-recurve-armbrust-revx-set-overwatch-scope-mossy-oak-dna\/","url":"https:\/\/bogensportdiscount.ch\/it\/prodotto\/excalibur-recurve-armbrust-revx-set-overwatch-scope-mossy-oak-dna\/","name":"EXCALIBUR REVX ARMBRUST SET w\/ OVERWATCH ZIELFERNROHR MOSSY OAK DNA - Bogensportdiscount \u2013 B\u00f6gen, Pfeile, Targets &amp; Zubeh\u00f6r","isPartOf":{"@id":"https:\/\/bogensportdiscount.ch\/#website"},"primaryImageOfPage":{"@id":"https:\/\/bogensportdiscount.ch\/it\/prodotto\/excalibur-recurve-armbrust-revx-set-overwatch-scope-mossy-oak-dna\/#primaryimage"},"image":{"@id":"https:\/\/bogensportdiscount.ch\/it\/prodotto\/excalibur-recurve-armbrust-revx-set-overwatch-scope-mossy-oak-dna\/#primaryimage"},"thumbnailUrl":"https:\/\/bogensportdiscount.ch\/wp-content\/uploads\/bsm-images\/A079077_1.png","datePublished":"2026-04-05T12:30:10+00:00","dateModified":"2026-04-20T10:49:04+00:00","breadcrumb":{"@id":"https:\/\/bogensportdiscount.ch\/it\/prodotto\/excalibur-recurve-armbrust-revx-set-overwatch-scope-mossy-oak-dna\/#breadcrumb"},"inLanguage":"fr-FR","potentialAction":[{"@type":"ReadAction","target":["https:\/\/bogensportdiscount.ch\/it\/prodotto\/excalibur-recurve-armbrust-revx-set-overwatch-scope-mossy-oak-dna\/"]}]},{"@type":"ImageObject","inLanguage":"fr-FR","@id":"https:\/\/bogensportdiscount.ch\/it\/prodotto\/excalibur-recurve-armbrust-revx-set-overwatch-scope-mossy-oak-dna\/#primaryimage","url":"https:\/\/bogensportdiscount.ch\/wp-content\/uploads\/bsm-images\/A079077_1.png","contentUrl":"https:\/\/bogensportdiscount.ch\/wp-content\/uploads\/bsm-images\/A079077_1.png","width":4822,"height":2199},{"@type":"BreadcrumbList","@id":"https:\/\/bogensportdiscount.ch\/it\/prodotto\/excalibur-recurve-armbrust-revx-set-overwatch-scope-mossy-oak-dna\/#breadcrumb","itemListElement":[{"@type":"ListItem","position":1,"name":"Home","item":"https:\/\/bogensportdiscount.ch\/"},{"@type":"ListItem","position":2,"name":"Shop","item":"https:\/\/bogensportdiscount.ch\/shop\/"},{"@type":"ListItem","position":3,"name":"EXCALIBUR REVX ARMBRUST SET w\/ OVERWATCH ZIELFERNROHR MOSSY OAK DNA"}]},{"@type":"WebSite","@id":"https:\/\/bogensportdiscount.ch\/#website","url":"https:\/\/bogensportdiscount.ch\/","name":"Bogensportdiscount","description":"","potentialAction":[{"@type":"SearchAction","target":{"@type":"EntryPoint","urlTemplate":"https:\/\/bogensportdiscount.ch\/?s={search_term_string}"},"query-input":{"@type":"PropertyValueSpecification","valueRequired":true,"valueName":"search_term_string"}}],"inLanguage":"fr-FR"}]}},"_links":{"self":[{"href":"https:\/\/bogensportdiscount.ch\/fr\/wp-json\/wp\/v2\/product\/393548","targetHints":{"allow":["GET"]}}],"collection":[{"href":"https:\/\/bogensportdiscount.ch\/fr\/wp-json\/wp\/v2\/product"}],"about":[{"href":"https:\/\/bogensportdiscount.ch\/fr\/wp-json\/wp\/v2\/types\/product"}],"replies":[{"embeddable":true,"href":"https:\/\/bogensportdiscount.ch\/fr\/wp-json\/wp\/v2\/comments?post=393548"}],"wp:featuredmedia":[{"embeddable":true,"href":"https:\/\/bogensportdiscount.ch\/fr\/wp-json\/wp\/v2\/media\/520564"}],"wp:attachment":[{"href":"https:\/\/bogensportdiscount.ch\/fr\/wp-json\/wp\/v2\/media?parent=393548"}],"wp:term":[{"taxonomy":"product_brand","embeddable":true,"href":"https:\/\/bogensportdiscount.ch\/fr\/wp-json\/wp\/v2\/product_brand?post=393548"},{"taxonomy":"product_cat","embeddable":true,"href":"https:\/\/bogensportdiscount.ch\/fr\/wp-json\/wp\/v2\/product_cat?post=393548"},{"taxonomy":"product_tag","embeddable":true,"href":"https:\/\/bogensportdiscount.ch\/fr\/wp-json\/wp\/v2\/product_tag?post=393548"}],"curies":[{"name":"wp","href":"https:\/\/api.w.org\/{rel}","templated":true}]}}