{"id":393522,"date":"2026-04-05T14:30:03","date_gmt":"2026-04-05T12:30:03","guid":{"rendered":"https:\/\/bogensportdiscount.ch\/produkt\/sanlida-recreational-bow-package-dragon-x6-15-30lbs-rh-19-28-75-let-off-wilderness-green\/"},"modified":"2026-04-19T11:42:41","modified_gmt":"2026-04-19T09:42:41","slug":"sanlida-compound-bogen-set-dragon-x6-15-30lbs-rh-75-let-off-wilderness-green","status":"publish","type":"product","link":"https:\/\/bogensportdiscount.ch\/fr\/produit\/sanlida-compound-bogen-set-dragon-x6-15-30lbs-rh-75-let-off-wilderness-green\/","title":{"rendered":"KIT D&#x27;ARC DE LOISIRS SANLIDA DRAGON X6 15-30 LBS RH 19-28\u2033 75 % DE D\u00c9CHARGE WILDERNESS VERT"},"content":{"rendered":"<p>Der SANLIDA Dragon X6 ist ein Komplett-Set f\u00fcr Einsteiger und Freizeitsch\u00fctzen, das einen breiten Einstellbereich bietet. Mit einem Zuggewicht von 15 bis 30 lbs und einer einstellbaren Zugweite von 19 bis 28 Zoll eignet sich der Bogen f\u00fcr verschiedene K\u00f6rpergr\u00f6ssen und Erfahrungsstufen \u2013 ideal f\u00fcr Jugendliche und Erwachsene, die mit dem Bogenschiessen beginnen m\u00f6chten.<\/p>\n<p>Der 75-prozentige Let-off des Compoundsystems reduziert das Haltegewicht im Auszug erheblich, was l\u00e4ngeres Zielen ohne Erm\u00fcdung erm\u00f6glicht. Das Modell ist f\u00fcr Rechtsh\u00e4nder (Right Hand) ausgelegt und in der Farbe Wilderness Green erh\u00e4ltlich.<\/p>\n<ul>\n<li>Zuggewicht: 15\u201330 lbs (stufenlos einstellbar)<\/li>\n<li>Zugweite: 19\u201328 Zoll<\/li>\n<li>Let-off: 75 %<\/li>\n<li>Ausf\u00fchrung: Rechtsh\u00e4nder (RH), Farbe Wilderness Green<\/li>\n<\/ul>","protected":false},"excerpt":{"rendered":"<p><strong>Marque :<\/strong> Sanlida<br \/><strong>LH\/RH:<\/strong> RH<br \/><strong>Longueur de tir (pouces):<\/strong> 19-28<br \/><strong>Poids de tir (Lbs):<\/strong> 15-30<br \/><strong>Couleur:<\/strong> Vert<br \/><strong>Axle-to-axle (inch):<\/strong> 28<br \/><strong>Type :<\/strong> Compound bow<br \/><strong>GTIN:<\/strong> 6976176934668<\/p>","protected":false},"featured_media":441449,"comment_status":"open","ping_status":"closed","template":"","meta":[],"product_brand":[459],"product_cat":[4350],"product_tag":[3546],"class_list":{"0":"post-393522","1":"product","2":"type-product","3":"status-publish","4":"has-post-thumbnail","6":"product_brand-sanlida","7":"product_cat-freizeit-boegen-sets","8":"product_tag-neuheit","10":"first","11":"instock","12":"shipping-taxable","13":"purchasable","14":"product-type-simple"},"_links":{"self":[{"href":"https:\/\/bogensportdiscount.ch\/fr\/wp-json\/wp\/v2\/product\/393522","targetHints":{"allow":["GET"]}}],"collection":[{"href":"https:\/\/bogensportdiscount.ch\/fr\/wp-json\/wp\/v2\/product"}],"about":[{"href":"https:\/\/bogensportdiscount.ch\/fr\/wp-json\/wp\/v2\/types\/product"}],"replies":[{"embeddable":true,"href":"https:\/\/bogensportdiscount.ch\/fr\/wp-json\/wp\/v2\/comments?post=393522"}],"wp:featuredmedia":[{"embeddable":true,"href":"https:\/\/bogensportdiscount.ch\/fr\/wp-json\/wp\/v2\/media\/441449"}],"wp:attachment":[{"href":"https:\/\/bogensportdiscount.ch\/fr\/wp-json\/wp\/v2\/media?parent=393522"}],"wp:term":[{"taxonomy":"product_brand","embeddable":true,"href":"https:\/\/bogensportdiscount.ch\/fr\/wp-json\/wp\/v2\/product_brand?post=393522"},{"taxonomy":"product_cat","embeddable":true,"href":"https:\/\/bogensportdiscount.ch\/fr\/wp-json\/wp\/v2\/product_cat?post=393522"},{"taxonomy":"product_tag","embeddable":true,"href":"https:\/\/bogensportdiscount.ch\/fr\/wp-json\/wp\/v2\/product_tag?post=393522"}],"curies":[{"name":"wp","href":"https:\/\/api.w.org\/{rel}","templated":true}]}}